{"id":1145,"date":"2021-12-02T10:49:59","date_gmt":"2021-12-02T10:49:59","guid":{"rendered":"https:\/\/venfilter.es.mialias.net\/politica-de-privacidad\/"},"modified":"2022-01-26T13:07:23","modified_gmt":"2022-01-26T12:07:23","slug":"privacy-policy","status":"publish","type":"page","link":"https:\/\/venfilter.es\/en\/privacy-policy\/","title":{"rendered":"Privacy Policy"},"content":{"rendered":"<h2><strong>Introducci\u00f3n<\/strong><\/h2>\n<p>La presente Pol\u00edtica de Privacidad ha sido desarrollada teniendo en cuenta lo dispuesto por la Ley Org\u00e1nica de Protecci\u00f3n de Datos de car\u00e1cter personal en vigor, as\u00ed como por el Reglamento 2016\/679 del Parlamento Europeo y del consejo del 27 de abril de 2016 relativo a la protecci\u00f3n de las personas f\u00edsicas en lo que respecta al tratamiento de datos personales y a la circulaci\u00f3n de estos datos, en adelante el RGPD.<\/p>\n<p>Esta Pol\u00edtica de Privacidad tiene por objeto poner en conocimiento de los titulares de los datos personales, respecto de los cuales se est\u00e1 recabando informaci\u00f3n, los aspectos espec\u00edficos relativos al tratamiento sus datos, entre otras cosas, las finalidades de los tratamientos, los datos de contacto para ejercer los derechos que le asisten, los plazos de conservaci\u00f3n de la informaci\u00f3n y las medidas de seguridad entre otras cosas.<\/p>\n<h2><strong>Responsable del Tratamiento<\/strong><\/h2>\n<p>En t\u00e9rminos de protecci\u00f3n de datos VENTILACI\u00d3N Y FILTRACI\u00d3N, S.L., debe ser considerado Responsable del Tratamiento, en relaci\u00f3n a los ficheros\/tratamientos identificados en la presente pol\u00edtica, concretamente en el apartado&nbsp; Tratamientos de datos.<\/p>\n<p>A continuaci\u00f3n se indican los datos identificativos del titular del presente sitio web:<\/p>\n<p>Responsable del Tratamiento: VENTILACI\u00d3N Y FILTRACI\u00d3N, S.L.<\/p>\n<p>Direcci\u00f3n postal: c\/ de la Terra n\u00ba 36 Pol. Industrial Els Bellots, 08227, Terrassa, (Barcelona).<\/p>\n<p>Direcci\u00f3n electr\u00f3nica: administracion@venfilter.es<\/p>\n<h2><strong>Tratamientos de datos<\/strong><\/h2>\n<p>Los datos de car\u00e1cter personal que se soliciten, en su caso, consistir\u00e1n \u00fanicamente en aquellos estrictamente imprescindibles para identificar y atender la solicitud realizada por el titular de los mismos, en adelante el interesado. Dicha informaci\u00f3n ser\u00e1 tratada de forma leal, l\u00edcita y transparente en relaci\u00f3n con el interesado. Por otra parte, los datos personales ser\u00e1n recogidos para finalidades determinadas expl\u00edcitas y leg\u00edtimas, no siendo tratados ulteriormente de manera con incompatible con dichos fines.<\/p>\n<p>Los datos recogidos de cada interesado ser\u00e1n adecuados, pertinentes y no excesivos en relaci\u00f3n a las finalidades correspondientes para cada caso, y ser\u00e1n actualizados siempre que sea necesario.<\/p>\n<p>El titular de los datos ser\u00e1 informado, con car\u00e1cter previo a la recogida de sus datos, de los extremos generales regulados en esta pol\u00edtica a fin de que pueda prestar el consentimiento expreso, preciso e inequ\u00edvoco para el tratamiento de sus datos, conforme a los siguientes aspectos.<\/p>\n<h2><strong>Finalidades del tratamiento. <\/strong><\/h2>\n<p>Las finalidades expl\u00edcitas para las cuales se llevan a cabo cada uno de los tratamientos vienen recogidas en las cl\u00e1usulas informativas incorporadas en cada una de las v\u00edas de toma de datos (formularios web, formularios en papel, locuciones o carteles y notas informativas).<\/p>\n<p>No obstante, los datos de car\u00e1cter personal del interesado ser\u00e1n tratados con la exclusiva finalidad de proporcionarles una respuesta efectiva y atender las solicitudes practicadas por el usuario, especificadas junto a la opci\u00f3n, servicio, formulario o sistema de toma de datos que el titular utilice.<\/p>\n<h2><strong>Legitimaci\u00f3n<\/strong><\/h2>\n<p>Por regla general, previo al tratamiento de los datos personales, VENTILACI\u00d3N Y FILTRACI\u00d3N, S.L. obtiene consentimiento expreso e inequ\u00edvoco del titular de los mismos, mediante la incorporaci\u00f3n de cl\u00e1usulas de consentimiento informado en los diferentes sistemas de recogida de informaci\u00f3n.<\/p>\n<p>No obstante, en caso de que no se requiera el consentimiento del interesado, la base legitimadora del tratamiento en la cual se ampara VENTILACI\u00d3N Y FILTRACI\u00d3N, S.L. es la existencia de una ley o norma espec\u00edfica que autorice o exija el tratamiento el tratamiento de los datos del interesado.<\/p>\n<h2><strong>Destinatarios<\/strong><\/h2>\n<p>Por regla general, VENTILACI\u00d3N Y FILTRACI\u00d3N, S.L. no procede a la cesi\u00f3n o comunicaci\u00f3n de los datos a terceras entidades, salvo las requeridas legalmente, no obstante, en caso de que fuera necesario, dichas cesiones o comunicaciones de datos se informan al interesado a trav\u00e9s de las cl\u00e1usulas de consentimiento informado contenidas en las diferentes v\u00edas de recogida de datos personales.<\/p>\n<h2><strong>Procedencia<\/strong><\/h2>\n<p>Por regla general, los datos personales se recogen siempre directamente del interesado, no obstante, en determinadas excepciones, los datos pueden ser recogidos a trav\u00e9s de terceras personas, entidades o servicios diferentes del interesado. En este sentido, este extremo ser\u00e1 trasladado al interesado a trav\u00e9s de las cl\u00e1usulas de consentimiento informado contenidas en las diferentes v\u00edas de recogida de informaci\u00f3n y dentro de un plazo razonable, una vez obtenidos los datos, y a m\u00e1s tardar dentro de un mes.<\/p>\n<h2><strong>Plazos de conservaci\u00f3n<\/strong><\/h2>\n<p>La informaci\u00f3n recabada del interesado ser\u00e1 conservada mientras sea necesaria para cumplir con la finalidad para la cual fueron recabados los datos personales, de forma que, una vez cumplida la finalidad los datos ser\u00e1n cancelados. Dicha cancelaci\u00f3n dar\u00e1 lugar al bloqueo de los datos conserv\u00e1ndose \u00fanicamente a disposici\u00f3n de las AAPP, Jueces y Tribunales, para atender las posibles responsabilidades nacidas del tratamiento, durante el plazo de prescripci\u00f3n de \u00e9stas, cumplido el citado plazo se proceder\u00e1 a la destrucci\u00f3n de la informaci\u00f3n.<\/p>\n<p>A t\u00edtulo informativo, a continuaci\u00f3n se recogen los plazos legales de conservaci\u00f3n de la informaci\u00f3n en relaci\u00f3n a diferentes materias:<\/p>\n<table border=\"1\" cellspacing=\"0\" cellpadding=\"0\">\n<tbody>\n<tr>\n<td style=\"width: 192px;\"><strong>DOCUMENTO<\/strong><\/td>\n<td style=\"width: 136px;\"><strong>PLAZO<\/strong><\/td>\n<td style=\"width: 248px;\"><strong>REF.&nbsp; LEGAL<\/strong><\/td>\n<\/tr>\n<tr>\n<td style=\"width: 192px;\"><strong>Documentaci\u00f3n de car\u00e1cter laboral o relacionada con la seguridad social<\/strong><\/td>\n<td style=\"width: 136px;\"><strong>4 a\u00f1os<\/strong><\/td>\n<td style=\"width: 248px;\"><strong>Art\u00edculo 21 del Real Decreto Legislativo 5\/2000, de 4 de agosto, por el que se aprueba el texto refundido de la Ley sobre Infracciones y Sanciones en el Orden Social.<\/strong><\/td>\n<\/tr>\n<tr>\n<td style=\"width: 192px;\"><strong>Documentaci\u00f3n contable y fiscal a efectos mercantiles<\/strong><\/td>\n<td style=\"width: 136px;\"><strong>6 a\u00f1os<\/strong><\/td>\n<td style=\"width: 248px;\"><strong>Art. 30 C\u00f3digo Comercio<\/strong><\/td>\n<\/tr>\n<tr>\n<td style=\"width: 192px;\"><strong>Documentaci\u00f3n contable y fiscal a efectos fiscales<\/strong><\/td>\n<td style=\"width: 136px;\"><strong>4 a\u00f1os<\/strong><\/td>\n<td style=\"width: 248px;\"><strong>Art\u00edculos 66 a 70 Ley General Tributaria<\/strong><\/td>\n<\/tr>\n<tr>\n<td style=\"width: 192px;\"><strong>Control de accesos a edificios<\/strong><\/td>\n<td style=\"width: 136px;\"><strong>1 mes<\/strong><\/td>\n<td style=\"width: 248px;\"><strong>Instrucci\u00f3n 1\/1996 de la AEPD<\/strong><\/td>\n<\/tr>\n<tr>\n<td style=\"width: 192px;\"><strong>Videovigilancia<\/strong><\/td>\n<td style=\"width: 136px;\"><strong>1 mes<\/strong><\/td>\n<td style=\"width: 248px;\"><strong>Instrucci\u00f3n 1\/2006 de la AEPD <\/strong><\/p>\n<p><strong>Ley Org\u00e1nica 4\/1997<\/strong><\/td>\n<\/tr>\n<\/tbody>\n<\/table>\n<h2><strong>Datos de navegaci\u00f3n.<\/strong><\/h2>\n<p>En relaci\u00f3n a los datos de navegaci\u00f3n que se puedan tratar a trav\u00e9s del sitio web, en caso de que se recojan datos sometidos a la normativa, se recomienda consultar la Pol\u00edtica de Cookies publicada en nuestro sitio web.<\/p>\n<h2><strong>Derechos de los interesados.<\/strong><\/h2>\n<p>La normativa en materia de protecci\u00f3n de datos otorga una serie de derechos a los interesados o titulares de los datos, usuarios del sitio web o usuarios de los perfiles de las redes sociales de VENTILACI\u00d3N Y FILTRACI\u00d3N, S.L..<\/p>\n<p>Estos derechos que asisten a las personas interesadas son los siguientes:<\/p>\n<p style=\"margin-left: 35.45pt;\">&#8211;&nbsp;&nbsp;&nbsp;&nbsp;&nbsp;&nbsp;&nbsp; Derecho de acceso: derecho a obtener informaci\u00f3n sobre si sus propios datos est\u00e1n siendo objeto de tratamiento, la finalidad del tratamiento que se est\u00e9 realizando, las categor\u00edas de datos que se trate, los destinatarios o categor\u00edas de destinatarios, el plazo de conservaci\u00f3n y el origen de dichos datos.<\/p>\n<p style=\"margin-left: 35.45pt;\">&#8211;&nbsp;&nbsp;&nbsp;&nbsp;&nbsp;&nbsp;&nbsp; Derecho de rectificaci\u00f3n: derecho a obtener la rectificaci\u00f3n de los datos personales inexactos o incompletos.<\/p>\n<p style=\"margin-left: 35.45pt;\">&#8211;&nbsp;&nbsp;&nbsp;&nbsp;&nbsp;&nbsp;&nbsp; Derecho de supresi\u00f3n: derecho a obtener la supresi\u00f3n de los datos en los siguientes supuestos:<\/p>\n<ul>\n<li>Cuando los datos ya no sean necesarios para la finalidad para la cual fueron recabados<\/li>\n<li>Cuando el titular de los mismos retire el consentimiento<\/li>\n<li>Cuando el interesado se oponga al tratamiento<\/li>\n<li>Cuando deban suprimirse en cumplimiento de una obligaci\u00f3n legal<\/li>\n<li>Cuando los datos se hayan obtenido en virtud de un servicio de sociedad de la informaci\u00f3n en base a lo dispuesto en el art. 8 apdo. 1 del Reglamento Europeo sobre Protecci\u00f3n de datos.<\/li>\n<\/ul>\n<p style=\"margin-left: 35.45pt;\">&#8211;&nbsp;&nbsp;&nbsp;&nbsp;&nbsp;&nbsp;&nbsp; Derecho de oposici\u00f3n: derecho a oponerse a un determinado tratamiento basado en el consentimiento del interesado.<\/p>\n<p style=\"margin-left: 35.45pt;\">&#8211;&nbsp;&nbsp;&nbsp;&nbsp;&nbsp;&nbsp;&nbsp; Derecho de limitaci\u00f3n: derecho a obtener la limitaci\u00f3n del tratamiento de los datos cuando se de alguno de los siguientes supuestos:<\/p>\n<ul>\n<li>Cuando el interesado impugne la exactitud de los datos personales, durante un plazo que permita a la empresa verificar la exactitud de los mismos.<\/li>\n<li>Cuando el tratamiento sea il\u00edcito y el interesado se oponga a la supresi\u00f3n de los datos.<\/li>\n<li>Cuando la empresa ya no necesite los datos para los fines para los que fueron recabados, pero el interesado los necesite para la formulaci\u00f3n, el ejercicio o la defensa de reclamaciones.<\/li>\n<li>Cuando el interesado se haya opuesto al tratamiento mientras se verifica si los motivos leg\u00edtimos de la empresa prevalecen sobre los del interesado.<\/li>\n<\/ul>\n<p style=\"margin-left: 35.45pt;\">&#8211;&nbsp;&nbsp;&nbsp;&nbsp;&nbsp;&nbsp;&nbsp; Derecho a la&nbsp; portabilidad: derecho a obtener los datos en un formato estructurado, de uso com\u00fan y de lectura mec\u00e1nica, y a transmitirlos a otro responsable del tratamiento cuando:<\/p>\n<ul>\n<li>El tratamiento est\u00e9 basado en el consentimiento<\/li>\n<li>El tratamiento se efect\u00fae por medios automatizados<\/li>\n<\/ul>\n<p style=\"margin-left: 35.45pt;\">&#8211;&nbsp;&nbsp;&nbsp;&nbsp;&nbsp;&nbsp;&nbsp; Derecho a presentar una reclamaci\u00f3n ante la autoridad de control competente<\/p>\n<p>Los interesados podr\u00e1n ejercitar los derechos indicados, dirigi\u00e9ndose a VENTILACI\u00d3N Y FILTRACI\u00d3N, S.L., mediante escrito, remitido a la siguiente direcci\u00f3n:<\/p>\n<p>Darse de baja: BAJA@VENFILTER.ES<\/p>\n<p>Resto de derechos: ADMINISTRACION@VENFILTER.ES<\/p>\n<p>indicando en la l\u00ednea de Asunto el derecho que desea ejercitar.<\/p>\n<p>En este sentido VENTILACI\u00d3N Y FILTRACI\u00d3N, S.L. atender\u00e1 su solicitud a la mayor brevedad posible y teniendo en cuenta los plazos previstos en la normativa en materia de protecci\u00f3n de datos.<\/p>\n<h2><strong>Seguridad<\/strong><\/h2>\n<p>Las medidas de seguridad adoptadas por VENTILACI\u00d3N Y FILTRACI\u00d3N, S.L. son aquellas requeridas, de conformidad con lo establecido en el art\u00edculo 32 del RGPD. En este sentido, VENTILACI\u00d3N Y FILTRACI\u00d3N, S.L., teniendo en cuenta el estado de la t\u00e9cnica, los costes de aplicaci\u00f3n y la naturaleza, el alcance, el contexto y los fines del tratamiento, as\u00ed como los riesgos de probabilidad y gravedad variables para los derechos y las libertades de las personas f\u00edsicas, tiene establecidas las medidas t\u00e9cnicas y organizativas apropiadas para garantizar el nivel de seguridad adecuado al riesgo existente.<\/p>\n<p>En todo caso, VENTILACI\u00d3N Y FILTRACI\u00d3N, S.L. tiene implementados los mecanismos suficientes para:<\/p>\n<ol style=\"list-style-type: lower-alpha;\">\n<li>Garantizar la confidencialidad, integridad, disponibilidad y resiliencia permanentes de los sistemas y servicios de tratamiento.<\/li>\n<li>Restaurar la disponibilidad y el acceso a los datos personales de forma r\u00e1pida, en caso de incidente f\u00edsico o t\u00e9cnico.<\/li>\n<li>Verificar, evaluar y valorar, de forma regular, la eficacia de las medidas t\u00e9cnicas y organizativas implantadas para garantizar la seguridad del tratamiento.<\/li>\n<\/ol>\n<p>Seudonimizar y cifrar los datos personales, en su caso.<\/p>\n","protected":false},"excerpt":{"rendered":"<p>Introducci\u00f3n La presente Pol\u00edtica de Privacidad ha sido desarrollada teniendo en cuenta lo dispuesto por la Ley Org\u00e1nica de Protecci\u00f3n de Datos de car\u00e1cter personal en vigor, as\u00ed como por el Reglamento 2016\/679 del Parlamento Europeo y del consejo del 27 de abril de 2016 relativo a la protecci\u00f3n de las personas f\u00edsicas en lo [&hellip;]<\/p>\n","protected":false},"author":1,"featured_media":0,"parent":0,"menu_order":0,"comment_status":"closed","ping_status":"closed","template":"page-templates\/page-with-title.php","meta":{"_acf_changed":false,"footnotes":""},"class_list":["post-1145","page","type-page","status-publish","hentry"],"acf":[],"yoast_head":"<!-- This site is optimized with the Yoast SEO plugin v26.6 - https:\/\/yoast.com\/wordpress\/plugins\/seo\/ -->\n<title>Privacy Policy - Venfilter<\/title>\n<meta name=\"description\" content=\"Introducci\u00f3n La presente Pol\u00edtica de Privacidad ha sido desarrollada teniendo en cuenta lo dispuesto por la Ley Org\u00e1nica de Protecci\u00f3n de Datos de\" \/>\n<meta name=\"robots\" content=\"index, follow, max-snippet:-1, max-image-preview:large, max-video-preview:-1\" \/>\n<link rel=\"canonical\" href=\"https:\/\/venfilter.es\/en\/privacy-policy\/\" \/>\n<meta property=\"og:locale\" content=\"en_US\" \/>\n<meta property=\"og:type\" content=\"article\" \/>\n<meta property=\"og:title\" content=\"Privacy Policy - Venfilter\" \/>\n<meta property=\"og:description\" content=\"Introducci\u00f3n La presente Pol\u00edtica de Privacidad ha sido desarrollada teniendo en cuenta lo dispuesto por la Ley Org\u00e1nica de Protecci\u00f3n de Datos de\" \/>\n<meta property=\"og:url\" content=\"https:\/\/venfilter.es\/en\/privacy-policy\/\" \/>\n<meta property=\"og:site_name\" content=\"Venfilter\" \/>\n<meta property=\"article:modified_time\" content=\"2022-01-26T12:07:23+00:00\" \/>\n<meta name=\"twitter:card\" content=\"summary_large_image\" \/>\n<meta name=\"twitter:label1\" content=\"Est. reading time\" \/>\n\t<meta name=\"twitter:data1\" content=\"7 minutes\" \/>\n<script type=\"application\/ld+json\" class=\"yoast-schema-graph\">{\"@context\":\"https:\/\/schema.org\",\"@graph\":[{\"@type\":\"WebPage\",\"@id\":\"https:\/\/venfilter.es\/en\/privacy-policy\/\",\"url\":\"https:\/\/venfilter.es\/en\/privacy-policy\/\",\"name\":\"Privacy Policy - Venfilter\",\"isPartOf\":{\"@id\":\"https:\/\/venfilter.es\/en\/#website\"},\"datePublished\":\"2021-12-02T10:49:59+00:00\",\"dateModified\":\"2022-01-26T12:07:23+00:00\",\"description\":\"Introducci\u00f3n La presente Pol\u00edtica de Privacidad ha sido desarrollada teniendo en cuenta lo dispuesto por la Ley Org\u00e1nica de Protecci\u00f3n de Datos de\",\"breadcrumb\":{\"@id\":\"https:\/\/venfilter.es\/en\/privacy-policy\/#breadcrumb\"},\"inLanguage\":\"en-US\",\"potentialAction\":[{\"@type\":\"ReadAction\",\"target\":[\"https:\/\/venfilter.es\/en\/privacy-policy\/\"]}]},{\"@type\":\"BreadcrumbList\",\"@id\":\"https:\/\/venfilter.es\/en\/privacy-policy\/#breadcrumb\",\"itemListElement\":[{\"@type\":\"ListItem\",\"position\":1,\"name\":\"Portada\",\"item\":\"https:\/\/venfilter.es\/en\/\"},{\"@type\":\"ListItem\",\"position\":2,\"name\":\"Privacy Policy\"}]},{\"@type\":\"WebSite\",\"@id\":\"https:\/\/venfilter.es\/en\/#website\",\"url\":\"https:\/\/venfilter.es\/en\/\",\"name\":\"Venfilter\",\"description\":\"Filtros de aire y ventilaci\u00f3n industrial\",\"potentialAction\":[{\"@type\":\"SearchAction\",\"target\":{\"@type\":\"EntryPoint\",\"urlTemplate\":\"https:\/\/venfilter.es\/en\/?s={search_term_string}\"},\"query-input\":{\"@type\":\"PropertyValueSpecification\",\"valueRequired\":true,\"valueName\":\"search_term_string\"}}],\"inLanguage\":\"en-US\"}]}<\/script>\n<!-- \/ Yoast SEO plugin. -->","yoast_head_json":{"title":"Privacy Policy - Venfilter","description":"Introducci\u00f3n La presente Pol\u00edtica de Privacidad ha sido desarrollada teniendo en cuenta lo dispuesto por la Ley Org\u00e1nica de Protecci\u00f3n de Datos de","robots":{"index":"index","follow":"follow","max-snippet":"max-snippet:-1","max-image-preview":"max-image-preview:large","max-video-preview":"max-video-preview:-1"},"canonical":"https:\/\/venfilter.es\/en\/privacy-policy\/","og_locale":"en_US","og_type":"article","og_title":"Privacy Policy - Venfilter","og_description":"Introducci\u00f3n La presente Pol\u00edtica de Privacidad ha sido desarrollada teniendo en cuenta lo dispuesto por la Ley Org\u00e1nica de Protecci\u00f3n de Datos de","og_url":"https:\/\/venfilter.es\/en\/privacy-policy\/","og_site_name":"Venfilter","article_modified_time":"2022-01-26T12:07:23+00:00","twitter_card":"summary_large_image","twitter_misc":{"Est. reading time":"7 minutes"},"schema":{"@context":"https:\/\/schema.org","@graph":[{"@type":"WebPage","@id":"https:\/\/venfilter.es\/en\/privacy-policy\/","url":"https:\/\/venfilter.es\/en\/privacy-policy\/","name":"Privacy Policy - Venfilter","isPartOf":{"@id":"https:\/\/venfilter.es\/en\/#website"},"datePublished":"2021-12-02T10:49:59+00:00","dateModified":"2022-01-26T12:07:23+00:00","description":"Introducci\u00f3n La presente Pol\u00edtica de Privacidad ha sido desarrollada teniendo en cuenta lo dispuesto por la Ley Org\u00e1nica de Protecci\u00f3n de Datos de","breadcrumb":{"@id":"https:\/\/venfilter.es\/en\/privacy-policy\/#breadcrumb"},"inLanguage":"en-US","potentialAction":[{"@type":"ReadAction","target":["https:\/\/venfilter.es\/en\/privacy-policy\/"]}]},{"@type":"BreadcrumbList","@id":"https:\/\/venfilter.es\/en\/privacy-policy\/#breadcrumb","itemListElement":[{"@type":"ListItem","position":1,"name":"Portada","item":"https:\/\/venfilter.es\/en\/"},{"@type":"ListItem","position":2,"name":"Privacy Policy"}]},{"@type":"WebSite","@id":"https:\/\/venfilter.es\/en\/#website","url":"https:\/\/venfilter.es\/en\/","name":"Venfilter","description":"Filtros de aire y ventilaci\u00f3n industrial","potentialAction":[{"@type":"SearchAction","target":{"@type":"EntryPoint","urlTemplate":"https:\/\/venfilter.es\/en\/?s={search_term_string}"},"query-input":{"@type":"PropertyValueSpecification","valueRequired":true,"valueName":"search_term_string"}}],"inLanguage":"en-US"}]}},"_links":{"self":[{"href":"https:\/\/venfilter.es\/en\/wp-json\/wp\/v2\/pages\/1145","targetHints":{"allow":["GET"]}}],"collection":[{"href":"https:\/\/venfilter.es\/en\/wp-json\/wp\/v2\/pages"}],"about":[{"href":"https:\/\/venfilter.es\/en\/wp-json\/wp\/v2\/types\/page"}],"author":[{"embeddable":true,"href":"https:\/\/venfilter.es\/en\/wp-json\/wp\/v2\/users\/1"}],"replies":[{"embeddable":true,"href":"https:\/\/venfilter.es\/en\/wp-json\/wp\/v2\/comments?post=1145"}],"version-history":[{"count":0,"href":"https:\/\/venfilter.es\/en\/wp-json\/wp\/v2\/pages\/1145\/revisions"}],"wp:attachment":[{"href":"https:\/\/venfilter.es\/en\/wp-json\/wp\/v2\/media?parent=1145"}],"curies":[{"name":"wp","href":"https:\/\/api.w.org\/{rel}","templated":true}]}}