{"id":1165,"date":"2021-12-02T11:06:12","date_gmt":"2021-12-02T11:06:12","guid":{"rendered":"https:\/\/venfilter.es.mialias.net\/aviso-legal\/"},"modified":"2022-01-26T13:07:27","modified_gmt":"2022-01-26T12:07:27","slug":"legal-notice","status":"publish","type":"page","link":"https:\/\/venfilter.es\/en\/legal-notice\/","title":{"rendered":"Legal Notice"},"content":{"rendered":"<h2>AVISO LEGAL<\/h2>\n<h3>1. Informaci\u00f3n para dar Cumplimento a la Ley 34\/2002 de 11 de julio (Art. 9 y 10)<\/h3>\n<p>Titular: <strong>Ventilaci\u00f3n y Filtraci\u00f3n S.L.<\/strong><br \/>\nDirecci\u00f3n: C\/ de la Terra, 36&nbsp;&nbsp;&nbsp;&nbsp; Pol. Ind. Els Bellots<br \/>\n08227 Terrassa (Barcelona)<br \/>\nContacto: Tel. 937862607 \/ Fax 937862493 \/ <a lang=\"ES\" href=\"mailto:info@venfilter.es\">info@venfilter.es<\/a><br \/>\nDatos registrales: CIF: B60865375<\/p>\n<h3>\n2. Pol\u00edtica de Propiedad Intelectual<\/h3>\n<p><strong>Ventilaci\u00f3n y Filtraci\u00f3n S.L. <\/strong>no puede asumir ninguna responsabilidad derivada del uso incorrecto, inapropiado o il\u00edcito de la informaci\u00f3n aparecida en las p\u00e1ginas de Internet de &#8216;<a href=\"https:\/\/venfilter.es\" target=\"_blank\" rel=\"noopener\">www.venfilter.es<\/a>&#8216;. Con los l\u00edmites establecidos en la ley, <strong>Ventilaci\u00f3n y Filtraci\u00f3n S.L.<\/strong> no asume ninguna responsabilidad derivada de la falta de veracidad, integridad, actualizaci\u00f3n y precisi\u00f3n de los datos o informaciones que se contienen en sus p\u00e1ginas de Internet.<br \/>\nLos contenidos e informaci\u00f3n de las p\u00e1ginas web de &#8216;<a href=\"http:\/\/www.ventilter.es\" target=\"_blank\" rel=\"noopener\">www.venfilter.es<\/a>&#8216; no vinculan a <strong>Ventilaci\u00f3n y Filtraci\u00f3n S.L.<\/strong> , ni constituyen oficialmente sus opiniones, pues se trata meramente de un servicio ofrecido con car\u00e1cter informativo y divulgativo.<br \/>\nLas p\u00e1ginas de Internet de &#8216;www.venfilter.es&#8217; pueden contener enlaces (links) a otras p\u00e1ginas de terceros que Ventilaci\u00f3n y Filtraci\u00f3n S.L. no puede controlar. Por lo tanto, <strong>Ventilaci\u00f3n y Filtraci\u00f3n S.L.<\/strong> no puede asumir responsabilidades por el contenido que pueda aparecer en las p\u00e1ginas de terceros. Los textos, im\u00e1genes, sonidos, animaciones, software y el resto de contenidos incluidos en &#8216;<a href=\"http:\/\/www.ventilter.es\" target=\"_blank\" rel=\"noopener\">www.venfilter.es<\/a>&#8216; son propiedad exclusiva de <strong>Ventilaci\u00f3n y Filtraci\u00f3n S.L.<\/strong> o de sus propietarios. Cualquier acto de transmisi\u00f3n, distribuci\u00f3n, cesi\u00f3n, reproducci\u00f3n, almacenamiento o comunicaci\u00f3n p\u00fablica total o parcial, debe contar con el consentimiento expreso de Ventilaci\u00f3n y Filtraci\u00f3n S.L.<\/p>\n<h3>3. Ley de Protecci\u00f3n de Datos (Ley Org\u00e1nica 15\/199 de 13 de diciembre)<\/h3>\n<p>Para poder acceder en algunos servicios que &#8216;<a href=\"https:\/\/venfilter.es\" target=\"_blank\" rel=\"noopener\">www.venfilter.es<\/a>&#8216; ofrece a trav\u00e9s del web deber\u00e1 de proporcionar algunos de sus datos de car\u00e1cter personal. En cumplimiento de lo establecido en la Ley Org\u00e1nica 15\/1999, de 13 de diciembre, de Protecci\u00f3n de Datos de Car\u00e1cter Personal informamos que, mediante la cumplimentaci\u00f3n de los formularios, sus datos personales quedar\u00e1n incorporados y tratados en un fichero, debidamente registrado, propiedad de <strong>Ventilaci\u00f3n y Filtraci\u00f3n S.L.<\/strong> con el fin de prestar servicios (debidamente descritos) y para comunicarle cualquier informaci\u00f3n comercial que <strong>Ventilaci\u00f3n y Filtraci\u00f3n S.L.<\/strong> crea oportuno que sea de su inter\u00e9s. En ning\u00fan caso, sus datos ser\u00e1n cedidos a terceros. Asimismo, comunicamos la posibilidad para ejercer con los derechos de acceso, rectificaci\u00f3n, cancelaci\u00f3n y oposici\u00f3n de sus datos de car\u00e1cter personal, en <a href=\"mailto:info@venfilter.es?subject=Aviso%20Legal\">info@venfilter.es<\/a> o bien por escrito a <strong>Ventilaci\u00f3n y Filtraci\u00f3n, S.L.<\/strong><br \/>\nDirecci\u00f3n: C\/ de la Terra, 36&nbsp;&nbsp;&nbsp;&nbsp;&nbsp;&nbsp; Pol. Ind. Els Bellots&nbsp;&nbsp;&nbsp;&nbsp;&nbsp; 08227 Terrassa (Barcelona)<\/p>\n<h3>\n<strong>Condiciones legales<\/strong><\/h3>\n<h4>1. Aceptaci\u00f3n de las Condiciones Legales de Contrataci\u00f3n.<\/h4>\n<p>Mediante la aceptaci\u00f3n del presente contrato (a trav\u00e9s de la activaci\u00f3n del clic), el usuario declara:<br \/>\nSer una persona mayor de edad y con capacidad para contratar, y que ha le\u00eddo y acepta las presentes Condiciones Legales.<br \/>\nEstas condiciones legales (en adelante, &#8220;<strong>las Condiciones Legales<\/strong>&#8220;), regulan la relaci\u00f3n jur\u00eddica que surge de los procesos de contrataci\u00f3n realizados entre los usuarios (en adelante, &#8220;<strong>los Usuarios<\/strong>&#8220;) y la p\u00e1gina Web ubicada en la url \u2018<a href=\"https:\/\/venfilter.es\" target=\"_blank\" rel=\"noopener\">https:\/\/venfilter.es<\/a>\u2019, propiedad de <strong>Ventilaci\u00f3n y Filtraci\u00f3n S.L.<\/strong> (en adelante &#8220;<strong>VENFILTER<\/strong>&#8220;). Los Usuarios aceptan las Condiciones Legales desde el instante que utilicen (consulten, visiten, etc&#8230;) o contraten cualquier servicio. Este documento puede ser impreso y almacenado por los Usuarios. <strong>VENFILTER<\/strong> pone a disposici\u00f3n de estos, el n\u00famero de tel\u00e9fono <strong>93.786.26.07<\/strong> y la direcci\u00f3n de e-mail <a href=\"mailto:info@venfilter.es?subject=Aviso%20Legal\">info@venfilter.es<\/a>, para que puedan plantear cualquier duda acerca de las Condiciones Legales.<\/p>\n<h4>2. Leyes aplicables.<\/h4>\n<p>Las presentes Condiciones Legales, est\u00e1n sujetas a lo dispuesto en la Ley 26\/1984, de 19 de julio, Ley General para la Defensa de Consumidores y Usuarios, la Ley Org\u00e1nica 15\/1999, de 13 de diciembre, de Protecci\u00f3n de Datos de Car\u00e1cter Personal, y a la Ley 34\/2002 de 11 de julio, de Servicios de la Sociedad de la Informaci\u00f3n y de Comercio Electr\u00f3nico.<\/p>\n<h4>3. Pol\u00edtica de Uso del servicio y responsabilidades.<\/h4>\n<p><strong>VENFILTER<\/strong> no garantiza la disponibilidad permanente de los servicios, quedando exonerado por cualquier tipo de responsabilidad por posibles da\u00f1os y perjuicios causados debido a la indisponibilidad del servicio por causas de fuerza mayor o errores en las redes telem\u00e1ticas de transferencia de datos, ajenos a su voluntad.<br \/>\n<strong>VENFILTER <\/strong>no se hace responsable del contenido de los enlaces a otras p\u00e1ginas Web que no sean titularidad suya y que, por tanto, no pueden ser controladas por \u00e9sta.<br \/>\nEl usuario manifiesta conocer que la informaci\u00f3n facilitada por <strong>VENFILTER<\/strong> a trav\u00e9s de sus apartados o servicios, no tiene car\u00e1cter vinculante o legal y \u00fanicamente se ofrece a efectos informativos.<\/p>\n<h4>4. Modificaci\u00f3n de las Condiciones Legales.<\/h4>\n<p><strong>VENFILTER<\/strong> podr\u00e1 modificar las Condiciones Legales sin previa notificaci\u00f3n a los Usuarios, con el fin de mejorar los servicios ofrecidos a trav\u00e9s de &#8216;<a href=\"https:\/\/venfilter.es\" target=\"_blank\" rel=\"noopener\">www.venfilter.es<\/a>&#8216;. Mediante la modificaci\u00f3n de las Condiciones Legales expuestas en la p\u00e1gina Web de &#8216;<a href=\"https:\/\/venfilter.es\">www.venfilter.es<\/a>&#8216;, se entender\u00e1 por cumplido dicho deber de notificaci\u00f3n.<br \/>\nEn todo caso, antes de utilizar los servicios, se pondr\u00e1n consultar las Condiciones Legales.<\/p>\n<h4>5. Pol\u00edtica de Privacidad y Protecci\u00f3n de Datos Personales.<\/h4>\n<p>Con la entrega de la direcci\u00f3n de correo electr\u00f3nico u otros datos personales, requisito necesario para la aceptaci\u00f3n de ciertos servicios, los Usuarios dan su consentimiento para que dichas direcciones sean tratadas y adem\u00e1s, utilizadas para enviar comunicaciones comerciales de promoci\u00f3n o publicidad de los servicios o productos ofrecidos por <strong>VENFILTER<\/strong> o de sus colaboradores. <strong>VENFILTER<\/strong> pone a disposici\u00f3n de los Usuarios la direcci\u00f3n de correo electr\u00f3nico <a href=\"mailto:info@venfilter.es?subject=Nota%20Legal\">info@venfilter.es<\/a> y el tel\u00e9fono <strong>93.786.26.07<\/strong>, para que estos revoquen el consentimiento prestado.<br \/>\n<strong>VENFILTER<\/strong> declara que cumple la normativa vigente respecto a la Protecci\u00f3n de Datos, en particular la Ley Org\u00e1nica 15\/1999, de 13 de diciembre, de Protecci\u00f3n de Datos de Car\u00e1cter Personal y el Real Decreto 994\/1999, de 11 de junio, que desarrolla la citada ley org\u00e1nica. <strong>VENFILTER<\/strong> pone a disposici\u00f3n de los Clientes los medios de contacto referidos en el p\u00e1rrafo anterior para que estos ejerzan los derechos de acceso, rectificaci\u00f3n, cancelaci\u00f3n y oposici\u00f3n garantizados por la legislaci\u00f3n vigente. <strong>VENFILTER<\/strong> declara que en ning\u00fan caso los datos facilitados por los Usuarios ser\u00e1n cedidos a terceros.<\/p>\n<h4>6. Cumplimiento de la Propiedad intelectual.<\/h4>\n<p>Los contenidos suministrados por <strong>VENFILTER<\/strong> est\u00e1n sujetos a los derechos de Propiedad Intelectual e Industrial y son titularidad exclusiva de <strong>VENFILTER<\/strong> o de las personas f\u00edsicas o jur\u00eddicas que la forman. Mediante la adquisici\u00f3n de un servicio, <strong>VENFILTER<\/strong> no confiere al adquirente ning\u00fan derecho de alteraci\u00f3n, explotaci\u00f3n, reproducci\u00f3n, distribuci\u00f3n o comunicaci\u00f3n p\u00fablica sobre el mismo, reserv\u00e1ndose VENFILTER todos estos derechos. La cesi\u00f3n de los citados derechos precisar\u00e1 el previo consentimiento por escrito por parte de <strong>VENFILTER<\/strong>. El usuario no podr\u00e1 poner a disposici\u00f3n de terceras personas dichos contenidos.<br \/>\nLa propiedad intelectual se extiende, adem\u00e1s del contenido incluido en &#8216;<a href=\"https:\/\/venfilter.es\" target=\"_blank\" rel=\"noopener\">www.venfilter.es<\/a>&#8216;, a sus logotipos, dise\u00f1o, im\u00e1genes y c\u00f3digo fuente utilizado para su programaci\u00f3n.<\/p>\n<h4>7. Legislaci\u00f3n aplicable y jurisdicci\u00f3n competente.<\/h4>\n<p>Las presentes Condiciones Legales regir\u00e1n e interpretar\u00e1n de acuerdo con las Leyes del reino de Espa\u00f1a.<\/p>\n<h4>8. Notificaciones.<\/h4>\n<p>Todas las notificaciones, requerimientos, peticiones y otras comunicaciones que hayan de efectuarse por las partes en relaci\u00f3n con las presentes Condiciones Legales, deber\u00e1n realizarse por escrito y se entregar\u00e1n en mano o bien ser\u00e1n remitidas por correo certificado.<\/p>\n","protected":false},"excerpt":{"rendered":"<p>AVISO LEGAL 1. Informaci\u00f3n para dar Cumplimento a la Ley 34\/2002 de 11 de julio (Art. 9 y 10) Titular: Ventilaci\u00f3n y Filtraci\u00f3n S.L. Direcci\u00f3n: C\/ de la Terra, 36&nbsp;&nbsp;&nbsp;&nbsp; Pol. Ind. Els Bellots 08227 Terrassa (Barcelona) Contacto: Tel. 937862607 \/ Fax 937862493 \/ info@venfilter.es Datos registrales: CIF: B60865375 2. Pol\u00edtica de Propiedad Intelectual Ventilaci\u00f3n [&hellip;]<\/p>\n","protected":false},"author":1,"featured_media":0,"parent":0,"menu_order":0,"comment_status":"closed","ping_status":"closed","template":"page-templates\/page-with-title.php","meta":{"_acf_changed":false,"footnotes":""},"class_list":["post-1165","page","type-page","status-publish","hentry"],"acf":[],"yoast_head":"<!-- This site is optimized with the Yoast SEO plugin v26.6 - https:\/\/yoast.com\/wordpress\/plugins\/seo\/ -->\n<title>Legal Notice - Venfilter<\/title>\n<meta name=\"description\" content=\"AVISO LEGAL 1. Informaci\u00f3n para dar Cumplimento a la Ley 34\/2002 de 11 de julio (Art. 9 y 10) Titular: Ventilaci\u00f3n y Filtraci\u00f3n S.L. Direcci\u00f3n: C\/ de la\" \/>\n<meta name=\"robots\" content=\"index, follow, max-snippet:-1, max-image-preview:large, max-video-preview:-1\" \/>\n<link rel=\"canonical\" href=\"https:\/\/venfilter.es\/en\/legal-notice\/\" \/>\n<meta property=\"og:locale\" content=\"en_US\" \/>\n<meta property=\"og:type\" content=\"article\" \/>\n<meta property=\"og:title\" content=\"Legal Notice - Venfilter\" \/>\n<meta property=\"og:description\" content=\"AVISO LEGAL 1. Informaci\u00f3n para dar Cumplimento a la Ley 34\/2002 de 11 de julio (Art. 9 y 10) Titular: Ventilaci\u00f3n y Filtraci\u00f3n S.L. Direcci\u00f3n: C\/ de la\" \/>\n<meta property=\"og:url\" content=\"https:\/\/venfilter.es\/en\/legal-notice\/\" \/>\n<meta property=\"og:site_name\" content=\"Venfilter\" \/>\n<meta property=\"article:modified_time\" content=\"2022-01-26T12:07:27+00:00\" \/>\n<meta name=\"twitter:card\" content=\"summary_large_image\" \/>\n<meta name=\"twitter:label1\" content=\"Est. reading time\" \/>\n\t<meta name=\"twitter:data1\" content=\"6 minutes\" \/>\n<script type=\"application\/ld+json\" class=\"yoast-schema-graph\">{\"@context\":\"https:\/\/schema.org\",\"@graph\":[{\"@type\":\"WebPage\",\"@id\":\"https:\/\/venfilter.es\/en\/legal-notice\/\",\"url\":\"https:\/\/venfilter.es\/en\/legal-notice\/\",\"name\":\"Legal Notice - Venfilter\",\"isPartOf\":{\"@id\":\"https:\/\/venfilter.es\/en\/#website\"},\"datePublished\":\"2021-12-02T11:06:12+00:00\",\"dateModified\":\"2022-01-26T12:07:27+00:00\",\"description\":\"AVISO LEGAL 1. Informaci\u00f3n para dar Cumplimento a la Ley 34\/2002 de 11 de julio (Art. 9 y 10) Titular: Ventilaci\u00f3n y Filtraci\u00f3n S.L. Direcci\u00f3n: C\/ de la\",\"breadcrumb\":{\"@id\":\"https:\/\/venfilter.es\/en\/legal-notice\/#breadcrumb\"},\"inLanguage\":\"en-US\",\"potentialAction\":[{\"@type\":\"ReadAction\",\"target\":[\"https:\/\/venfilter.es\/en\/legal-notice\/\"]}]},{\"@type\":\"BreadcrumbList\",\"@id\":\"https:\/\/venfilter.es\/en\/legal-notice\/#breadcrumb\",\"itemListElement\":[{\"@type\":\"ListItem\",\"position\":1,\"name\":\"Portada\",\"item\":\"https:\/\/venfilter.es\/en\/\"},{\"@type\":\"ListItem\",\"position\":2,\"name\":\"Legal Notice\"}]},{\"@type\":\"WebSite\",\"@id\":\"https:\/\/venfilter.es\/en\/#website\",\"url\":\"https:\/\/venfilter.es\/en\/\",\"name\":\"Venfilter\",\"description\":\"Filtros de aire y ventilaci\u00f3n industrial\",\"potentialAction\":[{\"@type\":\"SearchAction\",\"target\":{\"@type\":\"EntryPoint\",\"urlTemplate\":\"https:\/\/venfilter.es\/en\/?s={search_term_string}\"},\"query-input\":{\"@type\":\"PropertyValueSpecification\",\"valueRequired\":true,\"valueName\":\"search_term_string\"}}],\"inLanguage\":\"en-US\"}]}<\/script>\n<!-- \/ Yoast SEO plugin. -->","yoast_head_json":{"title":"Legal Notice - Venfilter","description":"AVISO LEGAL 1. Informaci\u00f3n para dar Cumplimento a la Ley 34\/2002 de 11 de julio (Art. 9 y 10) Titular: Ventilaci\u00f3n y Filtraci\u00f3n S.L. Direcci\u00f3n: C\/ de la","robots":{"index":"index","follow":"follow","max-snippet":"max-snippet:-1","max-image-preview":"max-image-preview:large","max-video-preview":"max-video-preview:-1"},"canonical":"https:\/\/venfilter.es\/en\/legal-notice\/","og_locale":"en_US","og_type":"article","og_title":"Legal Notice - Venfilter","og_description":"AVISO LEGAL 1. Informaci\u00f3n para dar Cumplimento a la Ley 34\/2002 de 11 de julio (Art. 9 y 10) Titular: Ventilaci\u00f3n y Filtraci\u00f3n S.L. Direcci\u00f3n: C\/ de la","og_url":"https:\/\/venfilter.es\/en\/legal-notice\/","og_site_name":"Venfilter","article_modified_time":"2022-01-26T12:07:27+00:00","twitter_card":"summary_large_image","twitter_misc":{"Est. reading time":"6 minutes"},"schema":{"@context":"https:\/\/schema.org","@graph":[{"@type":"WebPage","@id":"https:\/\/venfilter.es\/en\/legal-notice\/","url":"https:\/\/venfilter.es\/en\/legal-notice\/","name":"Legal Notice - Venfilter","isPartOf":{"@id":"https:\/\/venfilter.es\/en\/#website"},"datePublished":"2021-12-02T11:06:12+00:00","dateModified":"2022-01-26T12:07:27+00:00","description":"AVISO LEGAL 1. Informaci\u00f3n para dar Cumplimento a la Ley 34\/2002 de 11 de julio (Art. 9 y 10) Titular: Ventilaci\u00f3n y Filtraci\u00f3n S.L. Direcci\u00f3n: C\/ de la","breadcrumb":{"@id":"https:\/\/venfilter.es\/en\/legal-notice\/#breadcrumb"},"inLanguage":"en-US","potentialAction":[{"@type":"ReadAction","target":["https:\/\/venfilter.es\/en\/legal-notice\/"]}]},{"@type":"BreadcrumbList","@id":"https:\/\/venfilter.es\/en\/legal-notice\/#breadcrumb","itemListElement":[{"@type":"ListItem","position":1,"name":"Portada","item":"https:\/\/venfilter.es\/en\/"},{"@type":"ListItem","position":2,"name":"Legal Notice"}]},{"@type":"WebSite","@id":"https:\/\/venfilter.es\/en\/#website","url":"https:\/\/venfilter.es\/en\/","name":"Venfilter","description":"Filtros de aire y ventilaci\u00f3n industrial","potentialAction":[{"@type":"SearchAction","target":{"@type":"EntryPoint","urlTemplate":"https:\/\/venfilter.es\/en\/?s={search_term_string}"},"query-input":{"@type":"PropertyValueSpecification","valueRequired":true,"valueName":"search_term_string"}}],"inLanguage":"en-US"}]}},"_links":{"self":[{"href":"https:\/\/venfilter.es\/en\/wp-json\/wp\/v2\/pages\/1165","targetHints":{"allow":["GET"]}}],"collection":[{"href":"https:\/\/venfilter.es\/en\/wp-json\/wp\/v2\/pages"}],"about":[{"href":"https:\/\/venfilter.es\/en\/wp-json\/wp\/v2\/types\/page"}],"author":[{"embeddable":true,"href":"https:\/\/venfilter.es\/en\/wp-json\/wp\/v2\/users\/1"}],"replies":[{"embeddable":true,"href":"https:\/\/venfilter.es\/en\/wp-json\/wp\/v2\/comments?post=1165"}],"version-history":[{"count":0,"href":"https:\/\/venfilter.es\/en\/wp-json\/wp\/v2\/pages\/1165\/revisions"}],"wp:attachment":[{"href":"https:\/\/venfilter.es\/en\/wp-json\/wp\/v2\/media?parent=1165"}],"curies":[{"name":"wp","href":"https:\/\/api.w.org\/{rel}","templated":true}]}}