{"id":1154,"date":"2021-12-02T10:53:39","date_gmt":"2021-12-02T10:53:39","guid":{"rendered":"https:\/\/venfilter.es.mialias.net\/politica-de-cookies\/"},"modified":"2026-02-20T09:58:22","modified_gmt":"2026-02-20T08:58:22","slug":"politique-de-cookies","status":"publish","type":"page","link":"https:\/\/venfilter.es\/fr\/politique-de-cookies\/","title":{"rendered":"Politique de cookies"},"content":{"rendered":"<p>Pour assurer la communication sur le r\u00e9seau avec l&rsquo;\u00e9quipement de l&rsquo;UTILISATEUR, fournir les services demand\u00e9s, am\u00e9liorer son exp\u00e9rience de navigation et proposer des informations commerciales personnalis\u00e9es, ce Site utilise des m\u00e9canismes d&rsquo;implantation de cookies et de m\u00e9morisation d&rsquo;adresses IP.<\/p>\n<p>Un cookie est un fichier qui est t\u00e9l\u00e9charg\u00e9 sur votre ordinateur lorsque vous acc\u00e9dez \u00e0 certaines pages Web. Les cookies permettent, entre autres, \u00e0 une page Web de stocker et de r\u00e9cup\u00e9rer des informations sur les habitudes de navigation d&rsquo;un utilisateur ou de son \u00e9quipement et, en fonction des informations qu&rsquo;ils contiennent et de la mani\u00e8re dont leur \u00e9quipement est utilis\u00e9, ils peuvent \u00eatre utilis\u00e9s pour le reconna\u00eetre. .<\/p>\n<p>Cependant, ces m\u00e9dias n&rsquo;obtiennent que des informations li\u00e9es au nombre de pages visit\u00e9es, \u00e0 la ville \u00e0 laquelle est attribu\u00e9e l&rsquo;adresse IP \u00e0 partir de laquelle il est acc\u00e9d\u00e9, au nombre de nouveaux utilisateurs, \u00e0 la fr\u00e9quence et \u00e0 la r\u00e9currence des visites, \u00e0 l&rsquo;heure de la visite, au navigateur ou l&rsquo;op\u00e9rateur ou le type de terminal \u00e0 partir duquel la visite est effectu\u00e9e. En aucun cas, des donn\u00e9es ne sont obtenues sur le nom, les pr\u00e9noms, l&rsquo;adresse postale ou d&rsquo;autres donn\u00e9es similaires de l&rsquo;utilisateur qui s&rsquo;est connect\u00e9.<\/p>\n<p>Les cookies utilis\u00e9s sur ce site sont ceux g\u00e9n\u00e9r\u00e9s par Google Analitycs, le nom et la finalit\u00e9 sp\u00e9cifique de chacun d&rsquo;eux \u00e9tant les suivants :<\/p>\n<p>\u00b7 has_js : Ce cookie est utilis\u00e9 pour indiquer si le navigateur de l&rsquo;utilisateur a activ\u00e9 JavaScript.<\/p>\n<p>\u00b7 _ga : Expire 2 ans apr\u00e8s la derni\u00e8re mise \u00e0 jour. Ce cookie est install\u00e9 par Google Analytics. Le cookie est utilis\u00e9 pour calculer les donn\u00e9es sur les visiteurs, les sessions et les campagnes et suivre l&rsquo;utilisation du site pour le rapport d&rsquo;analyse du site. Les cookies stockent des informations de mani\u00e8re anonyme et attribuent un num\u00e9ro g\u00e9n\u00e9r\u00e9 de mani\u00e8re al\u00e9atoire pour identifier les visiteurs uniques.<\/p>\n<p>._gid : Expire 1 jour apr\u00e8s la derni\u00e8re mise \u00e0 jour. Ce cookie est install\u00e9 par Google Analytics. Le cookie est utilis\u00e9 pour stocker des informations sur la fa\u00e7on dont les visiteurs utilisent un site Web et aide \u00e0 cr\u00e9er un rapport analytique sur les performances du site Web. Les donn\u00e9es collect\u00e9es, notamment le nombre de visiteurs, la source d&rsquo;o\u00f9 ils proviennent et les pages, apparaissent de mani\u00e8re anonyme.<\/p>\n<p>\u00b7_gat : Expire 1 minute plus tard. Ces cookies sont install\u00e9s par Google Universal Analytics pour acc\u00e9l\u00e9rer le taux de demande et limiter la collecte de donn\u00e9es sur les sites \u00e0 fort trafic.<\/p>\n<p>._gat_UA-40017744-1 : Expire 1 minute plus tard. Il s&rsquo;agit d&rsquo;un cookie de type mod\u00e8le d\u00e9fini par Google Analytics, o\u00f9 l&rsquo;\u00e9l\u00e9ment de mod\u00e8le dans le nom contient le num\u00e9ro d&rsquo;identit\u00e9 unique du compte ou du site Web auquel il se rapporte. Il semble \u00eatre une variante du cookie _gat utilis\u00e9 pour limiter la quantit\u00e9 de donn\u00e9es enregistr\u00e9es par Google sur les sites Web \u00e0 fort trafic.<\/p>\n<p>.test_cookie : Expire 15 minutes apr\u00e8s la derni\u00e8re mise \u00e0 jour. Ce cookie est d\u00e9fini par doubleclick.net. Le but du cookie est de d\u00e9terminer si le navigateur de l&rsquo;utilisateur prend en charge les cookies.<\/p>\n<p>Vous pouvez autoriser, bloquer ou supprimer les cookies install\u00e9s sur votre ordinateur en configurant les options de votre navigateur. Vous pouvez trouver des informations sur la fa\u00e7on de le faire, en relation avec les navigateurs les plus courants, dans les liens qui sont inclus ci-dessous :<\/p>\n<p>Explorateur : <a href=\"http:\/\/windows.microsoft.com\/es-es\/windows7\/how-to-manage-cookies-in-int\u2026\">http:\/\/windows.microsoft.com\/es-es\/windows7\/how-to-manage-cookies-in-int\u2026<\/a><br \/>Firefox : <a href=\"https:\/\/support.mozilla.org\/es\/topics\/tracking-protection\/firefox\">https:\/\/support.mozilla.org\/es\/topics\/tracking-protection\/firefox<\/a><br \/>Chrome\u00a0: <a href=\"http:\/\/support.google.com\/chrome\/bin\/answer.py?hl=es&amp;answer=95647\">http:\/\/support.google.com\/chrome\/bin\/answer.py?hl=es&amp;answer=95647<\/a><br \/>Safari : <a href=\"https:\/\/support.apple.com\/es-es\/guide\/safari\/sfri11471\/mac\">https:\/\/support.apple.com\/es-es\/guide\/safari\/sfri11471\/mac<\/a><\/p>\n<p>Cependant, Venfilter n&rsquo;est pas responsable de l&rsquo;entrave au bon fonctionnement du site Web et\/ou \u00e0 la fourniture du service s\u00e9lectionn\u00e9, car, pour la plupart, les cookies sont n\u00e9cessaires \u00e0 une communication efficace entre le site Web et l&rsquo;UTILISATEUR ou \u00e0 la fourniture du service.<\/p>\n<p><strong>S\u00e9curit\u00e9 et confidentialit\u00e9 des donn\u00e9es personnelles<\/strong><\/p>\n<p>Venfilter a mis en place les mesures techniques et organisationnelles n\u00e9cessaires pour garantir la s\u00e9curit\u00e9 et la confidentialit\u00e9 des donn\u00e9es personnelles et emp\u00eacher ainsi leur alt\u00e9ration, perte, traitement ou acc\u00e8s non autoris\u00e9, conform\u00e9ment aux dispositions de la loi organique 15\/1999 du 13 d\u00e9cembre sur la protection des Donn\u00e9es personnelles, et le d\u00e9cret royal 1720\/2007, du 21 d\u00e9cembre, qui approuve son r\u00e8glement de d\u00e9veloppement.<\/p>\n<p>Cependant, l&rsquo;UTILISATEUR doit \u00eatre conscient que la s\u00e9curit\u00e9 des syst\u00e8mes informatiques ne peut jamais \u00eatre absolue. De m\u00eame, il faut tenir compte du fait que, lorsque des donn\u00e9es personnelles sont fournies via Internet, ces informations peuvent \u00eatre collect\u00e9es sans votre consentement et trait\u00e9es ult\u00e9rieurement par des tiers non autoris\u00e9s en fonction des programmes que vous avez install\u00e9s sur votre ordinateur, m\u00eame \u00e0 votre insu ( logiciels espions, logiciels malveillants, chevaux de Troie, etc.). Il appartient \u00e0 l&rsquo;UTILISATEUR de prot\u00e9ger ses donn\u00e9es personnelles, ses mots de passe et toute autre donn\u00e9e prot\u00e9g\u00e9e contenue dans son ordinateur. Venfilter d\u00e9cline tout type de responsabilit\u00e9 pour ce qui se passe avec les informations que l&rsquo;UTILISATEUR publie volontairement sur le site Web et qui sont intervenues par des tiers non autoris\u00e9s par l&rsquo;UTILISATEUR ou par Venfilter.<\/p>\n<p>Conform\u00e9ment aux dispositions de la loi organique susmentionn\u00e9e, Venfilter vous informe de la possibilit\u00e9 d&rsquo;exercer vos droits d&rsquo;acc\u00e8s, de rectification, d&rsquo;annulation et d&rsquo;opposition en \u00e9crivant \u00e0 l&rsquo;adresse e-mail info@venfilter.es. Ces droits seront pris en charge sans pr\u00e9judice du devoir de conserver certaines donn\u00e9es dans les termes l\u00e9gaux et jusqu&rsquo;\u00e0 l&rsquo;expiration des \u00e9ventuelles responsabilit\u00e9s d\u00e9coulant du traitement ou, le cas \u00e9ch\u00e9ant, de la relation contractuelle.<\/p>\n\n\n<a id=\"wt-cli-settings-btn\" tabindex=\"0\" role='button' style=\"border-bottom:1px solid rgb(0, 58, 118); text-decoration:none; border-top-color:rgb(0, 58, 118); border-right-color:rgb(0, 58, 118); border-left-color:rgb(0, 58, 118);\" class=\"wt-cli-element medium cli-plugin-button cli-plugin-main-button cli_settings_button\" >Configurer les cookies<\/a>\n","protected":false},"excerpt":{"rendered":"<p>Pour assurer la communication sur le r\u00e9seau avec l&rsquo;\u00e9quipement de l&rsquo;UTILISATEUR, fournir les services demand\u00e9s, am\u00e9liorer son exp\u00e9rience de navigation et proposer des informations commerciales personnalis\u00e9es, ce Site utilise des m\u00e9canismes d&rsquo;implantation de cookies et de m\u00e9morisation d&rsquo;adresses IP. Un cookie est un fichier qui est t\u00e9l\u00e9charg\u00e9 sur votre ordinateur lorsque vous acc\u00e9dez \u00e0 certaines [&hellip;]<\/p>\n","protected":false},"author":1,"featured_media":0,"parent":0,"menu_order":0,"comment_status":"closed","ping_status":"closed","template":"page-templates\/page-with-title.php","meta":{"_acf_changed":false,"footnotes":""},"class_list":["post-1154","page","type-page","status-publish","hentry"],"acf":[],"yoast_head":"<!-- This site is optimized with the Yoast SEO plugin v26.6 - https:\/\/yoast.com\/wordpress\/plugins\/seo\/ -->\n<title>Politique de cookies - Venfilter<\/title>\n<meta name=\"description\" content=\"Pour assurer la communication sur le r\u00e9seau avec l&#039;\u00e9quipement de l&#039;UTILISATEUR, fournir les services demand\u00e9s, am\u00e9liorer son exp\u00e9rience de navigation et\" \/>\n<meta name=\"robots\" content=\"index, follow, max-snippet:-1, max-image-preview:large, max-video-preview:-1\" \/>\n<link rel=\"canonical\" href=\"https:\/\/venfilter.es\/fr\/politique-de-cookies\/\" \/>\n<meta property=\"og:locale\" content=\"fr_FR\" \/>\n<meta property=\"og:type\" content=\"article\" \/>\n<meta property=\"og:title\" content=\"Politique de cookies - Venfilter\" \/>\n<meta property=\"og:description\" content=\"Pour assurer la communication sur le r\u00e9seau avec l&#039;\u00e9quipement de l&#039;UTILISATEUR, fournir les services demand\u00e9s, am\u00e9liorer son exp\u00e9rience de navigation et\" \/>\n<meta property=\"og:url\" content=\"https:\/\/venfilter.es\/fr\/politique-de-cookies\/\" \/>\n<meta property=\"og:site_name\" content=\"Venfilter\" \/>\n<meta property=\"article:modified_time\" content=\"2026-02-20T08:58:22+00:00\" \/>\n<meta name=\"twitter:card\" content=\"summary_large_image\" \/>\n<meta name=\"twitter:label1\" content=\"Dur\u00e9e de lecture estim\u00e9e\" \/>\n\t<meta name=\"twitter:data1\" content=\"4 minutes\" \/>\n<script type=\"application\/ld+json\" class=\"yoast-schema-graph\">{\"@context\":\"https:\/\/schema.org\",\"@graph\":[{\"@type\":\"WebPage\",\"@id\":\"https:\/\/venfilter.es\/fr\/politique-de-cookies\/\",\"url\":\"https:\/\/venfilter.es\/fr\/politique-de-cookies\/\",\"name\":\"Politique de cookies - Venfilter\",\"isPartOf\":{\"@id\":\"https:\/\/venfilter.es\/fr\/#website\"},\"datePublished\":\"2021-12-02T10:53:39+00:00\",\"dateModified\":\"2026-02-20T08:58:22+00:00\",\"description\":\"Pour assurer la communication sur le r\u00e9seau avec l'\u00e9quipement de l'UTILISATEUR, fournir les services demand\u00e9s, am\u00e9liorer son exp\u00e9rience de navigation et\",\"breadcrumb\":{\"@id\":\"https:\/\/venfilter.es\/fr\/politique-de-cookies\/#breadcrumb\"},\"inLanguage\":\"fr-FR\",\"potentialAction\":[{\"@type\":\"ReadAction\",\"target\":[\"https:\/\/venfilter.es\/fr\/politique-de-cookies\/\"]}]},{\"@type\":\"BreadcrumbList\",\"@id\":\"https:\/\/venfilter.es\/fr\/politique-de-cookies\/#breadcrumb\",\"itemListElement\":[{\"@type\":\"ListItem\",\"position\":1,\"name\":\"Portada\",\"item\":\"https:\/\/venfilter.es\/fr\/\"},{\"@type\":\"ListItem\",\"position\":2,\"name\":\"Politique de cookies\"}]},{\"@type\":\"WebSite\",\"@id\":\"https:\/\/venfilter.es\/fr\/#website\",\"url\":\"https:\/\/venfilter.es\/fr\/\",\"name\":\"Venfilter\",\"description\":\"Filtros de aire y ventilaci\u00f3n industrial\",\"potentialAction\":[{\"@type\":\"SearchAction\",\"target\":{\"@type\":\"EntryPoint\",\"urlTemplate\":\"https:\/\/venfilter.es\/fr\/?s={search_term_string}\"},\"query-input\":{\"@type\":\"PropertyValueSpecification\",\"valueRequired\":true,\"valueName\":\"search_term_string\"}}],\"inLanguage\":\"fr-FR\"}]}<\/script>\n<!-- \/ Yoast SEO plugin. -->","yoast_head_json":{"title":"Politique de cookies - Venfilter","description":"Pour assurer la communication sur le r\u00e9seau avec l'\u00e9quipement de l'UTILISATEUR, fournir les services demand\u00e9s, am\u00e9liorer son exp\u00e9rience de navigation et","robots":{"index":"index","follow":"follow","max-snippet":"max-snippet:-1","max-image-preview":"max-image-preview:large","max-video-preview":"max-video-preview:-1"},"canonical":"https:\/\/venfilter.es\/fr\/politique-de-cookies\/","og_locale":"fr_FR","og_type":"article","og_title":"Politique de cookies - Venfilter","og_description":"Pour assurer la communication sur le r\u00e9seau avec l'\u00e9quipement de l'UTILISATEUR, fournir les services demand\u00e9s, am\u00e9liorer son exp\u00e9rience de navigation et","og_url":"https:\/\/venfilter.es\/fr\/politique-de-cookies\/","og_site_name":"Venfilter","article_modified_time":"2026-02-20T08:58:22+00:00","twitter_card":"summary_large_image","twitter_misc":{"Dur\u00e9e de lecture estim\u00e9e":"4 minutes"},"schema":{"@context":"https:\/\/schema.org","@graph":[{"@type":"WebPage","@id":"https:\/\/venfilter.es\/fr\/politique-de-cookies\/","url":"https:\/\/venfilter.es\/fr\/politique-de-cookies\/","name":"Politique de cookies - Venfilter","isPartOf":{"@id":"https:\/\/venfilter.es\/fr\/#website"},"datePublished":"2021-12-02T10:53:39+00:00","dateModified":"2026-02-20T08:58:22+00:00","description":"Pour assurer la communication sur le r\u00e9seau avec l'\u00e9quipement de l'UTILISATEUR, fournir les services demand\u00e9s, am\u00e9liorer son exp\u00e9rience de navigation et","breadcrumb":{"@id":"https:\/\/venfilter.es\/fr\/politique-de-cookies\/#breadcrumb"},"inLanguage":"fr-FR","potentialAction":[{"@type":"ReadAction","target":["https:\/\/venfilter.es\/fr\/politique-de-cookies\/"]}]},{"@type":"BreadcrumbList","@id":"https:\/\/venfilter.es\/fr\/politique-de-cookies\/#breadcrumb","itemListElement":[{"@type":"ListItem","position":1,"name":"Portada","item":"https:\/\/venfilter.es\/fr\/"},{"@type":"ListItem","position":2,"name":"Politique de cookies"}]},{"@type":"WebSite","@id":"https:\/\/venfilter.es\/fr\/#website","url":"https:\/\/venfilter.es\/fr\/","name":"Venfilter","description":"Filtros de aire y ventilaci\u00f3n industrial","potentialAction":[{"@type":"SearchAction","target":{"@type":"EntryPoint","urlTemplate":"https:\/\/venfilter.es\/fr\/?s={search_term_string}"},"query-input":{"@type":"PropertyValueSpecification","valueRequired":true,"valueName":"search_term_string"}}],"inLanguage":"fr-FR"}]}},"_links":{"self":[{"href":"https:\/\/venfilter.es\/fr\/wp-json\/wp\/v2\/pages\/1154","targetHints":{"allow":["GET"]}}],"collection":[{"href":"https:\/\/venfilter.es\/fr\/wp-json\/wp\/v2\/pages"}],"about":[{"href":"https:\/\/venfilter.es\/fr\/wp-json\/wp\/v2\/types\/page"}],"author":[{"embeddable":true,"href":"https:\/\/venfilter.es\/fr\/wp-json\/wp\/v2\/users\/1"}],"replies":[{"embeddable":true,"href":"https:\/\/venfilter.es\/fr\/wp-json\/wp\/v2\/comments?post=1154"}],"version-history":[{"count":1,"href":"https:\/\/venfilter.es\/fr\/wp-json\/wp\/v2\/pages\/1154\/revisions"}],"predecessor-version":[{"id":52091,"href":"https:\/\/venfilter.es\/fr\/wp-json\/wp\/v2\/pages\/1154\/revisions\/52091"}],"wp:attachment":[{"href":"https:\/\/venfilter.es\/fr\/wp-json\/wp\/v2\/media?parent=1154"}],"curies":[{"name":"wp","href":"https:\/\/api.w.org\/{rel}","templated":true}]}}