{"id":33097,"date":"2022-05-05T15:19:35","date_gmt":"2022-05-05T14:19:35","guid":{"rendered":"https:\/\/venfilter.es.mialias.net\/?page_id=33097"},"modified":"2024-02-29T16:33:43","modified_gmt":"2024-02-29T15:33:43","slug":"politique-de-qualite","status":"publish","type":"page","link":"https:\/\/venfilter.es\/fr\/politique-de-qualite\/","title":{"rendered":"Politique de qualit\u00e9"},"content":{"rendered":"\n<p><a><\/a><\/p>\n\n\n<p><strong>VENFILTER<\/strong> a \u00e9t\u00e9 cr\u00e9\u00e9e le 1er juillet 1995, dans le but de satisfaire les besoins en \u00e9quipements de filtration \u00e0 moyenne et haute efficacit\u00e9, compacts, absolus, \u00e0 flux laminaire et \u00e0 haute temp\u00e9rature pour les secteurs des services et de l&rsquo;industrie. Notre activit\u00e9 est donc orient\u00e9e vers<\/p>\n<p>La conception, la fabrication et la commercialisation de filtres \u00e0 air et d&rsquo;\u00e9quipements au niveau national et international.<\/p>\n<h3>NOTRE VISION<\/h3>\n<p><strong>VOCATION PAYS :<\/strong> Dans un march\u00e9 global, hautement comp\u00e9titif et dans le contexte actuel, VENFILTER continue \u00e0 aller de l&rsquo;avant : engag\u00e9e, \u00e0 continuer \u00e0 fabriquer des produits hautement comp\u00e9titifs qui apportent une valeur ajout\u00e9e, en g\u00e9n\u00e9rant de l&#8217;emploi et en participant \u00e0 l&rsquo;\u00e9conomie nationale.<\/p>\n<p><strong>VOCATION INTERNATIONALE :<\/strong> Fid\u00e8les \u00e0 notre engagement, nous visons l&rsquo;Europe et le reste du monde, en offrant d&rsquo;excellentes solutions durables en mati\u00e8re de produits et de services, au m\u00eame titre que les meilleures entreprises multinationales.<\/p>\n<h3>NOS VALEURS<\/h3>\n<p><strong>VOCATION DU SERVICE :<\/strong> Nous aidons les entreprises qui disposent d&rsquo;installations techniques \u00e0 s&rsquo;am\u00e9liorer, en les conseillant sur les meilleures solutions, afin que nos clients puissent prendre la meilleure d\u00e9cision pour leur entreprise.<\/p>\n<p><strong>EXCELLENCE :<\/strong> Pour Venfilter, la qualit\u00e9 est essentielle, c&rsquo;est pourquoi la norme UNE EN ISO 9001 nous ratifie. En p\u00e9riode de changement, notre effort constant est bas\u00e9 sur le respect de la qualit\u00e9 des mati\u00e8res premi\u00e8res et l&rsquo;am\u00e9lioration continue afin que nos produits, ainsi qu&rsquo;un service client personnalis\u00e9, apportent une satisfaction maximale \u00e0 nos clients, en assumant leurs exigences, les exigences l\u00e9gales et r\u00e9glementaires qui s&rsquo;appliquent \u00e0 nous, et celles que nous nous imposons \u00e0 nous-m\u00eames. Dans cette perspective d&rsquo;am\u00e9lioration continue et de respect de la r\u00e9glementation, le Comit\u00e9 europ\u00e9en de normalisation (EUROVENT), pour la fabrication d&rsquo;\u00e9quipements de ventilation, de climatisation et de r\u00e9frig\u00e9ration, de chauffage et de ventilation industrielle et de traitement de l&rsquo;air en Europe, accr\u00e9dite notre activit\u00e9 selon les normes EN-779 et EN-1822.<\/p>\n<p><strong>ETHIQUE ET TRANSPARENCE :<\/strong> Nous simplifions la gestion, innovons, respectons les r\u00e9glementations et offrons un maximum de garanties \u00e0 nos clients. Avec une volont\u00e9 durable, pour laisser un monde meilleur aux g\u00e9n\u00e9rations futures.<\/p>\n<p><strong>ENGAGEMENT DE SATISFACTION :<\/strong> Nous nous effor\u00e7ons d&rsquo;offrir la meilleure qualit\u00e9, fiabilit\u00e9 et assistance technique \u00e0 un prix raisonnable. Pour que chaque projet devienne le meilleur.<\/p>\n<p><strong>ENGAGEMENT EN FAVEUR DE L&rsquo;ENVIRONNEMENT :<\/strong> nous nous engageons \u00e0 respecter l&rsquo;environnement en r\u00e9duisant la consommation, la pollution et la production de d\u00e9chets afin de pr\u00e9server les ressources.<\/p>\n<p><strong>PASSION :<\/strong> Nous aimons notre travail et nous ne le comprenons qu&rsquo;avec enthousiasme, exigence et d\u00e9vouement, ce qui nous fait \u00e9voluer jour apr\u00e8s jour et nous place dans les premi\u00e8res positions du secteur.<\/p>\n<p>Les contr\u00f4les de qualit\u00e9 sont essentiels pour garantir le bon fonctionnement de nos filtres, qui sont test\u00e9s individuellement \u00e0 chaque fois.<\/p>\n<p>Cette politique de qualit\u00e9 sert de cadre de r\u00e9f\u00e9rence pour les objectifs et les am\u00e9liorations, tant du produit que du service, ainsi que pour le syst\u00e8me de gestion et la strat\u00e9gie de l&rsquo;entreprise.<\/p>\n<p style=\"text-align: center;\">TERRASSA, 19 SEPTEMBRE 2019<\/p>\n<p style=\"text-align: center;\">Par VENTILACI\u00d3N Y FILTRACI\u00d3N, S.L.<\/p>\n<p style=\"text-align: center;\">C\/ de la Terra, 36 P.I. Els Bellots 08227-Terrassa (BARCELONA)<\/p>\n<p>\u00a0<\/p>\n<p>\u00a0<\/p>\n<p>\u00a0<\/p>\n<p>\u00a0<\/p>\n<p>\u00a0<\/p>\n<p>\u00a0<\/p>\n<p>\u00a0<\/p>\n<p style=\"margin-left: -7.1pt;\">\u00a0<\/p>\n<p>\u00a0<\/p>\n<p>\u00a0<\/p>","protected":false},"excerpt":{"rendered":"<p>VENFILTER a \u00e9t\u00e9 cr\u00e9\u00e9e le 1er juillet 1995, dans le but de satisfaire les besoins en \u00e9quipements de filtration \u00e0 moyenne et haute efficacit\u00e9, compacts, absolus, \u00e0 flux laminaire et \u00e0 haute temp\u00e9rature pour les secteurs des services et de l&rsquo;industrie. Notre activit\u00e9 est donc orient\u00e9e vers La conception, la fabrication et la commercialisation de [&hellip;]<\/p>\n","protected":false},"author":1,"featured_media":0,"parent":0,"menu_order":0,"comment_status":"closed","ping_status":"closed","template":"page-templates\/page-with-title.php","meta":{"_acf_changed":false,"footnotes":""},"class_list":["post-33097","page","type-page","status-publish","hentry"],"acf":[],"yoast_head":"<!-- This site is optimized with the Yoast SEO plugin v26.6 - https:\/\/yoast.com\/wordpress\/plugins\/seo\/ -->\n<title>Politique de qualit\u00e9 - Venfilter<\/title>\n<meta name=\"description\" content=\"VENFILTER a \u00e9t\u00e9 cr\u00e9\u00e9e le 1er juillet 1995, dans le but de satisfaire les besoins en \u00e9quipements de filtration \u00e0 moyenne et haute efficacit\u00e9, compacts,\" \/>\n<meta name=\"robots\" content=\"index, follow, max-snippet:-1, max-image-preview:large, max-video-preview:-1\" \/>\n<link rel=\"canonical\" href=\"https:\/\/venfilter.es\/fr\/politique-de-qualite\/\" \/>\n<meta property=\"og:locale\" content=\"fr_FR\" \/>\n<meta property=\"og:type\" content=\"article\" \/>\n<meta property=\"og:title\" content=\"Politique de qualit\u00e9 - Venfilter\" \/>\n<meta property=\"og:description\" content=\"VENFILTER a \u00e9t\u00e9 cr\u00e9\u00e9e le 1er juillet 1995, dans le but de satisfaire les besoins en \u00e9quipements de filtration \u00e0 moyenne et haute efficacit\u00e9, compacts,\" \/>\n<meta property=\"og:url\" content=\"https:\/\/venfilter.es\/fr\/politique-de-qualite\/\" \/>\n<meta property=\"og:site_name\" content=\"Venfilter\" \/>\n<meta property=\"article:modified_time\" content=\"2024-02-29T15:33:43+00:00\" \/>\n<meta name=\"twitter:card\" content=\"summary_large_image\" \/>\n<meta name=\"twitter:label1\" content=\"Dur\u00e9e de lecture estim\u00e9e\" \/>\n\t<meta name=\"twitter:data1\" content=\"3 minutes\" \/>\n<script type=\"application\/ld+json\" class=\"yoast-schema-graph\">{\"@context\":\"https:\/\/schema.org\",\"@graph\":[{\"@type\":\"WebPage\",\"@id\":\"https:\/\/venfilter.es\/fr\/politique-de-qualite\/\",\"url\":\"https:\/\/venfilter.es\/fr\/politique-de-qualite\/\",\"name\":\"Politique de qualit\u00e9 - Venfilter\",\"isPartOf\":{\"@id\":\"https:\/\/venfilter.es\/fr\/#website\"},\"datePublished\":\"2022-05-05T14:19:35+00:00\",\"dateModified\":\"2024-02-29T15:33:43+00:00\",\"description\":\"VENFILTER a \u00e9t\u00e9 cr\u00e9\u00e9e le 1er juillet 1995, dans le but de satisfaire les besoins en \u00e9quipements de filtration \u00e0 moyenne et haute efficacit\u00e9, compacts,\",\"breadcrumb\":{\"@id\":\"https:\/\/venfilter.es\/fr\/politique-de-qualite\/#breadcrumb\"},\"inLanguage\":\"fr-FR\",\"potentialAction\":[{\"@type\":\"ReadAction\",\"target\":[\"https:\/\/venfilter.es\/fr\/politique-de-qualite\/\"]}]},{\"@type\":\"BreadcrumbList\",\"@id\":\"https:\/\/venfilter.es\/fr\/politique-de-qualite\/#breadcrumb\",\"itemListElement\":[{\"@type\":\"ListItem\",\"position\":1,\"name\":\"Portada\",\"item\":\"https:\/\/venfilter.es\/fr\/\"},{\"@type\":\"ListItem\",\"position\":2,\"name\":\"Politique de qualit\u00e9\"}]},{\"@type\":\"WebSite\",\"@id\":\"https:\/\/venfilter.es\/fr\/#website\",\"url\":\"https:\/\/venfilter.es\/fr\/\",\"name\":\"Venfilter\",\"description\":\"Filtros de aire y ventilaci\u00f3n industrial\",\"potentialAction\":[{\"@type\":\"SearchAction\",\"target\":{\"@type\":\"EntryPoint\",\"urlTemplate\":\"https:\/\/venfilter.es\/fr\/?s={search_term_string}\"},\"query-input\":{\"@type\":\"PropertyValueSpecification\",\"valueRequired\":true,\"valueName\":\"search_term_string\"}}],\"inLanguage\":\"fr-FR\"}]}<\/script>\n<!-- \/ Yoast SEO plugin. -->","yoast_head_json":{"title":"Politique de qualit\u00e9 - Venfilter","description":"VENFILTER a \u00e9t\u00e9 cr\u00e9\u00e9e le 1er juillet 1995, dans le but de satisfaire les besoins en \u00e9quipements de filtration \u00e0 moyenne et haute efficacit\u00e9, compacts,","robots":{"index":"index","follow":"follow","max-snippet":"max-snippet:-1","max-image-preview":"max-image-preview:large","max-video-preview":"max-video-preview:-1"},"canonical":"https:\/\/venfilter.es\/fr\/politique-de-qualite\/","og_locale":"fr_FR","og_type":"article","og_title":"Politique de qualit\u00e9 - Venfilter","og_description":"VENFILTER a \u00e9t\u00e9 cr\u00e9\u00e9e le 1er juillet 1995, dans le but de satisfaire les besoins en \u00e9quipements de filtration \u00e0 moyenne et haute efficacit\u00e9, compacts,","og_url":"https:\/\/venfilter.es\/fr\/politique-de-qualite\/","og_site_name":"Venfilter","article_modified_time":"2024-02-29T15:33:43+00:00","twitter_card":"summary_large_image","twitter_misc":{"Dur\u00e9e de lecture estim\u00e9e":"3 minutes"},"schema":{"@context":"https:\/\/schema.org","@graph":[{"@type":"WebPage","@id":"https:\/\/venfilter.es\/fr\/politique-de-qualite\/","url":"https:\/\/venfilter.es\/fr\/politique-de-qualite\/","name":"Politique de qualit\u00e9 - Venfilter","isPartOf":{"@id":"https:\/\/venfilter.es\/fr\/#website"},"datePublished":"2022-05-05T14:19:35+00:00","dateModified":"2024-02-29T15:33:43+00:00","description":"VENFILTER a \u00e9t\u00e9 cr\u00e9\u00e9e le 1er juillet 1995, dans le but de satisfaire les besoins en \u00e9quipements de filtration \u00e0 moyenne et haute efficacit\u00e9, compacts,","breadcrumb":{"@id":"https:\/\/venfilter.es\/fr\/politique-de-qualite\/#breadcrumb"},"inLanguage":"fr-FR","potentialAction":[{"@type":"ReadAction","target":["https:\/\/venfilter.es\/fr\/politique-de-qualite\/"]}]},{"@type":"BreadcrumbList","@id":"https:\/\/venfilter.es\/fr\/politique-de-qualite\/#breadcrumb","itemListElement":[{"@type":"ListItem","position":1,"name":"Portada","item":"https:\/\/venfilter.es\/fr\/"},{"@type":"ListItem","position":2,"name":"Politique de qualit\u00e9"}]},{"@type":"WebSite","@id":"https:\/\/venfilter.es\/fr\/#website","url":"https:\/\/venfilter.es\/fr\/","name":"Venfilter","description":"Filtros de aire y ventilaci\u00f3n industrial","potentialAction":[{"@type":"SearchAction","target":{"@type":"EntryPoint","urlTemplate":"https:\/\/venfilter.es\/fr\/?s={search_term_string}"},"query-input":{"@type":"PropertyValueSpecification","valueRequired":true,"valueName":"search_term_string"}}],"inLanguage":"fr-FR"}]}},"_links":{"self":[{"href":"https:\/\/venfilter.es\/fr\/wp-json\/wp\/v2\/pages\/33097","targetHints":{"allow":["GET"]}}],"collection":[{"href":"https:\/\/venfilter.es\/fr\/wp-json\/wp\/v2\/pages"}],"about":[{"href":"https:\/\/venfilter.es\/fr\/wp-json\/wp\/v2\/types\/page"}],"author":[{"embeddable":true,"href":"https:\/\/venfilter.es\/fr\/wp-json\/wp\/v2\/users\/1"}],"replies":[{"embeddable":true,"href":"https:\/\/venfilter.es\/fr\/wp-json\/wp\/v2\/comments?post=33097"}],"version-history":[{"count":0,"href":"https:\/\/venfilter.es\/fr\/wp-json\/wp\/v2\/pages\/33097\/revisions"}],"wp:attachment":[{"href":"https:\/\/venfilter.es\/fr\/wp-json\/wp\/v2\/media?parent=33097"}],"curies":[{"name":"wp","href":"https:\/\/api.w.org\/{rel}","templated":true}]}}