{"id":40482,"date":"2023-03-06T12:58:37","date_gmt":"2023-03-06T11:58:37","guid":{"rendered":"https:\/\/venfilter.es\/?page_id=40482"},"modified":"2023-10-30T09:33:07","modified_gmt":"2023-10-30T08:33:07","slug":"eurovent","status":"publish","type":"page","link":"https:\/\/venfilter.es\/fr\/eurovent\/","title":{"rendered":"Eurovent"},"content":{"rendered":"\n<div class=\"block-column dos\"\n    style=\"min-height: 100px;background-color:#ffffff;\">\n    <div class=\"columns left\">\n        <div class=\"column column-content \">\n            <div>\n                                \n\n<h1 class=\"wp-block-heading title-h2\">Venfilter \u00e0 Eurovent<\/h1>\n\n\n\n<p class=\"has-text-color\" style=\"color:#b4b6b9;font-size:22px\">Depuis 2013, Venfilter s&rsquo;est engag\u00e9 dans Eurovent. En d&rsquo;autres termes, elle a opt\u00e9 pour le s\u00e9rieux et la rigueur des informations publi\u00e9es. Dans le cadre de son engagement \u00e0 fournir un produit de qualit\u00e9 qui r\u00e9pond pleinement aux attentes de ses clients.<\/p>\n\n\n            <\/div>\n        <\/div>\n\n                <div class=\"column\">\n                                <img decoding=\"async\" class=\"image\" src=\"https:\/\/venfilter.es\/wp-content\/uploads\/iStock-1338921291-1024x683.jpg\"\n            alt=\"\">\n            <\/div>\n    <\/div>\n<\/div>\n\n\n<h2 class=\"wp-block-heading has-white-color has-text-color\">nnnn<\/h2>\n\n\n\n<div class=\"block-column una\"\n    style=\"min-height: 100px;background-image: url('https:\/\/venfilter.es\/wp-content\/uploads\/EUROVENT-PAGINA-WEB-14-1024x768.png');\">\n    <div class=\"columns right\">\n        <div class=\"column column-content \">\n            <div>\n                                \n\n<h2 class=\"wp-block-heading\">Qu&rsquo;est-ce que l&rsquo;EUROVENT ?<\/h2>\n\n\n\n<p>Eurovent est le Comit\u00e9 europ\u00e9en des fabricants d&rsquo;\u00e9quipements de ventilation, de climatisation et de r\u00e9frig\u00e9ration, de chauffage, de ventilation industrielle et de traitement de l&rsquo;air.<\/p>\n\n\n\n<p>Par le biais de la soci\u00e9t\u00e9 Eurovent Certita Certificaction, ils d\u00e9veloppent des programmes de certification de produits pour notre industrie.<\/p>\n\n\n\n<p>Les entreprises du secteur des filtres \u00e0 air peuvent participer au programme de certification : Classe de filtres \u00e0 air M5-F9 (Fil).<\/p>\n\n\n            <\/div>\n        <\/div>\n\n        <\/div>\n<\/div>\n\n\n<h2 class=\"wp-block-heading has-white-color has-text-color\">AAA<\/h2>\n\n\n\n<div class=\"block-column dos\"\n    style=\"min-height: 100px;background-color:#fbfbfb;\">\n    <div class=\"columns left\">\n        <div class=\"column column-content \">\n            <div>\n                                \n\n<h2 class=\"wp-block-heading\">Les objectifs d&rsquo;Eurovent<\/h2>\n\n\n\n<p>Les principaux objectifs d&rsquo;Eurovent sont :<\/p>\n\n\n\n<ul class=\"wp-block-list\">\n<li>Repr\u00e9senter les fabricants europ\u00e9ens conform\u00e9ment aux normes europ\u00e9ennes et internationales.<\/li>\n\n\n\n<li>Informer ses membres de toute l\u00e9gislation pertinente \u00e9manant de l&rsquo;Union europ\u00e9enne ou d&rsquo;autres organismes comp\u00e9tents.<\/li>\n\n\n\n<li>\u00c9laboration et mise en \u0153uvre de normes europ\u00e9ennes.<\/li>\n\n\n\n<li>D\u00e9velopper un syst\u00e8me fiable de collecte de statistiques mondiales.<\/li>\n<\/ul>\n\n\n\n<p>&nbsp;<\/p>\n\n\n            <\/div>\n        <\/div>\n\n                <div class=\"column\">\n                                <img decoding=\"async\" class=\"image\" src=\"https:\/\/venfilter.es\/wp-content\/uploads\/EUROVENT-PAGINA-WEB-3.png\"\n            alt=\"\">\n            <\/div>\n    <\/div>\n<\/div>\n\n\n<h2 class=\"wp-block-heading has-white-color has-text-color\">aaa<\/h2>\n\n\n\n<div class=\"block-column dos\"\n    style=\"min-height: 100px;background-color:#ffffff;\">\n    <div class=\"columns right\">\n        <div class=\"column column-content \">\n            <div>\n                                \n\n<h2 class=\"wp-block-heading\">Caract\u00e9ristiques qui sont certifi\u00e9es<\/h2>\n\n\n\n<p>Le symbole Eurovent garantit que tous les produits enregistr\u00e9s, tels que les produits Venfilter, r\u00e9pondent \u00e0 ces exigences.<\/p>\n\n\n\n<ul class=\"wp-block-list\">\n<li>Classe de filtre : ISO Coarse, ISO ePM10, ISO ePM2.5, ISO ePM1.<\/li>\n\n\n\n<li>Perte de charge initiale en Pa, mesur\u00e9e selon la norme UNE-EN ISO 16890.<\/li>\n\n\n\n<li>Efficacit\u00e9 selon la norme UNE-EN ISO 16890 (uniquement pour les filtres ISO grossiers).<\/li>\n\n\n\n<li>Efficacit\u00e9 minimale (ePM1 et ePM2.5 min.) selon UNE-EN ISO 16890 (uniquement pour les filtres ayant un d\u00e9bit nominal de 0,944 m\u00b3\/s (3400 m\u00b3\/h)).<\/li>\n\n\n\n<li>Consommation \u00e9nerg\u00e9tique annuelle selon UNE-EN ISO 16890 (uniquement pour les filtres ayant un d\u00e9bit nominal de 0,944 m\u00b3\/s (3400 m\u00b3\/h)).<\/li>\n<\/ul>\n\n\n\n<p>Figure. Logo et certification <a href=\"https:\/\/www.eurovent-certification.com\/es\/\">Eurovent<\/a><\/p>\n\n\n            <\/div>\n        <\/div>\n\n                <div class=\"column\">\n                                <img decoding=\"async\" class=\"image\" src=\"https:\/\/venfilter.es\/wp-content\/uploads\/EUROVENT-PAGINA-WEB-5.png\"\n            alt=\"UER\">\n            <\/div>\n    <\/div>\n<\/div>\n\n\n<h2 class=\"wp-block-heading has-white-color has-text-color\">aaaa<\/h2>\n\n\n\n<div class=\"wp-block-cover is-light\"><span aria-hidden=\"true\" class=\"wp-block-cover__background has-background-dim-0 has-background-dim\"><\/span><img loading=\"lazy\" decoding=\"async\" width=\"1024\" height=\"768\" class=\"wp-block-cover__image-background wp-image-40667\" alt=\"monta\u00f1a\" src=\"https:\/\/venfilter.es\/wp-content\/uploads\/EUROVENT-PAGINA-WEB-7.png\" data-object-fit=\"cover\" srcset=\"https:\/\/venfilter.es\/wp-content\/uploads\/EUROVENT-PAGINA-WEB-7.png 1024w, https:\/\/venfilter.es\/wp-content\/uploads\/EUROVENT-PAGINA-WEB-7-300x225.png 300w, https:\/\/venfilter.es\/wp-content\/uploads\/EUROVENT-PAGINA-WEB-7-768x576.png 768w, https:\/\/venfilter.es\/wp-content\/uploads\/EUROVENT-PAGINA-WEB-7-600x450.png 600w\" sizes=\"auto, (max-width: 1024px) 100vw, 1024px\" \/><div class=\"wp-block-cover__inner-container is-layout-flow wp-block-cover-is-layout-flow\">\n<p class=\"has-text-align-center has-text-color has-large-font-size\" style=\"color:#00589b\"><strong><strong>VENFILTER<\/strong><\/strong> est la seule entreprise espagnole <\/p>\n\n\n\n<p class=\"has-text-align-center has-text-color has-large-font-size\" style=\"color:#00589b\">\u00e0 avoir obtenu la certification <strong>EUROVENT<\/strong><\/p>\n<\/div><\/div>\n\n\n\n<h2 class=\"wp-block-heading has-white-color has-text-color\">aaaa<\/h2>\n\n\n\n<div class=\"wp-block-columns is-layout-flex wp-container-core-columns-is-layout-9d6595d7 wp-block-columns-is-layout-flex\">\n<div class=\"wp-block-column is-layout-flow wp-block-column-is-layout-flow\" style=\"flex-basis:100%\">\n<h2>Avantages des filtres certifi\u00e9s Eurovent<\/h2>\n<table style=\"border-collapse: collapse; width: 100%;\">\n<tbody>\n<tr>\n<td style=\"width: 50%;\">\n<h3>Pour les utilisateurs finaux&#8230;<\/h3>\n<ul>\n<li>Assurance que l&rsquo;installation a \u00e9t\u00e9 effectu\u00e9e correctement.<\/li>\n<li>Le co\u00fbt de l&rsquo;\u00e9nergie sera divulgu\u00e9 de mani\u00e8re ad\u00e9quate.<\/li>\n<li>Des donn\u00e9es techniques dans un format standard europ\u00e9en.<\/li>\n<\/ul>\n<\/td>\n<td style=\"width: 50%;\">\n<h3>Pour les utilisateurs finaux&#8230;<\/h3>\n<ul>\n<li>La concurrence sur une base commune.<\/li>\n<li>Normes europ\u00e9ennes en mati\u00e8re de certification.<\/li>\n<li>Am\u00e9liorer le professionnalisme dans le secteur.<\/li>\n<\/ul>\n<\/td>\n<\/tr>\n<\/tbody>\n<\/table>\n<\/div>\n<\/div>\n\n\n\n<h2 class=\"wp-block-heading has-white-color has-text-color\">aaaa<\/h2>\n\n\n\n<div class=\"block-column una\"\n    style=\"min-height: 100px;background-image: url('https:\/\/venfilter.es\/wp-content\/uploads\/EUROVENT-PAGINA-WEB-6.png');\">\n    <div class=\"columns left\">\n        <div class=\"column column-content \">\n            <div>\n                                \n\n<h2 class=\"wp-block-heading\">Certificat de qualit\u00e9<\/h2>\n\n\n\n<ul class=\"wp-block-list\">\n<li>La certification Eurovent Certita, certifie que le syst\u00e8me de qualit\u00e9 de l&rsquo;entreprise : VENTILACI\u00d3N Y FILTRACI\u00d3N, SL (Venfilter) est conforme aux exigences d&rsquo;EUROVENT.<\/li>\n<\/ul>\n\n\n            <\/div>\n        <\/div>\n\n        <\/div>\n<\/div>","protected":false},"excerpt":{"rendered":"<p>nnnn AAA aaa aaaa aaaa Avantages des filtres certifi\u00e9s Eurovent Pour les utilisateurs finaux&#8230; Assurance que l&rsquo;installation a \u00e9t\u00e9 effectu\u00e9e correctement. Le co\u00fbt de l&rsquo;\u00e9nergie sera divulgu\u00e9 de mani\u00e8re ad\u00e9quate. Des donn\u00e9es techniques dans un format standard europ\u00e9en. Pour les utilisateurs finaux&#8230; La concurrence sur une base commune. Normes europ\u00e9ennes en mati\u00e8re de certification. Am\u00e9liorer [&hellip;]<\/p>\n","protected":false},"author":4,"featured_media":0,"parent":0,"menu_order":0,"comment_status":"closed","ping_status":"closed","template":"page-templates\/template-gutenberg.php","meta":{"_acf_changed":false,"footnotes":""},"class_list":["post-40482","page","type-page","status-publish","hentry"],"acf":[],"yoast_head":"<!-- This site is optimized with the Yoast SEO plugin v27.4 - https:\/\/yoast.com\/product\/yoast-seo-wordpress\/ -->\n<title>Eurovent - Venfilter<\/title>\n<meta name=\"description\" content=\"Venfilter \u00e0 Eurovent Depuis 2013, Venfilter s&#039;est engag\u00e9 dans Eurovent. En d&#039;autres termes, elle a opt\u00e9 pour le s\u00e9rieux et la rigueur des informations\" \/>\n<meta name=\"robots\" content=\"index, follow, max-snippet:-1, max-image-preview:large, max-video-preview:-1\" \/>\n<link rel=\"canonical\" href=\"https:\/\/venfilter.es\/fr\/eurovent\/\" \/>\n<meta property=\"og:locale\" content=\"fr_FR\" \/>\n<meta property=\"og:type\" content=\"article\" \/>\n<meta property=\"og:title\" content=\"Eurovent - Venfilter\" \/>\n<meta property=\"og:description\" content=\"Venfilter \u00e0 Eurovent Depuis 2013, Venfilter s&#039;est engag\u00e9 dans Eurovent. En d&#039;autres termes, elle a opt\u00e9 pour le s\u00e9rieux et la rigueur des informations\" \/>\n<meta property=\"og:url\" content=\"https:\/\/venfilter.es\/fr\/eurovent\/\" \/>\n<meta property=\"og:site_name\" content=\"Venfilter\" \/>\n<meta property=\"article:modified_time\" content=\"2023-10-30T08:33:07+00:00\" \/>\n<meta property=\"og:image\" content=\"https:\/\/venfilter.es\/wp-content\/uploads\/EUROVENT-PAGINA-WEB-7.png\" \/>\n<meta name=\"twitter:card\" content=\"summary_large_image\" \/>\n<meta name=\"twitter:label1\" content=\"Dur\u00e9e de lecture estim\u00e9e\" \/>\n\t<meta name=\"twitter:data1\" content=\"2 minutes\" \/>\n<script type=\"application\/ld+json\" class=\"yoast-schema-graph\">{\"@context\":\"https:\\\/\\\/schema.org\",\"@graph\":[{\"@type\":\"WebPage\",\"@id\":\"https:\\\/\\\/venfilter.es\\\/fr\\\/eurovent\\\/\",\"url\":\"https:\\\/\\\/venfilter.es\\\/fr\\\/eurovent\\\/\",\"name\":\"Eurovent - Venfilter\",\"isPartOf\":{\"@id\":\"https:\\\/\\\/venfilter.es\\\/fr\\\/#website\"},\"primaryImageOfPage\":{\"@id\":\"https:\\\/\\\/venfilter.es\\\/fr\\\/eurovent\\\/#primaryimage\"},\"image\":{\"@id\":\"https:\\\/\\\/venfilter.es\\\/fr\\\/eurovent\\\/#primaryimage\"},\"thumbnailUrl\":\"https:\\\/\\\/venfilter.es\\\/wp-content\\\/uploads\\\/EUROVENT-PAGINA-WEB-7.png\",\"datePublished\":\"2023-03-06T11:58:37+00:00\",\"dateModified\":\"2023-10-30T08:33:07+00:00\",\"description\":\"Venfilter \u00e0 Eurovent Depuis 2013, Venfilter s'est engag\u00e9 dans Eurovent. En d'autres termes, elle a opt\u00e9 pour le s\u00e9rieux et la rigueur des informations\",\"breadcrumb\":{\"@id\":\"https:\\\/\\\/venfilter.es\\\/fr\\\/eurovent\\\/#breadcrumb\"},\"inLanguage\":\"fr-FR\",\"potentialAction\":[{\"@type\":\"ReadAction\",\"target\":[\"https:\\\/\\\/venfilter.es\\\/fr\\\/eurovent\\\/\"]}]},{\"@type\":\"ImageObject\",\"inLanguage\":\"fr-FR\",\"@id\":\"https:\\\/\\\/venfilter.es\\\/fr\\\/eurovent\\\/#primaryimage\",\"url\":\"https:\\\/\\\/venfilter.es\\\/wp-content\\\/uploads\\\/EUROVENT-PAGINA-WEB-7.png\",\"contentUrl\":\"https:\\\/\\\/venfilter.es\\\/wp-content\\\/uploads\\\/EUROVENT-PAGINA-WEB-7.png\"},{\"@type\":\"BreadcrumbList\",\"@id\":\"https:\\\/\\\/venfilter.es\\\/fr\\\/eurovent\\\/#breadcrumb\",\"itemListElement\":[{\"@type\":\"ListItem\",\"position\":1,\"name\":\"Portada\",\"item\":\"https:\\\/\\\/venfilter.es\\\/fr\\\/\"},{\"@type\":\"ListItem\",\"position\":2,\"name\":\"Eurovent\"}]},{\"@type\":\"WebSite\",\"@id\":\"https:\\\/\\\/venfilter.es\\\/fr\\\/#website\",\"url\":\"https:\\\/\\\/venfilter.es\\\/fr\\\/\",\"name\":\"Venfilter\",\"description\":\"Filtros de aire y ventilaci\u00f3n industrial\",\"potentialAction\":[{\"@type\":\"SearchAction\",\"target\":{\"@type\":\"EntryPoint\",\"urlTemplate\":\"https:\\\/\\\/venfilter.es\\\/fr\\\/?s={search_term_string}\"},\"query-input\":{\"@type\":\"PropertyValueSpecification\",\"valueRequired\":true,\"valueName\":\"search_term_string\"}}],\"inLanguage\":\"fr-FR\"}]}<\/script>\n<!-- \/ Yoast SEO plugin. -->","yoast_head_json":{"title":"Eurovent - Venfilter","description":"Venfilter \u00e0 Eurovent Depuis 2013, Venfilter s'est engag\u00e9 dans Eurovent. En d'autres termes, elle a opt\u00e9 pour le s\u00e9rieux et la rigueur des informations","robots":{"index":"index","follow":"follow","max-snippet":"max-snippet:-1","max-image-preview":"max-image-preview:large","max-video-preview":"max-video-preview:-1"},"canonical":"https:\/\/venfilter.es\/fr\/eurovent\/","og_locale":"fr_FR","og_type":"article","og_title":"Eurovent - Venfilter","og_description":"Venfilter \u00e0 Eurovent Depuis 2013, Venfilter s'est engag\u00e9 dans Eurovent. En d'autres termes, elle a opt\u00e9 pour le s\u00e9rieux et la rigueur des informations","og_url":"https:\/\/venfilter.es\/fr\/eurovent\/","og_site_name":"Venfilter","article_modified_time":"2023-10-30T08:33:07+00:00","og_image":[{"url":"https:\/\/venfilter.es\/wp-content\/uploads\/EUROVENT-PAGINA-WEB-7.png","type":"","width":"","height":""}],"twitter_card":"summary_large_image","twitter_misc":{"Dur\u00e9e de lecture estim\u00e9e":"2 minutes"},"schema":{"@context":"https:\/\/schema.org","@graph":[{"@type":"WebPage","@id":"https:\/\/venfilter.es\/fr\/eurovent\/","url":"https:\/\/venfilter.es\/fr\/eurovent\/","name":"Eurovent - Venfilter","isPartOf":{"@id":"https:\/\/venfilter.es\/fr\/#website"},"primaryImageOfPage":{"@id":"https:\/\/venfilter.es\/fr\/eurovent\/#primaryimage"},"image":{"@id":"https:\/\/venfilter.es\/fr\/eurovent\/#primaryimage"},"thumbnailUrl":"https:\/\/venfilter.es\/wp-content\/uploads\/EUROVENT-PAGINA-WEB-7.png","datePublished":"2023-03-06T11:58:37+00:00","dateModified":"2023-10-30T08:33:07+00:00","description":"Venfilter \u00e0 Eurovent Depuis 2013, Venfilter s'est engag\u00e9 dans Eurovent. En d'autres termes, elle a opt\u00e9 pour le s\u00e9rieux et la rigueur des informations","breadcrumb":{"@id":"https:\/\/venfilter.es\/fr\/eurovent\/#breadcrumb"},"inLanguage":"fr-FR","potentialAction":[{"@type":"ReadAction","target":["https:\/\/venfilter.es\/fr\/eurovent\/"]}]},{"@type":"ImageObject","inLanguage":"fr-FR","@id":"https:\/\/venfilter.es\/fr\/eurovent\/#primaryimage","url":"https:\/\/venfilter.es\/wp-content\/uploads\/EUROVENT-PAGINA-WEB-7.png","contentUrl":"https:\/\/venfilter.es\/wp-content\/uploads\/EUROVENT-PAGINA-WEB-7.png"},{"@type":"BreadcrumbList","@id":"https:\/\/venfilter.es\/fr\/eurovent\/#breadcrumb","itemListElement":[{"@type":"ListItem","position":1,"name":"Portada","item":"https:\/\/venfilter.es\/fr\/"},{"@type":"ListItem","position":2,"name":"Eurovent"}]},{"@type":"WebSite","@id":"https:\/\/venfilter.es\/fr\/#website","url":"https:\/\/venfilter.es\/fr\/","name":"Venfilter","description":"Filtros de aire y ventilaci\u00f3n industrial","potentialAction":[{"@type":"SearchAction","target":{"@type":"EntryPoint","urlTemplate":"https:\/\/venfilter.es\/fr\/?s={search_term_string}"},"query-input":{"@type":"PropertyValueSpecification","valueRequired":true,"valueName":"search_term_string"}}],"inLanguage":"fr-FR"}]}},"_links":{"self":[{"href":"https:\/\/venfilter.es\/fr\/wp-json\/wp\/v2\/pages\/40482","targetHints":{"allow":["GET"]}}],"collection":[{"href":"https:\/\/venfilter.es\/fr\/wp-json\/wp\/v2\/pages"}],"about":[{"href":"https:\/\/venfilter.es\/fr\/wp-json\/wp\/v2\/types\/page"}],"author":[{"embeddable":true,"href":"https:\/\/venfilter.es\/fr\/wp-json\/wp\/v2\/users\/4"}],"replies":[{"embeddable":true,"href":"https:\/\/venfilter.es\/fr\/wp-json\/wp\/v2\/comments?post=40482"}],"version-history":[{"count":0,"href":"https:\/\/venfilter.es\/fr\/wp-json\/wp\/v2\/pages\/40482\/revisions"}],"wp:attachment":[{"href":"https:\/\/venfilter.es\/fr\/wp-json\/wp\/v2\/media?parent=40482"}],"curies":[{"name":"wp","href":"https:\/\/api.w.org\/{rel}","templated":true}]}}