{"id":31435,"date":"2022-04-04T15:06:04","date_gmt":"2022-04-05T07:32:59","guid":{"rendered":"https:\/\/venfilter.es.mialias.net\/product\/paint-stop-glass-oil\/"},"modified":"2024-07-04T15:17:11","modified_gmt":"2024-07-04T14:17:11","slug":"paint-stop-glass-oil","status":"publish","type":"product","link":"https:\/\/venfilter.es\/fr\/produits\/paint-stop-glass-oil\/","title":{"rendered":"Paint Stop\/Glass-Oil"},"content":{"rendered":"<p>Le Paint Stop est utilis\u00e9 pour la r\u00e9tention des peintures, liquides pulv\u00e9ris\u00e9s \u00e0 la sortie d&rsquo;air des cabines de peinture. Le Glass-Oil est utilis\u00e9 dans le traitement d&rsquo;air des syst\u00e8mes HVAC.<\/p>\n","protected":false},"excerpt":{"rendered":"<p>Le Paint Stop est utilis\u00e9 pour la r\u00e9tention des peintures, liquides pulv\u00e9ris\u00e9s \u00e0 la sortie d&rsquo;air des cabines de peinture. Le Glass-Oil est utilis\u00e9 dans le traitement d&rsquo;air des syst\u00e8mes HVAC.<\/p>\n","protected":false},"featured_media":45379,"comment_status":"closed","ping_status":"closed","template":"","meta":{"_acf_changed":false},"product_brand":[],"product_cat":[4189,4191],"product_tag":[],"certificado":[],"class_list":{"0":"post-31435","1":"product","2":"type-product","3":"status-publish","4":"has-post-thumbnail","6":"product_cat-cabines-peinture-2","7":"product_cat-fibre-verre","9":"first","10":"instock","11":"product-type-variable"},"acf":[],"yoast_head":"<!-- This site is optimized with the Yoast SEO plugin v26.6 - https:\/\/yoast.com\/wordpress\/plugins\/seo\/ -->\n<title>Paint Stop\/Glass-Oil - Venfilter<\/title>\n<meta name=\"description\" content=\"Le Paint Stop est utilis\u00e9 pour la r\u00e9tention des peintures, liquides pulv\u00e9ris\u00e9s \u00e0 la sortie d&#039;air des cabines de peinture. Le Glass-Oil est utilis\u00e9 dans le\" \/>\n<meta name=\"robots\" content=\"index, follow, max-snippet:-1, max-image-preview:large, max-video-preview:-1\" \/>\n<link rel=\"canonical\" href=\"https:\/\/venfilter.es\/fr\/produits\/paint-stop-glass-oil\/\" \/>\n<meta property=\"og:locale\" content=\"fr_FR\" \/>\n<meta property=\"og:type\" content=\"article\" \/>\n<meta property=\"og:title\" content=\"Paint Stop\/Glass-Oil - Venfilter\" \/>\n<meta property=\"og:description\" content=\"Le Paint Stop est utilis\u00e9 pour la r\u00e9tention des peintures, liquides pulv\u00e9ris\u00e9s \u00e0 la sortie d&#039;air des cabines de peinture. Le Glass-Oil est utilis\u00e9 dans le\" \/>\n<meta property=\"og:url\" content=\"https:\/\/venfilter.es\/fr\/produits\/paint-stop-glass-oil\/\" \/>\n<meta property=\"og:site_name\" content=\"Venfilter\" \/>\n<meta property=\"article:modified_time\" content=\"2024-07-04T14:17:11+00:00\" \/>\n<meta property=\"og:image\" content=\"https:\/\/venfilter.es\/wp-content\/uploads\/Paintstopglassoil-scaled.jpg\" \/>\n\t<meta property=\"og:image:width\" content=\"2560\" \/>\n\t<meta property=\"og:image:height\" content=\"2560\" \/>\n\t<meta property=\"og:image:type\" content=\"image\/jpeg\" \/>\n<meta name=\"twitter:card\" content=\"summary_large_image\" \/>\n<meta name=\"twitter:label1\" content=\"Dur\u00e9e de lecture estim\u00e9e\" \/>\n\t<meta name=\"twitter:data1\" content=\"1 minute\" \/>\n<script type=\"application\/ld+json\" class=\"yoast-schema-graph\">{\"@context\":\"https:\/\/schema.org\",\"@graph\":[{\"@type\":\"WebPage\",\"@id\":\"https:\/\/venfilter.es\/fr\/produits\/paint-stop-glass-oil\/\",\"url\":\"https:\/\/venfilter.es\/fr\/produits\/paint-stop-glass-oil\/\",\"name\":\"Paint Stop\/Glass-Oil - Venfilter\",\"isPartOf\":{\"@id\":\"https:\/\/venfilter.es\/fr\/#website\"},\"primaryImageOfPage\":{\"@id\":\"https:\/\/venfilter.es\/fr\/produits\/paint-stop-glass-oil\/#primaryimage\"},\"image\":{\"@id\":\"https:\/\/venfilter.es\/fr\/produits\/paint-stop-glass-oil\/#primaryimage\"},\"thumbnailUrl\":\"https:\/\/venfilter.es\/wp-content\/uploads\/Paintstopglassoil-scaled.jpg\",\"datePublished\":\"2022-04-05T07:32:59+00:00\",\"dateModified\":\"2024-07-04T14:17:11+00:00\",\"description\":\"Le Paint Stop est utilis\u00e9 pour la r\u00e9tention des peintures, liquides pulv\u00e9ris\u00e9s \u00e0 la sortie d'air des cabines de peinture. Le Glass-Oil est utilis\u00e9 dans le\",\"breadcrumb\":{\"@id\":\"https:\/\/venfilter.es\/fr\/produits\/paint-stop-glass-oil\/#breadcrumb\"},\"inLanguage\":\"fr-FR\",\"potentialAction\":[{\"@type\":\"ReadAction\",\"target\":[\"https:\/\/venfilter.es\/fr\/produits\/paint-stop-glass-oil\/\"]}]},{\"@type\":\"ImageObject\",\"inLanguage\":\"fr-FR\",\"@id\":\"https:\/\/venfilter.es\/fr\/produits\/paint-stop-glass-oil\/#primaryimage\",\"url\":\"https:\/\/venfilter.es\/wp-content\/uploads\/Paintstopglassoil-scaled.jpg\",\"contentUrl\":\"https:\/\/venfilter.es\/wp-content\/uploads\/Paintstopglassoil-scaled.jpg\",\"width\":2560,\"height\":2560},{\"@type\":\"BreadcrumbList\",\"@id\":\"https:\/\/venfilter.es\/fr\/produits\/paint-stop-glass-oil\/#breadcrumb\",\"itemListElement\":[{\"@type\":\"ListItem\",\"position\":1,\"name\":\"Portada\",\"item\":\"https:\/\/venfilter.es\/fr\/\"},{\"@type\":\"ListItem\",\"position\":2,\"name\":\"Tienda\",\"item\":\"https:\/\/venfilter.es\/fr\/boutique\/\"},{\"@type\":\"ListItem\",\"position\":3,\"name\":\"Paint Stop\/Glass-Oil\"}]},{\"@type\":\"WebSite\",\"@id\":\"https:\/\/venfilter.es\/fr\/#website\",\"url\":\"https:\/\/venfilter.es\/fr\/\",\"name\":\"Venfilter\",\"description\":\"Filtros de aire y ventilaci\u00f3n industrial\",\"potentialAction\":[{\"@type\":\"SearchAction\",\"target\":{\"@type\":\"EntryPoint\",\"urlTemplate\":\"https:\/\/venfilter.es\/fr\/?s={search_term_string}\"},\"query-input\":{\"@type\":\"PropertyValueSpecification\",\"valueRequired\":true,\"valueName\":\"search_term_string\"}}],\"inLanguage\":\"fr-FR\"}]}<\/script>\n<!-- \/ Yoast SEO plugin. -->","yoast_head_json":{"title":"Paint Stop\/Glass-Oil - Venfilter","description":"Le Paint Stop est utilis\u00e9 pour la r\u00e9tention des peintures, liquides pulv\u00e9ris\u00e9s \u00e0 la sortie d'air des cabines de peinture. Le Glass-Oil est utilis\u00e9 dans le","robots":{"index":"index","follow":"follow","max-snippet":"max-snippet:-1","max-image-preview":"max-image-preview:large","max-video-preview":"max-video-preview:-1"},"canonical":"https:\/\/venfilter.es\/fr\/produits\/paint-stop-glass-oil\/","og_locale":"fr_FR","og_type":"article","og_title":"Paint Stop\/Glass-Oil - Venfilter","og_description":"Le Paint Stop est utilis\u00e9 pour la r\u00e9tention des peintures, liquides pulv\u00e9ris\u00e9s \u00e0 la sortie d'air des cabines de peinture. Le Glass-Oil est utilis\u00e9 dans le","og_url":"https:\/\/venfilter.es\/fr\/produits\/paint-stop-glass-oil\/","og_site_name":"Venfilter","article_modified_time":"2024-07-04T14:17:11+00:00","og_image":[{"width":2560,"height":2560,"url":"https:\/\/venfilter.es\/wp-content\/uploads\/Paintstopglassoil-scaled.jpg","type":"image\/jpeg"}],"twitter_card":"summary_large_image","twitter_misc":{"Dur\u00e9e de lecture estim\u00e9e":"1 minute"},"schema":{"@context":"https:\/\/schema.org","@graph":[{"@type":"WebPage","@id":"https:\/\/venfilter.es\/fr\/produits\/paint-stop-glass-oil\/","url":"https:\/\/venfilter.es\/fr\/produits\/paint-stop-glass-oil\/","name":"Paint Stop\/Glass-Oil - Venfilter","isPartOf":{"@id":"https:\/\/venfilter.es\/fr\/#website"},"primaryImageOfPage":{"@id":"https:\/\/venfilter.es\/fr\/produits\/paint-stop-glass-oil\/#primaryimage"},"image":{"@id":"https:\/\/venfilter.es\/fr\/produits\/paint-stop-glass-oil\/#primaryimage"},"thumbnailUrl":"https:\/\/venfilter.es\/wp-content\/uploads\/Paintstopglassoil-scaled.jpg","datePublished":"2022-04-05T07:32:59+00:00","dateModified":"2024-07-04T14:17:11+00:00","description":"Le Paint Stop est utilis\u00e9 pour la r\u00e9tention des peintures, liquides pulv\u00e9ris\u00e9s \u00e0 la sortie d'air des cabines de peinture. Le Glass-Oil est utilis\u00e9 dans le","breadcrumb":{"@id":"https:\/\/venfilter.es\/fr\/produits\/paint-stop-glass-oil\/#breadcrumb"},"inLanguage":"fr-FR","potentialAction":[{"@type":"ReadAction","target":["https:\/\/venfilter.es\/fr\/produits\/paint-stop-glass-oil\/"]}]},{"@type":"ImageObject","inLanguage":"fr-FR","@id":"https:\/\/venfilter.es\/fr\/produits\/paint-stop-glass-oil\/#primaryimage","url":"https:\/\/venfilter.es\/wp-content\/uploads\/Paintstopglassoil-scaled.jpg","contentUrl":"https:\/\/venfilter.es\/wp-content\/uploads\/Paintstopglassoil-scaled.jpg","width":2560,"height":2560},{"@type":"BreadcrumbList","@id":"https:\/\/venfilter.es\/fr\/produits\/paint-stop-glass-oil\/#breadcrumb","itemListElement":[{"@type":"ListItem","position":1,"name":"Portada","item":"https:\/\/venfilter.es\/fr\/"},{"@type":"ListItem","position":2,"name":"Tienda","item":"https:\/\/venfilter.es\/fr\/boutique\/"},{"@type":"ListItem","position":3,"name":"Paint Stop\/Glass-Oil"}]},{"@type":"WebSite","@id":"https:\/\/venfilter.es\/fr\/#website","url":"https:\/\/venfilter.es\/fr\/","name":"Venfilter","description":"Filtros de aire y ventilaci\u00f3n industrial","potentialAction":[{"@type":"SearchAction","target":{"@type":"EntryPoint","urlTemplate":"https:\/\/venfilter.es\/fr\/?s={search_term_string}"},"query-input":{"@type":"PropertyValueSpecification","valueRequired":true,"valueName":"search_term_string"}}],"inLanguage":"fr-FR"}]}},"_links":{"self":[{"href":"https:\/\/venfilter.es\/fr\/wp-json\/wp\/v2\/product\/31435","targetHints":{"allow":["GET"]}}],"collection":[{"href":"https:\/\/venfilter.es\/fr\/wp-json\/wp\/v2\/product"}],"about":[{"href":"https:\/\/venfilter.es\/fr\/wp-json\/wp\/v2\/types\/product"}],"replies":[{"embeddable":true,"href":"https:\/\/venfilter.es\/fr\/wp-json\/wp\/v2\/comments?post=31435"}],"wp:featuredmedia":[{"embeddable":true,"href":"https:\/\/venfilter.es\/fr\/wp-json\/wp\/v2\/media\/45379"}],"wp:attachment":[{"href":"https:\/\/venfilter.es\/fr\/wp-json\/wp\/v2\/media?parent=31435"}],"wp:term":[{"taxonomy":"product_brand","embeddable":true,"href":"https:\/\/venfilter.es\/fr\/wp-json\/wp\/v2\/product_brand?post=31435"},{"taxonomy":"product_cat","embeddable":true,"href":"https:\/\/venfilter.es\/fr\/wp-json\/wp\/v2\/product_cat?post=31435"},{"taxonomy":"product_tag","embeddable":true,"href":"https:\/\/venfilter.es\/fr\/wp-json\/wp\/v2\/product_tag?post=31435"},{"taxonomy":"certificado","embeddable":true,"href":"https:\/\/venfilter.es\/fr\/wp-json\/wp\/v2\/certificado?post=31435"}],"curies":[{"name":"wp","href":"https:\/\/api.w.org\/{rel}","templated":true}]}}