{"id":31440,"date":"2022-04-04T15:06:16","date_gmt":"2022-04-05T07:33:12","guid":{"rendered":"https:\/\/venfilter.es.mialias.net\/product\/bio-bag-90\/"},"modified":"2024-07-31T11:35:51","modified_gmt":"2024-07-31T10:35:51","slug":"bio-bag-90","status":"publish","type":"product","link":"https:\/\/venfilter.es\/fr\/produits\/bio-bag-90\/","title":{"rendered":"Bio Bag 90"},"content":{"rendered":"<p>Installations HVAC telles que : \u00e9quipements de climatisation (climatiseurs, caissons de ventilation, etc.), Syst\u00e8mes de Conditionnement d&rsquo;Air (Immeubles de bureaux, Centrales T\u00e9l\u00e9phoniques, Grandes Surfaces, H\u00f4pitaux, Mus\u00e9es et A\u00e9roports, Processus Industriels (Ind.Pharmaceutique, Alimentaire, Optique, etc.) et comme pr\u00e9filtre de Filtres Hepa et Ulpa.<\/p>\n","protected":false},"excerpt":{"rendered":"<p>Installations HVAC telles que : \u00e9quipements de climatisation (climatiseurs, caissons de ventilation, etc.), Syst\u00e8mes de Conditionnement d&rsquo;Air (Immeubles de bureaux, Centrales T\u00e9l\u00e9phoniques, Grandes Surfaces, H\u00f4pitaux, Mus\u00e9es et A\u00e9roports, Processus Industriels (Ind.Pharmaceutique, Alimentaire, Optique, etc.) et comme pr\u00e9filtre de Filtres Hepa et Ulpa.<\/p>\n","protected":false},"featured_media":43136,"comment_status":"closed","ping_status":"closed","template":"","meta":{"_acf_changed":false},"product_brand":[],"product_cat":[4195],"product_tag":[],"certificado":[4275,4277],"class_list":{"0":"post-31440","1":"product","2":"type-product","3":"status-publish","4":"has-post-thumbnail","6":"product_cat-synthetique","7":"certificado-iso16890","8":"certificado-verde","10":"first","11":"instock","12":"product-type-variable"},"acf":[],"yoast_head":"<!-- This site is optimized with the Yoast SEO plugin v26.6 - https:\/\/yoast.com\/wordpress\/plugins\/seo\/ -->\n<title>Bio Bag 90 - Venfilter<\/title>\n<meta name=\"description\" content=\"Installations HVAC telles que : \u00e9quipements de climatisation (climatiseurs, caissons de ventilation, etc.), Syst\u00e8mes de Conditionnement d&#039;Air (Immeubles\" \/>\n<meta name=\"robots\" content=\"index, follow, max-snippet:-1, max-image-preview:large, max-video-preview:-1\" \/>\n<link rel=\"canonical\" href=\"https:\/\/venfilter.es\/fr\/produits\/bio-bag-90\/\" \/>\n<meta property=\"og:locale\" content=\"fr_FR\" \/>\n<meta property=\"og:type\" content=\"article\" \/>\n<meta property=\"og:title\" content=\"Bio Bag 90 - Venfilter\" \/>\n<meta property=\"og:description\" content=\"Installations HVAC telles que : \u00e9quipements de climatisation (climatiseurs, caissons de ventilation, etc.), Syst\u00e8mes de Conditionnement d&#039;Air (Immeubles\" \/>\n<meta property=\"og:url\" content=\"https:\/\/venfilter.es\/fr\/produits\/bio-bag-90\/\" \/>\n<meta property=\"og:site_name\" content=\"Venfilter\" \/>\n<meta property=\"article:modified_time\" content=\"2024-07-31T10:35:51+00:00\" \/>\n<meta property=\"og:image\" content=\"https:\/\/venfilter.es\/wp-content\/uploads\/BIO_BAG_90.jpeg\" \/>\n\t<meta property=\"og:image:width\" content=\"1920\" \/>\n\t<meta property=\"og:image:height\" content=\"1920\" \/>\n\t<meta property=\"og:image:type\" content=\"image\/jpeg\" \/>\n<meta name=\"twitter:card\" content=\"summary_large_image\" \/>\n<meta name=\"twitter:label1\" content=\"Dur\u00e9e de lecture estim\u00e9e\" \/>\n\t<meta name=\"twitter:data1\" content=\"1 minute\" \/>\n<script type=\"application\/ld+json\" class=\"yoast-schema-graph\">{\"@context\":\"https:\/\/schema.org\",\"@graph\":[{\"@type\":\"WebPage\",\"@id\":\"https:\/\/venfilter.es\/fr\/produits\/bio-bag-90\/\",\"url\":\"https:\/\/venfilter.es\/fr\/produits\/bio-bag-90\/\",\"name\":\"Bio Bag 90 - Venfilter\",\"isPartOf\":{\"@id\":\"https:\/\/venfilter.es\/fr\/#website\"},\"primaryImageOfPage\":{\"@id\":\"https:\/\/venfilter.es\/fr\/produits\/bio-bag-90\/#primaryimage\"},\"image\":{\"@id\":\"https:\/\/venfilter.es\/fr\/produits\/bio-bag-90\/#primaryimage\"},\"thumbnailUrl\":\"https:\/\/venfilter.es\/wp-content\/uploads\/BIO_BAG_90.jpeg\",\"datePublished\":\"2022-04-05T07:33:12+00:00\",\"dateModified\":\"2024-07-31T10:35:51+00:00\",\"description\":\"Installations HVAC telles que : \u00e9quipements de climatisation (climatiseurs, caissons de ventilation, etc.), Syst\u00e8mes de Conditionnement d'Air (Immeubles\",\"breadcrumb\":{\"@id\":\"https:\/\/venfilter.es\/fr\/produits\/bio-bag-90\/#breadcrumb\"},\"inLanguage\":\"fr-FR\",\"potentialAction\":[{\"@type\":\"ReadAction\",\"target\":[\"https:\/\/venfilter.es\/fr\/produits\/bio-bag-90\/\"]}]},{\"@type\":\"ImageObject\",\"inLanguage\":\"fr-FR\",\"@id\":\"https:\/\/venfilter.es\/fr\/produits\/bio-bag-90\/#primaryimage\",\"url\":\"https:\/\/venfilter.es\/wp-content\/uploads\/BIO_BAG_90.jpeg\",\"contentUrl\":\"https:\/\/venfilter.es\/wp-content\/uploads\/BIO_BAG_90.jpeg\",\"width\":1920,\"height\":1920},{\"@type\":\"BreadcrumbList\",\"@id\":\"https:\/\/venfilter.es\/fr\/produits\/bio-bag-90\/#breadcrumb\",\"itemListElement\":[{\"@type\":\"ListItem\",\"position\":1,\"name\":\"Portada\",\"item\":\"https:\/\/venfilter.es\/fr\/\"},{\"@type\":\"ListItem\",\"position\":2,\"name\":\"Tienda\",\"item\":\"https:\/\/venfilter.es\/fr\/boutique\/\"},{\"@type\":\"ListItem\",\"position\":3,\"name\":\"Bio Bag 90\"}]},{\"@type\":\"WebSite\",\"@id\":\"https:\/\/venfilter.es\/fr\/#website\",\"url\":\"https:\/\/venfilter.es\/fr\/\",\"name\":\"Venfilter\",\"description\":\"Filtros de aire y ventilaci\u00f3n industrial\",\"potentialAction\":[{\"@type\":\"SearchAction\",\"target\":{\"@type\":\"EntryPoint\",\"urlTemplate\":\"https:\/\/venfilter.es\/fr\/?s={search_term_string}\"},\"query-input\":{\"@type\":\"PropertyValueSpecification\",\"valueRequired\":true,\"valueName\":\"search_term_string\"}}],\"inLanguage\":\"fr-FR\"}]}<\/script>\n<!-- \/ Yoast SEO plugin. -->","yoast_head_json":{"title":"Bio Bag 90 - Venfilter","description":"Installations HVAC telles que : \u00e9quipements de climatisation (climatiseurs, caissons de ventilation, etc.), Syst\u00e8mes de Conditionnement d'Air (Immeubles","robots":{"index":"index","follow":"follow","max-snippet":"max-snippet:-1","max-image-preview":"max-image-preview:large","max-video-preview":"max-video-preview:-1"},"canonical":"https:\/\/venfilter.es\/fr\/produits\/bio-bag-90\/","og_locale":"fr_FR","og_type":"article","og_title":"Bio Bag 90 - Venfilter","og_description":"Installations HVAC telles que : \u00e9quipements de climatisation (climatiseurs, caissons de ventilation, etc.), Syst\u00e8mes de Conditionnement d'Air (Immeubles","og_url":"https:\/\/venfilter.es\/fr\/produits\/bio-bag-90\/","og_site_name":"Venfilter","article_modified_time":"2024-07-31T10:35:51+00:00","og_image":[{"width":1920,"height":1920,"url":"https:\/\/venfilter.es\/wp-content\/uploads\/BIO_BAG_90.jpeg","type":"image\/jpeg"}],"twitter_card":"summary_large_image","twitter_misc":{"Dur\u00e9e de lecture estim\u00e9e":"1 minute"},"schema":{"@context":"https:\/\/schema.org","@graph":[{"@type":"WebPage","@id":"https:\/\/venfilter.es\/fr\/produits\/bio-bag-90\/","url":"https:\/\/venfilter.es\/fr\/produits\/bio-bag-90\/","name":"Bio Bag 90 - Venfilter","isPartOf":{"@id":"https:\/\/venfilter.es\/fr\/#website"},"primaryImageOfPage":{"@id":"https:\/\/venfilter.es\/fr\/produits\/bio-bag-90\/#primaryimage"},"image":{"@id":"https:\/\/venfilter.es\/fr\/produits\/bio-bag-90\/#primaryimage"},"thumbnailUrl":"https:\/\/venfilter.es\/wp-content\/uploads\/BIO_BAG_90.jpeg","datePublished":"2022-04-05T07:33:12+00:00","dateModified":"2024-07-31T10:35:51+00:00","description":"Installations HVAC telles que : \u00e9quipements de climatisation (climatiseurs, caissons de ventilation, etc.), Syst\u00e8mes de Conditionnement d'Air (Immeubles","breadcrumb":{"@id":"https:\/\/venfilter.es\/fr\/produits\/bio-bag-90\/#breadcrumb"},"inLanguage":"fr-FR","potentialAction":[{"@type":"ReadAction","target":["https:\/\/venfilter.es\/fr\/produits\/bio-bag-90\/"]}]},{"@type":"ImageObject","inLanguage":"fr-FR","@id":"https:\/\/venfilter.es\/fr\/produits\/bio-bag-90\/#primaryimage","url":"https:\/\/venfilter.es\/wp-content\/uploads\/BIO_BAG_90.jpeg","contentUrl":"https:\/\/venfilter.es\/wp-content\/uploads\/BIO_BAG_90.jpeg","width":1920,"height":1920},{"@type":"BreadcrumbList","@id":"https:\/\/venfilter.es\/fr\/produits\/bio-bag-90\/#breadcrumb","itemListElement":[{"@type":"ListItem","position":1,"name":"Portada","item":"https:\/\/venfilter.es\/fr\/"},{"@type":"ListItem","position":2,"name":"Tienda","item":"https:\/\/venfilter.es\/fr\/boutique\/"},{"@type":"ListItem","position":3,"name":"Bio Bag 90"}]},{"@type":"WebSite","@id":"https:\/\/venfilter.es\/fr\/#website","url":"https:\/\/venfilter.es\/fr\/","name":"Venfilter","description":"Filtros de aire y ventilaci\u00f3n industrial","potentialAction":[{"@type":"SearchAction","target":{"@type":"EntryPoint","urlTemplate":"https:\/\/venfilter.es\/fr\/?s={search_term_string}"},"query-input":{"@type":"PropertyValueSpecification","valueRequired":true,"valueName":"search_term_string"}}],"inLanguage":"fr-FR"}]}},"_links":{"self":[{"href":"https:\/\/venfilter.es\/fr\/wp-json\/wp\/v2\/product\/31440","targetHints":{"allow":["GET"]}}],"collection":[{"href":"https:\/\/venfilter.es\/fr\/wp-json\/wp\/v2\/product"}],"about":[{"href":"https:\/\/venfilter.es\/fr\/wp-json\/wp\/v2\/types\/product"}],"replies":[{"embeddable":true,"href":"https:\/\/venfilter.es\/fr\/wp-json\/wp\/v2\/comments?post=31440"}],"wp:featuredmedia":[{"embeddable":true,"href":"https:\/\/venfilter.es\/fr\/wp-json\/wp\/v2\/media\/43136"}],"wp:attachment":[{"href":"https:\/\/venfilter.es\/fr\/wp-json\/wp\/v2\/media?parent=31440"}],"wp:term":[{"taxonomy":"product_brand","embeddable":true,"href":"https:\/\/venfilter.es\/fr\/wp-json\/wp\/v2\/product_brand?post=31440"},{"taxonomy":"product_cat","embeddable":true,"href":"https:\/\/venfilter.es\/fr\/wp-json\/wp\/v2\/product_cat?post=31440"},{"taxonomy":"product_tag","embeddable":true,"href":"https:\/\/venfilter.es\/fr\/wp-json\/wp\/v2\/product_tag?post=31440"},{"taxonomy":"certificado","embeddable":true,"href":"https:\/\/venfilter.es\/fr\/wp-json\/wp\/v2\/certificado?post=31440"}],"curies":[{"name":"wp","href":"https:\/\/api.w.org\/{rel}","templated":true}]}}