{"id":31441,"date":"2022-04-04T15:06:16","date_gmt":"2022-04-05T07:33:12","guid":{"rendered":"https:\/\/venfilter.es.mialias.net\/product\/bag-nanowave\/"},"modified":"2023-06-21T07:21:11","modified_gmt":"2023-06-21T06:21:11","slug":"bag-nanowave","status":"publish","type":"product","link":"https:\/\/venfilter.es\/fr\/produits\/bag-nanowave\/","title":{"rendered":"Bag Nanowave"},"content":{"rendered":"<p>La technologie Nanowave\u00ae incorpore un m\u00e9dia Filtrante \u00e0 plusieurs couches qui comporte des fibres ondul\u00e9es fines, prot\u00e9g\u00e9es par une couche de pr\u00e9-filtre de s\u00e9paration de poussi\u00e8re fine. Le profil ondul\u00e9 de cette fibre extra-fine augmente la surface effective du filtre, ce qui se traduit par une perte de charge initiale minimale et une plus grande r\u00e9tention de poussi\u00e8re pour l\u2019unit\u00e9. Les filtres \u00e0 poches avec technologie Nano Wave\u00ae sont exempts de charges \u00e9lectrostatiques, sont conformes \u00e0 la nouvelle r\u00e9glementation ISO 16890: 2016 et r\u00e9pondent aux exigences d\u2019hygi\u00e8ne des filtres \u00e0 air, ce qui les rend adapt\u00e9s \u00e0 une application dans des zones sensibles.<\/p>\n","protected":false},"excerpt":{"rendered":"<p>La technologie Nanowave\u00ae incorpore un m\u00e9dia Filtrante \u00e0 plusieurs couches qui comporte des fibres ondul\u00e9es fines, prot\u00e9g\u00e9es par une couche de pr\u00e9-filtre de s\u00e9paration de poussi\u00e8re fine. Le profil ondul\u00e9 de cette fibre extra-fine augmente la surface effective du filtre, ce qui se traduit par une perte de charge initiale minimale et une plus grande [&hellip;]<\/p>\n","protected":false},"featured_media":32953,"comment_status":"closed","ping_status":"closed","template":"","meta":{"_acf_changed":false},"product_brand":[],"product_cat":[4196],"product_tag":[],"certificado":[4274,4275],"class_list":{"0":"post-31441","1":"product","2":"type-product","3":"status-publish","4":"has-post-thumbnail","6":"product_cat-nano-wave","7":"certificado-etiqueta_clasificacion_energetica","8":"certificado-iso16890","10":"first","11":"instock","12":"product-type-variable"},"acf":[],"yoast_head":"<!-- This site is optimized with the Yoast SEO plugin v26.6 - https:\/\/yoast.com\/wordpress\/plugins\/seo\/ -->\n<title>Bag Nanowave - Venfilter<\/title>\n<meta name=\"description\" content=\"La technologie Nanowave\u00ae incorpore un m\u00e9dia Filtrante \u00e0 plusieurs couches qui comporte des fibres ondul\u00e9es fines, prot\u00e9g\u00e9es par une couche de pr\u00e9-filtre\" \/>\n<meta name=\"robots\" content=\"index, follow, max-snippet:-1, max-image-preview:large, max-video-preview:-1\" \/>\n<link rel=\"canonical\" href=\"https:\/\/venfilter.es\/fr\/produits\/bag-nanowave\/\" \/>\n<meta property=\"og:locale\" content=\"fr_FR\" \/>\n<meta property=\"og:type\" content=\"article\" \/>\n<meta property=\"og:title\" content=\"Bag Nanowave - Venfilter\" \/>\n<meta property=\"og:description\" content=\"La technologie Nanowave\u00ae incorpore un m\u00e9dia Filtrante \u00e0 plusieurs couches qui comporte des fibres ondul\u00e9es fines, prot\u00e9g\u00e9es par une couche de pr\u00e9-filtre\" \/>\n<meta property=\"og:url\" content=\"https:\/\/venfilter.es\/fr\/produits\/bag-nanowave\/\" \/>\n<meta property=\"og:site_name\" content=\"Venfilter\" \/>\n<meta property=\"article:modified_time\" content=\"2023-06-21T06:21:11+00:00\" \/>\n<meta property=\"og:image\" content=\"https:\/\/venfilter.es\/wp-content\/uploads\/BAG-NANOWAVE-2.jpg\" \/>\n\t<meta property=\"og:image:width\" content=\"800\" \/>\n\t<meta property=\"og:image:height\" content=\"800\" \/>\n\t<meta property=\"og:image:type\" content=\"image\/jpeg\" \/>\n<meta name=\"twitter:card\" content=\"summary_large_image\" \/>\n<meta name=\"twitter:label1\" content=\"Dur\u00e9e de lecture estim\u00e9e\" \/>\n\t<meta name=\"twitter:data1\" content=\"1 minute\" \/>\n<script type=\"application\/ld+json\" class=\"yoast-schema-graph\">{\"@context\":\"https:\/\/schema.org\",\"@graph\":[{\"@type\":\"WebPage\",\"@id\":\"https:\/\/venfilter.es\/fr\/produits\/bag-nanowave\/\",\"url\":\"https:\/\/venfilter.es\/fr\/produits\/bag-nanowave\/\",\"name\":\"Bag Nanowave - Venfilter\",\"isPartOf\":{\"@id\":\"https:\/\/venfilter.es\/fr\/#website\"},\"primaryImageOfPage\":{\"@id\":\"https:\/\/venfilter.es\/fr\/produits\/bag-nanowave\/#primaryimage\"},\"image\":{\"@id\":\"https:\/\/venfilter.es\/fr\/produits\/bag-nanowave\/#primaryimage\"},\"thumbnailUrl\":\"https:\/\/venfilter.es\/wp-content\/uploads\/BAG-NANOWAVE-2.jpg\",\"datePublished\":\"2022-04-05T07:33:12+00:00\",\"dateModified\":\"2023-06-21T06:21:11+00:00\",\"description\":\"La technologie Nanowave\u00ae incorpore un m\u00e9dia Filtrante \u00e0 plusieurs couches qui comporte des fibres ondul\u00e9es fines, prot\u00e9g\u00e9es par une couche de pr\u00e9-filtre\",\"breadcrumb\":{\"@id\":\"https:\/\/venfilter.es\/fr\/produits\/bag-nanowave\/#breadcrumb\"},\"inLanguage\":\"fr-FR\",\"potentialAction\":[{\"@type\":\"ReadAction\",\"target\":[\"https:\/\/venfilter.es\/fr\/produits\/bag-nanowave\/\"]}]},{\"@type\":\"ImageObject\",\"inLanguage\":\"fr-FR\",\"@id\":\"https:\/\/venfilter.es\/fr\/produits\/bag-nanowave\/#primaryimage\",\"url\":\"https:\/\/venfilter.es\/wp-content\/uploads\/BAG-NANOWAVE-2.jpg\",\"contentUrl\":\"https:\/\/venfilter.es\/wp-content\/uploads\/BAG-NANOWAVE-2.jpg\",\"width\":800,\"height\":800},{\"@type\":\"BreadcrumbList\",\"@id\":\"https:\/\/venfilter.es\/fr\/produits\/bag-nanowave\/#breadcrumb\",\"itemListElement\":[{\"@type\":\"ListItem\",\"position\":1,\"name\":\"Portada\",\"item\":\"https:\/\/venfilter.es\/fr\/\"},{\"@type\":\"ListItem\",\"position\":2,\"name\":\"Tienda\",\"item\":\"https:\/\/venfilter.es\/fr\/boutique\/\"},{\"@type\":\"ListItem\",\"position\":3,\"name\":\"Bag Nanowave\"}]},{\"@type\":\"WebSite\",\"@id\":\"https:\/\/venfilter.es\/fr\/#website\",\"url\":\"https:\/\/venfilter.es\/fr\/\",\"name\":\"Venfilter\",\"description\":\"Filtros de aire y ventilaci\u00f3n industrial\",\"potentialAction\":[{\"@type\":\"SearchAction\",\"target\":{\"@type\":\"EntryPoint\",\"urlTemplate\":\"https:\/\/venfilter.es\/fr\/?s={search_term_string}\"},\"query-input\":{\"@type\":\"PropertyValueSpecification\",\"valueRequired\":true,\"valueName\":\"search_term_string\"}}],\"inLanguage\":\"fr-FR\"}]}<\/script>\n<!-- \/ Yoast SEO plugin. -->","yoast_head_json":{"title":"Bag Nanowave - Venfilter","description":"La technologie Nanowave\u00ae incorpore un m\u00e9dia Filtrante \u00e0 plusieurs couches qui comporte des fibres ondul\u00e9es fines, prot\u00e9g\u00e9es par une couche de pr\u00e9-filtre","robots":{"index":"index","follow":"follow","max-snippet":"max-snippet:-1","max-image-preview":"max-image-preview:large","max-video-preview":"max-video-preview:-1"},"canonical":"https:\/\/venfilter.es\/fr\/produits\/bag-nanowave\/","og_locale":"fr_FR","og_type":"article","og_title":"Bag Nanowave - Venfilter","og_description":"La technologie Nanowave\u00ae incorpore un m\u00e9dia Filtrante \u00e0 plusieurs couches qui comporte des fibres ondul\u00e9es fines, prot\u00e9g\u00e9es par une couche de pr\u00e9-filtre","og_url":"https:\/\/venfilter.es\/fr\/produits\/bag-nanowave\/","og_site_name":"Venfilter","article_modified_time":"2023-06-21T06:21:11+00:00","og_image":[{"width":800,"height":800,"url":"https:\/\/venfilter.es\/wp-content\/uploads\/BAG-NANOWAVE-2.jpg","type":"image\/jpeg"}],"twitter_card":"summary_large_image","twitter_misc":{"Dur\u00e9e de lecture estim\u00e9e":"1 minute"},"schema":{"@context":"https:\/\/schema.org","@graph":[{"@type":"WebPage","@id":"https:\/\/venfilter.es\/fr\/produits\/bag-nanowave\/","url":"https:\/\/venfilter.es\/fr\/produits\/bag-nanowave\/","name":"Bag Nanowave - Venfilter","isPartOf":{"@id":"https:\/\/venfilter.es\/fr\/#website"},"primaryImageOfPage":{"@id":"https:\/\/venfilter.es\/fr\/produits\/bag-nanowave\/#primaryimage"},"image":{"@id":"https:\/\/venfilter.es\/fr\/produits\/bag-nanowave\/#primaryimage"},"thumbnailUrl":"https:\/\/venfilter.es\/wp-content\/uploads\/BAG-NANOWAVE-2.jpg","datePublished":"2022-04-05T07:33:12+00:00","dateModified":"2023-06-21T06:21:11+00:00","description":"La technologie Nanowave\u00ae incorpore un m\u00e9dia Filtrante \u00e0 plusieurs couches qui comporte des fibres ondul\u00e9es fines, prot\u00e9g\u00e9es par une couche de pr\u00e9-filtre","breadcrumb":{"@id":"https:\/\/venfilter.es\/fr\/produits\/bag-nanowave\/#breadcrumb"},"inLanguage":"fr-FR","potentialAction":[{"@type":"ReadAction","target":["https:\/\/venfilter.es\/fr\/produits\/bag-nanowave\/"]}]},{"@type":"ImageObject","inLanguage":"fr-FR","@id":"https:\/\/venfilter.es\/fr\/produits\/bag-nanowave\/#primaryimage","url":"https:\/\/venfilter.es\/wp-content\/uploads\/BAG-NANOWAVE-2.jpg","contentUrl":"https:\/\/venfilter.es\/wp-content\/uploads\/BAG-NANOWAVE-2.jpg","width":800,"height":800},{"@type":"BreadcrumbList","@id":"https:\/\/venfilter.es\/fr\/produits\/bag-nanowave\/#breadcrumb","itemListElement":[{"@type":"ListItem","position":1,"name":"Portada","item":"https:\/\/venfilter.es\/fr\/"},{"@type":"ListItem","position":2,"name":"Tienda","item":"https:\/\/venfilter.es\/fr\/boutique\/"},{"@type":"ListItem","position":3,"name":"Bag Nanowave"}]},{"@type":"WebSite","@id":"https:\/\/venfilter.es\/fr\/#website","url":"https:\/\/venfilter.es\/fr\/","name":"Venfilter","description":"Filtros de aire y ventilaci\u00f3n industrial","potentialAction":[{"@type":"SearchAction","target":{"@type":"EntryPoint","urlTemplate":"https:\/\/venfilter.es\/fr\/?s={search_term_string}"},"query-input":{"@type":"PropertyValueSpecification","valueRequired":true,"valueName":"search_term_string"}}],"inLanguage":"fr-FR"}]}},"_links":{"self":[{"href":"https:\/\/venfilter.es\/fr\/wp-json\/wp\/v2\/product\/31441","targetHints":{"allow":["GET"]}}],"collection":[{"href":"https:\/\/venfilter.es\/fr\/wp-json\/wp\/v2\/product"}],"about":[{"href":"https:\/\/venfilter.es\/fr\/wp-json\/wp\/v2\/types\/product"}],"replies":[{"embeddable":true,"href":"https:\/\/venfilter.es\/fr\/wp-json\/wp\/v2\/comments?post=31441"}],"wp:featuredmedia":[{"embeddable":true,"href":"https:\/\/venfilter.es\/fr\/wp-json\/wp\/v2\/media\/32953"}],"wp:attachment":[{"href":"https:\/\/venfilter.es\/fr\/wp-json\/wp\/v2\/media?parent=31441"}],"wp:term":[{"taxonomy":"product_brand","embeddable":true,"href":"https:\/\/venfilter.es\/fr\/wp-json\/wp\/v2\/product_brand?post=31441"},{"taxonomy":"product_cat","embeddable":true,"href":"https:\/\/venfilter.es\/fr\/wp-json\/wp\/v2\/product_cat?post=31441"},{"taxonomy":"product_tag","embeddable":true,"href":"https:\/\/venfilter.es\/fr\/wp-json\/wp\/v2\/product_tag?post=31441"},{"taxonomy":"certificado","embeddable":true,"href":"https:\/\/venfilter.es\/fr\/wp-json\/wp\/v2\/certificado?post=31441"}],"curies":[{"name":"wp","href":"https:\/\/api.w.org\/{rel}","templated":true}]}}