{"id":31449,"date":"2022-04-04T15:06:16","date_gmt":"2022-04-05T07:33:12","guid":{"rendered":"https:\/\/venfilter.es.mialias.net\/product\/bag-glass-50-plastique\/"},"modified":"2024-07-09T08:45:52","modified_gmt":"2024-07-09T07:45:52","slug":"bag-glass-50-plastique","status":"publish","type":"product","link":"https:\/\/venfilter.es\/fr\/produits\/bag-glass-50-plastique\/","title":{"rendered":"Bag-glass 50 (Plastique)"},"content":{"rendered":"<p>Les filtres BAG-GLASS sont identiques aux filtres \u00e0 poches conventionnels mais produits en fibre de verre. La combinaison de fibres de verre fines et \u00e9paisses entretiss\u00e9es permet d\u2019assurer une faible perte de charge initiale et une excellente capacit\u00e9 d\u2019accumulation de poussi\u00e8re par les syst\u00e8mes HVAC tels que: <strong>\u00c9quipements de climatisation<\/strong> (climatiseurs, caissons de ventilation, etc.), <strong>Syst\u00e8mes de Conditionnement d\u2019Air<\/strong> (Immeubles de bureaux, Centrales T\u00e9l\u00e9phoniques, Grandes Surfaces, H\u00f4pitaux, Mus\u00e9es et A\u00e9roports) <strong>Processus Industriels<\/strong> (Ind. Pharmaceutique, Alimentaire, Optique, etc.) et comme <strong>pr\u00e9filtre de Filtres Hepa et Ulpa.<\/strong><\/p>\n","protected":false},"excerpt":{"rendered":"<p>Les filtres BAG-GLASS sont identiques aux filtres \u00e0 poches conventionnels mais produits en fibre de verre. La combinaison de fibres de verre fines et \u00e9paisses entretiss\u00e9es permet d\u2019assurer une faible perte de charge initiale et une excellente capacit\u00e9 d\u2019accumulation de poussi\u00e8re par les syst\u00e8mes HVAC tels que: \u00c9quipements de climatisation (climatiseurs, caissons de ventilation, etc.), [&hellip;]<\/p>\n","protected":false},"featured_media":43185,"comment_status":"closed","ping_status":"closed","template":"","meta":{"_acf_changed":false},"product_brand":[],"product_cat":[4197],"product_tag":[],"certificado":[4249,4274,4275],"class_list":{"0":"post-31449","1":"product","2":"type-product","3":"status-publish","4":"has-post-thumbnail","6":"product_cat-fibre-verre-2","7":"certificado-venfilter_sello_food","8":"certificado-etiqueta_clasificacion_energetica","9":"certificado-iso16890","11":"first","12":"instock","13":"product-type-variable"},"acf":[],"yoast_head":"<!-- This site is optimized with the Yoast SEO plugin v26.6 - https:\/\/yoast.com\/wordpress\/plugins\/seo\/ -->\n<title>Bag-glass 50 (Plastique) - Venfilter<\/title>\n<meta name=\"description\" content=\"Les filtres BAG-GLASS sont identiques aux filtres \u00e0 poches conventionnels mais produits en fibre de verre. La combinaison de fibres de verre fines et\" \/>\n<meta name=\"robots\" content=\"index, follow, max-snippet:-1, max-image-preview:large, max-video-preview:-1\" \/>\n<link rel=\"canonical\" href=\"https:\/\/venfilter.es\/fr\/produits\/bag-glass-50-plastique\/\" \/>\n<meta property=\"og:locale\" content=\"fr_FR\" \/>\n<meta property=\"og:type\" content=\"article\" \/>\n<meta property=\"og:title\" content=\"Bag-glass 50 (Plastique) - Venfilter\" \/>\n<meta property=\"og:description\" content=\"Les filtres BAG-GLASS sont identiques aux filtres \u00e0 poches conventionnels mais produits en fibre de verre. La combinaison de fibres de verre fines et\" \/>\n<meta property=\"og:url\" content=\"https:\/\/venfilter.es\/fr\/produits\/bag-glass-50-plastique\/\" \/>\n<meta property=\"og:site_name\" content=\"Venfilter\" \/>\n<meta property=\"article:modified_time\" content=\"2024-07-09T07:45:52+00:00\" \/>\n<meta property=\"og:image\" content=\"https:\/\/venfilter.es\/wp-content\/uploads\/BAG-GLASS-50-PLASTICO.jpg\" \/>\n\t<meta property=\"og:image:width\" content=\"1920\" \/>\n\t<meta property=\"og:image:height\" content=\"1920\" \/>\n\t<meta property=\"og:image:type\" content=\"image\/jpeg\" \/>\n<meta name=\"twitter:card\" content=\"summary_large_image\" \/>\n<meta name=\"twitter:label1\" content=\"Dur\u00e9e de lecture estim\u00e9e\" \/>\n\t<meta name=\"twitter:data1\" content=\"1 minute\" \/>\n<script type=\"application\/ld+json\" class=\"yoast-schema-graph\">{\"@context\":\"https:\/\/schema.org\",\"@graph\":[{\"@type\":\"WebPage\",\"@id\":\"https:\/\/venfilter.es\/fr\/produits\/bag-glass-50-plastique\/\",\"url\":\"https:\/\/venfilter.es\/fr\/produits\/bag-glass-50-plastique\/\",\"name\":\"Bag-glass 50 (Plastique) - Venfilter\",\"isPartOf\":{\"@id\":\"https:\/\/venfilter.es\/fr\/#website\"},\"primaryImageOfPage\":{\"@id\":\"https:\/\/venfilter.es\/fr\/produits\/bag-glass-50-plastique\/#primaryimage\"},\"image\":{\"@id\":\"https:\/\/venfilter.es\/fr\/produits\/bag-glass-50-plastique\/#primaryimage\"},\"thumbnailUrl\":\"https:\/\/venfilter.es\/wp-content\/uploads\/BAG-GLASS-50-PLASTICO.jpg\",\"datePublished\":\"2022-04-05T07:33:12+00:00\",\"dateModified\":\"2024-07-09T07:45:52+00:00\",\"description\":\"Les filtres BAG-GLASS sont identiques aux filtres \u00e0 poches conventionnels mais produits en fibre de verre. La combinaison de fibres de verre fines et\",\"breadcrumb\":{\"@id\":\"https:\/\/venfilter.es\/fr\/produits\/bag-glass-50-plastique\/#breadcrumb\"},\"inLanguage\":\"fr-FR\",\"potentialAction\":[{\"@type\":\"ReadAction\",\"target\":[\"https:\/\/venfilter.es\/fr\/produits\/bag-glass-50-plastique\/\"]}]},{\"@type\":\"ImageObject\",\"inLanguage\":\"fr-FR\",\"@id\":\"https:\/\/venfilter.es\/fr\/produits\/bag-glass-50-plastique\/#primaryimage\",\"url\":\"https:\/\/venfilter.es\/wp-content\/uploads\/BAG-GLASS-50-PLASTICO.jpg\",\"contentUrl\":\"https:\/\/venfilter.es\/wp-content\/uploads\/BAG-GLASS-50-PLASTICO.jpg\",\"width\":1920,\"height\":1920},{\"@type\":\"BreadcrumbList\",\"@id\":\"https:\/\/venfilter.es\/fr\/produits\/bag-glass-50-plastique\/#breadcrumb\",\"itemListElement\":[{\"@type\":\"ListItem\",\"position\":1,\"name\":\"Portada\",\"item\":\"https:\/\/venfilter.es\/fr\/\"},{\"@type\":\"ListItem\",\"position\":2,\"name\":\"Tienda\",\"item\":\"https:\/\/venfilter.es\/fr\/boutique\/\"},{\"@type\":\"ListItem\",\"position\":3,\"name\":\"Bag-glass 50 (Plastique)\"}]},{\"@type\":\"WebSite\",\"@id\":\"https:\/\/venfilter.es\/fr\/#website\",\"url\":\"https:\/\/venfilter.es\/fr\/\",\"name\":\"Venfilter\",\"description\":\"Filtros de aire y ventilaci\u00f3n industrial\",\"potentialAction\":[{\"@type\":\"SearchAction\",\"target\":{\"@type\":\"EntryPoint\",\"urlTemplate\":\"https:\/\/venfilter.es\/fr\/?s={search_term_string}\"},\"query-input\":{\"@type\":\"PropertyValueSpecification\",\"valueRequired\":true,\"valueName\":\"search_term_string\"}}],\"inLanguage\":\"fr-FR\"}]}<\/script>\n<!-- \/ Yoast SEO plugin. -->","yoast_head_json":{"title":"Bag-glass 50 (Plastique) - Venfilter","description":"Les filtres BAG-GLASS sont identiques aux filtres \u00e0 poches conventionnels mais produits en fibre de verre. La combinaison de fibres de verre fines et","robots":{"index":"index","follow":"follow","max-snippet":"max-snippet:-1","max-image-preview":"max-image-preview:large","max-video-preview":"max-video-preview:-1"},"canonical":"https:\/\/venfilter.es\/fr\/produits\/bag-glass-50-plastique\/","og_locale":"fr_FR","og_type":"article","og_title":"Bag-glass 50 (Plastique) - Venfilter","og_description":"Les filtres BAG-GLASS sont identiques aux filtres \u00e0 poches conventionnels mais produits en fibre de verre. La combinaison de fibres de verre fines et","og_url":"https:\/\/venfilter.es\/fr\/produits\/bag-glass-50-plastique\/","og_site_name":"Venfilter","article_modified_time":"2024-07-09T07:45:52+00:00","og_image":[{"width":1920,"height":1920,"url":"https:\/\/venfilter.es\/wp-content\/uploads\/BAG-GLASS-50-PLASTICO.jpg","type":"image\/jpeg"}],"twitter_card":"summary_large_image","twitter_misc":{"Dur\u00e9e de lecture estim\u00e9e":"1 minute"},"schema":{"@context":"https:\/\/schema.org","@graph":[{"@type":"WebPage","@id":"https:\/\/venfilter.es\/fr\/produits\/bag-glass-50-plastique\/","url":"https:\/\/venfilter.es\/fr\/produits\/bag-glass-50-plastique\/","name":"Bag-glass 50 (Plastique) - Venfilter","isPartOf":{"@id":"https:\/\/venfilter.es\/fr\/#website"},"primaryImageOfPage":{"@id":"https:\/\/venfilter.es\/fr\/produits\/bag-glass-50-plastique\/#primaryimage"},"image":{"@id":"https:\/\/venfilter.es\/fr\/produits\/bag-glass-50-plastique\/#primaryimage"},"thumbnailUrl":"https:\/\/venfilter.es\/wp-content\/uploads\/BAG-GLASS-50-PLASTICO.jpg","datePublished":"2022-04-05T07:33:12+00:00","dateModified":"2024-07-09T07:45:52+00:00","description":"Les filtres BAG-GLASS sont identiques aux filtres \u00e0 poches conventionnels mais produits en fibre de verre. La combinaison de fibres de verre fines et","breadcrumb":{"@id":"https:\/\/venfilter.es\/fr\/produits\/bag-glass-50-plastique\/#breadcrumb"},"inLanguage":"fr-FR","potentialAction":[{"@type":"ReadAction","target":["https:\/\/venfilter.es\/fr\/produits\/bag-glass-50-plastique\/"]}]},{"@type":"ImageObject","inLanguage":"fr-FR","@id":"https:\/\/venfilter.es\/fr\/produits\/bag-glass-50-plastique\/#primaryimage","url":"https:\/\/venfilter.es\/wp-content\/uploads\/BAG-GLASS-50-PLASTICO.jpg","contentUrl":"https:\/\/venfilter.es\/wp-content\/uploads\/BAG-GLASS-50-PLASTICO.jpg","width":1920,"height":1920},{"@type":"BreadcrumbList","@id":"https:\/\/venfilter.es\/fr\/produits\/bag-glass-50-plastique\/#breadcrumb","itemListElement":[{"@type":"ListItem","position":1,"name":"Portada","item":"https:\/\/venfilter.es\/fr\/"},{"@type":"ListItem","position":2,"name":"Tienda","item":"https:\/\/venfilter.es\/fr\/boutique\/"},{"@type":"ListItem","position":3,"name":"Bag-glass 50 (Plastique)"}]},{"@type":"WebSite","@id":"https:\/\/venfilter.es\/fr\/#website","url":"https:\/\/venfilter.es\/fr\/","name":"Venfilter","description":"Filtros de aire y ventilaci\u00f3n industrial","potentialAction":[{"@type":"SearchAction","target":{"@type":"EntryPoint","urlTemplate":"https:\/\/venfilter.es\/fr\/?s={search_term_string}"},"query-input":{"@type":"PropertyValueSpecification","valueRequired":true,"valueName":"search_term_string"}}],"inLanguage":"fr-FR"}]}},"_links":{"self":[{"href":"https:\/\/venfilter.es\/fr\/wp-json\/wp\/v2\/product\/31449","targetHints":{"allow":["GET"]}}],"collection":[{"href":"https:\/\/venfilter.es\/fr\/wp-json\/wp\/v2\/product"}],"about":[{"href":"https:\/\/venfilter.es\/fr\/wp-json\/wp\/v2\/types\/product"}],"replies":[{"embeddable":true,"href":"https:\/\/venfilter.es\/fr\/wp-json\/wp\/v2\/comments?post=31449"}],"wp:featuredmedia":[{"embeddable":true,"href":"https:\/\/venfilter.es\/fr\/wp-json\/wp\/v2\/media\/43185"}],"wp:attachment":[{"href":"https:\/\/venfilter.es\/fr\/wp-json\/wp\/v2\/media?parent=31449"}],"wp:term":[{"taxonomy":"product_brand","embeddable":true,"href":"https:\/\/venfilter.es\/fr\/wp-json\/wp\/v2\/product_brand?post=31449"},{"taxonomy":"product_cat","embeddable":true,"href":"https:\/\/venfilter.es\/fr\/wp-json\/wp\/v2\/product_cat?post=31449"},{"taxonomy":"product_tag","embeddable":true,"href":"https:\/\/venfilter.es\/fr\/wp-json\/wp\/v2\/product_tag?post=31449"},{"taxonomy":"certificado","embeddable":true,"href":"https:\/\/venfilter.es\/fr\/wp-json\/wp\/v2\/certificado?post=31449"}],"curies":[{"name":"wp","href":"https:\/\/api.w.org\/{rel}","templated":true}]}}