{"id":31453,"date":"2022-04-04T15:06:16","date_gmt":"2022-04-05T07:33:12","guid":{"rendered":"https:\/\/venfilter.es.mialias.net\/product\/multiven-standard\/"},"modified":"2025-01-27T12:55:26","modified_gmt":"2025-01-27T11:55:26","slug":"multiven-standard","status":"publish","type":"product","link":"https:\/\/venfilter.es\/fr\/produits\/multiven-standard\/","title":{"rendered":"Multiven Standard"},"content":{"rendered":"<p>Entr\u00e9e, Sortie et Recirculation pour les syst\u00e8mes de ventilation exigeant une grande s\u00e9curit\u00e9 :<br \/>\nPour les \u00e9quipements d&rsquo;air conditionn\u00e9 (Climatiseurs, Caissons de Ventilation, etc).<br \/>\nSyst\u00e8mes de Conditionnement d&rsquo;Air (H\u00f4pitaux, Laboratoires, Mus\u00e9es, A\u00e9roports, etc\u2026).<br \/>\nProcessus Industriels (Ind. Pharmaceutique. Alimentaire, Optique, Micro\u00e9lectronique, V\u00e9t\u00e9rinaire, Chimique et traitement de surfaces).<br \/>\nComme pr\u00e9filtre de filtres Hepa et Ulpa.<\/p>\n","protected":false},"excerpt":{"rendered":"<p>Entr\u00e9e, Sortie et Recirculation pour les syst\u00e8mes de ventilation exigeant une grande s\u00e9curit\u00e9 : Pour les \u00e9quipements d&rsquo;air conditionn\u00e9 (Climatiseurs, Caissons de Ventilation, etc). Syst\u00e8mes de Conditionnement d&rsquo;Air (H\u00f4pitaux, Laboratoires, Mus\u00e9es, A\u00e9roports, etc\u2026). Processus Industriels (Ind. Pharmaceutique. Alimentaire, Optique, Micro\u00e9lectronique, V\u00e9t\u00e9rinaire, Chimique et traitement de surfaces). Comme pr\u00e9filtre de filtres Hepa et Ulpa.<\/p>\n","protected":false},"featured_media":47432,"comment_status":"closed","ping_status":"closed","template":"","meta":{"_acf_changed":false},"product_brand":[],"product_cat":[4200],"product_tag":[],"certificado":[4274,4275],"class_list":{"0":"post-31453","1":"product","2":"type-product","3":"status-publish","4":"has-post-thumbnail","6":"product_cat-rigides-2","7":"certificado-etiqueta_clasificacion_energetica","8":"certificado-iso16890","10":"first","11":"instock","12":"product-type-variable"},"acf":[],"yoast_head":"<!-- This site is optimized with the Yoast SEO plugin v26.6 - https:\/\/yoast.com\/wordpress\/plugins\/seo\/ -->\n<title>Multiven Standard - Venfilter<\/title>\n<meta name=\"description\" content=\"Entr\u00e9e, Sortie et Recirculation pour les syst\u00e8mes de ventilation exigeant une grande s\u00e9curit\u00e9 : Pour les \u00e9quipements d&#039;air conditionn\u00e9 (Climatiseurs,\" \/>\n<meta name=\"robots\" content=\"index, follow, max-snippet:-1, max-image-preview:large, max-video-preview:-1\" \/>\n<link rel=\"canonical\" href=\"https:\/\/venfilter.es\/fr\/produits\/multiven-standard\/\" \/>\n<meta property=\"og:locale\" content=\"fr_FR\" \/>\n<meta property=\"og:type\" content=\"article\" \/>\n<meta property=\"og:title\" content=\"Multiven Standard - Venfilter\" \/>\n<meta property=\"og:description\" content=\"Entr\u00e9e, Sortie et Recirculation pour les syst\u00e8mes de ventilation exigeant une grande s\u00e9curit\u00e9 : Pour les \u00e9quipements d&#039;air conditionn\u00e9 (Climatiseurs,\" \/>\n<meta property=\"og:url\" content=\"https:\/\/venfilter.es\/fr\/produits\/multiven-standard\/\" \/>\n<meta property=\"og:site_name\" content=\"Venfilter\" \/>\n<meta property=\"article:modified_time\" content=\"2025-01-27T11:55:26+00:00\" \/>\n<meta property=\"og:image\" content=\"https:\/\/venfilter.es\/wp-content\/uploads\/Venfilter_equipos9.jpg\" \/>\n\t<meta property=\"og:image:width\" content=\"1920\" \/>\n\t<meta property=\"og:image:height\" content=\"1920\" \/>\n\t<meta property=\"og:image:type\" content=\"image\/jpeg\" \/>\n<meta name=\"twitter:card\" content=\"summary_large_image\" \/>\n<meta name=\"twitter:label1\" content=\"Dur\u00e9e de lecture estim\u00e9e\" \/>\n\t<meta name=\"twitter:data1\" content=\"1 minute\" \/>\n<script type=\"application\/ld+json\" class=\"yoast-schema-graph\">{\"@context\":\"https:\/\/schema.org\",\"@graph\":[{\"@type\":\"WebPage\",\"@id\":\"https:\/\/venfilter.es\/fr\/produits\/multiven-standard\/\",\"url\":\"https:\/\/venfilter.es\/fr\/produits\/multiven-standard\/\",\"name\":\"Multiven Standard - Venfilter\",\"isPartOf\":{\"@id\":\"https:\/\/venfilter.es\/fr\/#website\"},\"primaryImageOfPage\":{\"@id\":\"https:\/\/venfilter.es\/fr\/produits\/multiven-standard\/#primaryimage\"},\"image\":{\"@id\":\"https:\/\/venfilter.es\/fr\/produits\/multiven-standard\/#primaryimage\"},\"thumbnailUrl\":\"https:\/\/venfilter.es\/wp-content\/uploads\/Venfilter_equipos9.jpg\",\"datePublished\":\"2022-04-05T07:33:12+00:00\",\"dateModified\":\"2025-01-27T11:55:26+00:00\",\"description\":\"Entr\u00e9e, Sortie et Recirculation pour les syst\u00e8mes de ventilation exigeant une grande s\u00e9curit\u00e9 : Pour les \u00e9quipements d'air conditionn\u00e9 (Climatiseurs,\",\"breadcrumb\":{\"@id\":\"https:\/\/venfilter.es\/fr\/produits\/multiven-standard\/#breadcrumb\"},\"inLanguage\":\"fr-FR\",\"potentialAction\":[{\"@type\":\"ReadAction\",\"target\":[\"https:\/\/venfilter.es\/fr\/produits\/multiven-standard\/\"]}]},{\"@type\":\"ImageObject\",\"inLanguage\":\"fr-FR\",\"@id\":\"https:\/\/venfilter.es\/fr\/produits\/multiven-standard\/#primaryimage\",\"url\":\"https:\/\/venfilter.es\/wp-content\/uploads\/Venfilter_equipos9.jpg\",\"contentUrl\":\"https:\/\/venfilter.es\/wp-content\/uploads\/Venfilter_equipos9.jpg\",\"width\":1920,\"height\":1920},{\"@type\":\"BreadcrumbList\",\"@id\":\"https:\/\/venfilter.es\/fr\/produits\/multiven-standard\/#breadcrumb\",\"itemListElement\":[{\"@type\":\"ListItem\",\"position\":1,\"name\":\"Portada\",\"item\":\"https:\/\/venfilter.es\/fr\/\"},{\"@type\":\"ListItem\",\"position\":2,\"name\":\"Tienda\",\"item\":\"https:\/\/venfilter.es\/fr\/boutique\/\"},{\"@type\":\"ListItem\",\"position\":3,\"name\":\"Multiven Standard\"}]},{\"@type\":\"WebSite\",\"@id\":\"https:\/\/venfilter.es\/fr\/#website\",\"url\":\"https:\/\/venfilter.es\/fr\/\",\"name\":\"Venfilter\",\"description\":\"Filtros de aire y ventilaci\u00f3n industrial\",\"potentialAction\":[{\"@type\":\"SearchAction\",\"target\":{\"@type\":\"EntryPoint\",\"urlTemplate\":\"https:\/\/venfilter.es\/fr\/?s={search_term_string}\"},\"query-input\":{\"@type\":\"PropertyValueSpecification\",\"valueRequired\":true,\"valueName\":\"search_term_string\"}}],\"inLanguage\":\"fr-FR\"}]}<\/script>\n<!-- \/ Yoast SEO plugin. -->","yoast_head_json":{"title":"Multiven Standard - Venfilter","description":"Entr\u00e9e, Sortie et Recirculation pour les syst\u00e8mes de ventilation exigeant une grande s\u00e9curit\u00e9 : Pour les \u00e9quipements d'air conditionn\u00e9 (Climatiseurs,","robots":{"index":"index","follow":"follow","max-snippet":"max-snippet:-1","max-image-preview":"max-image-preview:large","max-video-preview":"max-video-preview:-1"},"canonical":"https:\/\/venfilter.es\/fr\/produits\/multiven-standard\/","og_locale":"fr_FR","og_type":"article","og_title":"Multiven Standard - Venfilter","og_description":"Entr\u00e9e, Sortie et Recirculation pour les syst\u00e8mes de ventilation exigeant une grande s\u00e9curit\u00e9 : Pour les \u00e9quipements d'air conditionn\u00e9 (Climatiseurs,","og_url":"https:\/\/venfilter.es\/fr\/produits\/multiven-standard\/","og_site_name":"Venfilter","article_modified_time":"2025-01-27T11:55:26+00:00","og_image":[{"width":1920,"height":1920,"url":"https:\/\/venfilter.es\/wp-content\/uploads\/Venfilter_equipos9.jpg","type":"image\/jpeg"}],"twitter_card":"summary_large_image","twitter_misc":{"Dur\u00e9e de lecture estim\u00e9e":"1 minute"},"schema":{"@context":"https:\/\/schema.org","@graph":[{"@type":"WebPage","@id":"https:\/\/venfilter.es\/fr\/produits\/multiven-standard\/","url":"https:\/\/venfilter.es\/fr\/produits\/multiven-standard\/","name":"Multiven Standard - Venfilter","isPartOf":{"@id":"https:\/\/venfilter.es\/fr\/#website"},"primaryImageOfPage":{"@id":"https:\/\/venfilter.es\/fr\/produits\/multiven-standard\/#primaryimage"},"image":{"@id":"https:\/\/venfilter.es\/fr\/produits\/multiven-standard\/#primaryimage"},"thumbnailUrl":"https:\/\/venfilter.es\/wp-content\/uploads\/Venfilter_equipos9.jpg","datePublished":"2022-04-05T07:33:12+00:00","dateModified":"2025-01-27T11:55:26+00:00","description":"Entr\u00e9e, Sortie et Recirculation pour les syst\u00e8mes de ventilation exigeant une grande s\u00e9curit\u00e9 : Pour les \u00e9quipements d'air conditionn\u00e9 (Climatiseurs,","breadcrumb":{"@id":"https:\/\/venfilter.es\/fr\/produits\/multiven-standard\/#breadcrumb"},"inLanguage":"fr-FR","potentialAction":[{"@type":"ReadAction","target":["https:\/\/venfilter.es\/fr\/produits\/multiven-standard\/"]}]},{"@type":"ImageObject","inLanguage":"fr-FR","@id":"https:\/\/venfilter.es\/fr\/produits\/multiven-standard\/#primaryimage","url":"https:\/\/venfilter.es\/wp-content\/uploads\/Venfilter_equipos9.jpg","contentUrl":"https:\/\/venfilter.es\/wp-content\/uploads\/Venfilter_equipos9.jpg","width":1920,"height":1920},{"@type":"BreadcrumbList","@id":"https:\/\/venfilter.es\/fr\/produits\/multiven-standard\/#breadcrumb","itemListElement":[{"@type":"ListItem","position":1,"name":"Portada","item":"https:\/\/venfilter.es\/fr\/"},{"@type":"ListItem","position":2,"name":"Tienda","item":"https:\/\/venfilter.es\/fr\/boutique\/"},{"@type":"ListItem","position":3,"name":"Multiven Standard"}]},{"@type":"WebSite","@id":"https:\/\/venfilter.es\/fr\/#website","url":"https:\/\/venfilter.es\/fr\/","name":"Venfilter","description":"Filtros de aire y ventilaci\u00f3n industrial","potentialAction":[{"@type":"SearchAction","target":{"@type":"EntryPoint","urlTemplate":"https:\/\/venfilter.es\/fr\/?s={search_term_string}"},"query-input":{"@type":"PropertyValueSpecification","valueRequired":true,"valueName":"search_term_string"}}],"inLanguage":"fr-FR"}]}},"_links":{"self":[{"href":"https:\/\/venfilter.es\/fr\/wp-json\/wp\/v2\/product\/31453","targetHints":{"allow":["GET"]}}],"collection":[{"href":"https:\/\/venfilter.es\/fr\/wp-json\/wp\/v2\/product"}],"about":[{"href":"https:\/\/venfilter.es\/fr\/wp-json\/wp\/v2\/types\/product"}],"replies":[{"embeddable":true,"href":"https:\/\/venfilter.es\/fr\/wp-json\/wp\/v2\/comments?post=31453"}],"wp:featuredmedia":[{"embeddable":true,"href":"https:\/\/venfilter.es\/fr\/wp-json\/wp\/v2\/media\/47432"}],"wp:attachment":[{"href":"https:\/\/venfilter.es\/fr\/wp-json\/wp\/v2\/media?parent=31453"}],"wp:term":[{"taxonomy":"product_brand","embeddable":true,"href":"https:\/\/venfilter.es\/fr\/wp-json\/wp\/v2\/product_brand?post=31453"},{"taxonomy":"product_cat","embeddable":true,"href":"https:\/\/venfilter.es\/fr\/wp-json\/wp\/v2\/product_cat?post=31453"},{"taxonomy":"product_tag","embeddable":true,"href":"https:\/\/venfilter.es\/fr\/wp-json\/wp\/v2\/product_tag?post=31453"},{"taxonomy":"certificado","embeddable":true,"href":"https:\/\/venfilter.es\/fr\/wp-json\/wp\/v2\/certificado?post=31453"}],"curies":[{"name":"wp","href":"https:\/\/api.w.org\/{rel}","templated":true}]}}