{"id":31455,"date":"2022-04-04T15:06:16","date_gmt":"2022-04-05T07:33:12","guid":{"rendered":"https:\/\/venfilter.es.mialias.net\/product\/multiven-galvanise-atex\/"},"modified":"2024-09-20T09:43:08","modified_gmt":"2024-09-20T08:43:08","slug":"multiven-galvanise-atex","status":"publish","type":"product","link":"https:\/\/venfilter.es\/fr\/produits\/multiven-galvanise-atex\/","title":{"rendered":"Multiven (Galvanis\u00e9) Atex"},"content":{"rendered":"<p>En g\u00e9n\u00e9ral, pour des applications dans des syst\u00e8mes sp\u00e9ciaux de climatisation et de ventilation qui doivent r\u00e9pondre \u00e0 des exigences strictes en mati\u00e8re d&rsquo;atmosph\u00e8res explosives. Dans les zones pr\u00e9sentant des atmosph\u00e8res explosives (celles qui, dans les conditions atmosph\u00e9riques, sont<\/p>\n<p>un m\u00e9lange d&rsquo;air et de substances dangereuses sous forme de gaz, de vapeurs, de brouillards ou de poussi\u00e8res et dans lesquelles, apr\u00e8s inflammation, la combustion se propage \u00e0 l&rsquo;ensemble du m\u00e9lange non br\u00fbl\u00e9).<\/p>\n<p>Entr\u00e9e, sortie et recirculation dans les syst\u00e8mes de ventilation exigeant une s\u00e9curit\u00e9 \u00e9lev\u00e9e :<br \/>\nDans les <strong>\u00e9quipements de conditionnement d&rsquo;air<\/strong> (climatiseurs, caissons de ventilation, etc.).<br \/>\n<strong>Syst\u00e8mes de conditionnement d&rsquo;air<\/strong> (h\u00f4pitaux, laboratoires, mus\u00e9es, a\u00e9roports, etc.).<br \/>\n<strong>Proc\u00e9d\u00e9s industriel<\/strong>s (pharmaceutique, alimentaire, optique, micro\u00e9lectronique, v\u00e9t\u00e9rinaire, chimique et traitement de surface).<br \/>\nComme <strong>pr\u00e9filtre pour les filtres Hepa et Ulpa.<\/strong><\/p>\n","protected":false},"excerpt":{"rendered":"<p>En g\u00e9n\u00e9ral, pour des applications dans des syst\u00e8mes sp\u00e9ciaux de climatisation et de ventilation qui doivent r\u00e9pondre \u00e0 des exigences strictes en mati\u00e8re d&rsquo;atmosph\u00e8res explosives. Dans les zones pr\u00e9sentant des atmosph\u00e8res explosives (celles qui, dans les conditions atmosph\u00e9riques, sont un m\u00e9lange d&rsquo;air et de substances dangereuses sous forme de gaz, de vapeurs, de brouillards ou [&hellip;]<\/p>\n","protected":false},"featured_media":10565,"comment_status":"closed","ping_status":"closed","template":"","meta":{"_acf_changed":false},"product_brand":[],"product_cat":[4200],"product_tag":[],"certificado":[4274,4275,4373,4377],"class_list":{"0":"post-31455","1":"product","2":"type-product","3":"status-publish","4":"has-post-thumbnail","6":"product_cat-rigides-2","7":"certificado-etiqueta_clasificacion_energetica","8":"certificado-iso16890","9":"certificado-atex","10":"certificado-energia","12":"first","13":"instock","14":"product-type-variable"},"acf":[],"yoast_head":"<!-- This site is optimized with the Yoast SEO plugin v26.6 - https:\/\/yoast.com\/wordpress\/plugins\/seo\/ -->\n<title>Multiven (Galvanis\u00e9) Atex - Venfilter<\/title>\n<meta name=\"description\" content=\"En g\u00e9n\u00e9ral, pour des applications dans des syst\u00e8mes sp\u00e9ciaux de climatisation et de ventilation qui doivent r\u00e9pondre \u00e0 des exigences strictes en mati\u00e8re\" \/>\n<meta name=\"robots\" content=\"index, follow, max-snippet:-1, max-image-preview:large, max-video-preview:-1\" \/>\n<link rel=\"canonical\" href=\"https:\/\/venfilter.es\/fr\/produits\/multiven-galvanise-atex\/\" \/>\n<meta property=\"og:locale\" content=\"fr_FR\" \/>\n<meta property=\"og:type\" content=\"article\" \/>\n<meta property=\"og:title\" content=\"Multiven (Galvanis\u00e9) Atex - Venfilter\" \/>\n<meta property=\"og:description\" content=\"En g\u00e9n\u00e9ral, pour des applications dans des syst\u00e8mes sp\u00e9ciaux de climatisation et de ventilation qui doivent r\u00e9pondre \u00e0 des exigences strictes en mati\u00e8re\" \/>\n<meta property=\"og:url\" content=\"https:\/\/venfilter.es\/fr\/produits\/multiven-galvanise-atex\/\" \/>\n<meta property=\"og:site_name\" content=\"Venfilter\" \/>\n<meta property=\"article:modified_time\" content=\"2024-09-20T08:43:08+00:00\" \/>\n<meta property=\"og:image\" content=\"https:\/\/venfilter.es\/wp-content\/uploads\/multiven_galvanizado_atex_sin_dimensiones.jpg\" \/>\n\t<meta property=\"og:image:width\" content=\"929\" \/>\n\t<meta property=\"og:image:height\" content=\"817\" \/>\n\t<meta property=\"og:image:type\" content=\"image\/jpeg\" \/>\n<meta name=\"twitter:card\" content=\"summary_large_image\" \/>\n<meta name=\"twitter:label1\" content=\"Dur\u00e9e de lecture estim\u00e9e\" \/>\n\t<meta name=\"twitter:data1\" content=\"1 minute\" \/>\n<script type=\"application\/ld+json\" class=\"yoast-schema-graph\">{\"@context\":\"https:\/\/schema.org\",\"@graph\":[{\"@type\":\"WebPage\",\"@id\":\"https:\/\/venfilter.es\/fr\/produits\/multiven-galvanise-atex\/\",\"url\":\"https:\/\/venfilter.es\/fr\/produits\/multiven-galvanise-atex\/\",\"name\":\"Multiven (Galvanis\u00e9) Atex - Venfilter\",\"isPartOf\":{\"@id\":\"https:\/\/venfilter.es\/fr\/#website\"},\"primaryImageOfPage\":{\"@id\":\"https:\/\/venfilter.es\/fr\/produits\/multiven-galvanise-atex\/#primaryimage\"},\"image\":{\"@id\":\"https:\/\/venfilter.es\/fr\/produits\/multiven-galvanise-atex\/#primaryimage\"},\"thumbnailUrl\":\"https:\/\/venfilter.es\/wp-content\/uploads\/multiven_galvanizado_atex_sin_dimensiones.jpg\",\"datePublished\":\"2022-04-05T07:33:12+00:00\",\"dateModified\":\"2024-09-20T08:43:08+00:00\",\"description\":\"En g\u00e9n\u00e9ral, pour des applications dans des syst\u00e8mes sp\u00e9ciaux de climatisation et de ventilation qui doivent r\u00e9pondre \u00e0 des exigences strictes en mati\u00e8re\",\"breadcrumb\":{\"@id\":\"https:\/\/venfilter.es\/fr\/produits\/multiven-galvanise-atex\/#breadcrumb\"},\"inLanguage\":\"fr-FR\",\"potentialAction\":[{\"@type\":\"ReadAction\",\"target\":[\"https:\/\/venfilter.es\/fr\/produits\/multiven-galvanise-atex\/\"]}]},{\"@type\":\"ImageObject\",\"inLanguage\":\"fr-FR\",\"@id\":\"https:\/\/venfilter.es\/fr\/produits\/multiven-galvanise-atex\/#primaryimage\",\"url\":\"https:\/\/venfilter.es\/wp-content\/uploads\/multiven_galvanizado_atex_sin_dimensiones.jpg\",\"contentUrl\":\"https:\/\/venfilter.es\/wp-content\/uploads\/multiven_galvanizado_atex_sin_dimensiones.jpg\",\"width\":929,\"height\":817},{\"@type\":\"BreadcrumbList\",\"@id\":\"https:\/\/venfilter.es\/fr\/produits\/multiven-galvanise-atex\/#breadcrumb\",\"itemListElement\":[{\"@type\":\"ListItem\",\"position\":1,\"name\":\"Portada\",\"item\":\"https:\/\/venfilter.es\/fr\/\"},{\"@type\":\"ListItem\",\"position\":2,\"name\":\"Tienda\",\"item\":\"https:\/\/venfilter.es\/fr\/boutique\/\"},{\"@type\":\"ListItem\",\"position\":3,\"name\":\"Multiven (Galvanis\u00e9) Atex\"}]},{\"@type\":\"WebSite\",\"@id\":\"https:\/\/venfilter.es\/fr\/#website\",\"url\":\"https:\/\/venfilter.es\/fr\/\",\"name\":\"Venfilter\",\"description\":\"Filtros de aire y ventilaci\u00f3n industrial\",\"potentialAction\":[{\"@type\":\"SearchAction\",\"target\":{\"@type\":\"EntryPoint\",\"urlTemplate\":\"https:\/\/venfilter.es\/fr\/?s={search_term_string}\"},\"query-input\":{\"@type\":\"PropertyValueSpecification\",\"valueRequired\":true,\"valueName\":\"search_term_string\"}}],\"inLanguage\":\"fr-FR\"}]}<\/script>\n<!-- \/ Yoast SEO plugin. -->","yoast_head_json":{"title":"Multiven (Galvanis\u00e9) Atex - Venfilter","description":"En g\u00e9n\u00e9ral, pour des applications dans des syst\u00e8mes sp\u00e9ciaux de climatisation et de ventilation qui doivent r\u00e9pondre \u00e0 des exigences strictes en mati\u00e8re","robots":{"index":"index","follow":"follow","max-snippet":"max-snippet:-1","max-image-preview":"max-image-preview:large","max-video-preview":"max-video-preview:-1"},"canonical":"https:\/\/venfilter.es\/fr\/produits\/multiven-galvanise-atex\/","og_locale":"fr_FR","og_type":"article","og_title":"Multiven (Galvanis\u00e9) Atex - Venfilter","og_description":"En g\u00e9n\u00e9ral, pour des applications dans des syst\u00e8mes sp\u00e9ciaux de climatisation et de ventilation qui doivent r\u00e9pondre \u00e0 des exigences strictes en mati\u00e8re","og_url":"https:\/\/venfilter.es\/fr\/produits\/multiven-galvanise-atex\/","og_site_name":"Venfilter","article_modified_time":"2024-09-20T08:43:08+00:00","og_image":[{"width":929,"height":817,"url":"https:\/\/venfilter.es\/wp-content\/uploads\/multiven_galvanizado_atex_sin_dimensiones.jpg","type":"image\/jpeg"}],"twitter_card":"summary_large_image","twitter_misc":{"Dur\u00e9e de lecture estim\u00e9e":"1 minute"},"schema":{"@context":"https:\/\/schema.org","@graph":[{"@type":"WebPage","@id":"https:\/\/venfilter.es\/fr\/produits\/multiven-galvanise-atex\/","url":"https:\/\/venfilter.es\/fr\/produits\/multiven-galvanise-atex\/","name":"Multiven (Galvanis\u00e9) Atex - Venfilter","isPartOf":{"@id":"https:\/\/venfilter.es\/fr\/#website"},"primaryImageOfPage":{"@id":"https:\/\/venfilter.es\/fr\/produits\/multiven-galvanise-atex\/#primaryimage"},"image":{"@id":"https:\/\/venfilter.es\/fr\/produits\/multiven-galvanise-atex\/#primaryimage"},"thumbnailUrl":"https:\/\/venfilter.es\/wp-content\/uploads\/multiven_galvanizado_atex_sin_dimensiones.jpg","datePublished":"2022-04-05T07:33:12+00:00","dateModified":"2024-09-20T08:43:08+00:00","description":"En g\u00e9n\u00e9ral, pour des applications dans des syst\u00e8mes sp\u00e9ciaux de climatisation et de ventilation qui doivent r\u00e9pondre \u00e0 des exigences strictes en mati\u00e8re","breadcrumb":{"@id":"https:\/\/venfilter.es\/fr\/produits\/multiven-galvanise-atex\/#breadcrumb"},"inLanguage":"fr-FR","potentialAction":[{"@type":"ReadAction","target":["https:\/\/venfilter.es\/fr\/produits\/multiven-galvanise-atex\/"]}]},{"@type":"ImageObject","inLanguage":"fr-FR","@id":"https:\/\/venfilter.es\/fr\/produits\/multiven-galvanise-atex\/#primaryimage","url":"https:\/\/venfilter.es\/wp-content\/uploads\/multiven_galvanizado_atex_sin_dimensiones.jpg","contentUrl":"https:\/\/venfilter.es\/wp-content\/uploads\/multiven_galvanizado_atex_sin_dimensiones.jpg","width":929,"height":817},{"@type":"BreadcrumbList","@id":"https:\/\/venfilter.es\/fr\/produits\/multiven-galvanise-atex\/#breadcrumb","itemListElement":[{"@type":"ListItem","position":1,"name":"Portada","item":"https:\/\/venfilter.es\/fr\/"},{"@type":"ListItem","position":2,"name":"Tienda","item":"https:\/\/venfilter.es\/fr\/boutique\/"},{"@type":"ListItem","position":3,"name":"Multiven (Galvanis\u00e9) Atex"}]},{"@type":"WebSite","@id":"https:\/\/venfilter.es\/fr\/#website","url":"https:\/\/venfilter.es\/fr\/","name":"Venfilter","description":"Filtros de aire y ventilaci\u00f3n industrial","potentialAction":[{"@type":"SearchAction","target":{"@type":"EntryPoint","urlTemplate":"https:\/\/venfilter.es\/fr\/?s={search_term_string}"},"query-input":{"@type":"PropertyValueSpecification","valueRequired":true,"valueName":"search_term_string"}}],"inLanguage":"fr-FR"}]}},"_links":{"self":[{"href":"https:\/\/venfilter.es\/fr\/wp-json\/wp\/v2\/product\/31455","targetHints":{"allow":["GET"]}}],"collection":[{"href":"https:\/\/venfilter.es\/fr\/wp-json\/wp\/v2\/product"}],"about":[{"href":"https:\/\/venfilter.es\/fr\/wp-json\/wp\/v2\/types\/product"}],"replies":[{"embeddable":true,"href":"https:\/\/venfilter.es\/fr\/wp-json\/wp\/v2\/comments?post=31455"}],"wp:featuredmedia":[{"embeddable":true,"href":"https:\/\/venfilter.es\/fr\/wp-json\/wp\/v2\/media\/10565"}],"wp:attachment":[{"href":"https:\/\/venfilter.es\/fr\/wp-json\/wp\/v2\/media?parent=31455"}],"wp:term":[{"taxonomy":"product_brand","embeddable":true,"href":"https:\/\/venfilter.es\/fr\/wp-json\/wp\/v2\/product_brand?post=31455"},{"taxonomy":"product_cat","embeddable":true,"href":"https:\/\/venfilter.es\/fr\/wp-json\/wp\/v2\/product_cat?post=31455"},{"taxonomy":"product_tag","embeddable":true,"href":"https:\/\/venfilter.es\/fr\/wp-json\/wp\/v2\/product_tag?post=31455"},{"taxonomy":"certificado","embeddable":true,"href":"https:\/\/venfilter.es\/fr\/wp-json\/wp\/v2\/certificado?post=31455"}],"curies":[{"name":"wp","href":"https:\/\/api.w.org\/{rel}","templated":true}]}}