{"id":31457,"date":"2022-04-04T15:06:16","date_gmt":"2022-04-05T07:33:12","guid":{"rendered":"https:\/\/venfilter.es.mialias.net\/product\/varipleat-plastique\/"},"modified":"2024-07-26T12:04:30","modified_gmt":"2024-07-26T11:04:30","slug":"varipleat-plastique","status":"publish","type":"product","link":"https:\/\/venfilter.es\/fr\/produits\/varipleat-plastique\/","title":{"rendered":"Varipleat Plastique"},"content":{"rendered":"<p>Unit\u00e9s de Traitement d&rsquo;Air (Climatiseurs individuels, Unit\u00e9s de Climatisastion et Ventilation), Processus Industriels (Ind. Pharmaceutique, Micro\u00e9lectronique, Optique, Alimentarie, V\u00e9t\u00e9rinaire, Chimie, etc.)<\/p>\n","protected":false},"excerpt":{"rendered":"<p>Unit\u00e9s de Traitement d&rsquo;Air (Climatiseurs individuels, Unit\u00e9s de Climatisastion et Ventilation), Processus Industriels (Ind. Pharmaceutique, Micro\u00e9lectronique, Optique, Alimentarie, V\u00e9t\u00e9rinaire, Chimie, etc.)<\/p>\n","protected":false},"featured_media":47988,"comment_status":"closed","ping_status":"closed","template":"","meta":{"_acf_changed":false},"product_brand":[],"product_cat":[4201],"product_tag":[],"certificado":[4249,4275,4277],"class_list":{"0":"post-31457","1":"product","2":"type-product","3":"status-publish","4":"has-post-thumbnail","6":"product_cat-panneaux","7":"certificado-venfilter_sello_food","8":"certificado-iso16890","9":"certificado-verde","11":"first","12":"instock","13":"product-type-variable"},"acf":[],"yoast_head":"<!-- This site is optimized with the Yoast SEO plugin v27.4 - https:\/\/yoast.com\/product\/yoast-seo-wordpress\/ -->\n<title>Varipleat Plastique - Venfilter<\/title>\n<meta name=\"description\" content=\"Unit\u00e9s de Traitement d&#039;Air (Climatiseurs individuels, Unit\u00e9s de Climatisastion et Ventilation), Processus Industriels (Ind. Pharmaceutique,\" \/>\n<meta name=\"robots\" content=\"index, follow, max-snippet:-1, max-image-preview:large, max-video-preview:-1\" \/>\n<link rel=\"canonical\" href=\"https:\/\/venfilter.es\/fr\/produits\/varipleat-plastique\/\" \/>\n<meta property=\"og:locale\" content=\"fr_FR\" \/>\n<meta property=\"og:type\" content=\"article\" \/>\n<meta property=\"og:title\" content=\"Varipleat Plastique - Venfilter\" \/>\n<meta property=\"og:description\" content=\"Unit\u00e9s de Traitement d&#039;Air (Climatiseurs individuels, Unit\u00e9s de Climatisastion et Ventilation), Processus Industriels (Ind. Pharmaceutique,\" \/>\n<meta property=\"og:url\" content=\"https:\/\/venfilter.es\/fr\/produits\/varipleat-plastique\/\" \/>\n<meta property=\"og:site_name\" content=\"Venfilter\" \/>\n<meta property=\"article:modified_time\" content=\"2024-07-26T11:04:30+00:00\" \/>\n<meta property=\"og:image\" content=\"https:\/\/venfilter.es\/wp-content\/uploads\/VARIPLEAT-PLASTICO-1024x1024.png\" \/>\n\t<meta property=\"og:image:width\" content=\"1024\" \/>\n\t<meta property=\"og:image:height\" content=\"1024\" \/>\n\t<meta property=\"og:image:type\" content=\"image\/png\" \/>\n<meta name=\"twitter:card\" content=\"summary_large_image\" \/>\n<meta name=\"twitter:label1\" content=\"Dur\u00e9e de lecture estim\u00e9e\" \/>\n\t<meta name=\"twitter:data1\" content=\"1 minute\" \/>\n<script type=\"application\/ld+json\" class=\"yoast-schema-graph\">{\"@context\":\"https:\\\/\\\/schema.org\",\"@graph\":[{\"@type\":\"WebPage\",\"@id\":\"https:\\\/\\\/venfilter.es\\\/fr\\\/produits\\\/varipleat-plastique\\\/\",\"url\":\"https:\\\/\\\/venfilter.es\\\/fr\\\/produits\\\/varipleat-plastique\\\/\",\"name\":\"Varipleat Plastique - Venfilter\",\"isPartOf\":{\"@id\":\"https:\\\/\\\/venfilter.es\\\/fr\\\/#website\"},\"primaryImageOfPage\":{\"@id\":\"https:\\\/\\\/venfilter.es\\\/fr\\\/produits\\\/varipleat-plastique\\\/#primaryimage\"},\"image\":{\"@id\":\"https:\\\/\\\/venfilter.es\\\/fr\\\/produits\\\/varipleat-plastique\\\/#primaryimage\"},\"thumbnailUrl\":\"https:\\\/\\\/venfilter.es\\\/wp-content\\\/uploads\\\/VARIPLEAT-PLASTICO.png\",\"datePublished\":\"2022-04-05T07:33:12+00:00\",\"dateModified\":\"2024-07-26T11:04:30+00:00\",\"description\":\"Unit\u00e9s de Traitement d'Air (Climatiseurs individuels, Unit\u00e9s de Climatisastion et Ventilation), Processus Industriels (Ind. Pharmaceutique,\",\"breadcrumb\":{\"@id\":\"https:\\\/\\\/venfilter.es\\\/fr\\\/produits\\\/varipleat-plastique\\\/#breadcrumb\"},\"inLanguage\":\"fr-FR\",\"potentialAction\":[{\"@type\":\"ReadAction\",\"target\":[\"https:\\\/\\\/venfilter.es\\\/fr\\\/produits\\\/varipleat-plastique\\\/\"]}]},{\"@type\":\"ImageObject\",\"inLanguage\":\"fr-FR\",\"@id\":\"https:\\\/\\\/venfilter.es\\\/fr\\\/produits\\\/varipleat-plastique\\\/#primaryimage\",\"url\":\"https:\\\/\\\/venfilter.es\\\/wp-content\\\/uploads\\\/VARIPLEAT-PLASTICO.png\",\"contentUrl\":\"https:\\\/\\\/venfilter.es\\\/wp-content\\\/uploads\\\/VARIPLEAT-PLASTICO.png\",\"width\":4961,\"height\":4961},{\"@type\":\"BreadcrumbList\",\"@id\":\"https:\\\/\\\/venfilter.es\\\/fr\\\/produits\\\/varipleat-plastique\\\/#breadcrumb\",\"itemListElement\":[{\"@type\":\"ListItem\",\"position\":1,\"name\":\"Portada\",\"item\":\"https:\\\/\\\/venfilter.es\\\/fr\\\/\"},{\"@type\":\"ListItem\",\"position\":2,\"name\":\"Tienda\",\"item\":\"https:\\\/\\\/venfilter.es\\\/fr\\\/boutique\\\/\"},{\"@type\":\"ListItem\",\"position\":3,\"name\":\"Varipleat Plastique\"}]},{\"@type\":\"WebSite\",\"@id\":\"https:\\\/\\\/venfilter.es\\\/fr\\\/#website\",\"url\":\"https:\\\/\\\/venfilter.es\\\/fr\\\/\",\"name\":\"Venfilter\",\"description\":\"Filtros de aire y ventilaci\u00f3n industrial\",\"potentialAction\":[{\"@type\":\"SearchAction\",\"target\":{\"@type\":\"EntryPoint\",\"urlTemplate\":\"https:\\\/\\\/venfilter.es\\\/fr\\\/?s={search_term_string}\"},\"query-input\":{\"@type\":\"PropertyValueSpecification\",\"valueRequired\":true,\"valueName\":\"search_term_string\"}}],\"inLanguage\":\"fr-FR\"}]}<\/script>\n<!-- \/ Yoast SEO plugin. -->","yoast_head_json":{"title":"Varipleat Plastique - Venfilter","description":"Unit\u00e9s de Traitement d'Air (Climatiseurs individuels, Unit\u00e9s de Climatisastion et Ventilation), Processus Industriels (Ind. Pharmaceutique,","robots":{"index":"index","follow":"follow","max-snippet":"max-snippet:-1","max-image-preview":"max-image-preview:large","max-video-preview":"max-video-preview:-1"},"canonical":"https:\/\/venfilter.es\/fr\/produits\/varipleat-plastique\/","og_locale":"fr_FR","og_type":"article","og_title":"Varipleat Plastique - Venfilter","og_description":"Unit\u00e9s de Traitement d'Air (Climatiseurs individuels, Unit\u00e9s de Climatisastion et Ventilation), Processus Industriels (Ind. Pharmaceutique,","og_url":"https:\/\/venfilter.es\/fr\/produits\/varipleat-plastique\/","og_site_name":"Venfilter","article_modified_time":"2024-07-26T11:04:30+00:00","og_image":[{"width":1024,"height":1024,"url":"https:\/\/venfilter.es\/wp-content\/uploads\/VARIPLEAT-PLASTICO-1024x1024.png","type":"image\/png"}],"twitter_card":"summary_large_image","twitter_misc":{"Dur\u00e9e de lecture estim\u00e9e":"1 minute"},"schema":{"@context":"https:\/\/schema.org","@graph":[{"@type":"WebPage","@id":"https:\/\/venfilter.es\/fr\/produits\/varipleat-plastique\/","url":"https:\/\/venfilter.es\/fr\/produits\/varipleat-plastique\/","name":"Varipleat Plastique - Venfilter","isPartOf":{"@id":"https:\/\/venfilter.es\/fr\/#website"},"primaryImageOfPage":{"@id":"https:\/\/venfilter.es\/fr\/produits\/varipleat-plastique\/#primaryimage"},"image":{"@id":"https:\/\/venfilter.es\/fr\/produits\/varipleat-plastique\/#primaryimage"},"thumbnailUrl":"https:\/\/venfilter.es\/wp-content\/uploads\/VARIPLEAT-PLASTICO.png","datePublished":"2022-04-05T07:33:12+00:00","dateModified":"2024-07-26T11:04:30+00:00","description":"Unit\u00e9s de Traitement d'Air (Climatiseurs individuels, Unit\u00e9s de Climatisastion et Ventilation), Processus Industriels (Ind. Pharmaceutique,","breadcrumb":{"@id":"https:\/\/venfilter.es\/fr\/produits\/varipleat-plastique\/#breadcrumb"},"inLanguage":"fr-FR","potentialAction":[{"@type":"ReadAction","target":["https:\/\/venfilter.es\/fr\/produits\/varipleat-plastique\/"]}]},{"@type":"ImageObject","inLanguage":"fr-FR","@id":"https:\/\/venfilter.es\/fr\/produits\/varipleat-plastique\/#primaryimage","url":"https:\/\/venfilter.es\/wp-content\/uploads\/VARIPLEAT-PLASTICO.png","contentUrl":"https:\/\/venfilter.es\/wp-content\/uploads\/VARIPLEAT-PLASTICO.png","width":4961,"height":4961},{"@type":"BreadcrumbList","@id":"https:\/\/venfilter.es\/fr\/produits\/varipleat-plastique\/#breadcrumb","itemListElement":[{"@type":"ListItem","position":1,"name":"Portada","item":"https:\/\/venfilter.es\/fr\/"},{"@type":"ListItem","position":2,"name":"Tienda","item":"https:\/\/venfilter.es\/fr\/boutique\/"},{"@type":"ListItem","position":3,"name":"Varipleat Plastique"}]},{"@type":"WebSite","@id":"https:\/\/venfilter.es\/fr\/#website","url":"https:\/\/venfilter.es\/fr\/","name":"Venfilter","description":"Filtros de aire y ventilaci\u00f3n industrial","potentialAction":[{"@type":"SearchAction","target":{"@type":"EntryPoint","urlTemplate":"https:\/\/venfilter.es\/fr\/?s={search_term_string}"},"query-input":{"@type":"PropertyValueSpecification","valueRequired":true,"valueName":"search_term_string"}}],"inLanguage":"fr-FR"}]}},"_links":{"self":[{"href":"https:\/\/venfilter.es\/fr\/wp-json\/wp\/v2\/product\/31457","targetHints":{"allow":["GET"]}}],"collection":[{"href":"https:\/\/venfilter.es\/fr\/wp-json\/wp\/v2\/product"}],"about":[{"href":"https:\/\/venfilter.es\/fr\/wp-json\/wp\/v2\/types\/product"}],"replies":[{"embeddable":true,"href":"https:\/\/venfilter.es\/fr\/wp-json\/wp\/v2\/comments?post=31457"}],"wp:featuredmedia":[{"embeddable":true,"href":"https:\/\/venfilter.es\/fr\/wp-json\/wp\/v2\/media\/47988"}],"wp:attachment":[{"href":"https:\/\/venfilter.es\/fr\/wp-json\/wp\/v2\/media?parent=31457"}],"wp:term":[{"taxonomy":"product_brand","embeddable":true,"href":"https:\/\/venfilter.es\/fr\/wp-json\/wp\/v2\/product_brand?post=31457"},{"taxonomy":"product_cat","embeddable":true,"href":"https:\/\/venfilter.es\/fr\/wp-json\/wp\/v2\/product_cat?post=31457"},{"taxonomy":"product_tag","embeddable":true,"href":"https:\/\/venfilter.es\/fr\/wp-json\/wp\/v2\/product_tag?post=31457"},{"taxonomy":"certificado","embeddable":true,"href":"https:\/\/venfilter.es\/fr\/wp-json\/wp\/v2\/certificado?post=31457"}],"curies":[{"name":"wp","href":"https:\/\/api.w.org\/{rel}","templated":true}]}}