{"id":31459,"date":"2022-04-04T15:06:29","date_gmt":"2022-04-05T07:33:24","guid":{"rendered":"https:\/\/venfilter.es.mialias.net\/product\/poliven\/"},"modified":"2024-07-29T12:57:56","modified_gmt":"2024-07-29T11:57:56","slug":"poliven","status":"publish","type":"product","link":"https:\/\/venfilter.es\/fr\/produits\/poliven\/","title":{"rendered":"Poliven"},"content":{"rendered":"<p>Filtres \u00e0 panneau pour unit\u00e9s de Traitement d&rsquo;Air (Climatiseurs individuels, Unit\u00e9s de Climatisation et Ventilation), Processus Industriels (Ind. Pharmaceutique, Micro\u00e9lectronique, Optique, Alimentaire, V\u00e9t\u00e9rinaire, Chimie Fine, etc.).<\/p>\n","protected":false},"excerpt":{"rendered":"<p>Filtres \u00e0 panneau pour unit\u00e9s de Traitement d&rsquo;Air (Climatiseurs individuels, Unit\u00e9s de Climatisation et Ventilation), Processus Industriels (Ind. Pharmaceutique, Micro\u00e9lectronique, Optique, Alimentaire, V\u00e9t\u00e9rinaire, Chimie Fine, etc.).<\/p>\n","protected":false},"featured_media":10589,"comment_status":"closed","ping_status":"closed","template":"","meta":{"_acf_changed":false},"product_brand":[],"product_cat":[4202],"product_tag":[],"certificado":[4373],"class_list":{"0":"post-31459","1":"product","2":"type-product","3":"status-publish","4":"has-post-thumbnail","6":"product_cat-compacts-4","7":"certificado-atex","9":"first","10":"instock","11":"product-type-variable"},"acf":[],"yoast_head":"<!-- This site is optimized with the Yoast SEO plugin v26.6 - https:\/\/yoast.com\/wordpress\/plugins\/seo\/ -->\n<title>Poliven - Venfilter<\/title>\n<meta name=\"description\" content=\"Filtres \u00e0 panneau pour unit\u00e9s de Traitement d&#039;Air (Climatiseurs individuels, Unit\u00e9s de Climatisation et Ventilation), Processus Industriels (Ind.\" \/>\n<meta name=\"robots\" content=\"index, follow, max-snippet:-1, max-image-preview:large, max-video-preview:-1\" \/>\n<link rel=\"canonical\" href=\"https:\/\/venfilter.es\/fr\/produits\/poliven\/\" \/>\n<meta property=\"og:locale\" content=\"fr_FR\" \/>\n<meta property=\"og:type\" content=\"article\" \/>\n<meta property=\"og:title\" content=\"Poliven - Venfilter\" \/>\n<meta property=\"og:description\" content=\"Filtres \u00e0 panneau pour unit\u00e9s de Traitement d&#039;Air (Climatiseurs individuels, Unit\u00e9s de Climatisation et Ventilation), Processus Industriels (Ind.\" \/>\n<meta property=\"og:url\" content=\"https:\/\/venfilter.es\/fr\/produits\/poliven\/\" \/>\n<meta property=\"og:site_name\" content=\"Venfilter\" \/>\n<meta property=\"article:modified_time\" content=\"2024-07-29T11:57:56+00:00\" \/>\n<meta property=\"og:image\" content=\"https:\/\/venfilter.es\/wp-content\/uploads\/poliven.jpg\" \/>\n\t<meta property=\"og:image:width\" content=\"800\" \/>\n\t<meta property=\"og:image:height\" content=\"800\" \/>\n\t<meta property=\"og:image:type\" content=\"image\/jpeg\" \/>\n<meta name=\"twitter:card\" content=\"summary_large_image\" \/>\n<meta name=\"twitter:label1\" content=\"Dur\u00e9e de lecture estim\u00e9e\" \/>\n\t<meta name=\"twitter:data1\" content=\"1 minute\" \/>\n<script type=\"application\/ld+json\" class=\"yoast-schema-graph\">{\"@context\":\"https:\/\/schema.org\",\"@graph\":[{\"@type\":\"WebPage\",\"@id\":\"https:\/\/venfilter.es\/fr\/produits\/poliven\/\",\"url\":\"https:\/\/venfilter.es\/fr\/produits\/poliven\/\",\"name\":\"Poliven - Venfilter\",\"isPartOf\":{\"@id\":\"https:\/\/venfilter.es\/fr\/#website\"},\"primaryImageOfPage\":{\"@id\":\"https:\/\/venfilter.es\/fr\/produits\/poliven\/#primaryimage\"},\"image\":{\"@id\":\"https:\/\/venfilter.es\/fr\/produits\/poliven\/#primaryimage\"},\"thumbnailUrl\":\"https:\/\/venfilter.es\/wp-content\/uploads\/poliven.jpg\",\"datePublished\":\"2022-04-05T07:33:24+00:00\",\"dateModified\":\"2024-07-29T11:57:56+00:00\",\"description\":\"Filtres \u00e0 panneau pour unit\u00e9s de Traitement d'Air (Climatiseurs individuels, Unit\u00e9s de Climatisation et Ventilation), Processus Industriels (Ind.\",\"breadcrumb\":{\"@id\":\"https:\/\/venfilter.es\/fr\/produits\/poliven\/#breadcrumb\"},\"inLanguage\":\"fr-FR\",\"potentialAction\":[{\"@type\":\"ReadAction\",\"target\":[\"https:\/\/venfilter.es\/fr\/produits\/poliven\/\"]}]},{\"@type\":\"ImageObject\",\"inLanguage\":\"fr-FR\",\"@id\":\"https:\/\/venfilter.es\/fr\/produits\/poliven\/#primaryimage\",\"url\":\"https:\/\/venfilter.es\/wp-content\/uploads\/poliven.jpg\",\"contentUrl\":\"https:\/\/venfilter.es\/wp-content\/uploads\/poliven.jpg\",\"width\":800,\"height\":800},{\"@type\":\"BreadcrumbList\",\"@id\":\"https:\/\/venfilter.es\/fr\/produits\/poliven\/#breadcrumb\",\"itemListElement\":[{\"@type\":\"ListItem\",\"position\":1,\"name\":\"Portada\",\"item\":\"https:\/\/venfilter.es\/fr\/\"},{\"@type\":\"ListItem\",\"position\":2,\"name\":\"Tienda\",\"item\":\"https:\/\/venfilter.es\/fr\/boutique\/\"},{\"@type\":\"ListItem\",\"position\":3,\"name\":\"Poliven\"}]},{\"@type\":\"WebSite\",\"@id\":\"https:\/\/venfilter.es\/fr\/#website\",\"url\":\"https:\/\/venfilter.es\/fr\/\",\"name\":\"Venfilter\",\"description\":\"Filtros de aire y ventilaci\u00f3n industrial\",\"potentialAction\":[{\"@type\":\"SearchAction\",\"target\":{\"@type\":\"EntryPoint\",\"urlTemplate\":\"https:\/\/venfilter.es\/fr\/?s={search_term_string}\"},\"query-input\":{\"@type\":\"PropertyValueSpecification\",\"valueRequired\":true,\"valueName\":\"search_term_string\"}}],\"inLanguage\":\"fr-FR\"}]}<\/script>\n<!-- \/ Yoast SEO plugin. -->","yoast_head_json":{"title":"Poliven - Venfilter","description":"Filtres \u00e0 panneau pour unit\u00e9s de Traitement d'Air (Climatiseurs individuels, Unit\u00e9s de Climatisation et Ventilation), Processus Industriels (Ind.","robots":{"index":"index","follow":"follow","max-snippet":"max-snippet:-1","max-image-preview":"max-image-preview:large","max-video-preview":"max-video-preview:-1"},"canonical":"https:\/\/venfilter.es\/fr\/produits\/poliven\/","og_locale":"fr_FR","og_type":"article","og_title":"Poliven - Venfilter","og_description":"Filtres \u00e0 panneau pour unit\u00e9s de Traitement d'Air (Climatiseurs individuels, Unit\u00e9s de Climatisation et Ventilation), Processus Industriels (Ind.","og_url":"https:\/\/venfilter.es\/fr\/produits\/poliven\/","og_site_name":"Venfilter","article_modified_time":"2024-07-29T11:57:56+00:00","og_image":[{"width":800,"height":800,"url":"https:\/\/venfilter.es\/wp-content\/uploads\/poliven.jpg","type":"image\/jpeg"}],"twitter_card":"summary_large_image","twitter_misc":{"Dur\u00e9e de lecture estim\u00e9e":"1 minute"},"schema":{"@context":"https:\/\/schema.org","@graph":[{"@type":"WebPage","@id":"https:\/\/venfilter.es\/fr\/produits\/poliven\/","url":"https:\/\/venfilter.es\/fr\/produits\/poliven\/","name":"Poliven - Venfilter","isPartOf":{"@id":"https:\/\/venfilter.es\/fr\/#website"},"primaryImageOfPage":{"@id":"https:\/\/venfilter.es\/fr\/produits\/poliven\/#primaryimage"},"image":{"@id":"https:\/\/venfilter.es\/fr\/produits\/poliven\/#primaryimage"},"thumbnailUrl":"https:\/\/venfilter.es\/wp-content\/uploads\/poliven.jpg","datePublished":"2022-04-05T07:33:24+00:00","dateModified":"2024-07-29T11:57:56+00:00","description":"Filtres \u00e0 panneau pour unit\u00e9s de Traitement d'Air (Climatiseurs individuels, Unit\u00e9s de Climatisation et Ventilation), Processus Industriels (Ind.","breadcrumb":{"@id":"https:\/\/venfilter.es\/fr\/produits\/poliven\/#breadcrumb"},"inLanguage":"fr-FR","potentialAction":[{"@type":"ReadAction","target":["https:\/\/venfilter.es\/fr\/produits\/poliven\/"]}]},{"@type":"ImageObject","inLanguage":"fr-FR","@id":"https:\/\/venfilter.es\/fr\/produits\/poliven\/#primaryimage","url":"https:\/\/venfilter.es\/wp-content\/uploads\/poliven.jpg","contentUrl":"https:\/\/venfilter.es\/wp-content\/uploads\/poliven.jpg","width":800,"height":800},{"@type":"BreadcrumbList","@id":"https:\/\/venfilter.es\/fr\/produits\/poliven\/#breadcrumb","itemListElement":[{"@type":"ListItem","position":1,"name":"Portada","item":"https:\/\/venfilter.es\/fr\/"},{"@type":"ListItem","position":2,"name":"Tienda","item":"https:\/\/venfilter.es\/fr\/boutique\/"},{"@type":"ListItem","position":3,"name":"Poliven"}]},{"@type":"WebSite","@id":"https:\/\/venfilter.es\/fr\/#website","url":"https:\/\/venfilter.es\/fr\/","name":"Venfilter","description":"Filtros de aire y ventilaci\u00f3n industrial","potentialAction":[{"@type":"SearchAction","target":{"@type":"EntryPoint","urlTemplate":"https:\/\/venfilter.es\/fr\/?s={search_term_string}"},"query-input":{"@type":"PropertyValueSpecification","valueRequired":true,"valueName":"search_term_string"}}],"inLanguage":"fr-FR"}]}},"_links":{"self":[{"href":"https:\/\/venfilter.es\/fr\/wp-json\/wp\/v2\/product\/31459","targetHints":{"allow":["GET"]}}],"collection":[{"href":"https:\/\/venfilter.es\/fr\/wp-json\/wp\/v2\/product"}],"about":[{"href":"https:\/\/venfilter.es\/fr\/wp-json\/wp\/v2\/types\/product"}],"replies":[{"embeddable":true,"href":"https:\/\/venfilter.es\/fr\/wp-json\/wp\/v2\/comments?post=31459"}],"wp:featuredmedia":[{"embeddable":true,"href":"https:\/\/venfilter.es\/fr\/wp-json\/wp\/v2\/media\/10589"}],"wp:attachment":[{"href":"https:\/\/venfilter.es\/fr\/wp-json\/wp\/v2\/media?parent=31459"}],"wp:term":[{"taxonomy":"product_brand","embeddable":true,"href":"https:\/\/venfilter.es\/fr\/wp-json\/wp\/v2\/product_brand?post=31459"},{"taxonomy":"product_cat","embeddable":true,"href":"https:\/\/venfilter.es\/fr\/wp-json\/wp\/v2\/product_cat?post=31459"},{"taxonomy":"product_tag","embeddable":true,"href":"https:\/\/venfilter.es\/fr\/wp-json\/wp\/v2\/product_tag?post=31459"},{"taxonomy":"certificado","embeddable":true,"href":"https:\/\/venfilter.es\/fr\/wp-json\/wp\/v2\/certificado?post=31459"}],"curies":[{"name":"wp","href":"https:\/\/api.w.org\/{rel}","templated":true}]}}