{"id":31462,"date":"2022-04-04T15:06:29","date_gmt":"2022-04-04T14:06:29","guid":{"rendered":"https:\/\/venfilter.es.mialias.net\/product\/astroven-mdf-atex\/"},"modified":"2024-06-10T11:09:21","modified_gmt":"2024-06-10T10:09:21","slug":"astroven-mdf-atex","status":"publish","type":"product","link":"https:\/\/venfilter.es\/fr\/produits\/astroven-mdf-atex\/","title":{"rendered":"Astroven (MDF) ATEX"},"content":{"rendered":"<p>L\u2019Astroven ATEX est un filtre Hepa appropri\u00e9 pour la filtration de particules telles que les virus, les germes, les poussi\u00e8res toxiques ou les a\u00e9rosols. Pour application dans des syst\u00e8mes sp\u00e9ciaux de climatisation et de ventilation daus les industries alimentaires, chimiques, pharmaceutiques, etc. Ils doivent r\u00e9pondre aux exigeantes conditions des atmosph\u00e8res explosives.<br \/>\nDans les zones \u00e0 atmosph\u00e8res potentiellement explosives (celles qui, dans les conditions atmosph\u00e9riques, sont un m\u00e9lange d\u2019air et de substances dangereuses sous forme de gaz, vapeurs, brouillards ou poussi\u00e8res et dans lesquelles, apr\u00e8s l\u2019inflammation, la combustion se propage \u00e0 tous du m\u00e9lange non br\u00fbl\u00e9) les filtres sont des conducteurs \u00e9lectriques, pr\u00e9par\u00e9s au moyen d\u2019un c\u00e2ble de raccordement pour d\u00e9charge \u00e9lectrostatique, conformes \u00e0 la directive europ\u00e9enne ATEX pour les produits utilis\u00e9s en atmosph\u00e8res explosives.<\/p>\n","protected":false},"excerpt":{"rendered":"<p>L\u2019Astroven ATEX est un filtre Hepa appropri\u00e9 pour la filtration de particules telles que les virus, les germes, les poussi\u00e8res toxiques ou les a\u00e9rosols. Pour application dans des syst\u00e8mes sp\u00e9ciaux de climatisation et de ventilation daus les industries alimentaires, chimiques, pharmaceutiques, etc. Ils doivent r\u00e9pondre aux exigeantes conditions des atmosph\u00e8res explosives. Dans les zones \u00e0 [&hellip;]<\/p>\n","protected":false},"featured_media":10607,"comment_status":"closed","ping_status":"closed","template":"","meta":{"_acf_changed":false},"product_brand":[],"product_cat":[4756],"product_tag":[],"certificado":[4305,4373],"class_list":{"0":"post-31462","1":"product","2":"type-product","3":"status-publish","4":"has-post-thumbnail","6":"product_cat-absolus-atex","7":"certificado-certified_en1822","8":"certificado-atex","10":"first","11":"instock","12":"product-type-variable"},"acf":[],"yoast_head":"<!-- This site is optimized with the Yoast SEO plugin v26.6 - https:\/\/yoast.com\/wordpress\/plugins\/seo\/ -->\n<title>Astroven (MDF) ATEX - Venfilter<\/title>\n<meta name=\"description\" content=\"L\u2019Astroven ATEX est un filtre Hepa appropri\u00e9 pour la filtration de particules telles que les virus, les germes, les poussi\u00e8res toxiques ou les a\u00e9rosols.\" \/>\n<meta name=\"robots\" content=\"index, follow, max-snippet:-1, max-image-preview:large, max-video-preview:-1\" \/>\n<link rel=\"canonical\" href=\"https:\/\/venfilter.es\/fr\/produits\/astroven-mdf-atex\/\" \/>\n<meta property=\"og:locale\" content=\"fr_FR\" \/>\n<meta property=\"og:type\" content=\"article\" \/>\n<meta property=\"og:title\" content=\"Astroven (MDF) ATEX - Venfilter\" \/>\n<meta property=\"og:description\" content=\"L\u2019Astroven ATEX est un filtre Hepa appropri\u00e9 pour la filtration de particules telles que les virus, les germes, les poussi\u00e8res toxiques ou les a\u00e9rosols.\" \/>\n<meta property=\"og:url\" content=\"https:\/\/venfilter.es\/fr\/produits\/astroven-mdf-atex\/\" \/>\n<meta property=\"og:site_name\" content=\"Venfilter\" \/>\n<meta property=\"article:modified_time\" content=\"2024-06-10T10:09:21+00:00\" \/>\n<meta property=\"og:image\" content=\"https:\/\/venfilter.es\/wp-content\/uploads\/img_7372-rotated.jpg\" \/>\n\t<meta property=\"og:image:width\" content=\"800\" \/>\n\t<meta property=\"og:image:height\" content=\"800\" \/>\n\t<meta property=\"og:image:type\" content=\"image\/jpeg\" \/>\n<meta name=\"twitter:card\" content=\"summary_large_image\" \/>\n<meta name=\"twitter:label1\" content=\"Dur\u00e9e de lecture estim\u00e9e\" \/>\n\t<meta name=\"twitter:data1\" content=\"1 minute\" \/>\n<script type=\"application\/ld+json\" class=\"yoast-schema-graph\">{\"@context\":\"https:\/\/schema.org\",\"@graph\":[{\"@type\":\"WebPage\",\"@id\":\"https:\/\/venfilter.es\/fr\/produits\/astroven-mdf-atex\/\",\"url\":\"https:\/\/venfilter.es\/fr\/produits\/astroven-mdf-atex\/\",\"name\":\"Astroven (MDF) ATEX - Venfilter\",\"isPartOf\":{\"@id\":\"https:\/\/venfilter.es\/fr\/#website\"},\"primaryImageOfPage\":{\"@id\":\"https:\/\/venfilter.es\/fr\/produits\/astroven-mdf-atex\/#primaryimage\"},\"image\":{\"@id\":\"https:\/\/venfilter.es\/fr\/produits\/astroven-mdf-atex\/#primaryimage\"},\"thumbnailUrl\":\"https:\/\/venfilter.es\/wp-content\/uploads\/img_7372-rotated.jpg\",\"datePublished\":\"2022-04-04T14:06:29+00:00\",\"dateModified\":\"2024-06-10T10:09:21+00:00\",\"description\":\"L\u2019Astroven ATEX est un filtre Hepa appropri\u00e9 pour la filtration de particules telles que les virus, les germes, les poussi\u00e8res toxiques ou les a\u00e9rosols.\",\"breadcrumb\":{\"@id\":\"https:\/\/venfilter.es\/fr\/produits\/astroven-mdf-atex\/#breadcrumb\"},\"inLanguage\":\"fr-FR\",\"potentialAction\":[{\"@type\":\"ReadAction\",\"target\":[\"https:\/\/venfilter.es\/fr\/produits\/astroven-mdf-atex\/\"]}]},{\"@type\":\"ImageObject\",\"inLanguage\":\"fr-FR\",\"@id\":\"https:\/\/venfilter.es\/fr\/produits\/astroven-mdf-atex\/#primaryimage\",\"url\":\"https:\/\/venfilter.es\/wp-content\/uploads\/img_7372-rotated.jpg\",\"contentUrl\":\"https:\/\/venfilter.es\/wp-content\/uploads\/img_7372-rotated.jpg\",\"width\":800,\"height\":800,\"caption\":\"ASTROVEN MDF ATEX\"},{\"@type\":\"BreadcrumbList\",\"@id\":\"https:\/\/venfilter.es\/fr\/produits\/astroven-mdf-atex\/#breadcrumb\",\"itemListElement\":[{\"@type\":\"ListItem\",\"position\":1,\"name\":\"Portada\",\"item\":\"https:\/\/venfilter.es\/fr\/\"},{\"@type\":\"ListItem\",\"position\":2,\"name\":\"Tienda\",\"item\":\"https:\/\/venfilter.es\/fr\/boutique\/\"},{\"@type\":\"ListItem\",\"position\":3,\"name\":\"Astroven (MDF) ATEX\"}]},{\"@type\":\"WebSite\",\"@id\":\"https:\/\/venfilter.es\/fr\/#website\",\"url\":\"https:\/\/venfilter.es\/fr\/\",\"name\":\"Venfilter\",\"description\":\"Filtros de aire y ventilaci\u00f3n industrial\",\"potentialAction\":[{\"@type\":\"SearchAction\",\"target\":{\"@type\":\"EntryPoint\",\"urlTemplate\":\"https:\/\/venfilter.es\/fr\/?s={search_term_string}\"},\"query-input\":{\"@type\":\"PropertyValueSpecification\",\"valueRequired\":true,\"valueName\":\"search_term_string\"}}],\"inLanguage\":\"fr-FR\"}]}<\/script>\n<!-- \/ Yoast SEO plugin. -->","yoast_head_json":{"title":"Astroven (MDF) ATEX - Venfilter","description":"L\u2019Astroven ATEX est un filtre Hepa appropri\u00e9 pour la filtration de particules telles que les virus, les germes, les poussi\u00e8res toxiques ou les a\u00e9rosols.","robots":{"index":"index","follow":"follow","max-snippet":"max-snippet:-1","max-image-preview":"max-image-preview:large","max-video-preview":"max-video-preview:-1"},"canonical":"https:\/\/venfilter.es\/fr\/produits\/astroven-mdf-atex\/","og_locale":"fr_FR","og_type":"article","og_title":"Astroven (MDF) ATEX - Venfilter","og_description":"L\u2019Astroven ATEX est un filtre Hepa appropri\u00e9 pour la filtration de particules telles que les virus, les germes, les poussi\u00e8res toxiques ou les a\u00e9rosols.","og_url":"https:\/\/venfilter.es\/fr\/produits\/astroven-mdf-atex\/","og_site_name":"Venfilter","article_modified_time":"2024-06-10T10:09:21+00:00","og_image":[{"width":800,"height":800,"url":"https:\/\/venfilter.es\/wp-content\/uploads\/img_7372-rotated.jpg","type":"image\/jpeg"}],"twitter_card":"summary_large_image","twitter_misc":{"Dur\u00e9e de lecture estim\u00e9e":"1 minute"},"schema":{"@context":"https:\/\/schema.org","@graph":[{"@type":"WebPage","@id":"https:\/\/venfilter.es\/fr\/produits\/astroven-mdf-atex\/","url":"https:\/\/venfilter.es\/fr\/produits\/astroven-mdf-atex\/","name":"Astroven (MDF) ATEX - Venfilter","isPartOf":{"@id":"https:\/\/venfilter.es\/fr\/#website"},"primaryImageOfPage":{"@id":"https:\/\/venfilter.es\/fr\/produits\/astroven-mdf-atex\/#primaryimage"},"image":{"@id":"https:\/\/venfilter.es\/fr\/produits\/astroven-mdf-atex\/#primaryimage"},"thumbnailUrl":"https:\/\/venfilter.es\/wp-content\/uploads\/img_7372-rotated.jpg","datePublished":"2022-04-04T14:06:29+00:00","dateModified":"2024-06-10T10:09:21+00:00","description":"L\u2019Astroven ATEX est un filtre Hepa appropri\u00e9 pour la filtration de particules telles que les virus, les germes, les poussi\u00e8res toxiques ou les a\u00e9rosols.","breadcrumb":{"@id":"https:\/\/venfilter.es\/fr\/produits\/astroven-mdf-atex\/#breadcrumb"},"inLanguage":"fr-FR","potentialAction":[{"@type":"ReadAction","target":["https:\/\/venfilter.es\/fr\/produits\/astroven-mdf-atex\/"]}]},{"@type":"ImageObject","inLanguage":"fr-FR","@id":"https:\/\/venfilter.es\/fr\/produits\/astroven-mdf-atex\/#primaryimage","url":"https:\/\/venfilter.es\/wp-content\/uploads\/img_7372-rotated.jpg","contentUrl":"https:\/\/venfilter.es\/wp-content\/uploads\/img_7372-rotated.jpg","width":800,"height":800,"caption":"ASTROVEN MDF ATEX"},{"@type":"BreadcrumbList","@id":"https:\/\/venfilter.es\/fr\/produits\/astroven-mdf-atex\/#breadcrumb","itemListElement":[{"@type":"ListItem","position":1,"name":"Portada","item":"https:\/\/venfilter.es\/fr\/"},{"@type":"ListItem","position":2,"name":"Tienda","item":"https:\/\/venfilter.es\/fr\/boutique\/"},{"@type":"ListItem","position":3,"name":"Astroven (MDF) ATEX"}]},{"@type":"WebSite","@id":"https:\/\/venfilter.es\/fr\/#website","url":"https:\/\/venfilter.es\/fr\/","name":"Venfilter","description":"Filtros de aire y ventilaci\u00f3n industrial","potentialAction":[{"@type":"SearchAction","target":{"@type":"EntryPoint","urlTemplate":"https:\/\/venfilter.es\/fr\/?s={search_term_string}"},"query-input":{"@type":"PropertyValueSpecification","valueRequired":true,"valueName":"search_term_string"}}],"inLanguage":"fr-FR"}]}},"_links":{"self":[{"href":"https:\/\/venfilter.es\/fr\/wp-json\/wp\/v2\/product\/31462","targetHints":{"allow":["GET"]}}],"collection":[{"href":"https:\/\/venfilter.es\/fr\/wp-json\/wp\/v2\/product"}],"about":[{"href":"https:\/\/venfilter.es\/fr\/wp-json\/wp\/v2\/types\/product"}],"replies":[{"embeddable":true,"href":"https:\/\/venfilter.es\/fr\/wp-json\/wp\/v2\/comments?post=31462"}],"wp:featuredmedia":[{"embeddable":true,"href":"https:\/\/venfilter.es\/fr\/wp-json\/wp\/v2\/media\/10607"}],"wp:attachment":[{"href":"https:\/\/venfilter.es\/fr\/wp-json\/wp\/v2\/media?parent=31462"}],"wp:term":[{"taxonomy":"product_brand","embeddable":true,"href":"https:\/\/venfilter.es\/fr\/wp-json\/wp\/v2\/product_brand?post=31462"},{"taxonomy":"product_cat","embeddable":true,"href":"https:\/\/venfilter.es\/fr\/wp-json\/wp\/v2\/product_cat?post=31462"},{"taxonomy":"product_tag","embeddable":true,"href":"https:\/\/venfilter.es\/fr\/wp-json\/wp\/v2\/product_tag?post=31462"},{"taxonomy":"certificado","embeddable":true,"href":"https:\/\/venfilter.es\/fr\/wp-json\/wp\/v2\/certificado?post=31462"}],"curies":[{"name":"wp","href":"https:\/\/api.w.org\/{rel}","templated":true}]}}