{"id":31466,"date":"2022-04-04T15:06:29","date_gmt":"2022-04-04T14:06:29","guid":{"rendered":"https:\/\/venfilter.es.mialias.net\/product\/microven-mdf\/"},"modified":"2024-06-07T10:20:47","modified_gmt":"2024-06-07T09:20:47","slug":"microven-mdf","status":"publish","type":"product","link":"https:\/\/venfilter.es\/fr\/produits\/microven-mdf\/","title":{"rendered":"Microven (MDF)"},"content":{"rendered":"<p>Filtres semi-absolus Epa avec cadre en bois qui sont utilis\u00e9s dans les syst\u00e8mes de ventilation comme : Unit\u00e9s de Traitement d&rsquo;Air n\u00e9cessitant une filtration terminale semi-absolue. Comme pr\u00e9filtre des filtres absolus dans les Salles Propres, Blocs Op\u00e9ratoires et Laboratoires. Processus Industriels (Industrie Micro\u00e9lectronique, Optique, Alimentaire, Chimie Fine, etc\u2026)<\/p>\n","protected":false},"excerpt":{"rendered":"<p>Filtres semi-absolus Epa avec cadre en bois qui sont utilis\u00e9s dans les syst\u00e8mes de ventilation comme : Unit\u00e9s de Traitement d&rsquo;Air n\u00e9cessitant une filtration terminale semi-absolue. Comme pr\u00e9filtre des filtres absolus dans les Salles Propres, Blocs Op\u00e9ratoires et Laboratoires. Processus Industriels (Industrie Micro\u00e9lectronique, Optique, Alimentaire, Chimie Fine, etc\u2026)<\/p>\n","protected":false},"featured_media":10631,"comment_status":"closed","ping_status":"closed","template":"","meta":{"_acf_changed":false},"product_brand":[],"product_cat":[4206],"product_tag":[],"certificado":[4305],"class_list":{"0":"post-31466","1":"product","2":"type-product","3":"status-publish","4":"has-post-thumbnail","6":"product_cat-absolus","7":"certificado-certified_en1822","9":"first","10":"instock","11":"product-type-variable"},"acf":[],"yoast_head":"<!-- This site is optimized with the Yoast SEO plugin v26.6 - https:\/\/yoast.com\/wordpress\/plugins\/seo\/ -->\n<title>Microven (MDF) - Venfilter<\/title>\n<meta name=\"description\" content=\"Filtres semi-absolus Epa avec cadre en bois qui sont utilis\u00e9s dans les syst\u00e8mes de ventilation comme : Unit\u00e9s de Traitement d&#039;Air n\u00e9cessitant une\" \/>\n<meta name=\"robots\" content=\"index, follow, max-snippet:-1, max-image-preview:large, max-video-preview:-1\" \/>\n<link rel=\"canonical\" href=\"https:\/\/venfilter.es\/fr\/produits\/microven-mdf\/\" \/>\n<meta property=\"og:locale\" content=\"fr_FR\" \/>\n<meta property=\"og:type\" content=\"article\" \/>\n<meta property=\"og:title\" content=\"Microven (MDF) - Venfilter\" \/>\n<meta property=\"og:description\" content=\"Filtres semi-absolus Epa avec cadre en bois qui sont utilis\u00e9s dans les syst\u00e8mes de ventilation comme : Unit\u00e9s de Traitement d&#039;Air n\u00e9cessitant une\" \/>\n<meta property=\"og:url\" content=\"https:\/\/venfilter.es\/fr\/produits\/microven-mdf\/\" \/>\n<meta property=\"og:site_name\" content=\"Venfilter\" \/>\n<meta property=\"article:modified_time\" content=\"2024-06-07T09:20:47+00:00\" \/>\n<meta property=\"og:image\" content=\"https:\/\/venfilter.es\/wp-content\/uploads\/microvenmdf_0.jpg\" \/>\n\t<meta property=\"og:image:width\" content=\"500\" \/>\n\t<meta property=\"og:image:height\" content=\"500\" \/>\n\t<meta property=\"og:image:type\" content=\"image\/jpeg\" \/>\n<meta name=\"twitter:card\" content=\"summary_large_image\" \/>\n<meta name=\"twitter:label1\" content=\"Dur\u00e9e de lecture estim\u00e9e\" \/>\n\t<meta name=\"twitter:data1\" content=\"1 minute\" \/>\n<script type=\"application\/ld+json\" class=\"yoast-schema-graph\">{\"@context\":\"https:\/\/schema.org\",\"@graph\":[{\"@type\":\"WebPage\",\"@id\":\"https:\/\/venfilter.es\/fr\/produits\/microven-mdf\/\",\"url\":\"https:\/\/venfilter.es\/fr\/produits\/microven-mdf\/\",\"name\":\"Microven (MDF) - Venfilter\",\"isPartOf\":{\"@id\":\"https:\/\/venfilter.es\/fr\/#website\"},\"primaryImageOfPage\":{\"@id\":\"https:\/\/venfilter.es\/fr\/produits\/microven-mdf\/#primaryimage\"},\"image\":{\"@id\":\"https:\/\/venfilter.es\/fr\/produits\/microven-mdf\/#primaryimage\"},\"thumbnailUrl\":\"https:\/\/venfilter.es\/wp-content\/uploads\/microvenmdf_0.jpg\",\"datePublished\":\"2022-04-04T14:06:29+00:00\",\"dateModified\":\"2024-06-07T09:20:47+00:00\",\"description\":\"Filtres semi-absolus Epa avec cadre en bois qui sont utilis\u00e9s dans les syst\u00e8mes de ventilation comme : Unit\u00e9s de Traitement d'Air n\u00e9cessitant une\",\"breadcrumb\":{\"@id\":\"https:\/\/venfilter.es\/fr\/produits\/microven-mdf\/#breadcrumb\"},\"inLanguage\":\"fr-FR\",\"potentialAction\":[{\"@type\":\"ReadAction\",\"target\":[\"https:\/\/venfilter.es\/fr\/produits\/microven-mdf\/\"]}]},{\"@type\":\"ImageObject\",\"inLanguage\":\"fr-FR\",\"@id\":\"https:\/\/venfilter.es\/fr\/produits\/microven-mdf\/#primaryimage\",\"url\":\"https:\/\/venfilter.es\/wp-content\/uploads\/microvenmdf_0.jpg\",\"contentUrl\":\"https:\/\/venfilter.es\/wp-content\/uploads\/microvenmdf_0.jpg\",\"width\":500,\"height\":500},{\"@type\":\"BreadcrumbList\",\"@id\":\"https:\/\/venfilter.es\/fr\/produits\/microven-mdf\/#breadcrumb\",\"itemListElement\":[{\"@type\":\"ListItem\",\"position\":1,\"name\":\"Portada\",\"item\":\"https:\/\/venfilter.es\/fr\/\"},{\"@type\":\"ListItem\",\"position\":2,\"name\":\"Tienda\",\"item\":\"https:\/\/venfilter.es\/fr\/boutique\/\"},{\"@type\":\"ListItem\",\"position\":3,\"name\":\"Microven (MDF)\"}]},{\"@type\":\"WebSite\",\"@id\":\"https:\/\/venfilter.es\/fr\/#website\",\"url\":\"https:\/\/venfilter.es\/fr\/\",\"name\":\"Venfilter\",\"description\":\"Filtros de aire y ventilaci\u00f3n industrial\",\"potentialAction\":[{\"@type\":\"SearchAction\",\"target\":{\"@type\":\"EntryPoint\",\"urlTemplate\":\"https:\/\/venfilter.es\/fr\/?s={search_term_string}\"},\"query-input\":{\"@type\":\"PropertyValueSpecification\",\"valueRequired\":true,\"valueName\":\"search_term_string\"}}],\"inLanguage\":\"fr-FR\"}]}<\/script>\n<!-- \/ Yoast SEO plugin. -->","yoast_head_json":{"title":"Microven (MDF) - Venfilter","description":"Filtres semi-absolus Epa avec cadre en bois qui sont utilis\u00e9s dans les syst\u00e8mes de ventilation comme : Unit\u00e9s de Traitement d'Air n\u00e9cessitant une","robots":{"index":"index","follow":"follow","max-snippet":"max-snippet:-1","max-image-preview":"max-image-preview:large","max-video-preview":"max-video-preview:-1"},"canonical":"https:\/\/venfilter.es\/fr\/produits\/microven-mdf\/","og_locale":"fr_FR","og_type":"article","og_title":"Microven (MDF) - Venfilter","og_description":"Filtres semi-absolus Epa avec cadre en bois qui sont utilis\u00e9s dans les syst\u00e8mes de ventilation comme : Unit\u00e9s de Traitement d'Air n\u00e9cessitant une","og_url":"https:\/\/venfilter.es\/fr\/produits\/microven-mdf\/","og_site_name":"Venfilter","article_modified_time":"2024-06-07T09:20:47+00:00","og_image":[{"width":500,"height":500,"url":"https:\/\/venfilter.es\/wp-content\/uploads\/microvenmdf_0.jpg","type":"image\/jpeg"}],"twitter_card":"summary_large_image","twitter_misc":{"Dur\u00e9e de lecture estim\u00e9e":"1 minute"},"schema":{"@context":"https:\/\/schema.org","@graph":[{"@type":"WebPage","@id":"https:\/\/venfilter.es\/fr\/produits\/microven-mdf\/","url":"https:\/\/venfilter.es\/fr\/produits\/microven-mdf\/","name":"Microven (MDF) - Venfilter","isPartOf":{"@id":"https:\/\/venfilter.es\/fr\/#website"},"primaryImageOfPage":{"@id":"https:\/\/venfilter.es\/fr\/produits\/microven-mdf\/#primaryimage"},"image":{"@id":"https:\/\/venfilter.es\/fr\/produits\/microven-mdf\/#primaryimage"},"thumbnailUrl":"https:\/\/venfilter.es\/wp-content\/uploads\/microvenmdf_0.jpg","datePublished":"2022-04-04T14:06:29+00:00","dateModified":"2024-06-07T09:20:47+00:00","description":"Filtres semi-absolus Epa avec cadre en bois qui sont utilis\u00e9s dans les syst\u00e8mes de ventilation comme : Unit\u00e9s de Traitement d'Air n\u00e9cessitant une","breadcrumb":{"@id":"https:\/\/venfilter.es\/fr\/produits\/microven-mdf\/#breadcrumb"},"inLanguage":"fr-FR","potentialAction":[{"@type":"ReadAction","target":["https:\/\/venfilter.es\/fr\/produits\/microven-mdf\/"]}]},{"@type":"ImageObject","inLanguage":"fr-FR","@id":"https:\/\/venfilter.es\/fr\/produits\/microven-mdf\/#primaryimage","url":"https:\/\/venfilter.es\/wp-content\/uploads\/microvenmdf_0.jpg","contentUrl":"https:\/\/venfilter.es\/wp-content\/uploads\/microvenmdf_0.jpg","width":500,"height":500},{"@type":"BreadcrumbList","@id":"https:\/\/venfilter.es\/fr\/produits\/microven-mdf\/#breadcrumb","itemListElement":[{"@type":"ListItem","position":1,"name":"Portada","item":"https:\/\/venfilter.es\/fr\/"},{"@type":"ListItem","position":2,"name":"Tienda","item":"https:\/\/venfilter.es\/fr\/boutique\/"},{"@type":"ListItem","position":3,"name":"Microven (MDF)"}]},{"@type":"WebSite","@id":"https:\/\/venfilter.es\/fr\/#website","url":"https:\/\/venfilter.es\/fr\/","name":"Venfilter","description":"Filtros de aire y ventilaci\u00f3n industrial","potentialAction":[{"@type":"SearchAction","target":{"@type":"EntryPoint","urlTemplate":"https:\/\/venfilter.es\/fr\/?s={search_term_string}"},"query-input":{"@type":"PropertyValueSpecification","valueRequired":true,"valueName":"search_term_string"}}],"inLanguage":"fr-FR"}]}},"_links":{"self":[{"href":"https:\/\/venfilter.es\/fr\/wp-json\/wp\/v2\/product\/31466","targetHints":{"allow":["GET"]}}],"collection":[{"href":"https:\/\/venfilter.es\/fr\/wp-json\/wp\/v2\/product"}],"about":[{"href":"https:\/\/venfilter.es\/fr\/wp-json\/wp\/v2\/types\/product"}],"replies":[{"embeddable":true,"href":"https:\/\/venfilter.es\/fr\/wp-json\/wp\/v2\/comments?post=31466"}],"wp:featuredmedia":[{"embeddable":true,"href":"https:\/\/venfilter.es\/fr\/wp-json\/wp\/v2\/media\/10631"}],"wp:attachment":[{"href":"https:\/\/venfilter.es\/fr\/wp-json\/wp\/v2\/media?parent=31466"}],"wp:term":[{"taxonomy":"product_brand","embeddable":true,"href":"https:\/\/venfilter.es\/fr\/wp-json\/wp\/v2\/product_brand?post=31466"},{"taxonomy":"product_cat","embeddable":true,"href":"https:\/\/venfilter.es\/fr\/wp-json\/wp\/v2\/product_cat?post=31466"},{"taxonomy":"product_tag","embeddable":true,"href":"https:\/\/venfilter.es\/fr\/wp-json\/wp\/v2\/product_tag?post=31466"},{"taxonomy":"certificado","embeddable":true,"href":"https:\/\/venfilter.es\/fr\/wp-json\/wp\/v2\/certificado?post=31466"}],"curies":[{"name":"wp","href":"https:\/\/api.w.org\/{rel}","templated":true}]}}