{"id":31496,"date":"2022-04-04T15:06:42","date_gmt":"2022-04-04T14:06:42","guid":{"rendered":"https:\/\/venfilter.es.mialias.net\/product\/plafond-des-blocs-operatoires\/"},"modified":"2024-12-20T14:56:40","modified_gmt":"2024-12-20T13:56:40","slug":"plafond-des-blocs-operatoires","status":"publish","type":"product","link":"https:\/\/venfilter.es\/fr\/produits\/plafond-des-blocs-operatoires\/","title":{"rendered":"Plafond des blocs op\u00e9ratoires"},"content":{"rendered":"<p>Plafonds des blocs op\u00e9ratoires avec plenum pour filtres \u00e9changeables HEPA\/ULPA, type Laminarven, pour une diffusion correcte de l\u2019air dans les blocs op\u00e9ratoires \u00e0 flux laminaire.<\/p>\n","protected":false},"excerpt":{"rendered":"<p>Plafonds des blocs op\u00e9ratoires avec plenum pour filtres \u00e9changeables HEPA\/ULPA, type Laminarven, pour une diffusion correcte de l\u2019air dans les blocs op\u00e9ratoires \u00e0 flux laminaire.<\/p>\n","protected":false},"featured_media":15459,"comment_status":"closed","ping_status":"closed","template":"","meta":{"_acf_changed":false},"product_brand":[],"product_cat":[4222],"product_tag":[],"certificado":[],"class_list":{"0":"post-31496","1":"product","2":"type-product","3":"status-publish","4":"has-post-thumbnail","6":"product_cat-plenums-bloc-operatoire","8":"first","9":"instock","10":"product-type-variable"},"acf":[],"yoast_head":"<!-- This site is optimized with the Yoast SEO plugin v26.6 - https:\/\/yoast.com\/wordpress\/plugins\/seo\/ -->\n<title>Plafond des blocs op\u00e9ratoires - Venfilter<\/title>\n<meta name=\"description\" content=\"Plafonds des blocs op\u00e9ratoires avec plenum pour filtres \u00e9changeables HEPA\/ULPA, type Laminarven, pour une diffusion correcte de l\u2019air dans les blocs\" \/>\n<meta name=\"robots\" content=\"index, follow, max-snippet:-1, max-image-preview:large, max-video-preview:-1\" \/>\n<link rel=\"canonical\" href=\"https:\/\/venfilter.es\/fr\/produits\/plafond-des-blocs-operatoires\/\" \/>\n<meta property=\"og:locale\" content=\"fr_FR\" \/>\n<meta property=\"og:type\" content=\"article\" \/>\n<meta property=\"og:title\" content=\"Plafond des blocs op\u00e9ratoires - Venfilter\" \/>\n<meta property=\"og:description\" content=\"Plafonds des blocs op\u00e9ratoires avec plenum pour filtres \u00e9changeables HEPA\/ULPA, type Laminarven, pour une diffusion correcte de l\u2019air dans les blocs\" \/>\n<meta property=\"og:url\" content=\"https:\/\/venfilter.es\/fr\/produits\/plafond-des-blocs-operatoires\/\" \/>\n<meta property=\"og:site_name\" content=\"Venfilter\" \/>\n<meta property=\"article:modified_time\" content=\"2024-12-20T13:56:40+00:00\" \/>\n<meta property=\"og:image\" content=\"https:\/\/venfilter.es\/wp-content\/uploads\/techo_quirofano_8_-_copia_0.png\" \/>\n\t<meta property=\"og:image:width\" content=\"2580\" \/>\n\t<meta property=\"og:image:height\" content=\"1814\" \/>\n\t<meta property=\"og:image:type\" content=\"image\/png\" \/>\n<meta name=\"twitter:card\" content=\"summary_large_image\" \/>\n<meta name=\"twitter:label1\" content=\"Dur\u00e9e de lecture estim\u00e9e\" \/>\n\t<meta name=\"twitter:data1\" content=\"1 minute\" \/>\n<script type=\"application\/ld+json\" class=\"yoast-schema-graph\">{\"@context\":\"https:\/\/schema.org\",\"@graph\":[{\"@type\":\"WebPage\",\"@id\":\"https:\/\/venfilter.es\/fr\/produits\/plafond-des-blocs-operatoires\/\",\"url\":\"https:\/\/venfilter.es\/fr\/produits\/plafond-des-blocs-operatoires\/\",\"name\":\"Plafond des blocs op\u00e9ratoires - Venfilter\",\"isPartOf\":{\"@id\":\"https:\/\/venfilter.es\/fr\/#website\"},\"primaryImageOfPage\":{\"@id\":\"https:\/\/venfilter.es\/fr\/produits\/plafond-des-blocs-operatoires\/#primaryimage\"},\"image\":{\"@id\":\"https:\/\/venfilter.es\/fr\/produits\/plafond-des-blocs-operatoires\/#primaryimage\"},\"thumbnailUrl\":\"https:\/\/venfilter.es\/wp-content\/uploads\/techo_quirofano_8_-_copia_0.png\",\"datePublished\":\"2022-04-04T14:06:42+00:00\",\"dateModified\":\"2024-12-20T13:56:40+00:00\",\"description\":\"Plafonds des blocs op\u00e9ratoires avec plenum pour filtres \u00e9changeables HEPA\/ULPA, type Laminarven, pour une diffusion correcte de l\u2019air dans les blocs\",\"breadcrumb\":{\"@id\":\"https:\/\/venfilter.es\/fr\/produits\/plafond-des-blocs-operatoires\/#breadcrumb\"},\"inLanguage\":\"fr-FR\",\"potentialAction\":[{\"@type\":\"ReadAction\",\"target\":[\"https:\/\/venfilter.es\/fr\/produits\/plafond-des-blocs-operatoires\/\"]}]},{\"@type\":\"ImageObject\",\"inLanguage\":\"fr-FR\",\"@id\":\"https:\/\/venfilter.es\/fr\/produits\/plafond-des-blocs-operatoires\/#primaryimage\",\"url\":\"https:\/\/venfilter.es\/wp-content\/uploads\/techo_quirofano_8_-_copia_0.png\",\"contentUrl\":\"https:\/\/venfilter.es\/wp-content\/uploads\/techo_quirofano_8_-_copia_0.png\",\"width\":2580,\"height\":1814},{\"@type\":\"BreadcrumbList\",\"@id\":\"https:\/\/venfilter.es\/fr\/produits\/plafond-des-blocs-operatoires\/#breadcrumb\",\"itemListElement\":[{\"@type\":\"ListItem\",\"position\":1,\"name\":\"Portada\",\"item\":\"https:\/\/venfilter.es\/fr\/\"},{\"@type\":\"ListItem\",\"position\":2,\"name\":\"Tienda\",\"item\":\"https:\/\/venfilter.es\/fr\/boutique\/\"},{\"@type\":\"ListItem\",\"position\":3,\"name\":\"Plafond des blocs op\u00e9ratoires\"}]},{\"@type\":\"WebSite\",\"@id\":\"https:\/\/venfilter.es\/fr\/#website\",\"url\":\"https:\/\/venfilter.es\/fr\/\",\"name\":\"Venfilter\",\"description\":\"Filtros de aire y ventilaci\u00f3n industrial\",\"potentialAction\":[{\"@type\":\"SearchAction\",\"target\":{\"@type\":\"EntryPoint\",\"urlTemplate\":\"https:\/\/venfilter.es\/fr\/?s={search_term_string}\"},\"query-input\":{\"@type\":\"PropertyValueSpecification\",\"valueRequired\":true,\"valueName\":\"search_term_string\"}}],\"inLanguage\":\"fr-FR\"}]}<\/script>\n<!-- \/ Yoast SEO plugin. -->","yoast_head_json":{"title":"Plafond des blocs op\u00e9ratoires - Venfilter","description":"Plafonds des blocs op\u00e9ratoires avec plenum pour filtres \u00e9changeables HEPA\/ULPA, type Laminarven, pour une diffusion correcte de l\u2019air dans les blocs","robots":{"index":"index","follow":"follow","max-snippet":"max-snippet:-1","max-image-preview":"max-image-preview:large","max-video-preview":"max-video-preview:-1"},"canonical":"https:\/\/venfilter.es\/fr\/produits\/plafond-des-blocs-operatoires\/","og_locale":"fr_FR","og_type":"article","og_title":"Plafond des blocs op\u00e9ratoires - Venfilter","og_description":"Plafonds des blocs op\u00e9ratoires avec plenum pour filtres \u00e9changeables HEPA\/ULPA, type Laminarven, pour une diffusion correcte de l\u2019air dans les blocs","og_url":"https:\/\/venfilter.es\/fr\/produits\/plafond-des-blocs-operatoires\/","og_site_name":"Venfilter","article_modified_time":"2024-12-20T13:56:40+00:00","og_image":[{"width":2580,"height":1814,"url":"https:\/\/venfilter.es\/wp-content\/uploads\/techo_quirofano_8_-_copia_0.png","type":"image\/png"}],"twitter_card":"summary_large_image","twitter_misc":{"Dur\u00e9e de lecture estim\u00e9e":"1 minute"},"schema":{"@context":"https:\/\/schema.org","@graph":[{"@type":"WebPage","@id":"https:\/\/venfilter.es\/fr\/produits\/plafond-des-blocs-operatoires\/","url":"https:\/\/venfilter.es\/fr\/produits\/plafond-des-blocs-operatoires\/","name":"Plafond des blocs op\u00e9ratoires - Venfilter","isPartOf":{"@id":"https:\/\/venfilter.es\/fr\/#website"},"primaryImageOfPage":{"@id":"https:\/\/venfilter.es\/fr\/produits\/plafond-des-blocs-operatoires\/#primaryimage"},"image":{"@id":"https:\/\/venfilter.es\/fr\/produits\/plafond-des-blocs-operatoires\/#primaryimage"},"thumbnailUrl":"https:\/\/venfilter.es\/wp-content\/uploads\/techo_quirofano_8_-_copia_0.png","datePublished":"2022-04-04T14:06:42+00:00","dateModified":"2024-12-20T13:56:40+00:00","description":"Plafonds des blocs op\u00e9ratoires avec plenum pour filtres \u00e9changeables HEPA\/ULPA, type Laminarven, pour une diffusion correcte de l\u2019air dans les blocs","breadcrumb":{"@id":"https:\/\/venfilter.es\/fr\/produits\/plafond-des-blocs-operatoires\/#breadcrumb"},"inLanguage":"fr-FR","potentialAction":[{"@type":"ReadAction","target":["https:\/\/venfilter.es\/fr\/produits\/plafond-des-blocs-operatoires\/"]}]},{"@type":"ImageObject","inLanguage":"fr-FR","@id":"https:\/\/venfilter.es\/fr\/produits\/plafond-des-blocs-operatoires\/#primaryimage","url":"https:\/\/venfilter.es\/wp-content\/uploads\/techo_quirofano_8_-_copia_0.png","contentUrl":"https:\/\/venfilter.es\/wp-content\/uploads\/techo_quirofano_8_-_copia_0.png","width":2580,"height":1814},{"@type":"BreadcrumbList","@id":"https:\/\/venfilter.es\/fr\/produits\/plafond-des-blocs-operatoires\/#breadcrumb","itemListElement":[{"@type":"ListItem","position":1,"name":"Portada","item":"https:\/\/venfilter.es\/fr\/"},{"@type":"ListItem","position":2,"name":"Tienda","item":"https:\/\/venfilter.es\/fr\/boutique\/"},{"@type":"ListItem","position":3,"name":"Plafond des blocs op\u00e9ratoires"}]},{"@type":"WebSite","@id":"https:\/\/venfilter.es\/fr\/#website","url":"https:\/\/venfilter.es\/fr\/","name":"Venfilter","description":"Filtros de aire y ventilaci\u00f3n industrial","potentialAction":[{"@type":"SearchAction","target":{"@type":"EntryPoint","urlTemplate":"https:\/\/venfilter.es\/fr\/?s={search_term_string}"},"query-input":{"@type":"PropertyValueSpecification","valueRequired":true,"valueName":"search_term_string"}}],"inLanguage":"fr-FR"}]}},"_links":{"self":[{"href":"https:\/\/venfilter.es\/fr\/wp-json\/wp\/v2\/product\/31496","targetHints":{"allow":["GET"]}}],"collection":[{"href":"https:\/\/venfilter.es\/fr\/wp-json\/wp\/v2\/product"}],"about":[{"href":"https:\/\/venfilter.es\/fr\/wp-json\/wp\/v2\/types\/product"}],"replies":[{"embeddable":true,"href":"https:\/\/venfilter.es\/fr\/wp-json\/wp\/v2\/comments?post=31496"}],"wp:featuredmedia":[{"embeddable":true,"href":"https:\/\/venfilter.es\/fr\/wp-json\/wp\/v2\/media\/15459"}],"wp:attachment":[{"href":"https:\/\/venfilter.es\/fr\/wp-json\/wp\/v2\/media?parent=31496"}],"wp:term":[{"taxonomy":"product_brand","embeddable":true,"href":"https:\/\/venfilter.es\/fr\/wp-json\/wp\/v2\/product_brand?post=31496"},{"taxonomy":"product_cat","embeddable":true,"href":"https:\/\/venfilter.es\/fr\/wp-json\/wp\/v2\/product_cat?post=31496"},{"taxonomy":"product_tag","embeddable":true,"href":"https:\/\/venfilter.es\/fr\/wp-json\/wp\/v2\/product_tag?post=31496"},{"taxonomy":"certificado","embeddable":true,"href":"https:\/\/venfilter.es\/fr\/wp-json\/wp\/v2\/certificado?post=31496"}],"curies":[{"name":"wp","href":"https:\/\/api.w.org\/{rel}","templated":true}]}}