{"id":31500,"date":"2022-04-04T15:06:54","date_gmt":"2022-04-05T07:33:48","guid":{"rendered":"https:\/\/venfilter.es.mialias.net\/product\/changement-hygienique\/"},"modified":"2022-05-04T09:29:54","modified_gmt":"2022-05-04T08:29:54","slug":"changement-hygienique","status":"publish","type":"product","link":"https:\/\/venfilter.es\/fr\/produits\/changement-hygienique\/","title":{"rendered":"Changement hygi\u00e9nique"},"content":{"rendered":"<p>Unit\u00e9 de filtre herm\u00e9tique pour un changement de filtre s\u00fbr, sans pollution. Con\u00e7ue pour des applications ayant des demandes de s\u00e9curit\u00e9, \u00e0 des zones o\u00f9 l\u2019air est contamin\u00e9 (particules, microorganismes, mol\u00e9cules), environnements o\u00f9 la s\u00e9curit\u00e9 de l\u2019op\u00e9rateur peut \u00eatre engag\u00e9e.  Ad\u00e9quats pour l\u2019industrie pharmaceutique, biotechnologie, chimique, h\u00f4pitaux, laboratoires de bios\u00e9curit\u00e9, installations pour animaux.<\/p>\n","protected":false},"excerpt":{"rendered":"<p>Unit\u00e9 de filtre herm\u00e9tique pour un changement de filtre s\u00fbr, sans pollution. Con\u00e7ue pour des applications ayant des demandes de s\u00e9curit\u00e9, \u00e0 des zones o\u00f9 l\u2019air est contamin\u00e9 (particules, microorganismes, mol\u00e9cules), environnements o\u00f9 la s\u00e9curit\u00e9 de l\u2019op\u00e9rateur peut \u00eatre engag\u00e9e. Ad\u00e9quats pour l\u2019industrie pharmaceutique, biotechnologie, chimique, h\u00f4pitaux, laboratoires de bios\u00e9curit\u00e9, installations pour animaux.<\/p>\n","protected":false},"featured_media":15532,"comment_status":"closed","ping_status":"closed","template":"","meta":{"_acf_changed":false},"product_brand":[],"product_cat":[4224],"product_tag":[],"certificado":[4373],"class_list":{"0":"post-31500","1":"product","2":"type-product","3":"status-publish","4":"has-post-thumbnail","6":"product_cat-bag-in-bag-out","7":"certificado-atex","9":"first","10":"outofstock","11":"product-type-variable"},"acf":[],"yoast_head":"<!-- This site is optimized with the Yoast SEO plugin v26.6 - https:\/\/yoast.com\/wordpress\/plugins\/seo\/ -->\n<title>Changement hygi\u00e9nique - Venfilter<\/title>\n<meta name=\"description\" content=\"Unit\u00e9 de filtre herm\u00e9tique pour un changement de filtre s\u00fbr, sans pollution. Con\u00e7ue pour des applications ayant des demandes de s\u00e9curit\u00e9, \u00e0 des zones o\u00f9\" \/>\n<meta name=\"robots\" content=\"index, follow, max-snippet:-1, max-image-preview:large, max-video-preview:-1\" \/>\n<link rel=\"canonical\" href=\"https:\/\/venfilter.es\/fr\/produits\/changement-hygienique\/\" \/>\n<meta property=\"og:locale\" content=\"fr_FR\" \/>\n<meta property=\"og:type\" content=\"article\" \/>\n<meta property=\"og:title\" content=\"Changement hygi\u00e9nique - Venfilter\" \/>\n<meta property=\"og:description\" content=\"Unit\u00e9 de filtre herm\u00e9tique pour un changement de filtre s\u00fbr, sans pollution. Con\u00e7ue pour des applications ayant des demandes de s\u00e9curit\u00e9, \u00e0 des zones o\u00f9\" \/>\n<meta property=\"og:url\" content=\"https:\/\/venfilter.es\/fr\/produits\/changement-hygienique\/\" \/>\n<meta property=\"og:site_name\" content=\"Venfilter\" \/>\n<meta property=\"article:modified_time\" content=\"2022-05-04T08:29:54+00:00\" \/>\n<meta property=\"og:image\" content=\"https:\/\/venfilter.es\/wp-content\/uploads\/cambio_higienico_1.jpg\" \/>\n\t<meta property=\"og:image:width\" content=\"800\" \/>\n\t<meta property=\"og:image:height\" content=\"800\" \/>\n\t<meta property=\"og:image:type\" content=\"image\/jpeg\" \/>\n<meta name=\"twitter:card\" content=\"summary_large_image\" \/>\n<script type=\"application\/ld+json\" class=\"yoast-schema-graph\">{\"@context\":\"https:\/\/schema.org\",\"@graph\":[{\"@type\":\"WebPage\",\"@id\":\"https:\/\/venfilter.es\/fr\/produits\/changement-hygienique\/\",\"url\":\"https:\/\/venfilter.es\/fr\/produits\/changement-hygienique\/\",\"name\":\"Changement hygi\u00e9nique - Venfilter\",\"isPartOf\":{\"@id\":\"https:\/\/venfilter.es\/fr\/#website\"},\"primaryImageOfPage\":{\"@id\":\"https:\/\/venfilter.es\/fr\/produits\/changement-hygienique\/#primaryimage\"},\"image\":{\"@id\":\"https:\/\/venfilter.es\/fr\/produits\/changement-hygienique\/#primaryimage\"},\"thumbnailUrl\":\"https:\/\/venfilter.es\/wp-content\/uploads\/cambio_higienico_1.jpg\",\"datePublished\":\"2022-04-05T07:33:48+00:00\",\"dateModified\":\"2022-05-04T08:29:54+00:00\",\"description\":\"Unit\u00e9 de filtre herm\u00e9tique pour un changement de filtre s\u00fbr, sans pollution. Con\u00e7ue pour des applications ayant des demandes de s\u00e9curit\u00e9, \u00e0 des zones o\u00f9\",\"breadcrumb\":{\"@id\":\"https:\/\/venfilter.es\/fr\/produits\/changement-hygienique\/#breadcrumb\"},\"inLanguage\":\"fr-FR\",\"potentialAction\":[{\"@type\":\"ReadAction\",\"target\":[\"https:\/\/venfilter.es\/fr\/produits\/changement-hygienique\/\"]}]},{\"@type\":\"ImageObject\",\"inLanguage\":\"fr-FR\",\"@id\":\"https:\/\/venfilter.es\/fr\/produits\/changement-hygienique\/#primaryimage\",\"url\":\"https:\/\/venfilter.es\/wp-content\/uploads\/cambio_higienico_1.jpg\",\"contentUrl\":\"https:\/\/venfilter.es\/wp-content\/uploads\/cambio_higienico_1.jpg\",\"width\":800,\"height\":800},{\"@type\":\"BreadcrumbList\",\"@id\":\"https:\/\/venfilter.es\/fr\/produits\/changement-hygienique\/#breadcrumb\",\"itemListElement\":[{\"@type\":\"ListItem\",\"position\":1,\"name\":\"Portada\",\"item\":\"https:\/\/venfilter.es\/fr\/\"},{\"@type\":\"ListItem\",\"position\":2,\"name\":\"Tienda\",\"item\":\"https:\/\/venfilter.es\/fr\/boutique\/\"},{\"@type\":\"ListItem\",\"position\":3,\"name\":\"Changement hygi\u00e9nique\"}]},{\"@type\":\"WebSite\",\"@id\":\"https:\/\/venfilter.es\/fr\/#website\",\"url\":\"https:\/\/venfilter.es\/fr\/\",\"name\":\"Venfilter\",\"description\":\"Filtros de aire y ventilaci\u00f3n industrial\",\"potentialAction\":[{\"@type\":\"SearchAction\",\"target\":{\"@type\":\"EntryPoint\",\"urlTemplate\":\"https:\/\/venfilter.es\/fr\/?s={search_term_string}\"},\"query-input\":{\"@type\":\"PropertyValueSpecification\",\"valueRequired\":true,\"valueName\":\"search_term_string\"}}],\"inLanguage\":\"fr-FR\"}]}<\/script>\n<!-- \/ Yoast SEO plugin. -->","yoast_head_json":{"title":"Changement hygi\u00e9nique - Venfilter","description":"Unit\u00e9 de filtre herm\u00e9tique pour un changement de filtre s\u00fbr, sans pollution. Con\u00e7ue pour des applications ayant des demandes de s\u00e9curit\u00e9, \u00e0 des zones o\u00f9","robots":{"index":"index","follow":"follow","max-snippet":"max-snippet:-1","max-image-preview":"max-image-preview:large","max-video-preview":"max-video-preview:-1"},"canonical":"https:\/\/venfilter.es\/fr\/produits\/changement-hygienique\/","og_locale":"fr_FR","og_type":"article","og_title":"Changement hygi\u00e9nique - Venfilter","og_description":"Unit\u00e9 de filtre herm\u00e9tique pour un changement de filtre s\u00fbr, sans pollution. Con\u00e7ue pour des applications ayant des demandes de s\u00e9curit\u00e9, \u00e0 des zones o\u00f9","og_url":"https:\/\/venfilter.es\/fr\/produits\/changement-hygienique\/","og_site_name":"Venfilter","article_modified_time":"2022-05-04T08:29:54+00:00","og_image":[{"width":800,"height":800,"url":"https:\/\/venfilter.es\/wp-content\/uploads\/cambio_higienico_1.jpg","type":"image\/jpeg"}],"twitter_card":"summary_large_image","schema":{"@context":"https:\/\/schema.org","@graph":[{"@type":"WebPage","@id":"https:\/\/venfilter.es\/fr\/produits\/changement-hygienique\/","url":"https:\/\/venfilter.es\/fr\/produits\/changement-hygienique\/","name":"Changement hygi\u00e9nique - Venfilter","isPartOf":{"@id":"https:\/\/venfilter.es\/fr\/#website"},"primaryImageOfPage":{"@id":"https:\/\/venfilter.es\/fr\/produits\/changement-hygienique\/#primaryimage"},"image":{"@id":"https:\/\/venfilter.es\/fr\/produits\/changement-hygienique\/#primaryimage"},"thumbnailUrl":"https:\/\/venfilter.es\/wp-content\/uploads\/cambio_higienico_1.jpg","datePublished":"2022-04-05T07:33:48+00:00","dateModified":"2022-05-04T08:29:54+00:00","description":"Unit\u00e9 de filtre herm\u00e9tique pour un changement de filtre s\u00fbr, sans pollution. Con\u00e7ue pour des applications ayant des demandes de s\u00e9curit\u00e9, \u00e0 des zones o\u00f9","breadcrumb":{"@id":"https:\/\/venfilter.es\/fr\/produits\/changement-hygienique\/#breadcrumb"},"inLanguage":"fr-FR","potentialAction":[{"@type":"ReadAction","target":["https:\/\/venfilter.es\/fr\/produits\/changement-hygienique\/"]}]},{"@type":"ImageObject","inLanguage":"fr-FR","@id":"https:\/\/venfilter.es\/fr\/produits\/changement-hygienique\/#primaryimage","url":"https:\/\/venfilter.es\/wp-content\/uploads\/cambio_higienico_1.jpg","contentUrl":"https:\/\/venfilter.es\/wp-content\/uploads\/cambio_higienico_1.jpg","width":800,"height":800},{"@type":"BreadcrumbList","@id":"https:\/\/venfilter.es\/fr\/produits\/changement-hygienique\/#breadcrumb","itemListElement":[{"@type":"ListItem","position":1,"name":"Portada","item":"https:\/\/venfilter.es\/fr\/"},{"@type":"ListItem","position":2,"name":"Tienda","item":"https:\/\/venfilter.es\/fr\/boutique\/"},{"@type":"ListItem","position":3,"name":"Changement hygi\u00e9nique"}]},{"@type":"WebSite","@id":"https:\/\/venfilter.es\/fr\/#website","url":"https:\/\/venfilter.es\/fr\/","name":"Venfilter","description":"Filtros de aire y ventilaci\u00f3n industrial","potentialAction":[{"@type":"SearchAction","target":{"@type":"EntryPoint","urlTemplate":"https:\/\/venfilter.es\/fr\/?s={search_term_string}"},"query-input":{"@type":"PropertyValueSpecification","valueRequired":true,"valueName":"search_term_string"}}],"inLanguage":"fr-FR"}]}},"_links":{"self":[{"href":"https:\/\/venfilter.es\/fr\/wp-json\/wp\/v2\/product\/31500","targetHints":{"allow":["GET"]}}],"collection":[{"href":"https:\/\/venfilter.es\/fr\/wp-json\/wp\/v2\/product"}],"about":[{"href":"https:\/\/venfilter.es\/fr\/wp-json\/wp\/v2\/types\/product"}],"replies":[{"embeddable":true,"href":"https:\/\/venfilter.es\/fr\/wp-json\/wp\/v2\/comments?post=31500"}],"wp:featuredmedia":[{"embeddable":true,"href":"https:\/\/venfilter.es\/fr\/wp-json\/wp\/v2\/media\/15532"}],"wp:attachment":[{"href":"https:\/\/venfilter.es\/fr\/wp-json\/wp\/v2\/media?parent=31500"}],"wp:term":[{"taxonomy":"product_brand","embeddable":true,"href":"https:\/\/venfilter.es\/fr\/wp-json\/wp\/v2\/product_brand?post=31500"},{"taxonomy":"product_cat","embeddable":true,"href":"https:\/\/venfilter.es\/fr\/wp-json\/wp\/v2\/product_cat?post=31500"},{"taxonomy":"product_tag","embeddable":true,"href":"https:\/\/venfilter.es\/fr\/wp-json\/wp\/v2\/product_tag?post=31500"},{"taxonomy":"certificado","embeddable":true,"href":"https:\/\/venfilter.es\/fr\/wp-json\/wp\/v2\/certificado?post=31500"}],"curies":[{"name":"wp","href":"https:\/\/api.w.org\/{rel}","templated":true}]}}