{"id":31501,"date":"2022-04-04T15:06:54","date_gmt":"2022-04-04T14:06:54","guid":{"rendered":"https:\/\/venfilter.es.mialias.net\/product\/purificateur-mia-air-plus\/"},"modified":"2024-12-20T13:11:25","modified_gmt":"2024-12-20T12:11:25","slug":"purificateur-mia-air-plus","status":"publish","type":"product","link":"https:\/\/venfilter.es\/fr\/produits\/purificateur-mia-air-plus\/","title":{"rendered":"Purificateur MIA AIR PLUS"},"content":{"rendered":"<p>Le purificateur MIA AIR PLUS est une unit\u00e9 pour la purification de l&rsquo;air et une recirculation imm\u00e9diate de l&rsquo;air int\u00e9rieur. Elle sert de compl\u00e9ment aux syst\u00e8mes de ventilation. Con\u00e7u e pour les bureaux, les commerces, les gymnases, les \u00e9coles, les mus\u00e9es, les cliniques m\u00e9dicales et dentaires, les r\u00e9sidences de personnes \u00e2g\u00e9es&#8230;<\/p>\n","protected":false},"excerpt":{"rendered":"<p>Le purificateur MIA AIR PLUS est une unit\u00e9 pour la purification de l&rsquo;air et une recirculation imm\u00e9diate de l&rsquo;air int\u00e9rieur. Elle sert de compl\u00e9ment aux syst\u00e8mes de ventilation. Con\u00e7u e pour les bureaux, les commerces, les gymnases, les \u00e9coles, les mus\u00e9es, les cliniques m\u00e9dicales et dentaires, les r\u00e9sidences de personnes \u00e2g\u00e9es&#8230;<\/p>\n","protected":false},"featured_media":10779,"comment_status":"closed","ping_status":"closed","template":"","meta":{"_acf_changed":false},"product_brand":[],"product_cat":[4866],"product_tag":[],"certificado":[4243],"class_list":{"0":"post-31501","1":"product","2":"type-product","3":"status-publish","4":"has-post-thumbnail","6":"product_cat-purificateurs","7":"certificado-ecarf","9":"first","10":"instock","11":"product-type-variable"},"acf":[],"yoast_head":"<!-- This site is optimized with the Yoast SEO plugin v26.6 - https:\/\/yoast.com\/wordpress\/plugins\/seo\/ -->\n<title>Purificateur MIA AIR PLUS - Venfilter<\/title>\n<meta name=\"description\" content=\"Le purificateur MIA AIR PLUS est un unit\u00e9 de purification d&#039;air qui am\u00e9liorera votre qualit\u00e9 d&#039;air en quelques secondes, venez le d\u00e9couvrir!\" \/>\n<meta name=\"robots\" content=\"index, follow, max-snippet:-1, max-image-preview:large, max-video-preview:-1\" \/>\n<link rel=\"canonical\" href=\"https:\/\/venfilter.es\/fr\/produits\/purificateur-mia-air-plus\/\" \/>\n<meta property=\"og:locale\" content=\"fr_FR\" \/>\n<meta property=\"og:type\" content=\"article\" \/>\n<meta property=\"og:title\" content=\"Purificateur MIA AIR PLUS - Venfilter\" \/>\n<meta property=\"og:description\" content=\"Le purificateur MIA AIR PLUS est un unit\u00e9 de purification d&#039;air qui am\u00e9liorera votre qualit\u00e9 d&#039;air en quelques secondes, venez le d\u00e9couvrir!\" \/>\n<meta property=\"og:url\" content=\"https:\/\/venfilter.es\/fr\/produits\/purificateur-mia-air-plus\/\" \/>\n<meta property=\"og:site_name\" content=\"Venfilter\" \/>\n<meta property=\"article:modified_time\" content=\"2024-12-20T12:11:25+00:00\" \/>\n<meta property=\"og:image\" content=\"https:\/\/venfilter.es\/wp-content\/uploads\/mia_per_web.jpg\" \/>\n\t<meta property=\"og:image:width\" content=\"964\" \/>\n\t<meta property=\"og:image:height\" content=\"800\" \/>\n\t<meta property=\"og:image:type\" content=\"image\/jpeg\" \/>\n<meta name=\"twitter:card\" content=\"summary_large_image\" \/>\n<meta name=\"twitter:label1\" content=\"Dur\u00e9e de lecture estim\u00e9e\" \/>\n\t<meta name=\"twitter:data1\" content=\"1 minute\" \/>\n<script type=\"application\/ld+json\" class=\"yoast-schema-graph\">{\"@context\":\"https:\/\/schema.org\",\"@graph\":[{\"@type\":\"WebPage\",\"@id\":\"https:\/\/venfilter.es\/fr\/produits\/purificateur-mia-air-plus\/\",\"url\":\"https:\/\/venfilter.es\/fr\/produits\/purificateur-mia-air-plus\/\",\"name\":\"Purificateur MIA AIR PLUS - Venfilter\",\"isPartOf\":{\"@id\":\"https:\/\/venfilter.es\/fr\/#website\"},\"primaryImageOfPage\":{\"@id\":\"https:\/\/venfilter.es\/fr\/produits\/purificateur-mia-air-plus\/#primaryimage\"},\"image\":{\"@id\":\"https:\/\/venfilter.es\/fr\/produits\/purificateur-mia-air-plus\/#primaryimage\"},\"thumbnailUrl\":\"https:\/\/venfilter.es\/wp-content\/uploads\/mia_per_web.jpg\",\"datePublished\":\"2022-04-04T14:06:54+00:00\",\"dateModified\":\"2024-12-20T12:11:25+00:00\",\"description\":\"Le purificateur MIA AIR PLUS est un unit\u00e9 de purification d'air qui am\u00e9liorera votre qualit\u00e9 d'air en quelques secondes, venez le d\u00e9couvrir!\",\"breadcrumb\":{\"@id\":\"https:\/\/venfilter.es\/fr\/produits\/purificateur-mia-air-plus\/#breadcrumb\"},\"inLanguage\":\"fr-FR\",\"potentialAction\":[{\"@type\":\"ReadAction\",\"target\":[\"https:\/\/venfilter.es\/fr\/produits\/purificateur-mia-air-plus\/\"]}]},{\"@type\":\"ImageObject\",\"inLanguage\":\"fr-FR\",\"@id\":\"https:\/\/venfilter.es\/fr\/produits\/purificateur-mia-air-plus\/#primaryimage\",\"url\":\"https:\/\/venfilter.es\/wp-content\/uploads\/mia_per_web.jpg\",\"contentUrl\":\"https:\/\/venfilter.es\/wp-content\/uploads\/mia_per_web.jpg\",\"width\":964,\"height\":800},{\"@type\":\"BreadcrumbList\",\"@id\":\"https:\/\/venfilter.es\/fr\/produits\/purificateur-mia-air-plus\/#breadcrumb\",\"itemListElement\":[{\"@type\":\"ListItem\",\"position\":1,\"name\":\"Portada\",\"item\":\"https:\/\/venfilter.es\/fr\/\"},{\"@type\":\"ListItem\",\"position\":2,\"name\":\"Tienda\",\"item\":\"https:\/\/venfilter.es\/fr\/boutique\/\"},{\"@type\":\"ListItem\",\"position\":3,\"name\":\"Purificateur MIA AIR PLUS\"}]},{\"@type\":\"WebSite\",\"@id\":\"https:\/\/venfilter.es\/fr\/#website\",\"url\":\"https:\/\/venfilter.es\/fr\/\",\"name\":\"Venfilter\",\"description\":\"Filtros de aire y ventilaci\u00f3n industrial\",\"potentialAction\":[{\"@type\":\"SearchAction\",\"target\":{\"@type\":\"EntryPoint\",\"urlTemplate\":\"https:\/\/venfilter.es\/fr\/?s={search_term_string}\"},\"query-input\":{\"@type\":\"PropertyValueSpecification\",\"valueRequired\":true,\"valueName\":\"search_term_string\"}}],\"inLanguage\":\"fr-FR\"}]}<\/script>\n<!-- \/ Yoast SEO plugin. -->","yoast_head_json":{"title":"Purificateur MIA AIR PLUS - Venfilter","description":"Le purificateur MIA AIR PLUS est un unit\u00e9 de purification d'air qui am\u00e9liorera votre qualit\u00e9 d'air en quelques secondes, venez le d\u00e9couvrir!","robots":{"index":"index","follow":"follow","max-snippet":"max-snippet:-1","max-image-preview":"max-image-preview:large","max-video-preview":"max-video-preview:-1"},"canonical":"https:\/\/venfilter.es\/fr\/produits\/purificateur-mia-air-plus\/","og_locale":"fr_FR","og_type":"article","og_title":"Purificateur MIA AIR PLUS - Venfilter","og_description":"Le purificateur MIA AIR PLUS est un unit\u00e9 de purification d'air qui am\u00e9liorera votre qualit\u00e9 d'air en quelques secondes, venez le d\u00e9couvrir!","og_url":"https:\/\/venfilter.es\/fr\/produits\/purificateur-mia-air-plus\/","og_site_name":"Venfilter","article_modified_time":"2024-12-20T12:11:25+00:00","og_image":[{"width":964,"height":800,"url":"https:\/\/venfilter.es\/wp-content\/uploads\/mia_per_web.jpg","type":"image\/jpeg"}],"twitter_card":"summary_large_image","twitter_misc":{"Dur\u00e9e de lecture estim\u00e9e":"1 minute"},"schema":{"@context":"https:\/\/schema.org","@graph":[{"@type":"WebPage","@id":"https:\/\/venfilter.es\/fr\/produits\/purificateur-mia-air-plus\/","url":"https:\/\/venfilter.es\/fr\/produits\/purificateur-mia-air-plus\/","name":"Purificateur MIA AIR PLUS - Venfilter","isPartOf":{"@id":"https:\/\/venfilter.es\/fr\/#website"},"primaryImageOfPage":{"@id":"https:\/\/venfilter.es\/fr\/produits\/purificateur-mia-air-plus\/#primaryimage"},"image":{"@id":"https:\/\/venfilter.es\/fr\/produits\/purificateur-mia-air-plus\/#primaryimage"},"thumbnailUrl":"https:\/\/venfilter.es\/wp-content\/uploads\/mia_per_web.jpg","datePublished":"2022-04-04T14:06:54+00:00","dateModified":"2024-12-20T12:11:25+00:00","description":"Le purificateur MIA AIR PLUS est un unit\u00e9 de purification d'air qui am\u00e9liorera votre qualit\u00e9 d'air en quelques secondes, venez le d\u00e9couvrir!","breadcrumb":{"@id":"https:\/\/venfilter.es\/fr\/produits\/purificateur-mia-air-plus\/#breadcrumb"},"inLanguage":"fr-FR","potentialAction":[{"@type":"ReadAction","target":["https:\/\/venfilter.es\/fr\/produits\/purificateur-mia-air-plus\/"]}]},{"@type":"ImageObject","inLanguage":"fr-FR","@id":"https:\/\/venfilter.es\/fr\/produits\/purificateur-mia-air-plus\/#primaryimage","url":"https:\/\/venfilter.es\/wp-content\/uploads\/mia_per_web.jpg","contentUrl":"https:\/\/venfilter.es\/wp-content\/uploads\/mia_per_web.jpg","width":964,"height":800},{"@type":"BreadcrumbList","@id":"https:\/\/venfilter.es\/fr\/produits\/purificateur-mia-air-plus\/#breadcrumb","itemListElement":[{"@type":"ListItem","position":1,"name":"Portada","item":"https:\/\/venfilter.es\/fr\/"},{"@type":"ListItem","position":2,"name":"Tienda","item":"https:\/\/venfilter.es\/fr\/boutique\/"},{"@type":"ListItem","position":3,"name":"Purificateur MIA AIR PLUS"}]},{"@type":"WebSite","@id":"https:\/\/venfilter.es\/fr\/#website","url":"https:\/\/venfilter.es\/fr\/","name":"Venfilter","description":"Filtros de aire y ventilaci\u00f3n industrial","potentialAction":[{"@type":"SearchAction","target":{"@type":"EntryPoint","urlTemplate":"https:\/\/venfilter.es\/fr\/?s={search_term_string}"},"query-input":{"@type":"PropertyValueSpecification","valueRequired":true,"valueName":"search_term_string"}}],"inLanguage":"fr-FR"}]}},"_links":{"self":[{"href":"https:\/\/venfilter.es\/fr\/wp-json\/wp\/v2\/product\/31501","targetHints":{"allow":["GET"]}}],"collection":[{"href":"https:\/\/venfilter.es\/fr\/wp-json\/wp\/v2\/product"}],"about":[{"href":"https:\/\/venfilter.es\/fr\/wp-json\/wp\/v2\/types\/product"}],"replies":[{"embeddable":true,"href":"https:\/\/venfilter.es\/fr\/wp-json\/wp\/v2\/comments?post=31501"}],"wp:featuredmedia":[{"embeddable":true,"href":"https:\/\/venfilter.es\/fr\/wp-json\/wp\/v2\/media\/10779"}],"wp:attachment":[{"href":"https:\/\/venfilter.es\/fr\/wp-json\/wp\/v2\/media?parent=31501"}],"wp:term":[{"taxonomy":"product_brand","embeddable":true,"href":"https:\/\/venfilter.es\/fr\/wp-json\/wp\/v2\/product_brand?post=31501"},{"taxonomy":"product_cat","embeddable":true,"href":"https:\/\/venfilter.es\/fr\/wp-json\/wp\/v2\/product_cat?post=31501"},{"taxonomy":"product_tag","embeddable":true,"href":"https:\/\/venfilter.es\/fr\/wp-json\/wp\/v2\/product_tag?post=31501"},{"taxonomy":"certificado","embeddable":true,"href":"https:\/\/venfilter.es\/fr\/wp-json\/wp\/v2\/certificado?post=31501"}],"curies":[{"name":"wp","href":"https:\/\/api.w.org\/{rel}","templated":true}]}}