{"id":31510,"date":"2022-04-04T15:06:54","date_gmt":"2022-04-04T14:06:54","guid":{"rendered":"https:\/\/venfilter.es.mialias.net\/product\/quebraven-galvanise-charbon-impregne\/"},"modified":"2023-06-06T11:51:05","modified_gmt":"2023-06-06T10:51:05","slug":"quebraven-galvanise-charbon-impregne","status":"publish","type":"product","link":"https:\/\/venfilter.es\/fr\/produits\/quebraven-galvanise-charbon-impregne\/","title":{"rendered":"Quebraven Galvanis\u00e9 Charbon impr\u00e9gn\u00e9"},"content":{"rendered":"<p>Filtre \u00e0 panneau avec cadre m\u00e9tallique impr\u00e9gn\u00e9 de charbon actif. Pour la pr\u00e9filtration des syst\u00e8mes centraux de traitement, de conditionnement et de ventilation de l\u2019air pour l\u2019\u00e9limination des polluants gazeux.<\/p>\n","protected":false},"excerpt":{"rendered":"<p>Filtre \u00e0 panneau avec cadre m\u00e9tallique impr\u00e9gn\u00e9 de charbon actif. Pour la pr\u00e9filtration des syst\u00e8mes centraux de traitement, de conditionnement et de ventilation de l\u2019air pour l\u2019\u00e9limination des polluants gazeux.<\/p>\n","protected":false},"featured_media":10806,"comment_status":"closed","ping_status":"closed","template":"","meta":{"_acf_changed":false},"product_brand":[],"product_cat":[4231],"product_tag":[],"certificado":[],"class_list":{"0":"post-31510","1":"product","2":"type-product","3":"status-publish","4":"has-post-thumbnail","6":"product_cat-compacts-5","8":"first","9":"instock","10":"product-type-variable"},"acf":[],"yoast_head":"<!-- This site is optimized with the Yoast SEO plugin v26.6 - https:\/\/yoast.com\/wordpress\/plugins\/seo\/ -->\n<title>Quebraven Galvanis\u00e9 Charbon impr\u00e9gn\u00e9 - Venfilter<\/title>\n<meta name=\"description\" content=\"Filtre \u00e0 panneau avec cadre m\u00e9tallique impr\u00e9gn\u00e9 de charbon actif. Pour la pr\u00e9filtration des syst\u00e8mes centraux de traitement, de conditionnement et de\" \/>\n<meta name=\"robots\" content=\"index, follow, max-snippet:-1, max-image-preview:large, max-video-preview:-1\" \/>\n<link rel=\"canonical\" href=\"https:\/\/venfilter.es\/fr\/produits\/quebraven-galvanise-charbon-impregne\/\" \/>\n<meta property=\"og:locale\" content=\"fr_FR\" \/>\n<meta property=\"og:type\" content=\"article\" \/>\n<meta property=\"og:title\" content=\"Quebraven Galvanis\u00e9 Charbon impr\u00e9gn\u00e9 - Venfilter\" \/>\n<meta property=\"og:description\" content=\"Filtre \u00e0 panneau avec cadre m\u00e9tallique impr\u00e9gn\u00e9 de charbon actif. Pour la pr\u00e9filtration des syst\u00e8mes centraux de traitement, de conditionnement et de\" \/>\n<meta property=\"og:url\" content=\"https:\/\/venfilter.es\/fr\/produits\/quebraven-galvanise-charbon-impregne\/\" \/>\n<meta property=\"og:site_name\" content=\"Venfilter\" \/>\n<meta property=\"article:modified_time\" content=\"2023-06-06T10:51:05+00:00\" \/>\n<meta property=\"og:image\" content=\"https:\/\/venfilter.es\/wp-content\/uploads\/quebraven_metalico_carbon_activo_2.jpg\" \/>\n\t<meta property=\"og:image:width\" content=\"1999\" \/>\n\t<meta property=\"og:image:height\" content=\"2000\" \/>\n\t<meta property=\"og:image:type\" content=\"image\/jpeg\" \/>\n<meta name=\"twitter:card\" content=\"summary_large_image\" \/>\n<meta name=\"twitter:label1\" content=\"Dur\u00e9e de lecture estim\u00e9e\" \/>\n\t<meta name=\"twitter:data1\" content=\"1 minute\" \/>\n<script type=\"application\/ld+json\" class=\"yoast-schema-graph\">{\"@context\":\"https:\/\/schema.org\",\"@graph\":[{\"@type\":\"WebPage\",\"@id\":\"https:\/\/venfilter.es\/fr\/produits\/quebraven-galvanise-charbon-impregne\/\",\"url\":\"https:\/\/venfilter.es\/fr\/produits\/quebraven-galvanise-charbon-impregne\/\",\"name\":\"Quebraven Galvanis\u00e9 Charbon impr\u00e9gn\u00e9 - Venfilter\",\"isPartOf\":{\"@id\":\"https:\/\/venfilter.es\/fr\/#website\"},\"primaryImageOfPage\":{\"@id\":\"https:\/\/venfilter.es\/fr\/produits\/quebraven-galvanise-charbon-impregne\/#primaryimage\"},\"image\":{\"@id\":\"https:\/\/venfilter.es\/fr\/produits\/quebraven-galvanise-charbon-impregne\/#primaryimage\"},\"thumbnailUrl\":\"https:\/\/venfilter.es\/wp-content\/uploads\/quebraven_metalico_carbon_activo_2.jpg\",\"datePublished\":\"2022-04-04T14:06:54+00:00\",\"dateModified\":\"2023-06-06T10:51:05+00:00\",\"description\":\"Filtre \u00e0 panneau avec cadre m\u00e9tallique impr\u00e9gn\u00e9 de charbon actif. Pour la pr\u00e9filtration des syst\u00e8mes centraux de traitement, de conditionnement et de\",\"breadcrumb\":{\"@id\":\"https:\/\/venfilter.es\/fr\/produits\/quebraven-galvanise-charbon-impregne\/#breadcrumb\"},\"inLanguage\":\"fr-FR\",\"potentialAction\":[{\"@type\":\"ReadAction\",\"target\":[\"https:\/\/venfilter.es\/fr\/produits\/quebraven-galvanise-charbon-impregne\/\"]}]},{\"@type\":\"ImageObject\",\"inLanguage\":\"fr-FR\",\"@id\":\"https:\/\/venfilter.es\/fr\/produits\/quebraven-galvanise-charbon-impregne\/#primaryimage\",\"url\":\"https:\/\/venfilter.es\/wp-content\/uploads\/quebraven_metalico_carbon_activo_2.jpg\",\"contentUrl\":\"https:\/\/venfilter.es\/wp-content\/uploads\/quebraven_metalico_carbon_activo_2.jpg\",\"width\":1999,\"height\":2000},{\"@type\":\"BreadcrumbList\",\"@id\":\"https:\/\/venfilter.es\/fr\/produits\/quebraven-galvanise-charbon-impregne\/#breadcrumb\",\"itemListElement\":[{\"@type\":\"ListItem\",\"position\":1,\"name\":\"Portada\",\"item\":\"https:\/\/venfilter.es\/fr\/\"},{\"@type\":\"ListItem\",\"position\":2,\"name\":\"Tienda\",\"item\":\"https:\/\/venfilter.es\/fr\/boutique\/\"},{\"@type\":\"ListItem\",\"position\":3,\"name\":\"Quebraven Galvanis\u00e9 Charbon impr\u00e9gn\u00e9\"}]},{\"@type\":\"WebSite\",\"@id\":\"https:\/\/venfilter.es\/fr\/#website\",\"url\":\"https:\/\/venfilter.es\/fr\/\",\"name\":\"Venfilter\",\"description\":\"Filtros de aire y ventilaci\u00f3n industrial\",\"potentialAction\":[{\"@type\":\"SearchAction\",\"target\":{\"@type\":\"EntryPoint\",\"urlTemplate\":\"https:\/\/venfilter.es\/fr\/?s={search_term_string}\"},\"query-input\":{\"@type\":\"PropertyValueSpecification\",\"valueRequired\":true,\"valueName\":\"search_term_string\"}}],\"inLanguage\":\"fr-FR\"}]}<\/script>\n<!-- \/ Yoast SEO plugin. -->","yoast_head_json":{"title":"Quebraven Galvanis\u00e9 Charbon impr\u00e9gn\u00e9 - Venfilter","description":"Filtre \u00e0 panneau avec cadre m\u00e9tallique impr\u00e9gn\u00e9 de charbon actif. Pour la pr\u00e9filtration des syst\u00e8mes centraux de traitement, de conditionnement et de","robots":{"index":"index","follow":"follow","max-snippet":"max-snippet:-1","max-image-preview":"max-image-preview:large","max-video-preview":"max-video-preview:-1"},"canonical":"https:\/\/venfilter.es\/fr\/produits\/quebraven-galvanise-charbon-impregne\/","og_locale":"fr_FR","og_type":"article","og_title":"Quebraven Galvanis\u00e9 Charbon impr\u00e9gn\u00e9 - Venfilter","og_description":"Filtre \u00e0 panneau avec cadre m\u00e9tallique impr\u00e9gn\u00e9 de charbon actif. Pour la pr\u00e9filtration des syst\u00e8mes centraux de traitement, de conditionnement et de","og_url":"https:\/\/venfilter.es\/fr\/produits\/quebraven-galvanise-charbon-impregne\/","og_site_name":"Venfilter","article_modified_time":"2023-06-06T10:51:05+00:00","og_image":[{"width":1999,"height":2000,"url":"https:\/\/venfilter.es\/wp-content\/uploads\/quebraven_metalico_carbon_activo_2.jpg","type":"image\/jpeg"}],"twitter_card":"summary_large_image","twitter_misc":{"Dur\u00e9e de lecture estim\u00e9e":"1 minute"},"schema":{"@context":"https:\/\/schema.org","@graph":[{"@type":"WebPage","@id":"https:\/\/venfilter.es\/fr\/produits\/quebraven-galvanise-charbon-impregne\/","url":"https:\/\/venfilter.es\/fr\/produits\/quebraven-galvanise-charbon-impregne\/","name":"Quebraven Galvanis\u00e9 Charbon impr\u00e9gn\u00e9 - Venfilter","isPartOf":{"@id":"https:\/\/venfilter.es\/fr\/#website"},"primaryImageOfPage":{"@id":"https:\/\/venfilter.es\/fr\/produits\/quebraven-galvanise-charbon-impregne\/#primaryimage"},"image":{"@id":"https:\/\/venfilter.es\/fr\/produits\/quebraven-galvanise-charbon-impregne\/#primaryimage"},"thumbnailUrl":"https:\/\/venfilter.es\/wp-content\/uploads\/quebraven_metalico_carbon_activo_2.jpg","datePublished":"2022-04-04T14:06:54+00:00","dateModified":"2023-06-06T10:51:05+00:00","description":"Filtre \u00e0 panneau avec cadre m\u00e9tallique impr\u00e9gn\u00e9 de charbon actif. Pour la pr\u00e9filtration des syst\u00e8mes centraux de traitement, de conditionnement et de","breadcrumb":{"@id":"https:\/\/venfilter.es\/fr\/produits\/quebraven-galvanise-charbon-impregne\/#breadcrumb"},"inLanguage":"fr-FR","potentialAction":[{"@type":"ReadAction","target":["https:\/\/venfilter.es\/fr\/produits\/quebraven-galvanise-charbon-impregne\/"]}]},{"@type":"ImageObject","inLanguage":"fr-FR","@id":"https:\/\/venfilter.es\/fr\/produits\/quebraven-galvanise-charbon-impregne\/#primaryimage","url":"https:\/\/venfilter.es\/wp-content\/uploads\/quebraven_metalico_carbon_activo_2.jpg","contentUrl":"https:\/\/venfilter.es\/wp-content\/uploads\/quebraven_metalico_carbon_activo_2.jpg","width":1999,"height":2000},{"@type":"BreadcrumbList","@id":"https:\/\/venfilter.es\/fr\/produits\/quebraven-galvanise-charbon-impregne\/#breadcrumb","itemListElement":[{"@type":"ListItem","position":1,"name":"Portada","item":"https:\/\/venfilter.es\/fr\/"},{"@type":"ListItem","position":2,"name":"Tienda","item":"https:\/\/venfilter.es\/fr\/boutique\/"},{"@type":"ListItem","position":3,"name":"Quebraven Galvanis\u00e9 Charbon impr\u00e9gn\u00e9"}]},{"@type":"WebSite","@id":"https:\/\/venfilter.es\/fr\/#website","url":"https:\/\/venfilter.es\/fr\/","name":"Venfilter","description":"Filtros de aire y ventilaci\u00f3n industrial","potentialAction":[{"@type":"SearchAction","target":{"@type":"EntryPoint","urlTemplate":"https:\/\/venfilter.es\/fr\/?s={search_term_string}"},"query-input":{"@type":"PropertyValueSpecification","valueRequired":true,"valueName":"search_term_string"}}],"inLanguage":"fr-FR"}]}},"_links":{"self":[{"href":"https:\/\/venfilter.es\/fr\/wp-json\/wp\/v2\/product\/31510","targetHints":{"allow":["GET"]}}],"collection":[{"href":"https:\/\/venfilter.es\/fr\/wp-json\/wp\/v2\/product"}],"about":[{"href":"https:\/\/venfilter.es\/fr\/wp-json\/wp\/v2\/types\/product"}],"replies":[{"embeddable":true,"href":"https:\/\/venfilter.es\/fr\/wp-json\/wp\/v2\/comments?post=31510"}],"wp:featuredmedia":[{"embeddable":true,"href":"https:\/\/venfilter.es\/fr\/wp-json\/wp\/v2\/media\/10806"}],"wp:attachment":[{"href":"https:\/\/venfilter.es\/fr\/wp-json\/wp\/v2\/media?parent=31510"}],"wp:term":[{"taxonomy":"product_brand","embeddable":true,"href":"https:\/\/venfilter.es\/fr\/wp-json\/wp\/v2\/product_brand?post=31510"},{"taxonomy":"product_cat","embeddable":true,"href":"https:\/\/venfilter.es\/fr\/wp-json\/wp\/v2\/product_cat?post=31510"},{"taxonomy":"product_tag","embeddable":true,"href":"https:\/\/venfilter.es\/fr\/wp-json\/wp\/v2\/product_tag?post=31510"},{"taxonomy":"certificado","embeddable":true,"href":"https:\/\/venfilter.es\/fr\/wp-json\/wp\/v2\/certificado?post=31510"}],"curies":[{"name":"wp","href":"https:\/\/api.w.org\/{rel}","templated":true}]}}