{"id":31511,"date":"2022-04-04T15:06:54","date_gmt":"2022-04-05T07:33:48","guid":{"rendered":"https:\/\/venfilter.es.mialias.net\/product\/armature-en-metal-charbon-actif\/"},"modified":"2024-06-07T11:44:02","modified_gmt":"2024-06-07T10:44:02","slug":"armature-en-metal-charbon-actif","status":"publish","type":"product","link":"https:\/\/venfilter.es\/fr\/produits\/armature-en-metal-charbon-actif\/","title":{"rendered":"Armature en m\u00e9tal Charbon actif"},"content":{"rendered":"<p>Filtre construit \u00e0 l&rsquo;aide d&rsquo;un cadre en acier galvanis\u00e9 et prot\u00e9g\u00e9 par une t\u00f4le perfor\u00e9e. Con\u00e7u pour la d\u00e9sodorisation et la purification des polluants gazeux. Voici quelques exemples d&rsquo;application: dans les machines de climatisation, les cabines de peinture, l&rsquo;air \u00e0 faible concentration de solvants organiques, etc.<\/p>\n","protected":false},"excerpt":{"rendered":"<p>Filtre construit \u00e0 l&rsquo;aide d&rsquo;un cadre en acier galvanis\u00e9 et prot\u00e9g\u00e9 par une t\u00f4le perfor\u00e9e. Con\u00e7u pour la d\u00e9sodorisation et la purification des polluants gazeux. Voici quelques exemples d&rsquo;application: dans les machines de climatisation, les cabines de peinture, l&rsquo;air \u00e0 faible concentration de solvants organiques, etc.<\/p>\n","protected":false},"featured_media":10812,"comment_status":"closed","ping_status":"closed","template":"","meta":{"_acf_changed":false},"product_brand":[],"product_cat":[4231],"product_tag":[],"certificado":[],"class_list":{"0":"post-31511","1":"product","2":"type-product","3":"status-publish","4":"has-post-thumbnail","6":"product_cat-compacts-5","8":"first","9":"instock","10":"product-type-variable"},"acf":[],"yoast_head":"<!-- This site is optimized with the Yoast SEO plugin v26.6 - https:\/\/yoast.com\/wordpress\/plugins\/seo\/ -->\n<title>Armature en m\u00e9tal Charbon actif - Venfilter<\/title>\n<meta name=\"description\" content=\"Filtre construit \u00e0 l&#039;aide d&#039;un cadre en acier galvanis\u00e9 et prot\u00e9g\u00e9 par une t\u00f4le perfor\u00e9e. Con\u00e7u pour la d\u00e9sodorisation et la purification des polluants\" \/>\n<meta name=\"robots\" content=\"index, follow, max-snippet:-1, max-image-preview:large, max-video-preview:-1\" \/>\n<link rel=\"canonical\" href=\"https:\/\/venfilter.es\/fr\/produits\/armature-en-metal-charbon-actif\/\" \/>\n<meta property=\"og:locale\" content=\"fr_FR\" \/>\n<meta property=\"og:type\" content=\"article\" \/>\n<meta property=\"og:title\" content=\"Armature en m\u00e9tal Charbon actif - Venfilter\" \/>\n<meta property=\"og:description\" content=\"Filtre construit \u00e0 l&#039;aide d&#039;un cadre en acier galvanis\u00e9 et prot\u00e9g\u00e9 par une t\u00f4le perfor\u00e9e. Con\u00e7u pour la d\u00e9sodorisation et la purification des polluants\" \/>\n<meta property=\"og:url\" content=\"https:\/\/venfilter.es\/fr\/produits\/armature-en-metal-charbon-actif\/\" \/>\n<meta property=\"og:site_name\" content=\"Venfilter\" \/>\n<meta property=\"article:modified_time\" content=\"2024-06-07T10:44:02+00:00\" \/>\n<meta property=\"og:image\" content=\"https:\/\/venfilter.es\/wp-content\/uploads\/marco_metalico_carbon_web.png\" \/>\n\t<meta property=\"og:image:width\" content=\"478\" \/>\n\t<meta property=\"og:image:height\" content=\"490\" \/>\n\t<meta property=\"og:image:type\" content=\"image\/png\" \/>\n<meta name=\"twitter:card\" content=\"summary_large_image\" \/>\n<meta name=\"twitter:label1\" content=\"Dur\u00e9e de lecture estim\u00e9e\" \/>\n\t<meta name=\"twitter:data1\" content=\"1 minute\" \/>\n<script type=\"application\/ld+json\" class=\"yoast-schema-graph\">{\"@context\":\"https:\/\/schema.org\",\"@graph\":[{\"@type\":\"WebPage\",\"@id\":\"https:\/\/venfilter.es\/fr\/produits\/armature-en-metal-charbon-actif\/\",\"url\":\"https:\/\/venfilter.es\/fr\/produits\/armature-en-metal-charbon-actif\/\",\"name\":\"Armature en m\u00e9tal Charbon actif - Venfilter\",\"isPartOf\":{\"@id\":\"https:\/\/venfilter.es\/fr\/#website\"},\"primaryImageOfPage\":{\"@id\":\"https:\/\/venfilter.es\/fr\/produits\/armature-en-metal-charbon-actif\/#primaryimage\"},\"image\":{\"@id\":\"https:\/\/venfilter.es\/fr\/produits\/armature-en-metal-charbon-actif\/#primaryimage\"},\"thumbnailUrl\":\"https:\/\/venfilter.es\/wp-content\/uploads\/marco_metalico_carbon_web.png\",\"datePublished\":\"2022-04-05T07:33:48+00:00\",\"dateModified\":\"2024-06-07T10:44:02+00:00\",\"description\":\"Filtre construit \u00e0 l'aide d'un cadre en acier galvanis\u00e9 et prot\u00e9g\u00e9 par une t\u00f4le perfor\u00e9e. Con\u00e7u pour la d\u00e9sodorisation et la purification des polluants\",\"breadcrumb\":{\"@id\":\"https:\/\/venfilter.es\/fr\/produits\/armature-en-metal-charbon-actif\/#breadcrumb\"},\"inLanguage\":\"fr-FR\",\"potentialAction\":[{\"@type\":\"ReadAction\",\"target\":[\"https:\/\/venfilter.es\/fr\/produits\/armature-en-metal-charbon-actif\/\"]}]},{\"@type\":\"ImageObject\",\"inLanguage\":\"fr-FR\",\"@id\":\"https:\/\/venfilter.es\/fr\/produits\/armature-en-metal-charbon-actif\/#primaryimage\",\"url\":\"https:\/\/venfilter.es\/wp-content\/uploads\/marco_metalico_carbon_web.png\",\"contentUrl\":\"https:\/\/venfilter.es\/wp-content\/uploads\/marco_metalico_carbon_web.png\",\"width\":478,\"height\":490},{\"@type\":\"BreadcrumbList\",\"@id\":\"https:\/\/venfilter.es\/fr\/produits\/armature-en-metal-charbon-actif\/#breadcrumb\",\"itemListElement\":[{\"@type\":\"ListItem\",\"position\":1,\"name\":\"Portada\",\"item\":\"https:\/\/venfilter.es\/fr\/\"},{\"@type\":\"ListItem\",\"position\":2,\"name\":\"Tienda\",\"item\":\"https:\/\/venfilter.es\/fr\/boutique\/\"},{\"@type\":\"ListItem\",\"position\":3,\"name\":\"Armature en m\u00e9tal Charbon actif\"}]},{\"@type\":\"WebSite\",\"@id\":\"https:\/\/venfilter.es\/fr\/#website\",\"url\":\"https:\/\/venfilter.es\/fr\/\",\"name\":\"Venfilter\",\"description\":\"Filtros de aire y ventilaci\u00f3n industrial\",\"potentialAction\":[{\"@type\":\"SearchAction\",\"target\":{\"@type\":\"EntryPoint\",\"urlTemplate\":\"https:\/\/venfilter.es\/fr\/?s={search_term_string}\"},\"query-input\":{\"@type\":\"PropertyValueSpecification\",\"valueRequired\":true,\"valueName\":\"search_term_string\"}}],\"inLanguage\":\"fr-FR\"}]}<\/script>\n<!-- \/ Yoast SEO plugin. -->","yoast_head_json":{"title":"Armature en m\u00e9tal Charbon actif - Venfilter","description":"Filtre construit \u00e0 l'aide d'un cadre en acier galvanis\u00e9 et prot\u00e9g\u00e9 par une t\u00f4le perfor\u00e9e. Con\u00e7u pour la d\u00e9sodorisation et la purification des polluants","robots":{"index":"index","follow":"follow","max-snippet":"max-snippet:-1","max-image-preview":"max-image-preview:large","max-video-preview":"max-video-preview:-1"},"canonical":"https:\/\/venfilter.es\/fr\/produits\/armature-en-metal-charbon-actif\/","og_locale":"fr_FR","og_type":"article","og_title":"Armature en m\u00e9tal Charbon actif - Venfilter","og_description":"Filtre construit \u00e0 l'aide d'un cadre en acier galvanis\u00e9 et prot\u00e9g\u00e9 par une t\u00f4le perfor\u00e9e. Con\u00e7u pour la d\u00e9sodorisation et la purification des polluants","og_url":"https:\/\/venfilter.es\/fr\/produits\/armature-en-metal-charbon-actif\/","og_site_name":"Venfilter","article_modified_time":"2024-06-07T10:44:02+00:00","og_image":[{"width":478,"height":490,"url":"https:\/\/venfilter.es\/wp-content\/uploads\/marco_metalico_carbon_web.png","type":"image\/png"}],"twitter_card":"summary_large_image","twitter_misc":{"Dur\u00e9e de lecture estim\u00e9e":"1 minute"},"schema":{"@context":"https:\/\/schema.org","@graph":[{"@type":"WebPage","@id":"https:\/\/venfilter.es\/fr\/produits\/armature-en-metal-charbon-actif\/","url":"https:\/\/venfilter.es\/fr\/produits\/armature-en-metal-charbon-actif\/","name":"Armature en m\u00e9tal Charbon actif - Venfilter","isPartOf":{"@id":"https:\/\/venfilter.es\/fr\/#website"},"primaryImageOfPage":{"@id":"https:\/\/venfilter.es\/fr\/produits\/armature-en-metal-charbon-actif\/#primaryimage"},"image":{"@id":"https:\/\/venfilter.es\/fr\/produits\/armature-en-metal-charbon-actif\/#primaryimage"},"thumbnailUrl":"https:\/\/venfilter.es\/wp-content\/uploads\/marco_metalico_carbon_web.png","datePublished":"2022-04-05T07:33:48+00:00","dateModified":"2024-06-07T10:44:02+00:00","description":"Filtre construit \u00e0 l'aide d'un cadre en acier galvanis\u00e9 et prot\u00e9g\u00e9 par une t\u00f4le perfor\u00e9e. Con\u00e7u pour la d\u00e9sodorisation et la purification des polluants","breadcrumb":{"@id":"https:\/\/venfilter.es\/fr\/produits\/armature-en-metal-charbon-actif\/#breadcrumb"},"inLanguage":"fr-FR","potentialAction":[{"@type":"ReadAction","target":["https:\/\/venfilter.es\/fr\/produits\/armature-en-metal-charbon-actif\/"]}]},{"@type":"ImageObject","inLanguage":"fr-FR","@id":"https:\/\/venfilter.es\/fr\/produits\/armature-en-metal-charbon-actif\/#primaryimage","url":"https:\/\/venfilter.es\/wp-content\/uploads\/marco_metalico_carbon_web.png","contentUrl":"https:\/\/venfilter.es\/wp-content\/uploads\/marco_metalico_carbon_web.png","width":478,"height":490},{"@type":"BreadcrumbList","@id":"https:\/\/venfilter.es\/fr\/produits\/armature-en-metal-charbon-actif\/#breadcrumb","itemListElement":[{"@type":"ListItem","position":1,"name":"Portada","item":"https:\/\/venfilter.es\/fr\/"},{"@type":"ListItem","position":2,"name":"Tienda","item":"https:\/\/venfilter.es\/fr\/boutique\/"},{"@type":"ListItem","position":3,"name":"Armature en m\u00e9tal Charbon actif"}]},{"@type":"WebSite","@id":"https:\/\/venfilter.es\/fr\/#website","url":"https:\/\/venfilter.es\/fr\/","name":"Venfilter","description":"Filtros de aire y ventilaci\u00f3n industrial","potentialAction":[{"@type":"SearchAction","target":{"@type":"EntryPoint","urlTemplate":"https:\/\/venfilter.es\/fr\/?s={search_term_string}"},"query-input":{"@type":"PropertyValueSpecification","valueRequired":true,"valueName":"search_term_string"}}],"inLanguage":"fr-FR"}]}},"_links":{"self":[{"href":"https:\/\/venfilter.es\/fr\/wp-json\/wp\/v2\/product\/31511","targetHints":{"allow":["GET"]}}],"collection":[{"href":"https:\/\/venfilter.es\/fr\/wp-json\/wp\/v2\/product"}],"about":[{"href":"https:\/\/venfilter.es\/fr\/wp-json\/wp\/v2\/types\/product"}],"replies":[{"embeddable":true,"href":"https:\/\/venfilter.es\/fr\/wp-json\/wp\/v2\/comments?post=31511"}],"wp:featuredmedia":[{"embeddable":true,"href":"https:\/\/venfilter.es\/fr\/wp-json\/wp\/v2\/media\/10812"}],"wp:attachment":[{"href":"https:\/\/venfilter.es\/fr\/wp-json\/wp\/v2\/media?parent=31511"}],"wp:term":[{"taxonomy":"product_brand","embeddable":true,"href":"https:\/\/venfilter.es\/fr\/wp-json\/wp\/v2\/product_brand?post=31511"},{"taxonomy":"product_cat","embeddable":true,"href":"https:\/\/venfilter.es\/fr\/wp-json\/wp\/v2\/product_cat?post=31511"},{"taxonomy":"product_tag","embeddable":true,"href":"https:\/\/venfilter.es\/fr\/wp-json\/wp\/v2\/product_tag?post=31511"},{"taxonomy":"certificado","embeddable":true,"href":"https:\/\/venfilter.es\/fr\/wp-json\/wp\/v2\/certificado?post=31511"}],"curies":[{"name":"wp","href":"https:\/\/api.w.org\/{rel}","templated":true}]}}