{"id":31514,"date":"2022-04-04T15:06:54","date_gmt":"2022-04-05T07:33:48","guid":{"rendered":"https:\/\/venfilter.es.mialias.net\/product\/multicarb\/"},"modified":"2022-05-04T09:52:03","modified_gmt":"2022-05-04T08:52:03","slug":"multicarb","status":"publish","type":"product","link":"https:\/\/venfilter.es\/fr\/produits\/multicarb\/","title":{"rendered":"Multicarb"},"content":{"rendered":"<p>Filtre \u00e0 charbon actif multi\u00e9drique avec m\u00e9dia pliss\u00e9 et charbon actif. Filtre \u00e0 haute efficacit\u00e9 utilis\u00e9 dans les bureaux, les a\u00e9roports, les ateliers industriels et les h\u00f4tels.<\/p>\n","protected":false},"excerpt":{"rendered":"<p>Filtre \u00e0 charbon actif multi\u00e9drique avec m\u00e9dia pliss\u00e9 et charbon actif. Filtre \u00e0 haute efficacit\u00e9 utilis\u00e9 dans les bureaux, les a\u00e9roports, les ateliers industriels et les h\u00f4tels.<\/p>\n","protected":false},"featured_media":10830,"comment_status":"closed","ping_status":"closed","template":"","meta":{"_acf_changed":false},"product_brand":[],"product_cat":[4231],"product_tag":[],"certificado":[],"class_list":{"0":"post-31514","1":"product","2":"type-product","3":"status-publish","4":"has-post-thumbnail","6":"product_cat-compacts-5","8":"first","9":"instock","10":"product-type-variable"},"acf":[],"yoast_head":"<!-- This site is optimized with the Yoast SEO plugin v26.6 - https:\/\/yoast.com\/wordpress\/plugins\/seo\/ -->\n<title>Multicarb - Venfilter<\/title>\n<meta name=\"description\" content=\"Filtre \u00e0 charbon actif multi\u00e9drique avec m\u00e9dia pliss\u00e9 et charbon actif. Filtre \u00e0 haute efficacit\u00e9 utilis\u00e9 dans les bureaux, les a\u00e9roports, les ateliers\" \/>\n<meta name=\"robots\" content=\"index, follow, max-snippet:-1, max-image-preview:large, max-video-preview:-1\" \/>\n<link rel=\"canonical\" href=\"https:\/\/venfilter.es\/fr\/produits\/multicarb\/\" \/>\n<meta property=\"og:locale\" content=\"fr_FR\" \/>\n<meta property=\"og:type\" content=\"article\" \/>\n<meta property=\"og:title\" content=\"Multicarb - Venfilter\" \/>\n<meta property=\"og:description\" content=\"Filtre \u00e0 charbon actif multi\u00e9drique avec m\u00e9dia pliss\u00e9 et charbon actif. Filtre \u00e0 haute efficacit\u00e9 utilis\u00e9 dans les bureaux, les a\u00e9roports, les ateliers\" \/>\n<meta property=\"og:url\" content=\"https:\/\/venfilter.es\/fr\/produits\/multicarb\/\" \/>\n<meta property=\"og:site_name\" content=\"Venfilter\" \/>\n<meta property=\"article:modified_time\" content=\"2022-05-04T08:52:03+00:00\" \/>\n<meta property=\"og:image\" content=\"https:\/\/venfilter.es\/wp-content\/uploads\/multicarb_2.jpg\" \/>\n\t<meta property=\"og:image:width\" content=\"500\" \/>\n\t<meta property=\"og:image:height\" content=\"500\" \/>\n\t<meta property=\"og:image:type\" content=\"image\/jpeg\" \/>\n<meta name=\"twitter:card\" content=\"summary_large_image\" \/>\n<script type=\"application\/ld+json\" class=\"yoast-schema-graph\">{\"@context\":\"https:\/\/schema.org\",\"@graph\":[{\"@type\":\"WebPage\",\"@id\":\"https:\/\/venfilter.es\/fr\/produits\/multicarb\/\",\"url\":\"https:\/\/venfilter.es\/fr\/produits\/multicarb\/\",\"name\":\"Multicarb - Venfilter\",\"isPartOf\":{\"@id\":\"https:\/\/venfilter.es\/fr\/#website\"},\"primaryImageOfPage\":{\"@id\":\"https:\/\/venfilter.es\/fr\/produits\/multicarb\/#primaryimage\"},\"image\":{\"@id\":\"https:\/\/venfilter.es\/fr\/produits\/multicarb\/#primaryimage\"},\"thumbnailUrl\":\"https:\/\/venfilter.es\/wp-content\/uploads\/multicarb_2.jpg\",\"datePublished\":\"2022-04-05T07:33:48+00:00\",\"dateModified\":\"2022-05-04T08:52:03+00:00\",\"description\":\"Filtre \u00e0 charbon actif multi\u00e9drique avec m\u00e9dia pliss\u00e9 et charbon actif. Filtre \u00e0 haute efficacit\u00e9 utilis\u00e9 dans les bureaux, les a\u00e9roports, les ateliers\",\"breadcrumb\":{\"@id\":\"https:\/\/venfilter.es\/fr\/produits\/multicarb\/#breadcrumb\"},\"inLanguage\":\"fr-FR\",\"potentialAction\":[{\"@type\":\"ReadAction\",\"target\":[\"https:\/\/venfilter.es\/fr\/produits\/multicarb\/\"]}]},{\"@type\":\"ImageObject\",\"inLanguage\":\"fr-FR\",\"@id\":\"https:\/\/venfilter.es\/fr\/produits\/multicarb\/#primaryimage\",\"url\":\"https:\/\/venfilter.es\/wp-content\/uploads\/multicarb_2.jpg\",\"contentUrl\":\"https:\/\/venfilter.es\/wp-content\/uploads\/multicarb_2.jpg\",\"width\":500,\"height\":500},{\"@type\":\"BreadcrumbList\",\"@id\":\"https:\/\/venfilter.es\/fr\/produits\/multicarb\/#breadcrumb\",\"itemListElement\":[{\"@type\":\"ListItem\",\"position\":1,\"name\":\"Portada\",\"item\":\"https:\/\/venfilter.es\/fr\/\"},{\"@type\":\"ListItem\",\"position\":2,\"name\":\"Tienda\",\"item\":\"https:\/\/venfilter.es\/fr\/boutique\/\"},{\"@type\":\"ListItem\",\"position\":3,\"name\":\"Multicarb\"}]},{\"@type\":\"WebSite\",\"@id\":\"https:\/\/venfilter.es\/fr\/#website\",\"url\":\"https:\/\/venfilter.es\/fr\/\",\"name\":\"Venfilter\",\"description\":\"Filtros de aire y ventilaci\u00f3n industrial\",\"potentialAction\":[{\"@type\":\"SearchAction\",\"target\":{\"@type\":\"EntryPoint\",\"urlTemplate\":\"https:\/\/venfilter.es\/fr\/?s={search_term_string}\"},\"query-input\":{\"@type\":\"PropertyValueSpecification\",\"valueRequired\":true,\"valueName\":\"search_term_string\"}}],\"inLanguage\":\"fr-FR\"}]}<\/script>\n<!-- \/ Yoast SEO plugin. -->","yoast_head_json":{"title":"Multicarb - Venfilter","description":"Filtre \u00e0 charbon actif multi\u00e9drique avec m\u00e9dia pliss\u00e9 et charbon actif. Filtre \u00e0 haute efficacit\u00e9 utilis\u00e9 dans les bureaux, les a\u00e9roports, les ateliers","robots":{"index":"index","follow":"follow","max-snippet":"max-snippet:-1","max-image-preview":"max-image-preview:large","max-video-preview":"max-video-preview:-1"},"canonical":"https:\/\/venfilter.es\/fr\/produits\/multicarb\/","og_locale":"fr_FR","og_type":"article","og_title":"Multicarb - Venfilter","og_description":"Filtre \u00e0 charbon actif multi\u00e9drique avec m\u00e9dia pliss\u00e9 et charbon actif. Filtre \u00e0 haute efficacit\u00e9 utilis\u00e9 dans les bureaux, les a\u00e9roports, les ateliers","og_url":"https:\/\/venfilter.es\/fr\/produits\/multicarb\/","og_site_name":"Venfilter","article_modified_time":"2022-05-04T08:52:03+00:00","og_image":[{"width":500,"height":500,"url":"https:\/\/venfilter.es\/wp-content\/uploads\/multicarb_2.jpg","type":"image\/jpeg"}],"twitter_card":"summary_large_image","schema":{"@context":"https:\/\/schema.org","@graph":[{"@type":"WebPage","@id":"https:\/\/venfilter.es\/fr\/produits\/multicarb\/","url":"https:\/\/venfilter.es\/fr\/produits\/multicarb\/","name":"Multicarb - Venfilter","isPartOf":{"@id":"https:\/\/venfilter.es\/fr\/#website"},"primaryImageOfPage":{"@id":"https:\/\/venfilter.es\/fr\/produits\/multicarb\/#primaryimage"},"image":{"@id":"https:\/\/venfilter.es\/fr\/produits\/multicarb\/#primaryimage"},"thumbnailUrl":"https:\/\/venfilter.es\/wp-content\/uploads\/multicarb_2.jpg","datePublished":"2022-04-05T07:33:48+00:00","dateModified":"2022-05-04T08:52:03+00:00","description":"Filtre \u00e0 charbon actif multi\u00e9drique avec m\u00e9dia pliss\u00e9 et charbon actif. Filtre \u00e0 haute efficacit\u00e9 utilis\u00e9 dans les bureaux, les a\u00e9roports, les ateliers","breadcrumb":{"@id":"https:\/\/venfilter.es\/fr\/produits\/multicarb\/#breadcrumb"},"inLanguage":"fr-FR","potentialAction":[{"@type":"ReadAction","target":["https:\/\/venfilter.es\/fr\/produits\/multicarb\/"]}]},{"@type":"ImageObject","inLanguage":"fr-FR","@id":"https:\/\/venfilter.es\/fr\/produits\/multicarb\/#primaryimage","url":"https:\/\/venfilter.es\/wp-content\/uploads\/multicarb_2.jpg","contentUrl":"https:\/\/venfilter.es\/wp-content\/uploads\/multicarb_2.jpg","width":500,"height":500},{"@type":"BreadcrumbList","@id":"https:\/\/venfilter.es\/fr\/produits\/multicarb\/#breadcrumb","itemListElement":[{"@type":"ListItem","position":1,"name":"Portada","item":"https:\/\/venfilter.es\/fr\/"},{"@type":"ListItem","position":2,"name":"Tienda","item":"https:\/\/venfilter.es\/fr\/boutique\/"},{"@type":"ListItem","position":3,"name":"Multicarb"}]},{"@type":"WebSite","@id":"https:\/\/venfilter.es\/fr\/#website","url":"https:\/\/venfilter.es\/fr\/","name":"Venfilter","description":"Filtros de aire y ventilaci\u00f3n industrial","potentialAction":[{"@type":"SearchAction","target":{"@type":"EntryPoint","urlTemplate":"https:\/\/venfilter.es\/fr\/?s={search_term_string}"},"query-input":{"@type":"PropertyValueSpecification","valueRequired":true,"valueName":"search_term_string"}}],"inLanguage":"fr-FR"}]}},"_links":{"self":[{"href":"https:\/\/venfilter.es\/fr\/wp-json\/wp\/v2\/product\/31514","targetHints":{"allow":["GET"]}}],"collection":[{"href":"https:\/\/venfilter.es\/fr\/wp-json\/wp\/v2\/product"}],"about":[{"href":"https:\/\/venfilter.es\/fr\/wp-json\/wp\/v2\/types\/product"}],"replies":[{"embeddable":true,"href":"https:\/\/venfilter.es\/fr\/wp-json\/wp\/v2\/comments?post=31514"}],"wp:featuredmedia":[{"embeddable":true,"href":"https:\/\/venfilter.es\/fr\/wp-json\/wp\/v2\/media\/10830"}],"wp:attachment":[{"href":"https:\/\/venfilter.es\/fr\/wp-json\/wp\/v2\/media?parent=31514"}],"wp:term":[{"taxonomy":"product_brand","embeddable":true,"href":"https:\/\/venfilter.es\/fr\/wp-json\/wp\/v2\/product_brand?post=31514"},{"taxonomy":"product_cat","embeddable":true,"href":"https:\/\/venfilter.es\/fr\/wp-json\/wp\/v2\/product_cat?post=31514"},{"taxonomy":"product_tag","embeddable":true,"href":"https:\/\/venfilter.es\/fr\/wp-json\/wp\/v2\/product_tag?post=31514"},{"taxonomy":"certificado","embeddable":true,"href":"https:\/\/venfilter.es\/fr\/wp-json\/wp\/v2\/certificado?post=31514"}],"curies":[{"name":"wp","href":"https:\/\/api.w.org\/{rel}","templated":true}]}}