{"id":31516,"date":"2022-04-04T15:06:54","date_gmt":"2022-04-04T14:06:54","guid":{"rendered":"https:\/\/venfilter.es.mialias.net\/product\/policarb\/"},"modified":"2023-06-29T19:18:35","modified_gmt":"2023-06-29T18:18:35","slug":"policarb","status":"publish","type":"product","link":"https:\/\/venfilter.es\/fr\/produits\/policarb\/","title":{"rendered":"Policarb"},"content":{"rendered":"<p>Filtre \u00e0 charbon actif multidi\u00e9drique avec bo\u00eete galvanis\u00e9e plate avec panneaux de charbon actif granul\u00e9. Pour la pr\u00e9filtration des syst\u00e8mes centraux de traitement, de conditionnement et de ventilation d\u2019air pour l\u2019\u00e9limination des polluants gazeux: unit\u00e9s de traitement d\u2019air, centres hospitaliers, laboratoires pharmaceutiques, installations de confort et industrielles, industrie chimique et alimentaire, incin\u00e9ration \/ niches \/ usines de traitement, D\u00e9p\u00f4ts pour animaux morts, h\u00f4tels, restaurants, discoth\u00e8ques, centrales thermiques et nucl\u00e9aires, mus\u00e9es, th\u00e9\u00e2tres, salles informatiques, zones critiques.<\/p>\n","protected":false},"excerpt":{"rendered":"<p>Filtre \u00e0 charbon actif multidi\u00e9drique avec bo\u00eete galvanis\u00e9e plate avec panneaux de charbon actif granul\u00e9. Pour la pr\u00e9filtration des syst\u00e8mes centraux de traitement, de conditionnement et de ventilation d\u2019air pour l\u2019\u00e9limination des polluants gazeux: unit\u00e9s de traitement d\u2019air, centres hospitaliers, laboratoires pharmaceutiques, installations de confort et industrielles, industrie chimique et alimentaire, incin\u00e9ration \/ niches \/ [&hellip;]<\/p>\n","protected":false},"featured_media":10842,"comment_status":"closed","ping_status":"closed","template":"","meta":{"_acf_changed":false},"product_brand":[],"product_cat":[4231],"product_tag":[],"certificado":[],"class_list":{"0":"post-31516","1":"product","2":"type-product","3":"status-publish","4":"has-post-thumbnail","6":"product_cat-compacts-5","8":"first","9":"instock","10":"product-type-variable"},"acf":[],"yoast_head":"<!-- This site is optimized with the Yoast SEO plugin v26.6 - https:\/\/yoast.com\/wordpress\/plugins\/seo\/ -->\n<title>Policarb - Venfilter<\/title>\n<meta name=\"description\" content=\"Filtre \u00e0 charbon actif multidi\u00e9drique avec bo\u00eete galvanis\u00e9e plate avec panneaux de charbon actif granul\u00e9. Pour la pr\u00e9filtration des syst\u00e8mes centraux de\" \/>\n<meta name=\"robots\" content=\"index, follow, max-snippet:-1, max-image-preview:large, max-video-preview:-1\" \/>\n<link rel=\"canonical\" href=\"https:\/\/venfilter.es\/fr\/produits\/policarb\/\" \/>\n<meta property=\"og:locale\" content=\"fr_FR\" \/>\n<meta property=\"og:type\" content=\"article\" \/>\n<meta property=\"og:title\" content=\"Policarb - Venfilter\" \/>\n<meta property=\"og:description\" content=\"Filtre \u00e0 charbon actif multidi\u00e9drique avec bo\u00eete galvanis\u00e9e plate avec panneaux de charbon actif granul\u00e9. Pour la pr\u00e9filtration des syst\u00e8mes centraux de\" \/>\n<meta property=\"og:url\" content=\"https:\/\/venfilter.es\/fr\/produits\/policarb\/\" \/>\n<meta property=\"og:site_name\" content=\"Venfilter\" \/>\n<meta property=\"article:modified_time\" content=\"2023-06-29T18:18:35+00:00\" \/>\n<meta property=\"og:image\" content=\"https:\/\/venfilter.es\/wp-content\/uploads\/policarb.jpg\" \/>\n\t<meta property=\"og:image:width\" content=\"500\" \/>\n\t<meta property=\"og:image:height\" content=\"500\" \/>\n\t<meta property=\"og:image:type\" content=\"image\/jpeg\" \/>\n<meta name=\"twitter:card\" content=\"summary_large_image\" \/>\n<meta name=\"twitter:label1\" content=\"Dur\u00e9e de lecture estim\u00e9e\" \/>\n\t<meta name=\"twitter:data1\" content=\"1 minute\" \/>\n<script type=\"application\/ld+json\" class=\"yoast-schema-graph\">{\"@context\":\"https:\/\/schema.org\",\"@graph\":[{\"@type\":\"WebPage\",\"@id\":\"https:\/\/venfilter.es\/fr\/produits\/policarb\/\",\"url\":\"https:\/\/venfilter.es\/fr\/produits\/policarb\/\",\"name\":\"Policarb - Venfilter\",\"isPartOf\":{\"@id\":\"https:\/\/venfilter.es\/fr\/#website\"},\"primaryImageOfPage\":{\"@id\":\"https:\/\/venfilter.es\/fr\/produits\/policarb\/#primaryimage\"},\"image\":{\"@id\":\"https:\/\/venfilter.es\/fr\/produits\/policarb\/#primaryimage\"},\"thumbnailUrl\":\"https:\/\/venfilter.es\/wp-content\/uploads\/policarb.jpg\",\"datePublished\":\"2022-04-04T14:06:54+00:00\",\"dateModified\":\"2023-06-29T18:18:35+00:00\",\"description\":\"Filtre \u00e0 charbon actif multidi\u00e9drique avec bo\u00eete galvanis\u00e9e plate avec panneaux de charbon actif granul\u00e9. Pour la pr\u00e9filtration des syst\u00e8mes centraux de\",\"breadcrumb\":{\"@id\":\"https:\/\/venfilter.es\/fr\/produits\/policarb\/#breadcrumb\"},\"inLanguage\":\"fr-FR\",\"potentialAction\":[{\"@type\":\"ReadAction\",\"target\":[\"https:\/\/venfilter.es\/fr\/produits\/policarb\/\"]}]},{\"@type\":\"ImageObject\",\"inLanguage\":\"fr-FR\",\"@id\":\"https:\/\/venfilter.es\/fr\/produits\/policarb\/#primaryimage\",\"url\":\"https:\/\/venfilter.es\/wp-content\/uploads\/policarb.jpg\",\"contentUrl\":\"https:\/\/venfilter.es\/wp-content\/uploads\/policarb.jpg\",\"width\":500,\"height\":500},{\"@type\":\"BreadcrumbList\",\"@id\":\"https:\/\/venfilter.es\/fr\/produits\/policarb\/#breadcrumb\",\"itemListElement\":[{\"@type\":\"ListItem\",\"position\":1,\"name\":\"Portada\",\"item\":\"https:\/\/venfilter.es\/fr\/\"},{\"@type\":\"ListItem\",\"position\":2,\"name\":\"Tienda\",\"item\":\"https:\/\/venfilter.es\/fr\/boutique\/\"},{\"@type\":\"ListItem\",\"position\":3,\"name\":\"Policarb\"}]},{\"@type\":\"WebSite\",\"@id\":\"https:\/\/venfilter.es\/fr\/#website\",\"url\":\"https:\/\/venfilter.es\/fr\/\",\"name\":\"Venfilter\",\"description\":\"Filtros de aire y ventilaci\u00f3n industrial\",\"potentialAction\":[{\"@type\":\"SearchAction\",\"target\":{\"@type\":\"EntryPoint\",\"urlTemplate\":\"https:\/\/venfilter.es\/fr\/?s={search_term_string}\"},\"query-input\":{\"@type\":\"PropertyValueSpecification\",\"valueRequired\":true,\"valueName\":\"search_term_string\"}}],\"inLanguage\":\"fr-FR\"}]}<\/script>\n<!-- \/ Yoast SEO plugin. -->","yoast_head_json":{"title":"Policarb - Venfilter","description":"Filtre \u00e0 charbon actif multidi\u00e9drique avec bo\u00eete galvanis\u00e9e plate avec panneaux de charbon actif granul\u00e9. Pour la pr\u00e9filtration des syst\u00e8mes centraux de","robots":{"index":"index","follow":"follow","max-snippet":"max-snippet:-1","max-image-preview":"max-image-preview:large","max-video-preview":"max-video-preview:-1"},"canonical":"https:\/\/venfilter.es\/fr\/produits\/policarb\/","og_locale":"fr_FR","og_type":"article","og_title":"Policarb - Venfilter","og_description":"Filtre \u00e0 charbon actif multidi\u00e9drique avec bo\u00eete galvanis\u00e9e plate avec panneaux de charbon actif granul\u00e9. Pour la pr\u00e9filtration des syst\u00e8mes centraux de","og_url":"https:\/\/venfilter.es\/fr\/produits\/policarb\/","og_site_name":"Venfilter","article_modified_time":"2023-06-29T18:18:35+00:00","og_image":[{"width":500,"height":500,"url":"https:\/\/venfilter.es\/wp-content\/uploads\/policarb.jpg","type":"image\/jpeg"}],"twitter_card":"summary_large_image","twitter_misc":{"Dur\u00e9e de lecture estim\u00e9e":"1 minute"},"schema":{"@context":"https:\/\/schema.org","@graph":[{"@type":"WebPage","@id":"https:\/\/venfilter.es\/fr\/produits\/policarb\/","url":"https:\/\/venfilter.es\/fr\/produits\/policarb\/","name":"Policarb - Venfilter","isPartOf":{"@id":"https:\/\/venfilter.es\/fr\/#website"},"primaryImageOfPage":{"@id":"https:\/\/venfilter.es\/fr\/produits\/policarb\/#primaryimage"},"image":{"@id":"https:\/\/venfilter.es\/fr\/produits\/policarb\/#primaryimage"},"thumbnailUrl":"https:\/\/venfilter.es\/wp-content\/uploads\/policarb.jpg","datePublished":"2022-04-04T14:06:54+00:00","dateModified":"2023-06-29T18:18:35+00:00","description":"Filtre \u00e0 charbon actif multidi\u00e9drique avec bo\u00eete galvanis\u00e9e plate avec panneaux de charbon actif granul\u00e9. Pour la pr\u00e9filtration des syst\u00e8mes centraux de","breadcrumb":{"@id":"https:\/\/venfilter.es\/fr\/produits\/policarb\/#breadcrumb"},"inLanguage":"fr-FR","potentialAction":[{"@type":"ReadAction","target":["https:\/\/venfilter.es\/fr\/produits\/policarb\/"]}]},{"@type":"ImageObject","inLanguage":"fr-FR","@id":"https:\/\/venfilter.es\/fr\/produits\/policarb\/#primaryimage","url":"https:\/\/venfilter.es\/wp-content\/uploads\/policarb.jpg","contentUrl":"https:\/\/venfilter.es\/wp-content\/uploads\/policarb.jpg","width":500,"height":500},{"@type":"BreadcrumbList","@id":"https:\/\/venfilter.es\/fr\/produits\/policarb\/#breadcrumb","itemListElement":[{"@type":"ListItem","position":1,"name":"Portada","item":"https:\/\/venfilter.es\/fr\/"},{"@type":"ListItem","position":2,"name":"Tienda","item":"https:\/\/venfilter.es\/fr\/boutique\/"},{"@type":"ListItem","position":3,"name":"Policarb"}]},{"@type":"WebSite","@id":"https:\/\/venfilter.es\/fr\/#website","url":"https:\/\/venfilter.es\/fr\/","name":"Venfilter","description":"Filtros de aire y ventilaci\u00f3n industrial","potentialAction":[{"@type":"SearchAction","target":{"@type":"EntryPoint","urlTemplate":"https:\/\/venfilter.es\/fr\/?s={search_term_string}"},"query-input":{"@type":"PropertyValueSpecification","valueRequired":true,"valueName":"search_term_string"}}],"inLanguage":"fr-FR"}]}},"_links":{"self":[{"href":"https:\/\/venfilter.es\/fr\/wp-json\/wp\/v2\/product\/31516","targetHints":{"allow":["GET"]}}],"collection":[{"href":"https:\/\/venfilter.es\/fr\/wp-json\/wp\/v2\/product"}],"about":[{"href":"https:\/\/venfilter.es\/fr\/wp-json\/wp\/v2\/types\/product"}],"replies":[{"embeddable":true,"href":"https:\/\/venfilter.es\/fr\/wp-json\/wp\/v2\/comments?post=31516"}],"wp:featuredmedia":[{"embeddable":true,"href":"https:\/\/venfilter.es\/fr\/wp-json\/wp\/v2\/media\/10842"}],"wp:attachment":[{"href":"https:\/\/venfilter.es\/fr\/wp-json\/wp\/v2\/media?parent=31516"}],"wp:term":[{"taxonomy":"product_brand","embeddable":true,"href":"https:\/\/venfilter.es\/fr\/wp-json\/wp\/v2\/product_brand?post=31516"},{"taxonomy":"product_cat","embeddable":true,"href":"https:\/\/venfilter.es\/fr\/wp-json\/wp\/v2\/product_cat?post=31516"},{"taxonomy":"product_tag","embeddable":true,"href":"https:\/\/venfilter.es\/fr\/wp-json\/wp\/v2\/product_tag?post=31516"},{"taxonomy":"certificado","embeddable":true,"href":"https:\/\/venfilter.es\/fr\/wp-json\/wp\/v2\/certificado?post=31516"}],"curies":[{"name":"wp","href":"https:\/\/api.w.org\/{rel}","templated":true}]}}