{"id":31520,"date":"2022-04-04T15:07:08","date_gmt":"2022-04-05T07:34:01","guid":{"rendered":"https:\/\/venfilter.es.mialias.net\/product\/sphere-carb-mixte\/"},"modified":"2022-05-04T10:44:45","modified_gmt":"2022-05-04T09:44:45","slug":"sphere-carb-mixte","status":"publish","type":"product","link":"https:\/\/venfilter.es\/fr\/produits\/sphere-carb-mixte\/","title":{"rendered":"SPH\u00c8RE CARB MIXTE"},"content":{"rendered":"<p>Il s\u2019agit d\u2019un m\u00e9lange de CARB FORMALD\u00c9HYDES (Sph\u00e8re) et charbon activ\u00e9 CARB ORGANIQUES. Ce m\u00e9lange offre en (%) : 70-30,50-50 ou 30-70, avec une densit\u00e9 au d\u00e9tail 667,605 ou 543 Kg\/m3.<\/p>\n","protected":false},"excerpt":{"rendered":"<p>Il s\u2019agit d\u2019un m\u00e9lange de CARB FORMALD\u00c9HYDES (Sph\u00e8re) et charbon activ\u00e9 CARB ORGANIQUES. Ce m\u00e9lange offre en (%) : 70-30,50-50 ou 30-70, avec une densit\u00e9 au d\u00e9tail 667,605 ou 543 Kg\/m3.<\/p>\n","protected":false},"featured_media":28383,"comment_status":"closed","ping_status":"closed","template":"","meta":{"_acf_changed":false},"product_brand":[],"product_cat":[4387],"product_tag":[],"certificado":[],"class_list":{"0":"post-31520","1":"product","2":"type-product","3":"status-publish","4":"has-post-thumbnail","6":"product_cat-granules","8":"first","9":"instock","10":"product-type-simple"},"acf":[],"yoast_head":"<!-- This site is optimized with the Yoast SEO plugin v26.6 - https:\/\/yoast.com\/wordpress\/plugins\/seo\/ -->\n<title>SPH\u00c8RE CARB MIXTE - Venfilter<\/title>\n<meta name=\"description\" content=\"Il s\u2019agit d\u2019un m\u00e9lange de CARB FORMALD\u00c9HYDES (Sph\u00e8re) et charbon activ\u00e9 CARB ORGANIQUES. Ce m\u00e9lange offre en (%) : 70-30,50-50 ou 30-70, avec une densit\u00e9\" \/>\n<meta name=\"robots\" content=\"index, follow, max-snippet:-1, max-image-preview:large, max-video-preview:-1\" \/>\n<link rel=\"canonical\" href=\"https:\/\/venfilter.es\/fr\/produits\/sphere-carb-mixte\/\" \/>\n<meta property=\"og:locale\" content=\"fr_FR\" \/>\n<meta property=\"og:type\" content=\"article\" \/>\n<meta property=\"og:title\" content=\"SPH\u00c8RE CARB MIXTE - Venfilter\" \/>\n<meta property=\"og:description\" content=\"Il s\u2019agit d\u2019un m\u00e9lange de CARB FORMALD\u00c9HYDES (Sph\u00e8re) et charbon activ\u00e9 CARB ORGANIQUES. Ce m\u00e9lange offre en (%) : 70-30,50-50 ou 30-70, avec une densit\u00e9\" \/>\n<meta property=\"og:url\" content=\"https:\/\/venfilter.es\/fr\/produits\/sphere-carb-mixte\/\" \/>\n<meta property=\"og:site_name\" content=\"Venfilter\" \/>\n<meta property=\"article:modified_time\" content=\"2022-05-04T09:44:45+00:00\" \/>\n<meta property=\"og:image\" content=\"https:\/\/venfilter.es\/wp-content\/uploads\/mbl_foto_cuenco.png\" \/>\n\t<meta property=\"og:image:width\" content=\"304\" \/>\n\t<meta property=\"og:image:height\" content=\"297\" \/>\n\t<meta property=\"og:image:type\" content=\"image\/png\" \/>\n<meta name=\"twitter:card\" content=\"summary_large_image\" \/>\n<script type=\"application\/ld+json\" class=\"yoast-schema-graph\">{\"@context\":\"https:\/\/schema.org\",\"@graph\":[{\"@type\":\"WebPage\",\"@id\":\"https:\/\/venfilter.es\/fr\/produits\/sphere-carb-mixte\/\",\"url\":\"https:\/\/venfilter.es\/fr\/produits\/sphere-carb-mixte\/\",\"name\":\"SPH\u00c8RE CARB MIXTE - Venfilter\",\"isPartOf\":{\"@id\":\"https:\/\/venfilter.es\/fr\/#website\"},\"primaryImageOfPage\":{\"@id\":\"https:\/\/venfilter.es\/fr\/produits\/sphere-carb-mixte\/#primaryimage\"},\"image\":{\"@id\":\"https:\/\/venfilter.es\/fr\/produits\/sphere-carb-mixte\/#primaryimage\"},\"thumbnailUrl\":\"https:\/\/venfilter.es\/wp-content\/uploads\/mbl_foto_cuenco.png\",\"datePublished\":\"2022-04-05T07:34:01+00:00\",\"dateModified\":\"2022-05-04T09:44:45+00:00\",\"description\":\"Il s\u2019agit d\u2019un m\u00e9lange de CARB FORMALD\u00c9HYDES (Sph\u00e8re) et charbon activ\u00e9 CARB ORGANIQUES. Ce m\u00e9lange offre en (%) : 70-30,50-50 ou 30-70, avec une densit\u00e9\",\"breadcrumb\":{\"@id\":\"https:\/\/venfilter.es\/fr\/produits\/sphere-carb-mixte\/#breadcrumb\"},\"inLanguage\":\"fr-FR\",\"potentialAction\":[{\"@type\":\"ReadAction\",\"target\":[\"https:\/\/venfilter.es\/fr\/produits\/sphere-carb-mixte\/\"]}]},{\"@type\":\"ImageObject\",\"inLanguage\":\"fr-FR\",\"@id\":\"https:\/\/venfilter.es\/fr\/produits\/sphere-carb-mixte\/#primaryimage\",\"url\":\"https:\/\/venfilter.es\/wp-content\/uploads\/mbl_foto_cuenco.png\",\"contentUrl\":\"https:\/\/venfilter.es\/wp-content\/uploads\/mbl_foto_cuenco.png\",\"width\":304,\"height\":297},{\"@type\":\"BreadcrumbList\",\"@id\":\"https:\/\/venfilter.es\/fr\/produits\/sphere-carb-mixte\/#breadcrumb\",\"itemListElement\":[{\"@type\":\"ListItem\",\"position\":1,\"name\":\"Portada\",\"item\":\"https:\/\/venfilter.es\/fr\/\"},{\"@type\":\"ListItem\",\"position\":2,\"name\":\"Tienda\",\"item\":\"https:\/\/venfilter.es\/fr\/boutique\/\"},{\"@type\":\"ListItem\",\"position\":3,\"name\":\"SPH\u00c8RE CARB MIXTE\"}]},{\"@type\":\"WebSite\",\"@id\":\"https:\/\/venfilter.es\/fr\/#website\",\"url\":\"https:\/\/venfilter.es\/fr\/\",\"name\":\"Venfilter\",\"description\":\"Filtros de aire y ventilaci\u00f3n industrial\",\"potentialAction\":[{\"@type\":\"SearchAction\",\"target\":{\"@type\":\"EntryPoint\",\"urlTemplate\":\"https:\/\/venfilter.es\/fr\/?s={search_term_string}\"},\"query-input\":{\"@type\":\"PropertyValueSpecification\",\"valueRequired\":true,\"valueName\":\"search_term_string\"}}],\"inLanguage\":\"fr-FR\"}]}<\/script>\n<!-- \/ Yoast SEO plugin. -->","yoast_head_json":{"title":"SPH\u00c8RE CARB MIXTE - Venfilter","description":"Il s\u2019agit d\u2019un m\u00e9lange de CARB FORMALD\u00c9HYDES (Sph\u00e8re) et charbon activ\u00e9 CARB ORGANIQUES. Ce m\u00e9lange offre en (%) : 70-30,50-50 ou 30-70, avec une densit\u00e9","robots":{"index":"index","follow":"follow","max-snippet":"max-snippet:-1","max-image-preview":"max-image-preview:large","max-video-preview":"max-video-preview:-1"},"canonical":"https:\/\/venfilter.es\/fr\/produits\/sphere-carb-mixte\/","og_locale":"fr_FR","og_type":"article","og_title":"SPH\u00c8RE CARB MIXTE - Venfilter","og_description":"Il s\u2019agit d\u2019un m\u00e9lange de CARB FORMALD\u00c9HYDES (Sph\u00e8re) et charbon activ\u00e9 CARB ORGANIQUES. Ce m\u00e9lange offre en (%) : 70-30,50-50 ou 30-70, avec une densit\u00e9","og_url":"https:\/\/venfilter.es\/fr\/produits\/sphere-carb-mixte\/","og_site_name":"Venfilter","article_modified_time":"2022-05-04T09:44:45+00:00","og_image":[{"width":304,"height":297,"url":"https:\/\/venfilter.es\/wp-content\/uploads\/mbl_foto_cuenco.png","type":"image\/png"}],"twitter_card":"summary_large_image","schema":{"@context":"https:\/\/schema.org","@graph":[{"@type":"WebPage","@id":"https:\/\/venfilter.es\/fr\/produits\/sphere-carb-mixte\/","url":"https:\/\/venfilter.es\/fr\/produits\/sphere-carb-mixte\/","name":"SPH\u00c8RE CARB MIXTE - Venfilter","isPartOf":{"@id":"https:\/\/venfilter.es\/fr\/#website"},"primaryImageOfPage":{"@id":"https:\/\/venfilter.es\/fr\/produits\/sphere-carb-mixte\/#primaryimage"},"image":{"@id":"https:\/\/venfilter.es\/fr\/produits\/sphere-carb-mixte\/#primaryimage"},"thumbnailUrl":"https:\/\/venfilter.es\/wp-content\/uploads\/mbl_foto_cuenco.png","datePublished":"2022-04-05T07:34:01+00:00","dateModified":"2022-05-04T09:44:45+00:00","description":"Il s\u2019agit d\u2019un m\u00e9lange de CARB FORMALD\u00c9HYDES (Sph\u00e8re) et charbon activ\u00e9 CARB ORGANIQUES. Ce m\u00e9lange offre en (%) : 70-30,50-50 ou 30-70, avec une densit\u00e9","breadcrumb":{"@id":"https:\/\/venfilter.es\/fr\/produits\/sphere-carb-mixte\/#breadcrumb"},"inLanguage":"fr-FR","potentialAction":[{"@type":"ReadAction","target":["https:\/\/venfilter.es\/fr\/produits\/sphere-carb-mixte\/"]}]},{"@type":"ImageObject","inLanguage":"fr-FR","@id":"https:\/\/venfilter.es\/fr\/produits\/sphere-carb-mixte\/#primaryimage","url":"https:\/\/venfilter.es\/wp-content\/uploads\/mbl_foto_cuenco.png","contentUrl":"https:\/\/venfilter.es\/wp-content\/uploads\/mbl_foto_cuenco.png","width":304,"height":297},{"@type":"BreadcrumbList","@id":"https:\/\/venfilter.es\/fr\/produits\/sphere-carb-mixte\/#breadcrumb","itemListElement":[{"@type":"ListItem","position":1,"name":"Portada","item":"https:\/\/venfilter.es\/fr\/"},{"@type":"ListItem","position":2,"name":"Tienda","item":"https:\/\/venfilter.es\/fr\/boutique\/"},{"@type":"ListItem","position":3,"name":"SPH\u00c8RE CARB MIXTE"}]},{"@type":"WebSite","@id":"https:\/\/venfilter.es\/fr\/#website","url":"https:\/\/venfilter.es\/fr\/","name":"Venfilter","description":"Filtros de aire y ventilaci\u00f3n industrial","potentialAction":[{"@type":"SearchAction","target":{"@type":"EntryPoint","urlTemplate":"https:\/\/venfilter.es\/fr\/?s={search_term_string}"},"query-input":{"@type":"PropertyValueSpecification","valueRequired":true,"valueName":"search_term_string"}}],"inLanguage":"fr-FR"}]}},"_links":{"self":[{"href":"https:\/\/venfilter.es\/fr\/wp-json\/wp\/v2\/product\/31520","targetHints":{"allow":["GET"]}}],"collection":[{"href":"https:\/\/venfilter.es\/fr\/wp-json\/wp\/v2\/product"}],"about":[{"href":"https:\/\/venfilter.es\/fr\/wp-json\/wp\/v2\/types\/product"}],"replies":[{"embeddable":true,"href":"https:\/\/venfilter.es\/fr\/wp-json\/wp\/v2\/comments?post=31520"}],"wp:featuredmedia":[{"embeddable":true,"href":"https:\/\/venfilter.es\/fr\/wp-json\/wp\/v2\/media\/28383"}],"wp:attachment":[{"href":"https:\/\/venfilter.es\/fr\/wp-json\/wp\/v2\/media?parent=31520"}],"wp:term":[{"taxonomy":"product_brand","embeddable":true,"href":"https:\/\/venfilter.es\/fr\/wp-json\/wp\/v2\/product_brand?post=31520"},{"taxonomy":"product_cat","embeddable":true,"href":"https:\/\/venfilter.es\/fr\/wp-json\/wp\/v2\/product_cat?post=31520"},{"taxonomy":"product_tag","embeddable":true,"href":"https:\/\/venfilter.es\/fr\/wp-json\/wp\/v2\/product_tag?post=31520"},{"taxonomy":"certificado","embeddable":true,"href":"https:\/\/venfilter.es\/fr\/wp-json\/wp\/v2\/certificado?post=31520"}],"curies":[{"name":"wp","href":"https:\/\/api.w.org\/{rel}","templated":true}]}}