{"id":31522,"date":"2022-04-04T15:07:08","date_gmt":"2022-04-05T07:34:01","guid":{"rendered":"https:\/\/venfilter.es.mialias.net\/product\/carb-soufre\/"},"modified":"2022-05-04T09:28:42","modified_gmt":"2022-05-04T08:28:42","slug":"carb-soufre","status":"publish","type":"product","link":"https:\/\/venfilter.es\/fr\/produits\/carb-soufre\/","title":{"rendered":"CARB SOUFRE"},"content":{"rendered":"<p>Combina un carb\u00f3n activo de primera calidad con uIl combine un charbon actif de premi\u00e8re qualit\u00e9 avec un m\u00e9lange de phases inorganiques catalytiques, ce qui r\u00e9sulte en une capacit\u00e9 extraordinaire d\u2019absorption de sulfure d\u2019hydrog\u00e8ne (H2S). Contrairement \u00e0 ce qui arrive avec d\u2019autres mesures, le H2S ne ne transforme pas en acide sulfurique (H2SO49, mais en souffre \u00e9l\u00e9mentaire (S). Il est \u00e9galement un bon absorbant pour d\u2019autres gaz acides, tel le dioxyde de souffre (SO2), le m\u00e9thylmercaptan et les compos\u00e9s sulfur\u00e9s volatiles (CSVs).na mezcla de fases inorg\u00e1nicas catal\u00edticas, lo que resulta una extraordinaria capacidad de absorci\u00f3n de sulfurode hidr\u00f3geno (H2S). A diferencia de lo que ocurre con otras medias, el H2S no se convierte en \u00e1cido sulf\u00farico (H2SO49, sino en azufre elemental (S). Tambi\u00e9n es un buen absorbente para otros gases \u00e1cidos, como el di\u00f3xido de azufre (SO2), el metilmercaptano y compuestos sulfurados vol\u00e1tiles (CSVs).<\/p>\n","protected":false},"excerpt":{"rendered":"<p>Combina un carb\u00f3n activo de primera calidad con uIl combine un charbon actif de premi\u00e8re qualit\u00e9 avec un m\u00e9lange de phases inorganiques catalytiques, ce qui r\u00e9sulte en une capacit\u00e9 extraordinaire d\u2019absorption de sulfure d\u2019hydrog\u00e8ne (H2S). Contrairement \u00e0 ce qui arrive avec d\u2019autres mesures, le H2S ne ne transforme pas en acide sulfurique (H2SO49, mais en [&hellip;]<\/p>\n","protected":false},"featured_media":28386,"comment_status":"closed","ping_status":"closed","template":"","meta":{"_acf_changed":false},"product_brand":[],"product_cat":[4387],"product_tag":[],"certificado":[],"class_list":{"0":"post-31522","1":"product","2":"type-product","3":"status-publish","4":"has-post-thumbnail","6":"product_cat-granules","8":"first","9":"instock","10":"product-type-simple"},"acf":[],"yoast_head":"<!-- This site is optimized with the Yoast SEO plugin v26.6 - https:\/\/yoast.com\/wordpress\/plugins\/seo\/ -->\n<title>CARB SOUFRE - Venfilter<\/title>\n<meta name=\"description\" content=\"Combina un carb\u00f3n activo de primera calidad con uIl combine un charbon actif de premi\u00e8re qualit\u00e9 avec un m\u00e9lange de phases inorganiques catalytiques, ce\" \/>\n<meta name=\"robots\" content=\"index, follow, max-snippet:-1, max-image-preview:large, max-video-preview:-1\" \/>\n<link rel=\"canonical\" href=\"https:\/\/venfilter.es\/fr\/produits\/carb-soufre\/\" \/>\n<meta property=\"og:locale\" content=\"fr_FR\" \/>\n<meta property=\"og:type\" content=\"article\" \/>\n<meta property=\"og:title\" content=\"CARB SOUFRE - Venfilter\" \/>\n<meta property=\"og:description\" content=\"Combina un carb\u00f3n activo de primera calidad con uIl combine un charbon actif de premi\u00e8re qualit\u00e9 avec un m\u00e9lange de phases inorganiques catalytiques, ce\" \/>\n<meta property=\"og:url\" content=\"https:\/\/venfilter.es\/fr\/produits\/carb-soufre\/\" \/>\n<meta property=\"og:site_name\" content=\"Venfilter\" \/>\n<meta property=\"article:modified_time\" content=\"2022-05-04T08:28:42+00:00\" \/>\n<meta property=\"og:image\" content=\"https:\/\/venfilter.es\/wp-content\/uploads\/carbon_negro.png\" \/>\n\t<meta property=\"og:image:width\" content=\"290\" \/>\n\t<meta property=\"og:image:height\" content=\"337\" \/>\n\t<meta property=\"og:image:type\" content=\"image\/png\" \/>\n<meta name=\"twitter:card\" content=\"summary_large_image\" \/>\n<meta name=\"twitter:label1\" content=\"Dur\u00e9e de lecture estim\u00e9e\" \/>\n\t<meta name=\"twitter:data1\" content=\"1 minute\" \/>\n<script type=\"application\/ld+json\" class=\"yoast-schema-graph\">{\"@context\":\"https:\/\/schema.org\",\"@graph\":[{\"@type\":\"WebPage\",\"@id\":\"https:\/\/venfilter.es\/fr\/produits\/carb-soufre\/\",\"url\":\"https:\/\/venfilter.es\/fr\/produits\/carb-soufre\/\",\"name\":\"CARB SOUFRE - Venfilter\",\"isPartOf\":{\"@id\":\"https:\/\/venfilter.es\/fr\/#website\"},\"primaryImageOfPage\":{\"@id\":\"https:\/\/venfilter.es\/fr\/produits\/carb-soufre\/#primaryimage\"},\"image\":{\"@id\":\"https:\/\/venfilter.es\/fr\/produits\/carb-soufre\/#primaryimage\"},\"thumbnailUrl\":\"https:\/\/venfilter.es\/wp-content\/uploads\/carbon_negro.png\",\"datePublished\":\"2022-04-05T07:34:01+00:00\",\"dateModified\":\"2022-05-04T08:28:42+00:00\",\"description\":\"Combina un carb\u00f3n activo de primera calidad con uIl combine un charbon actif de premi\u00e8re qualit\u00e9 avec un m\u00e9lange de phases inorganiques catalytiques, ce\",\"breadcrumb\":{\"@id\":\"https:\/\/venfilter.es\/fr\/produits\/carb-soufre\/#breadcrumb\"},\"inLanguage\":\"fr-FR\",\"potentialAction\":[{\"@type\":\"ReadAction\",\"target\":[\"https:\/\/venfilter.es\/fr\/produits\/carb-soufre\/\"]}]},{\"@type\":\"ImageObject\",\"inLanguage\":\"fr-FR\",\"@id\":\"https:\/\/venfilter.es\/fr\/produits\/carb-soufre\/#primaryimage\",\"url\":\"https:\/\/venfilter.es\/wp-content\/uploads\/carbon_negro.png\",\"contentUrl\":\"https:\/\/venfilter.es\/wp-content\/uploads\/carbon_negro.png\",\"width\":290,\"height\":337},{\"@type\":\"BreadcrumbList\",\"@id\":\"https:\/\/venfilter.es\/fr\/produits\/carb-soufre\/#breadcrumb\",\"itemListElement\":[{\"@type\":\"ListItem\",\"position\":1,\"name\":\"Portada\",\"item\":\"https:\/\/venfilter.es\/fr\/\"},{\"@type\":\"ListItem\",\"position\":2,\"name\":\"Tienda\",\"item\":\"https:\/\/venfilter.es\/fr\/boutique\/\"},{\"@type\":\"ListItem\",\"position\":3,\"name\":\"CARB SOUFRE\"}]},{\"@type\":\"WebSite\",\"@id\":\"https:\/\/venfilter.es\/fr\/#website\",\"url\":\"https:\/\/venfilter.es\/fr\/\",\"name\":\"Venfilter\",\"description\":\"Filtros de aire y ventilaci\u00f3n industrial\",\"potentialAction\":[{\"@type\":\"SearchAction\",\"target\":{\"@type\":\"EntryPoint\",\"urlTemplate\":\"https:\/\/venfilter.es\/fr\/?s={search_term_string}\"},\"query-input\":{\"@type\":\"PropertyValueSpecification\",\"valueRequired\":true,\"valueName\":\"search_term_string\"}}],\"inLanguage\":\"fr-FR\"}]}<\/script>\n<!-- \/ Yoast SEO plugin. -->","yoast_head_json":{"title":"CARB SOUFRE - Venfilter","description":"Combina un carb\u00f3n activo de primera calidad con uIl combine un charbon actif de premi\u00e8re qualit\u00e9 avec un m\u00e9lange de phases inorganiques catalytiques, ce","robots":{"index":"index","follow":"follow","max-snippet":"max-snippet:-1","max-image-preview":"max-image-preview:large","max-video-preview":"max-video-preview:-1"},"canonical":"https:\/\/venfilter.es\/fr\/produits\/carb-soufre\/","og_locale":"fr_FR","og_type":"article","og_title":"CARB SOUFRE - Venfilter","og_description":"Combina un carb\u00f3n activo de primera calidad con uIl combine un charbon actif de premi\u00e8re qualit\u00e9 avec un m\u00e9lange de phases inorganiques catalytiques, ce","og_url":"https:\/\/venfilter.es\/fr\/produits\/carb-soufre\/","og_site_name":"Venfilter","article_modified_time":"2022-05-04T08:28:42+00:00","og_image":[{"width":290,"height":337,"url":"https:\/\/venfilter.es\/wp-content\/uploads\/carbon_negro.png","type":"image\/png"}],"twitter_card":"summary_large_image","twitter_misc":{"Dur\u00e9e de lecture estim\u00e9e":"1 minute"},"schema":{"@context":"https:\/\/schema.org","@graph":[{"@type":"WebPage","@id":"https:\/\/venfilter.es\/fr\/produits\/carb-soufre\/","url":"https:\/\/venfilter.es\/fr\/produits\/carb-soufre\/","name":"CARB SOUFRE - Venfilter","isPartOf":{"@id":"https:\/\/venfilter.es\/fr\/#website"},"primaryImageOfPage":{"@id":"https:\/\/venfilter.es\/fr\/produits\/carb-soufre\/#primaryimage"},"image":{"@id":"https:\/\/venfilter.es\/fr\/produits\/carb-soufre\/#primaryimage"},"thumbnailUrl":"https:\/\/venfilter.es\/wp-content\/uploads\/carbon_negro.png","datePublished":"2022-04-05T07:34:01+00:00","dateModified":"2022-05-04T08:28:42+00:00","description":"Combina un carb\u00f3n activo de primera calidad con uIl combine un charbon actif de premi\u00e8re qualit\u00e9 avec un m\u00e9lange de phases inorganiques catalytiques, ce","breadcrumb":{"@id":"https:\/\/venfilter.es\/fr\/produits\/carb-soufre\/#breadcrumb"},"inLanguage":"fr-FR","potentialAction":[{"@type":"ReadAction","target":["https:\/\/venfilter.es\/fr\/produits\/carb-soufre\/"]}]},{"@type":"ImageObject","inLanguage":"fr-FR","@id":"https:\/\/venfilter.es\/fr\/produits\/carb-soufre\/#primaryimage","url":"https:\/\/venfilter.es\/wp-content\/uploads\/carbon_negro.png","contentUrl":"https:\/\/venfilter.es\/wp-content\/uploads\/carbon_negro.png","width":290,"height":337},{"@type":"BreadcrumbList","@id":"https:\/\/venfilter.es\/fr\/produits\/carb-soufre\/#breadcrumb","itemListElement":[{"@type":"ListItem","position":1,"name":"Portada","item":"https:\/\/venfilter.es\/fr\/"},{"@type":"ListItem","position":2,"name":"Tienda","item":"https:\/\/venfilter.es\/fr\/boutique\/"},{"@type":"ListItem","position":3,"name":"CARB SOUFRE"}]},{"@type":"WebSite","@id":"https:\/\/venfilter.es\/fr\/#website","url":"https:\/\/venfilter.es\/fr\/","name":"Venfilter","description":"Filtros de aire y ventilaci\u00f3n industrial","potentialAction":[{"@type":"SearchAction","target":{"@type":"EntryPoint","urlTemplate":"https:\/\/venfilter.es\/fr\/?s={search_term_string}"},"query-input":{"@type":"PropertyValueSpecification","valueRequired":true,"valueName":"search_term_string"}}],"inLanguage":"fr-FR"}]}},"_links":{"self":[{"href":"https:\/\/venfilter.es\/fr\/wp-json\/wp\/v2\/product\/31522","targetHints":{"allow":["GET"]}}],"collection":[{"href":"https:\/\/venfilter.es\/fr\/wp-json\/wp\/v2\/product"}],"about":[{"href":"https:\/\/venfilter.es\/fr\/wp-json\/wp\/v2\/types\/product"}],"replies":[{"embeddable":true,"href":"https:\/\/venfilter.es\/fr\/wp-json\/wp\/v2\/comments?post=31522"}],"wp:featuredmedia":[{"embeddable":true,"href":"https:\/\/venfilter.es\/fr\/wp-json\/wp\/v2\/media\/28386"}],"wp:attachment":[{"href":"https:\/\/venfilter.es\/fr\/wp-json\/wp\/v2\/media?parent=31522"}],"wp:term":[{"taxonomy":"product_brand","embeddable":true,"href":"https:\/\/venfilter.es\/fr\/wp-json\/wp\/v2\/product_brand?post=31522"},{"taxonomy":"product_cat","embeddable":true,"href":"https:\/\/venfilter.es\/fr\/wp-json\/wp\/v2\/product_cat?post=31522"},{"taxonomy":"product_tag","embeddable":true,"href":"https:\/\/venfilter.es\/fr\/wp-json\/wp\/v2\/product_tag?post=31522"},{"taxonomy":"certificado","embeddable":true,"href":"https:\/\/venfilter.es\/fr\/wp-json\/wp\/v2\/certificado?post=31522"}],"curies":[{"name":"wp","href":"https:\/\/api.w.org\/{rel}","templated":true}]}}