{"id":31523,"date":"2022-04-04T15:07:08","date_gmt":"2022-04-05T07:34:01","guid":{"rendered":"https:\/\/venfilter.es.mialias.net\/product\/carb-ammoniaques\/"},"modified":"2022-05-04T09:06:59","modified_gmt":"2022-05-04T08:06:59","slug":"carb-ammoniaques","status":"publish","type":"product","link":"https:\/\/venfilter.es\/fr\/produits\/carb-ammoniaques\/","title":{"rendered":"CARB AMMONIAQUES"},"content":{"rendered":"<p>Il s\u2019agit d\u2019un charbon impr\u00e9gn\u00e9 avec de l&rsquo;acide phosphorique. Ses applications les plus fr\u00e9quentes comprennent l\u2019absorption d\u2019odeurs et irritants d\u00e9riv\u00e9s du tout \u00e0 l\u2019\u00e9gout, imprimantes, fertilisants, produits de nettoyage, urine et traitement de poisson.<\/p>\n","protected":false},"excerpt":{"rendered":"<p>Il s\u2019agit d\u2019un charbon impr\u00e9gn\u00e9 avec de l&rsquo;acide phosphorique. Ses applications les plus fr\u00e9quentes comprennent l\u2019absorption d\u2019odeurs et irritants d\u00e9riv\u00e9s du tout \u00e0 l\u2019\u00e9gout, imprimantes, fertilisants, produits de nettoyage, urine et traitement de poisson.<\/p>\n","protected":false},"featured_media":28386,"comment_status":"closed","ping_status":"closed","template":"","meta":{"_acf_changed":false},"product_brand":[],"product_cat":[4387],"product_tag":[],"certificado":[],"class_list":{"0":"post-31523","1":"product","2":"type-product","3":"status-publish","4":"has-post-thumbnail","6":"product_cat-granules","8":"first","9":"instock","10":"product-type-simple"},"acf":[],"yoast_head":"<!-- This site is optimized with the Yoast SEO plugin v26.6 - https:\/\/yoast.com\/wordpress\/plugins\/seo\/ -->\n<title>CARB AMMONIAQUES - Venfilter<\/title>\n<meta name=\"description\" content=\"Il s\u2019agit d\u2019un charbon impr\u00e9gn\u00e9 avec de l&#039;acide phosphorique. Ses applications les plus fr\u00e9quentes comprennent l\u2019absorption d\u2019odeurs et irritants d\u00e9riv\u00e9s\" \/>\n<meta name=\"robots\" content=\"index, follow, max-snippet:-1, max-image-preview:large, max-video-preview:-1\" \/>\n<link rel=\"canonical\" href=\"https:\/\/venfilter.es\/fr\/produits\/carb-ammoniaques\/\" \/>\n<meta property=\"og:locale\" content=\"fr_FR\" \/>\n<meta property=\"og:type\" content=\"article\" \/>\n<meta property=\"og:title\" content=\"CARB AMMONIAQUES - Venfilter\" \/>\n<meta property=\"og:description\" content=\"Il s\u2019agit d\u2019un charbon impr\u00e9gn\u00e9 avec de l&#039;acide phosphorique. Ses applications les plus fr\u00e9quentes comprennent l\u2019absorption d\u2019odeurs et irritants d\u00e9riv\u00e9s\" \/>\n<meta property=\"og:url\" content=\"https:\/\/venfilter.es\/fr\/produits\/carb-ammoniaques\/\" \/>\n<meta property=\"og:site_name\" content=\"Venfilter\" \/>\n<meta property=\"article:modified_time\" content=\"2022-05-04T08:06:59+00:00\" \/>\n<meta property=\"og:image\" content=\"https:\/\/venfilter.es\/wp-content\/uploads\/carbon_negro.png\" \/>\n\t<meta property=\"og:image:width\" content=\"290\" \/>\n\t<meta property=\"og:image:height\" content=\"337\" \/>\n\t<meta property=\"og:image:type\" content=\"image\/png\" \/>\n<meta name=\"twitter:card\" content=\"summary_large_image\" \/>\n<script type=\"application\/ld+json\" class=\"yoast-schema-graph\">{\"@context\":\"https:\/\/schema.org\",\"@graph\":[{\"@type\":\"WebPage\",\"@id\":\"https:\/\/venfilter.es\/fr\/produits\/carb-ammoniaques\/\",\"url\":\"https:\/\/venfilter.es\/fr\/produits\/carb-ammoniaques\/\",\"name\":\"CARB AMMONIAQUES - Venfilter\",\"isPartOf\":{\"@id\":\"https:\/\/venfilter.es\/fr\/#website\"},\"primaryImageOfPage\":{\"@id\":\"https:\/\/venfilter.es\/fr\/produits\/carb-ammoniaques\/#primaryimage\"},\"image\":{\"@id\":\"https:\/\/venfilter.es\/fr\/produits\/carb-ammoniaques\/#primaryimage\"},\"thumbnailUrl\":\"https:\/\/venfilter.es\/wp-content\/uploads\/carbon_negro.png\",\"datePublished\":\"2022-04-05T07:34:01+00:00\",\"dateModified\":\"2022-05-04T08:06:59+00:00\",\"description\":\"Il s\u2019agit d\u2019un charbon impr\u00e9gn\u00e9 avec de l'acide phosphorique. Ses applications les plus fr\u00e9quentes comprennent l\u2019absorption d\u2019odeurs et irritants d\u00e9riv\u00e9s\",\"breadcrumb\":{\"@id\":\"https:\/\/venfilter.es\/fr\/produits\/carb-ammoniaques\/#breadcrumb\"},\"inLanguage\":\"fr-FR\",\"potentialAction\":[{\"@type\":\"ReadAction\",\"target\":[\"https:\/\/venfilter.es\/fr\/produits\/carb-ammoniaques\/\"]}]},{\"@type\":\"ImageObject\",\"inLanguage\":\"fr-FR\",\"@id\":\"https:\/\/venfilter.es\/fr\/produits\/carb-ammoniaques\/#primaryimage\",\"url\":\"https:\/\/venfilter.es\/wp-content\/uploads\/carbon_negro.png\",\"contentUrl\":\"https:\/\/venfilter.es\/wp-content\/uploads\/carbon_negro.png\",\"width\":290,\"height\":337},{\"@type\":\"BreadcrumbList\",\"@id\":\"https:\/\/venfilter.es\/fr\/produits\/carb-ammoniaques\/#breadcrumb\",\"itemListElement\":[{\"@type\":\"ListItem\",\"position\":1,\"name\":\"Portada\",\"item\":\"https:\/\/venfilter.es\/fr\/\"},{\"@type\":\"ListItem\",\"position\":2,\"name\":\"Tienda\",\"item\":\"https:\/\/venfilter.es\/fr\/boutique\/\"},{\"@type\":\"ListItem\",\"position\":3,\"name\":\"CARB AMMONIAQUES\"}]},{\"@type\":\"WebSite\",\"@id\":\"https:\/\/venfilter.es\/fr\/#website\",\"url\":\"https:\/\/venfilter.es\/fr\/\",\"name\":\"Venfilter\",\"description\":\"Filtros de aire y ventilaci\u00f3n industrial\",\"potentialAction\":[{\"@type\":\"SearchAction\",\"target\":{\"@type\":\"EntryPoint\",\"urlTemplate\":\"https:\/\/venfilter.es\/fr\/?s={search_term_string}\"},\"query-input\":{\"@type\":\"PropertyValueSpecification\",\"valueRequired\":true,\"valueName\":\"search_term_string\"}}],\"inLanguage\":\"fr-FR\"}]}<\/script>\n<!-- \/ Yoast SEO plugin. -->","yoast_head_json":{"title":"CARB AMMONIAQUES - Venfilter","description":"Il s\u2019agit d\u2019un charbon impr\u00e9gn\u00e9 avec de l'acide phosphorique. Ses applications les plus fr\u00e9quentes comprennent l\u2019absorption d\u2019odeurs et irritants d\u00e9riv\u00e9s","robots":{"index":"index","follow":"follow","max-snippet":"max-snippet:-1","max-image-preview":"max-image-preview:large","max-video-preview":"max-video-preview:-1"},"canonical":"https:\/\/venfilter.es\/fr\/produits\/carb-ammoniaques\/","og_locale":"fr_FR","og_type":"article","og_title":"CARB AMMONIAQUES - Venfilter","og_description":"Il s\u2019agit d\u2019un charbon impr\u00e9gn\u00e9 avec de l'acide phosphorique. Ses applications les plus fr\u00e9quentes comprennent l\u2019absorption d\u2019odeurs et irritants d\u00e9riv\u00e9s","og_url":"https:\/\/venfilter.es\/fr\/produits\/carb-ammoniaques\/","og_site_name":"Venfilter","article_modified_time":"2022-05-04T08:06:59+00:00","og_image":[{"width":290,"height":337,"url":"https:\/\/venfilter.es\/wp-content\/uploads\/carbon_negro.png","type":"image\/png"}],"twitter_card":"summary_large_image","schema":{"@context":"https:\/\/schema.org","@graph":[{"@type":"WebPage","@id":"https:\/\/venfilter.es\/fr\/produits\/carb-ammoniaques\/","url":"https:\/\/venfilter.es\/fr\/produits\/carb-ammoniaques\/","name":"CARB AMMONIAQUES - Venfilter","isPartOf":{"@id":"https:\/\/venfilter.es\/fr\/#website"},"primaryImageOfPage":{"@id":"https:\/\/venfilter.es\/fr\/produits\/carb-ammoniaques\/#primaryimage"},"image":{"@id":"https:\/\/venfilter.es\/fr\/produits\/carb-ammoniaques\/#primaryimage"},"thumbnailUrl":"https:\/\/venfilter.es\/wp-content\/uploads\/carbon_negro.png","datePublished":"2022-04-05T07:34:01+00:00","dateModified":"2022-05-04T08:06:59+00:00","description":"Il s\u2019agit d\u2019un charbon impr\u00e9gn\u00e9 avec de l'acide phosphorique. Ses applications les plus fr\u00e9quentes comprennent l\u2019absorption d\u2019odeurs et irritants d\u00e9riv\u00e9s","breadcrumb":{"@id":"https:\/\/venfilter.es\/fr\/produits\/carb-ammoniaques\/#breadcrumb"},"inLanguage":"fr-FR","potentialAction":[{"@type":"ReadAction","target":["https:\/\/venfilter.es\/fr\/produits\/carb-ammoniaques\/"]}]},{"@type":"ImageObject","inLanguage":"fr-FR","@id":"https:\/\/venfilter.es\/fr\/produits\/carb-ammoniaques\/#primaryimage","url":"https:\/\/venfilter.es\/wp-content\/uploads\/carbon_negro.png","contentUrl":"https:\/\/venfilter.es\/wp-content\/uploads\/carbon_negro.png","width":290,"height":337},{"@type":"BreadcrumbList","@id":"https:\/\/venfilter.es\/fr\/produits\/carb-ammoniaques\/#breadcrumb","itemListElement":[{"@type":"ListItem","position":1,"name":"Portada","item":"https:\/\/venfilter.es\/fr\/"},{"@type":"ListItem","position":2,"name":"Tienda","item":"https:\/\/venfilter.es\/fr\/boutique\/"},{"@type":"ListItem","position":3,"name":"CARB AMMONIAQUES"}]},{"@type":"WebSite","@id":"https:\/\/venfilter.es\/fr\/#website","url":"https:\/\/venfilter.es\/fr\/","name":"Venfilter","description":"Filtros de aire y ventilaci\u00f3n industrial","potentialAction":[{"@type":"SearchAction","target":{"@type":"EntryPoint","urlTemplate":"https:\/\/venfilter.es\/fr\/?s={search_term_string}"},"query-input":{"@type":"PropertyValueSpecification","valueRequired":true,"valueName":"search_term_string"}}],"inLanguage":"fr-FR"}]}},"_links":{"self":[{"href":"https:\/\/venfilter.es\/fr\/wp-json\/wp\/v2\/product\/31523","targetHints":{"allow":["GET"]}}],"collection":[{"href":"https:\/\/venfilter.es\/fr\/wp-json\/wp\/v2\/product"}],"about":[{"href":"https:\/\/venfilter.es\/fr\/wp-json\/wp\/v2\/types\/product"}],"replies":[{"embeddable":true,"href":"https:\/\/venfilter.es\/fr\/wp-json\/wp\/v2\/comments?post=31523"}],"wp:featuredmedia":[{"embeddable":true,"href":"https:\/\/venfilter.es\/fr\/wp-json\/wp\/v2\/media\/28386"}],"wp:attachment":[{"href":"https:\/\/venfilter.es\/fr\/wp-json\/wp\/v2\/media?parent=31523"}],"wp:term":[{"taxonomy":"product_brand","embeddable":true,"href":"https:\/\/venfilter.es\/fr\/wp-json\/wp\/v2\/product_brand?post=31523"},{"taxonomy":"product_cat","embeddable":true,"href":"https:\/\/venfilter.es\/fr\/wp-json\/wp\/v2\/product_cat?post=31523"},{"taxonomy":"product_tag","embeddable":true,"href":"https:\/\/venfilter.es\/fr\/wp-json\/wp\/v2\/product_tag?post=31523"},{"taxonomy":"certificado","embeddable":true,"href":"https:\/\/venfilter.es\/fr\/wp-json\/wp\/v2\/certificado?post=31523"}],"curies":[{"name":"wp","href":"https:\/\/api.w.org\/{rel}","templated":true}]}}