{"id":31526,"date":"2022-04-04T15:07:08","date_gmt":"2022-04-05T07:34:01","guid":{"rendered":"https:\/\/venfilter.es.mialias.net\/product\/carb-isotopes\/"},"modified":"2022-05-04T09:08:25","modified_gmt":"2022-05-04T08:08:25","slug":"carb-isotopes","status":"publish","type":"product","link":"https:\/\/venfilter.es\/fr\/produits\/carb-isotopes\/","title":{"rendered":"CARB ISOTOPES"},"content":{"rendered":"<p>Il est fond\u00e9 sur le charbon activ\u00e9 \u00e0 plus grande puret\u00e9 et impr\u00e9gn\u00e9 avec 4 % de KI pour fournir d\u2019excellentes propri\u00e9t\u00e9s d\u2019adsorption. Il est con\u00e7u pour \u00e9liminer les compos\u00e9s de mercure et d\u2019iode. Il est \u00e9galement efficace dans l\u2019\u00e9limination de formald\u00e9hyde et ald\u00e9hydes organiques, compos\u00e9s de souffre, mercaptans, DMDS, SO2 et H2S.<\/p>\n","protected":false},"excerpt":{"rendered":"<p>Il est fond\u00e9 sur le charbon activ\u00e9 \u00e0 plus grande puret\u00e9 et impr\u00e9gn\u00e9 avec 4 % de KI pour fournir d\u2019excellentes propri\u00e9t\u00e9s d\u2019adsorption. Il est con\u00e7u pour \u00e9liminer les compos\u00e9s de mercure et d\u2019iode. Il est \u00e9galement efficace dans l\u2019\u00e9limination de formald\u00e9hyde et ald\u00e9hydes organiques, compos\u00e9s de souffre, mercaptans, DMDS, SO2 et H2S.<\/p>\n","protected":false},"featured_media":28386,"comment_status":"closed","ping_status":"closed","template":"","meta":{"_acf_changed":false},"product_brand":[],"product_cat":[4387],"product_tag":[],"certificado":[],"class_list":{"0":"post-31526","1":"product","2":"type-product","3":"status-publish","4":"has-post-thumbnail","6":"product_cat-granules","8":"first","9":"instock","10":"product-type-simple"},"acf":[],"yoast_head":"<!-- This site is optimized with the Yoast SEO plugin v26.6 - https:\/\/yoast.com\/wordpress\/plugins\/seo\/ -->\n<title>CARB ISOTOPES - Venfilter<\/title>\n<meta name=\"description\" content=\"Il est fond\u00e9 sur le charbon activ\u00e9 \u00e0 plus grande puret\u00e9 et impr\u00e9gn\u00e9 avec 4 % de KI pour fournir d\u2019excellentes propri\u00e9t\u00e9s d\u2019adsorption. Il est con\u00e7u pour\" \/>\n<meta name=\"robots\" content=\"index, follow, max-snippet:-1, max-image-preview:large, max-video-preview:-1\" \/>\n<link rel=\"canonical\" href=\"https:\/\/venfilter.es\/fr\/produits\/carb-isotopes\/\" \/>\n<meta property=\"og:locale\" content=\"fr_FR\" \/>\n<meta property=\"og:type\" content=\"article\" \/>\n<meta property=\"og:title\" content=\"CARB ISOTOPES - Venfilter\" \/>\n<meta property=\"og:description\" content=\"Il est fond\u00e9 sur le charbon activ\u00e9 \u00e0 plus grande puret\u00e9 et impr\u00e9gn\u00e9 avec 4 % de KI pour fournir d\u2019excellentes propri\u00e9t\u00e9s d\u2019adsorption. Il est con\u00e7u pour\" \/>\n<meta property=\"og:url\" content=\"https:\/\/venfilter.es\/fr\/produits\/carb-isotopes\/\" \/>\n<meta property=\"og:site_name\" content=\"Venfilter\" \/>\n<meta property=\"article:modified_time\" content=\"2022-05-04T08:08:25+00:00\" \/>\n<meta property=\"og:image\" content=\"https:\/\/venfilter.es\/wp-content\/uploads\/carbon_negro.png\" \/>\n\t<meta property=\"og:image:width\" content=\"290\" \/>\n\t<meta property=\"og:image:height\" content=\"337\" \/>\n\t<meta property=\"og:image:type\" content=\"image\/png\" \/>\n<meta name=\"twitter:card\" content=\"summary_large_image\" \/>\n<script type=\"application\/ld+json\" class=\"yoast-schema-graph\">{\"@context\":\"https:\/\/schema.org\",\"@graph\":[{\"@type\":\"WebPage\",\"@id\":\"https:\/\/venfilter.es\/fr\/produits\/carb-isotopes\/\",\"url\":\"https:\/\/venfilter.es\/fr\/produits\/carb-isotopes\/\",\"name\":\"CARB ISOTOPES - Venfilter\",\"isPartOf\":{\"@id\":\"https:\/\/venfilter.es\/fr\/#website\"},\"primaryImageOfPage\":{\"@id\":\"https:\/\/venfilter.es\/fr\/produits\/carb-isotopes\/#primaryimage\"},\"image\":{\"@id\":\"https:\/\/venfilter.es\/fr\/produits\/carb-isotopes\/#primaryimage\"},\"thumbnailUrl\":\"https:\/\/venfilter.es\/wp-content\/uploads\/carbon_negro.png\",\"datePublished\":\"2022-04-05T07:34:01+00:00\",\"dateModified\":\"2022-05-04T08:08:25+00:00\",\"description\":\"Il est fond\u00e9 sur le charbon activ\u00e9 \u00e0 plus grande puret\u00e9 et impr\u00e9gn\u00e9 avec 4 % de KI pour fournir d\u2019excellentes propri\u00e9t\u00e9s d\u2019adsorption. Il est con\u00e7u pour\",\"breadcrumb\":{\"@id\":\"https:\/\/venfilter.es\/fr\/produits\/carb-isotopes\/#breadcrumb\"},\"inLanguage\":\"fr-FR\",\"potentialAction\":[{\"@type\":\"ReadAction\",\"target\":[\"https:\/\/venfilter.es\/fr\/produits\/carb-isotopes\/\"]}]},{\"@type\":\"ImageObject\",\"inLanguage\":\"fr-FR\",\"@id\":\"https:\/\/venfilter.es\/fr\/produits\/carb-isotopes\/#primaryimage\",\"url\":\"https:\/\/venfilter.es\/wp-content\/uploads\/carbon_negro.png\",\"contentUrl\":\"https:\/\/venfilter.es\/wp-content\/uploads\/carbon_negro.png\",\"width\":290,\"height\":337},{\"@type\":\"BreadcrumbList\",\"@id\":\"https:\/\/venfilter.es\/fr\/produits\/carb-isotopes\/#breadcrumb\",\"itemListElement\":[{\"@type\":\"ListItem\",\"position\":1,\"name\":\"Portada\",\"item\":\"https:\/\/venfilter.es\/fr\/\"},{\"@type\":\"ListItem\",\"position\":2,\"name\":\"Tienda\",\"item\":\"https:\/\/venfilter.es\/fr\/boutique\/\"},{\"@type\":\"ListItem\",\"position\":3,\"name\":\"CARB ISOTOPES\"}]},{\"@type\":\"WebSite\",\"@id\":\"https:\/\/venfilter.es\/fr\/#website\",\"url\":\"https:\/\/venfilter.es\/fr\/\",\"name\":\"Venfilter\",\"description\":\"Filtros de aire y ventilaci\u00f3n industrial\",\"potentialAction\":[{\"@type\":\"SearchAction\",\"target\":{\"@type\":\"EntryPoint\",\"urlTemplate\":\"https:\/\/venfilter.es\/fr\/?s={search_term_string}\"},\"query-input\":{\"@type\":\"PropertyValueSpecification\",\"valueRequired\":true,\"valueName\":\"search_term_string\"}}],\"inLanguage\":\"fr-FR\"}]}<\/script>\n<!-- \/ Yoast SEO plugin. -->","yoast_head_json":{"title":"CARB ISOTOPES - Venfilter","description":"Il est fond\u00e9 sur le charbon activ\u00e9 \u00e0 plus grande puret\u00e9 et impr\u00e9gn\u00e9 avec 4 % de KI pour fournir d\u2019excellentes propri\u00e9t\u00e9s d\u2019adsorption. Il est con\u00e7u pour","robots":{"index":"index","follow":"follow","max-snippet":"max-snippet:-1","max-image-preview":"max-image-preview:large","max-video-preview":"max-video-preview:-1"},"canonical":"https:\/\/venfilter.es\/fr\/produits\/carb-isotopes\/","og_locale":"fr_FR","og_type":"article","og_title":"CARB ISOTOPES - Venfilter","og_description":"Il est fond\u00e9 sur le charbon activ\u00e9 \u00e0 plus grande puret\u00e9 et impr\u00e9gn\u00e9 avec 4 % de KI pour fournir d\u2019excellentes propri\u00e9t\u00e9s d\u2019adsorption. Il est con\u00e7u pour","og_url":"https:\/\/venfilter.es\/fr\/produits\/carb-isotopes\/","og_site_name":"Venfilter","article_modified_time":"2022-05-04T08:08:25+00:00","og_image":[{"width":290,"height":337,"url":"https:\/\/venfilter.es\/wp-content\/uploads\/carbon_negro.png","type":"image\/png"}],"twitter_card":"summary_large_image","schema":{"@context":"https:\/\/schema.org","@graph":[{"@type":"WebPage","@id":"https:\/\/venfilter.es\/fr\/produits\/carb-isotopes\/","url":"https:\/\/venfilter.es\/fr\/produits\/carb-isotopes\/","name":"CARB ISOTOPES - Venfilter","isPartOf":{"@id":"https:\/\/venfilter.es\/fr\/#website"},"primaryImageOfPage":{"@id":"https:\/\/venfilter.es\/fr\/produits\/carb-isotopes\/#primaryimage"},"image":{"@id":"https:\/\/venfilter.es\/fr\/produits\/carb-isotopes\/#primaryimage"},"thumbnailUrl":"https:\/\/venfilter.es\/wp-content\/uploads\/carbon_negro.png","datePublished":"2022-04-05T07:34:01+00:00","dateModified":"2022-05-04T08:08:25+00:00","description":"Il est fond\u00e9 sur le charbon activ\u00e9 \u00e0 plus grande puret\u00e9 et impr\u00e9gn\u00e9 avec 4 % de KI pour fournir d\u2019excellentes propri\u00e9t\u00e9s d\u2019adsorption. Il est con\u00e7u pour","breadcrumb":{"@id":"https:\/\/venfilter.es\/fr\/produits\/carb-isotopes\/#breadcrumb"},"inLanguage":"fr-FR","potentialAction":[{"@type":"ReadAction","target":["https:\/\/venfilter.es\/fr\/produits\/carb-isotopes\/"]}]},{"@type":"ImageObject","inLanguage":"fr-FR","@id":"https:\/\/venfilter.es\/fr\/produits\/carb-isotopes\/#primaryimage","url":"https:\/\/venfilter.es\/wp-content\/uploads\/carbon_negro.png","contentUrl":"https:\/\/venfilter.es\/wp-content\/uploads\/carbon_negro.png","width":290,"height":337},{"@type":"BreadcrumbList","@id":"https:\/\/venfilter.es\/fr\/produits\/carb-isotopes\/#breadcrumb","itemListElement":[{"@type":"ListItem","position":1,"name":"Portada","item":"https:\/\/venfilter.es\/fr\/"},{"@type":"ListItem","position":2,"name":"Tienda","item":"https:\/\/venfilter.es\/fr\/boutique\/"},{"@type":"ListItem","position":3,"name":"CARB ISOTOPES"}]},{"@type":"WebSite","@id":"https:\/\/venfilter.es\/fr\/#website","url":"https:\/\/venfilter.es\/fr\/","name":"Venfilter","description":"Filtros de aire y ventilaci\u00f3n industrial","potentialAction":[{"@type":"SearchAction","target":{"@type":"EntryPoint","urlTemplate":"https:\/\/venfilter.es\/fr\/?s={search_term_string}"},"query-input":{"@type":"PropertyValueSpecification","valueRequired":true,"valueName":"search_term_string"}}],"inLanguage":"fr-FR"}]}},"_links":{"self":[{"href":"https:\/\/venfilter.es\/fr\/wp-json\/wp\/v2\/product\/31526","targetHints":{"allow":["GET"]}}],"collection":[{"href":"https:\/\/venfilter.es\/fr\/wp-json\/wp\/v2\/product"}],"about":[{"href":"https:\/\/venfilter.es\/fr\/wp-json\/wp\/v2\/types\/product"}],"replies":[{"embeddable":true,"href":"https:\/\/venfilter.es\/fr\/wp-json\/wp\/v2\/comments?post=31526"}],"wp:featuredmedia":[{"embeddable":true,"href":"https:\/\/venfilter.es\/fr\/wp-json\/wp\/v2\/media\/28386"}],"wp:attachment":[{"href":"https:\/\/venfilter.es\/fr\/wp-json\/wp\/v2\/media?parent=31526"}],"wp:term":[{"taxonomy":"product_brand","embeddable":true,"href":"https:\/\/venfilter.es\/fr\/wp-json\/wp\/v2\/product_brand?post=31526"},{"taxonomy":"product_cat","embeddable":true,"href":"https:\/\/venfilter.es\/fr\/wp-json\/wp\/v2\/product_cat?post=31526"},{"taxonomy":"product_tag","embeddable":true,"href":"https:\/\/venfilter.es\/fr\/wp-json\/wp\/v2\/product_tag?post=31526"},{"taxonomy":"certificado","embeddable":true,"href":"https:\/\/venfilter.es\/fr\/wp-json\/wp\/v2\/certificado?post=31526"}],"curies":[{"name":"wp","href":"https:\/\/api.w.org\/{rel}","templated":true}]}}