{"id":31527,"date":"2022-04-04T15:07:08","date_gmt":"2022-04-05T07:34:01","guid":{"rendered":"https:\/\/venfilter.es.mialias.net\/product\/carb-formaldehydes\/"},"modified":"2022-05-04T09:07:30","modified_gmt":"2022-05-04T08:07:30","slug":"carb-formaldehydes","status":"publish","type":"product","link":"https:\/\/venfilter.es\/fr\/produits\/carb-formaldehydes\/","title":{"rendered":"CARB FORMALD\u00c9HYDES"},"content":{"rendered":"<p>Il s\u2019agit d\u2019un produit granul\u00e9 en forme de pellet cylindrique fond\u00e9 sur des argiles naturelles qui ont \u00e9t\u00e9 extrud\u00e9es avec du permanganate de potassium (KMnO4) comme principe actif. Le KMnO4 contenu dans les CARB FORMALD\u00c9HYDES est charg\u00e9 d\u2019\u00e9liminer les gaz objectif, essentiellement de l\u2019\u00e9thyl\u00e8ne et du formald\u00e9hyde, \u00e0 travers la r\u00e9action chimique sur la superficie active de l\u2019absorbant.<\/p>\n","protected":false},"excerpt":{"rendered":"<p>Il s\u2019agit d\u2019un produit granul\u00e9 en forme de pellet cylindrique fond\u00e9 sur des argiles naturelles qui ont \u00e9t\u00e9 extrud\u00e9es avec du permanganate de potassium (KMnO4) comme principe actif. Le KMnO4 contenu dans les CARB FORMALD\u00c9HYDES est charg\u00e9 d\u2019\u00e9liminer les gaz objectif, essentiellement de l\u2019\u00e9thyl\u00e8ne et du formald\u00e9hyde, \u00e0 travers la r\u00e9action chimique sur la superficie [&hellip;]<\/p>\n","protected":false},"featured_media":28392,"comment_status":"closed","ping_status":"closed","template":"","meta":{"_acf_changed":false},"product_brand":[],"product_cat":[4387],"product_tag":[],"certificado":[],"class_list":{"0":"post-31527","1":"product","2":"type-product","3":"status-publish","4":"has-post-thumbnail","6":"product_cat-granules","8":"first","9":"instock","10":"product-type-simple"},"acf":[],"yoast_head":"<!-- This site is optimized with the Yoast SEO plugin v26.6 - https:\/\/yoast.com\/wordpress\/plugins\/seo\/ -->\n<title>CARB FORMALD\u00c9HYDES - Venfilter<\/title>\n<meta name=\"description\" content=\"Il s\u2019agit d\u2019un produit granul\u00e9 en forme de pellet cylindrique fond\u00e9 sur des argiles naturelles qui ont \u00e9t\u00e9 extrud\u00e9es avec du permanganate de potassium\" \/>\n<meta name=\"robots\" content=\"index, follow, max-snippet:-1, max-image-preview:large, max-video-preview:-1\" \/>\n<link rel=\"canonical\" href=\"https:\/\/venfilter.es\/fr\/produits\/carb-formaldehydes\/\" \/>\n<meta property=\"og:locale\" content=\"fr_FR\" \/>\n<meta property=\"og:type\" content=\"article\" \/>\n<meta property=\"og:title\" content=\"CARB FORMALD\u00c9HYDES - Venfilter\" \/>\n<meta property=\"og:description\" content=\"Il s\u2019agit d\u2019un produit granul\u00e9 en forme de pellet cylindrique fond\u00e9 sur des argiles naturelles qui ont \u00e9t\u00e9 extrud\u00e9es avec du permanganate de potassium\" \/>\n<meta property=\"og:url\" content=\"https:\/\/venfilter.es\/fr\/produits\/carb-formaldehydes\/\" \/>\n<meta property=\"og:site_name\" content=\"Venfilter\" \/>\n<meta property=\"article:modified_time\" content=\"2022-05-04T08:07:30+00:00\" \/>\n<meta property=\"og:image\" content=\"https:\/\/venfilter.es\/wp-content\/uploads\/bion_r12_0.jpg\" \/>\n\t<meta property=\"og:image:width\" content=\"861\" \/>\n\t<meta property=\"og:image:height\" content=\"849\" \/>\n\t<meta property=\"og:image:type\" content=\"image\/jpeg\" \/>\n<meta name=\"twitter:card\" content=\"summary_large_image\" \/>\n<script type=\"application\/ld+json\" class=\"yoast-schema-graph\">{\"@context\":\"https:\/\/schema.org\",\"@graph\":[{\"@type\":\"WebPage\",\"@id\":\"https:\/\/venfilter.es\/fr\/produits\/carb-formaldehydes\/\",\"url\":\"https:\/\/venfilter.es\/fr\/produits\/carb-formaldehydes\/\",\"name\":\"CARB FORMALD\u00c9HYDES - Venfilter\",\"isPartOf\":{\"@id\":\"https:\/\/venfilter.es\/fr\/#website\"},\"primaryImageOfPage\":{\"@id\":\"https:\/\/venfilter.es\/fr\/produits\/carb-formaldehydes\/#primaryimage\"},\"image\":{\"@id\":\"https:\/\/venfilter.es\/fr\/produits\/carb-formaldehydes\/#primaryimage\"},\"thumbnailUrl\":\"https:\/\/venfilter.es\/wp-content\/uploads\/bion_r12_0.jpg\",\"datePublished\":\"2022-04-05T07:34:01+00:00\",\"dateModified\":\"2022-05-04T08:07:30+00:00\",\"description\":\"Il s\u2019agit d\u2019un produit granul\u00e9 en forme de pellet cylindrique fond\u00e9 sur des argiles naturelles qui ont \u00e9t\u00e9 extrud\u00e9es avec du permanganate de potassium\",\"breadcrumb\":{\"@id\":\"https:\/\/venfilter.es\/fr\/produits\/carb-formaldehydes\/#breadcrumb\"},\"inLanguage\":\"fr-FR\",\"potentialAction\":[{\"@type\":\"ReadAction\",\"target\":[\"https:\/\/venfilter.es\/fr\/produits\/carb-formaldehydes\/\"]}]},{\"@type\":\"ImageObject\",\"inLanguage\":\"fr-FR\",\"@id\":\"https:\/\/venfilter.es\/fr\/produits\/carb-formaldehydes\/#primaryimage\",\"url\":\"https:\/\/venfilter.es\/wp-content\/uploads\/bion_r12_0.jpg\",\"contentUrl\":\"https:\/\/venfilter.es\/wp-content\/uploads\/bion_r12_0.jpg\",\"width\":861,\"height\":849},{\"@type\":\"BreadcrumbList\",\"@id\":\"https:\/\/venfilter.es\/fr\/produits\/carb-formaldehydes\/#breadcrumb\",\"itemListElement\":[{\"@type\":\"ListItem\",\"position\":1,\"name\":\"Portada\",\"item\":\"https:\/\/venfilter.es\/fr\/\"},{\"@type\":\"ListItem\",\"position\":2,\"name\":\"Tienda\",\"item\":\"https:\/\/venfilter.es\/fr\/boutique\/\"},{\"@type\":\"ListItem\",\"position\":3,\"name\":\"CARB FORMALD\u00c9HYDES\"}]},{\"@type\":\"WebSite\",\"@id\":\"https:\/\/venfilter.es\/fr\/#website\",\"url\":\"https:\/\/venfilter.es\/fr\/\",\"name\":\"Venfilter\",\"description\":\"Filtros de aire y ventilaci\u00f3n industrial\",\"potentialAction\":[{\"@type\":\"SearchAction\",\"target\":{\"@type\":\"EntryPoint\",\"urlTemplate\":\"https:\/\/venfilter.es\/fr\/?s={search_term_string}\"},\"query-input\":{\"@type\":\"PropertyValueSpecification\",\"valueRequired\":true,\"valueName\":\"search_term_string\"}}],\"inLanguage\":\"fr-FR\"}]}<\/script>\n<!-- \/ Yoast SEO plugin. -->","yoast_head_json":{"title":"CARB FORMALD\u00c9HYDES - Venfilter","description":"Il s\u2019agit d\u2019un produit granul\u00e9 en forme de pellet cylindrique fond\u00e9 sur des argiles naturelles qui ont \u00e9t\u00e9 extrud\u00e9es avec du permanganate de potassium","robots":{"index":"index","follow":"follow","max-snippet":"max-snippet:-1","max-image-preview":"max-image-preview:large","max-video-preview":"max-video-preview:-1"},"canonical":"https:\/\/venfilter.es\/fr\/produits\/carb-formaldehydes\/","og_locale":"fr_FR","og_type":"article","og_title":"CARB FORMALD\u00c9HYDES - Venfilter","og_description":"Il s\u2019agit d\u2019un produit granul\u00e9 en forme de pellet cylindrique fond\u00e9 sur des argiles naturelles qui ont \u00e9t\u00e9 extrud\u00e9es avec du permanganate de potassium","og_url":"https:\/\/venfilter.es\/fr\/produits\/carb-formaldehydes\/","og_site_name":"Venfilter","article_modified_time":"2022-05-04T08:07:30+00:00","og_image":[{"width":861,"height":849,"url":"https:\/\/venfilter.es\/wp-content\/uploads\/bion_r12_0.jpg","type":"image\/jpeg"}],"twitter_card":"summary_large_image","schema":{"@context":"https:\/\/schema.org","@graph":[{"@type":"WebPage","@id":"https:\/\/venfilter.es\/fr\/produits\/carb-formaldehydes\/","url":"https:\/\/venfilter.es\/fr\/produits\/carb-formaldehydes\/","name":"CARB FORMALD\u00c9HYDES - Venfilter","isPartOf":{"@id":"https:\/\/venfilter.es\/fr\/#website"},"primaryImageOfPage":{"@id":"https:\/\/venfilter.es\/fr\/produits\/carb-formaldehydes\/#primaryimage"},"image":{"@id":"https:\/\/venfilter.es\/fr\/produits\/carb-formaldehydes\/#primaryimage"},"thumbnailUrl":"https:\/\/venfilter.es\/wp-content\/uploads\/bion_r12_0.jpg","datePublished":"2022-04-05T07:34:01+00:00","dateModified":"2022-05-04T08:07:30+00:00","description":"Il s\u2019agit d\u2019un produit granul\u00e9 en forme de pellet cylindrique fond\u00e9 sur des argiles naturelles qui ont \u00e9t\u00e9 extrud\u00e9es avec du permanganate de potassium","breadcrumb":{"@id":"https:\/\/venfilter.es\/fr\/produits\/carb-formaldehydes\/#breadcrumb"},"inLanguage":"fr-FR","potentialAction":[{"@type":"ReadAction","target":["https:\/\/venfilter.es\/fr\/produits\/carb-formaldehydes\/"]}]},{"@type":"ImageObject","inLanguage":"fr-FR","@id":"https:\/\/venfilter.es\/fr\/produits\/carb-formaldehydes\/#primaryimage","url":"https:\/\/venfilter.es\/wp-content\/uploads\/bion_r12_0.jpg","contentUrl":"https:\/\/venfilter.es\/wp-content\/uploads\/bion_r12_0.jpg","width":861,"height":849},{"@type":"BreadcrumbList","@id":"https:\/\/venfilter.es\/fr\/produits\/carb-formaldehydes\/#breadcrumb","itemListElement":[{"@type":"ListItem","position":1,"name":"Portada","item":"https:\/\/venfilter.es\/fr\/"},{"@type":"ListItem","position":2,"name":"Tienda","item":"https:\/\/venfilter.es\/fr\/boutique\/"},{"@type":"ListItem","position":3,"name":"CARB FORMALD\u00c9HYDES"}]},{"@type":"WebSite","@id":"https:\/\/venfilter.es\/fr\/#website","url":"https:\/\/venfilter.es\/fr\/","name":"Venfilter","description":"Filtros de aire y ventilaci\u00f3n industrial","potentialAction":[{"@type":"SearchAction","target":{"@type":"EntryPoint","urlTemplate":"https:\/\/venfilter.es\/fr\/?s={search_term_string}"},"query-input":{"@type":"PropertyValueSpecification","valueRequired":true,"valueName":"search_term_string"}}],"inLanguage":"fr-FR"}]}},"_links":{"self":[{"href":"https:\/\/venfilter.es\/fr\/wp-json\/wp\/v2\/product\/31527","targetHints":{"allow":["GET"]}}],"collection":[{"href":"https:\/\/venfilter.es\/fr\/wp-json\/wp\/v2\/product"}],"about":[{"href":"https:\/\/venfilter.es\/fr\/wp-json\/wp\/v2\/types\/product"}],"replies":[{"embeddable":true,"href":"https:\/\/venfilter.es\/fr\/wp-json\/wp\/v2\/comments?post=31527"}],"wp:featuredmedia":[{"embeddable":true,"href":"https:\/\/venfilter.es\/fr\/wp-json\/wp\/v2\/media\/28392"}],"wp:attachment":[{"href":"https:\/\/venfilter.es\/fr\/wp-json\/wp\/v2\/media?parent=31527"}],"wp:term":[{"taxonomy":"product_brand","embeddable":true,"href":"https:\/\/venfilter.es\/fr\/wp-json\/wp\/v2\/product_brand?post=31527"},{"taxonomy":"product_cat","embeddable":true,"href":"https:\/\/venfilter.es\/fr\/wp-json\/wp\/v2\/product_cat?post=31527"},{"taxonomy":"product_tag","embeddable":true,"href":"https:\/\/venfilter.es\/fr\/wp-json\/wp\/v2\/product_tag?post=31527"},{"taxonomy":"certificado","embeddable":true,"href":"https:\/\/venfilter.es\/fr\/wp-json\/wp\/v2\/certificado?post=31527"}],"curies":[{"name":"wp","href":"https:\/\/api.w.org\/{rel}","templated":true}]}}