{"id":31528,"date":"2022-04-04T15:07:08","date_gmt":"2022-04-05T07:34:01","guid":{"rendered":"https:\/\/venfilter.es.mialias.net\/product\/carb-formaldehydes-sphere\/"},"modified":"2022-05-04T09:07:58","modified_gmt":"2022-05-04T08:07:58","slug":"carb-formaldehydes-sphere","status":"publish","type":"product","link":"https:\/\/venfilter.es\/fr\/produits\/carb-formaldehydes-sphere\/","title":{"rendered":"CARB FORMALD\u00c9HYDES (Sph\u00e8re)"},"content":{"rendered":"<p>Il s\u2019agit d\u2019un absorbant fond\u00e9 sur l\u2019alumine et impr\u00e9gn\u00e9 avec 8 % de Permanganate de potassium, au long du processus de fabrication. Il utilise les effets combin\u00e9s d\u2019adsorption physique et r\u00e9action chimique pour \u00e9liminer les gaz polluants. Ces gaz, une fois oxyd\u00e9s, sont transform\u00e9s en CO2, eau, sels. Totalement inoffensifs. Il a \u00e9t\u00e9 con\u00e7u pour \u00e9liminer de mani\u00e8re efficace les polluant tels que les gaz acides, les oxydes d\u2019azote, les compos\u00e9s r\u00e9duits de souffre et VCOS \u00e0 faible poids mol\u00e9culaire.<\/p>\n","protected":false},"excerpt":{"rendered":"<p>Il s\u2019agit d\u2019un absorbant fond\u00e9 sur l\u2019alumine et impr\u00e9gn\u00e9 avec 8 % de Permanganate de potassium, au long du processus de fabrication. Il utilise les effets combin\u00e9s d\u2019adsorption physique et r\u00e9action chimique pour \u00e9liminer les gaz polluants. Ces gaz, une fois oxyd\u00e9s, sont transform\u00e9s en CO2, eau, sels. Totalement inoffensifs. Il a \u00e9t\u00e9 con\u00e7u pour [&hellip;]<\/p>\n","protected":false},"featured_media":28395,"comment_status":"closed","ping_status":"closed","template":"","meta":{"_acf_changed":false},"product_brand":[],"product_cat":[4387],"product_tag":[],"certificado":[],"class_list":{"0":"post-31528","1":"product","2":"type-product","3":"status-publish","4":"has-post-thumbnail","6":"product_cat-granules","8":"first","9":"instock","10":"product-type-simple"},"acf":[],"yoast_head":"<!-- This site is optimized with the Yoast SEO plugin v26.6 - https:\/\/yoast.com\/wordpress\/plugins\/seo\/ -->\n<title>CARB FORMALD\u00c9HYDES (Sph\u00e8re) - Venfilter<\/title>\n<meta name=\"description\" content=\"Il s\u2019agit d\u2019un absorbant fond\u00e9 sur l\u2019alumine et impr\u00e9gn\u00e9 avec 8 % de Permanganate de potassium, au long du processus de fabrication. Il utilise les effets\" \/>\n<meta name=\"robots\" content=\"index, follow, max-snippet:-1, max-image-preview:large, max-video-preview:-1\" \/>\n<link rel=\"canonical\" href=\"https:\/\/venfilter.es\/fr\/produits\/carb-formaldehydes-sphere\/\" \/>\n<meta property=\"og:locale\" content=\"fr_FR\" \/>\n<meta property=\"og:type\" content=\"article\" \/>\n<meta property=\"og:title\" content=\"CARB FORMALD\u00c9HYDES (Sph\u00e8re) - Venfilter\" \/>\n<meta property=\"og:description\" content=\"Il s\u2019agit d\u2019un absorbant fond\u00e9 sur l\u2019alumine et impr\u00e9gn\u00e9 avec 8 % de Permanganate de potassium, au long du processus de fabrication. Il utilise les effets\" \/>\n<meta property=\"og:url\" content=\"https:\/\/venfilter.es\/fr\/produits\/carb-formaldehydes-sphere\/\" \/>\n<meta property=\"og:site_name\" content=\"Venfilter\" \/>\n<meta property=\"article:modified_time\" content=\"2022-05-04T08:07:58+00:00\" \/>\n<meta property=\"og:image\" content=\"https:\/\/venfilter.es\/wp-content\/uploads\/foto_carb_formaldheido_esfera.jpg\" \/>\n\t<meta property=\"og:image:width\" content=\"523\" \/>\n\t<meta property=\"og:image:height\" content=\"404\" \/>\n\t<meta property=\"og:image:type\" content=\"image\/jpeg\" \/>\n<meta name=\"twitter:card\" content=\"summary_large_image\" \/>\n<script type=\"application\/ld+json\" class=\"yoast-schema-graph\">{\"@context\":\"https:\/\/schema.org\",\"@graph\":[{\"@type\":\"WebPage\",\"@id\":\"https:\/\/venfilter.es\/fr\/produits\/carb-formaldehydes-sphere\/\",\"url\":\"https:\/\/venfilter.es\/fr\/produits\/carb-formaldehydes-sphere\/\",\"name\":\"CARB FORMALD\u00c9HYDES (Sph\u00e8re) - Venfilter\",\"isPartOf\":{\"@id\":\"https:\/\/venfilter.es\/fr\/#website\"},\"primaryImageOfPage\":{\"@id\":\"https:\/\/venfilter.es\/fr\/produits\/carb-formaldehydes-sphere\/#primaryimage\"},\"image\":{\"@id\":\"https:\/\/venfilter.es\/fr\/produits\/carb-formaldehydes-sphere\/#primaryimage\"},\"thumbnailUrl\":\"https:\/\/venfilter.es\/wp-content\/uploads\/foto_carb_formaldheido_esfera.jpg\",\"datePublished\":\"2022-04-05T07:34:01+00:00\",\"dateModified\":\"2022-05-04T08:07:58+00:00\",\"description\":\"Il s\u2019agit d\u2019un absorbant fond\u00e9 sur l\u2019alumine et impr\u00e9gn\u00e9 avec 8 % de Permanganate de potassium, au long du processus de fabrication. Il utilise les effets\",\"breadcrumb\":{\"@id\":\"https:\/\/venfilter.es\/fr\/produits\/carb-formaldehydes-sphere\/#breadcrumb\"},\"inLanguage\":\"fr-FR\",\"potentialAction\":[{\"@type\":\"ReadAction\",\"target\":[\"https:\/\/venfilter.es\/fr\/produits\/carb-formaldehydes-sphere\/\"]}]},{\"@type\":\"ImageObject\",\"inLanguage\":\"fr-FR\",\"@id\":\"https:\/\/venfilter.es\/fr\/produits\/carb-formaldehydes-sphere\/#primaryimage\",\"url\":\"https:\/\/venfilter.es\/wp-content\/uploads\/foto_carb_formaldheido_esfera.jpg\",\"contentUrl\":\"https:\/\/venfilter.es\/wp-content\/uploads\/foto_carb_formaldheido_esfera.jpg\",\"width\":523,\"height\":404},{\"@type\":\"BreadcrumbList\",\"@id\":\"https:\/\/venfilter.es\/fr\/produits\/carb-formaldehydes-sphere\/#breadcrumb\",\"itemListElement\":[{\"@type\":\"ListItem\",\"position\":1,\"name\":\"Portada\",\"item\":\"https:\/\/venfilter.es\/fr\/\"},{\"@type\":\"ListItem\",\"position\":2,\"name\":\"Tienda\",\"item\":\"https:\/\/venfilter.es\/fr\/boutique\/\"},{\"@type\":\"ListItem\",\"position\":3,\"name\":\"CARB FORMALD\u00c9HYDES (Sph\u00e8re)\"}]},{\"@type\":\"WebSite\",\"@id\":\"https:\/\/venfilter.es\/fr\/#website\",\"url\":\"https:\/\/venfilter.es\/fr\/\",\"name\":\"Venfilter\",\"description\":\"Filtros de aire y ventilaci\u00f3n industrial\",\"potentialAction\":[{\"@type\":\"SearchAction\",\"target\":{\"@type\":\"EntryPoint\",\"urlTemplate\":\"https:\/\/venfilter.es\/fr\/?s={search_term_string}\"},\"query-input\":{\"@type\":\"PropertyValueSpecification\",\"valueRequired\":true,\"valueName\":\"search_term_string\"}}],\"inLanguage\":\"fr-FR\"}]}<\/script>\n<!-- \/ Yoast SEO plugin. -->","yoast_head_json":{"title":"CARB FORMALD\u00c9HYDES (Sph\u00e8re) - Venfilter","description":"Il s\u2019agit d\u2019un absorbant fond\u00e9 sur l\u2019alumine et impr\u00e9gn\u00e9 avec 8 % de Permanganate de potassium, au long du processus de fabrication. Il utilise les effets","robots":{"index":"index","follow":"follow","max-snippet":"max-snippet:-1","max-image-preview":"max-image-preview:large","max-video-preview":"max-video-preview:-1"},"canonical":"https:\/\/venfilter.es\/fr\/produits\/carb-formaldehydes-sphere\/","og_locale":"fr_FR","og_type":"article","og_title":"CARB FORMALD\u00c9HYDES (Sph\u00e8re) - Venfilter","og_description":"Il s\u2019agit d\u2019un absorbant fond\u00e9 sur l\u2019alumine et impr\u00e9gn\u00e9 avec 8 % de Permanganate de potassium, au long du processus de fabrication. Il utilise les effets","og_url":"https:\/\/venfilter.es\/fr\/produits\/carb-formaldehydes-sphere\/","og_site_name":"Venfilter","article_modified_time":"2022-05-04T08:07:58+00:00","og_image":[{"width":523,"height":404,"url":"https:\/\/venfilter.es\/wp-content\/uploads\/foto_carb_formaldheido_esfera.jpg","type":"image\/jpeg"}],"twitter_card":"summary_large_image","schema":{"@context":"https:\/\/schema.org","@graph":[{"@type":"WebPage","@id":"https:\/\/venfilter.es\/fr\/produits\/carb-formaldehydes-sphere\/","url":"https:\/\/venfilter.es\/fr\/produits\/carb-formaldehydes-sphere\/","name":"CARB FORMALD\u00c9HYDES (Sph\u00e8re) - Venfilter","isPartOf":{"@id":"https:\/\/venfilter.es\/fr\/#website"},"primaryImageOfPage":{"@id":"https:\/\/venfilter.es\/fr\/produits\/carb-formaldehydes-sphere\/#primaryimage"},"image":{"@id":"https:\/\/venfilter.es\/fr\/produits\/carb-formaldehydes-sphere\/#primaryimage"},"thumbnailUrl":"https:\/\/venfilter.es\/wp-content\/uploads\/foto_carb_formaldheido_esfera.jpg","datePublished":"2022-04-05T07:34:01+00:00","dateModified":"2022-05-04T08:07:58+00:00","description":"Il s\u2019agit d\u2019un absorbant fond\u00e9 sur l\u2019alumine et impr\u00e9gn\u00e9 avec 8 % de Permanganate de potassium, au long du processus de fabrication. Il utilise les effets","breadcrumb":{"@id":"https:\/\/venfilter.es\/fr\/produits\/carb-formaldehydes-sphere\/#breadcrumb"},"inLanguage":"fr-FR","potentialAction":[{"@type":"ReadAction","target":["https:\/\/venfilter.es\/fr\/produits\/carb-formaldehydes-sphere\/"]}]},{"@type":"ImageObject","inLanguage":"fr-FR","@id":"https:\/\/venfilter.es\/fr\/produits\/carb-formaldehydes-sphere\/#primaryimage","url":"https:\/\/venfilter.es\/wp-content\/uploads\/foto_carb_formaldheido_esfera.jpg","contentUrl":"https:\/\/venfilter.es\/wp-content\/uploads\/foto_carb_formaldheido_esfera.jpg","width":523,"height":404},{"@type":"BreadcrumbList","@id":"https:\/\/venfilter.es\/fr\/produits\/carb-formaldehydes-sphere\/#breadcrumb","itemListElement":[{"@type":"ListItem","position":1,"name":"Portada","item":"https:\/\/venfilter.es\/fr\/"},{"@type":"ListItem","position":2,"name":"Tienda","item":"https:\/\/venfilter.es\/fr\/boutique\/"},{"@type":"ListItem","position":3,"name":"CARB FORMALD\u00c9HYDES (Sph\u00e8re)"}]},{"@type":"WebSite","@id":"https:\/\/venfilter.es\/fr\/#website","url":"https:\/\/venfilter.es\/fr\/","name":"Venfilter","description":"Filtros de aire y ventilaci\u00f3n industrial","potentialAction":[{"@type":"SearchAction","target":{"@type":"EntryPoint","urlTemplate":"https:\/\/venfilter.es\/fr\/?s={search_term_string}"},"query-input":{"@type":"PropertyValueSpecification","valueRequired":true,"valueName":"search_term_string"}}],"inLanguage":"fr-FR"}]}},"_links":{"self":[{"href":"https:\/\/venfilter.es\/fr\/wp-json\/wp\/v2\/product\/31528","targetHints":{"allow":["GET"]}}],"collection":[{"href":"https:\/\/venfilter.es\/fr\/wp-json\/wp\/v2\/product"}],"about":[{"href":"https:\/\/venfilter.es\/fr\/wp-json\/wp\/v2\/types\/product"}],"replies":[{"embeddable":true,"href":"https:\/\/venfilter.es\/fr\/wp-json\/wp\/v2\/comments?post=31528"}],"wp:featuredmedia":[{"embeddable":true,"href":"https:\/\/venfilter.es\/fr\/wp-json\/wp\/v2\/media\/28395"}],"wp:attachment":[{"href":"https:\/\/venfilter.es\/fr\/wp-json\/wp\/v2\/media?parent=31528"}],"wp:term":[{"taxonomy":"product_brand","embeddable":true,"href":"https:\/\/venfilter.es\/fr\/wp-json\/wp\/v2\/product_brand?post=31528"},{"taxonomy":"product_cat","embeddable":true,"href":"https:\/\/venfilter.es\/fr\/wp-json\/wp\/v2\/product_cat?post=31528"},{"taxonomy":"product_tag","embeddable":true,"href":"https:\/\/venfilter.es\/fr\/wp-json\/wp\/v2\/product_tag?post=31528"},{"taxonomy":"certificado","embeddable":true,"href":"https:\/\/venfilter.es\/fr\/wp-json\/wp\/v2\/certificado?post=31528"}],"curies":[{"name":"wp","href":"https:\/\/api.w.org\/{rel}","templated":true}]}}