{"id":31529,"date":"2022-04-04T15:07:08","date_gmt":"2022-04-05T07:34:01","guid":{"rendered":"https:\/\/venfilter.es.mialias.net\/product\/carb-organiques-max\/"},"modified":"2022-05-04T09:10:13","modified_gmt":"2022-05-04T08:10:13","slug":"carb-organiques-max","status":"publish","type":"product","link":"https:\/\/venfilter.es\/fr\/produits\/carb-organiques-max\/","title":{"rendered":"CARB ORGANIQUES MAX"},"content":{"rendered":"<p>Il s\u2019agit d\u2019un charbon anthracite Actif vierge CTC 60, lequel est activ\u00e9 thermiquement pour obtenir une grande surface superficielle, qui accorde au charbon une plus grande capacit\u00e9 d&rsquo;adsorption de gaz. Ne contient pas d\u2019impr\u00e9gnation Il est con\u00e7u pour \u00e9liminer les hydrocarbures, le chlore et les compos\u00e9s organiques volatiles. Dans des syst\u00e8mes \u00e0 lits multiples, il agit comme filtre de raffinement pour \u00e9liminer les compos\u00e9s pr\u00e9sentant un grand poids mol\u00e9culaire.<\/p>\n","protected":false},"excerpt":{"rendered":"<p>Il s\u2019agit d\u2019un charbon anthracite Actif vierge CTC 60, lequel est activ\u00e9 thermiquement pour obtenir une grande surface superficielle, qui accorde au charbon une plus grande capacit\u00e9 d&rsquo;adsorption de gaz. Ne contient pas d\u2019impr\u00e9gnation Il est con\u00e7u pour \u00e9liminer les hydrocarbures, le chlore et les compos\u00e9s organiques volatiles. Dans des syst\u00e8mes \u00e0 lits multiples, il [&hellip;]<\/p>\n","protected":false},"featured_media":28386,"comment_status":"closed","ping_status":"closed","template":"","meta":{"_acf_changed":false},"product_brand":[],"product_cat":[4387],"product_tag":[],"certificado":[],"class_list":{"0":"post-31529","1":"product","2":"type-product","3":"status-publish","4":"has-post-thumbnail","6":"product_cat-granules","8":"first","9":"instock","10":"product-type-simple"},"acf":[],"yoast_head":"<!-- This site is optimized with the Yoast SEO plugin v26.6 - https:\/\/yoast.com\/wordpress\/plugins\/seo\/ -->\n<title>CARB ORGANIQUES MAX - Venfilter<\/title>\n<meta name=\"description\" content=\"Il s\u2019agit d\u2019un charbon anthracite Actif vierge CTC 60, lequel est activ\u00e9 thermiquement pour obtenir une grande surface superficielle, qui accorde au\" \/>\n<meta name=\"robots\" content=\"index, follow, max-snippet:-1, max-image-preview:large, max-video-preview:-1\" \/>\n<link rel=\"canonical\" href=\"https:\/\/venfilter.es\/fr\/produits\/carb-organiques-max\/\" \/>\n<meta property=\"og:locale\" content=\"fr_FR\" \/>\n<meta property=\"og:type\" content=\"article\" \/>\n<meta property=\"og:title\" content=\"CARB ORGANIQUES MAX - Venfilter\" \/>\n<meta property=\"og:description\" content=\"Il s\u2019agit d\u2019un charbon anthracite Actif vierge CTC 60, lequel est activ\u00e9 thermiquement pour obtenir une grande surface superficielle, qui accorde au\" \/>\n<meta property=\"og:url\" content=\"https:\/\/venfilter.es\/fr\/produits\/carb-organiques-max\/\" \/>\n<meta property=\"og:site_name\" content=\"Venfilter\" \/>\n<meta property=\"article:modified_time\" content=\"2022-05-04T08:10:13+00:00\" \/>\n<meta property=\"og:image\" content=\"https:\/\/venfilter.es\/wp-content\/uploads\/carbon_negro.png\" \/>\n\t<meta property=\"og:image:width\" content=\"290\" \/>\n\t<meta property=\"og:image:height\" content=\"337\" \/>\n\t<meta property=\"og:image:type\" content=\"image\/png\" \/>\n<meta name=\"twitter:card\" content=\"summary_large_image\" \/>\n<script type=\"application\/ld+json\" class=\"yoast-schema-graph\">{\"@context\":\"https:\/\/schema.org\",\"@graph\":[{\"@type\":\"WebPage\",\"@id\":\"https:\/\/venfilter.es\/fr\/produits\/carb-organiques-max\/\",\"url\":\"https:\/\/venfilter.es\/fr\/produits\/carb-organiques-max\/\",\"name\":\"CARB ORGANIQUES MAX - Venfilter\",\"isPartOf\":{\"@id\":\"https:\/\/venfilter.es\/fr\/#website\"},\"primaryImageOfPage\":{\"@id\":\"https:\/\/venfilter.es\/fr\/produits\/carb-organiques-max\/#primaryimage\"},\"image\":{\"@id\":\"https:\/\/venfilter.es\/fr\/produits\/carb-organiques-max\/#primaryimage\"},\"thumbnailUrl\":\"https:\/\/venfilter.es\/wp-content\/uploads\/carbon_negro.png\",\"datePublished\":\"2022-04-05T07:34:01+00:00\",\"dateModified\":\"2022-05-04T08:10:13+00:00\",\"description\":\"Il s\u2019agit d\u2019un charbon anthracite Actif vierge CTC 60, lequel est activ\u00e9 thermiquement pour obtenir une grande surface superficielle, qui accorde au\",\"breadcrumb\":{\"@id\":\"https:\/\/venfilter.es\/fr\/produits\/carb-organiques-max\/#breadcrumb\"},\"inLanguage\":\"fr-FR\",\"potentialAction\":[{\"@type\":\"ReadAction\",\"target\":[\"https:\/\/venfilter.es\/fr\/produits\/carb-organiques-max\/\"]}]},{\"@type\":\"ImageObject\",\"inLanguage\":\"fr-FR\",\"@id\":\"https:\/\/venfilter.es\/fr\/produits\/carb-organiques-max\/#primaryimage\",\"url\":\"https:\/\/venfilter.es\/wp-content\/uploads\/carbon_negro.png\",\"contentUrl\":\"https:\/\/venfilter.es\/wp-content\/uploads\/carbon_negro.png\",\"width\":290,\"height\":337},{\"@type\":\"BreadcrumbList\",\"@id\":\"https:\/\/venfilter.es\/fr\/produits\/carb-organiques-max\/#breadcrumb\",\"itemListElement\":[{\"@type\":\"ListItem\",\"position\":1,\"name\":\"Portada\",\"item\":\"https:\/\/venfilter.es\/fr\/\"},{\"@type\":\"ListItem\",\"position\":2,\"name\":\"Tienda\",\"item\":\"https:\/\/venfilter.es\/fr\/boutique\/\"},{\"@type\":\"ListItem\",\"position\":3,\"name\":\"CARB ORGANIQUES MAX\"}]},{\"@type\":\"WebSite\",\"@id\":\"https:\/\/venfilter.es\/fr\/#website\",\"url\":\"https:\/\/venfilter.es\/fr\/\",\"name\":\"Venfilter\",\"description\":\"Filtros de aire y ventilaci\u00f3n industrial\",\"potentialAction\":[{\"@type\":\"SearchAction\",\"target\":{\"@type\":\"EntryPoint\",\"urlTemplate\":\"https:\/\/venfilter.es\/fr\/?s={search_term_string}\"},\"query-input\":{\"@type\":\"PropertyValueSpecification\",\"valueRequired\":true,\"valueName\":\"search_term_string\"}}],\"inLanguage\":\"fr-FR\"}]}<\/script>\n<!-- \/ Yoast SEO plugin. -->","yoast_head_json":{"title":"CARB ORGANIQUES MAX - Venfilter","description":"Il s\u2019agit d\u2019un charbon anthracite Actif vierge CTC 60, lequel est activ\u00e9 thermiquement pour obtenir une grande surface superficielle, qui accorde au","robots":{"index":"index","follow":"follow","max-snippet":"max-snippet:-1","max-image-preview":"max-image-preview:large","max-video-preview":"max-video-preview:-1"},"canonical":"https:\/\/venfilter.es\/fr\/produits\/carb-organiques-max\/","og_locale":"fr_FR","og_type":"article","og_title":"CARB ORGANIQUES MAX - Venfilter","og_description":"Il s\u2019agit d\u2019un charbon anthracite Actif vierge CTC 60, lequel est activ\u00e9 thermiquement pour obtenir une grande surface superficielle, qui accorde au","og_url":"https:\/\/venfilter.es\/fr\/produits\/carb-organiques-max\/","og_site_name":"Venfilter","article_modified_time":"2022-05-04T08:10:13+00:00","og_image":[{"width":290,"height":337,"url":"https:\/\/venfilter.es\/wp-content\/uploads\/carbon_negro.png","type":"image\/png"}],"twitter_card":"summary_large_image","schema":{"@context":"https:\/\/schema.org","@graph":[{"@type":"WebPage","@id":"https:\/\/venfilter.es\/fr\/produits\/carb-organiques-max\/","url":"https:\/\/venfilter.es\/fr\/produits\/carb-organiques-max\/","name":"CARB ORGANIQUES MAX - Venfilter","isPartOf":{"@id":"https:\/\/venfilter.es\/fr\/#website"},"primaryImageOfPage":{"@id":"https:\/\/venfilter.es\/fr\/produits\/carb-organiques-max\/#primaryimage"},"image":{"@id":"https:\/\/venfilter.es\/fr\/produits\/carb-organiques-max\/#primaryimage"},"thumbnailUrl":"https:\/\/venfilter.es\/wp-content\/uploads\/carbon_negro.png","datePublished":"2022-04-05T07:34:01+00:00","dateModified":"2022-05-04T08:10:13+00:00","description":"Il s\u2019agit d\u2019un charbon anthracite Actif vierge CTC 60, lequel est activ\u00e9 thermiquement pour obtenir une grande surface superficielle, qui accorde au","breadcrumb":{"@id":"https:\/\/venfilter.es\/fr\/produits\/carb-organiques-max\/#breadcrumb"},"inLanguage":"fr-FR","potentialAction":[{"@type":"ReadAction","target":["https:\/\/venfilter.es\/fr\/produits\/carb-organiques-max\/"]}]},{"@type":"ImageObject","inLanguage":"fr-FR","@id":"https:\/\/venfilter.es\/fr\/produits\/carb-organiques-max\/#primaryimage","url":"https:\/\/venfilter.es\/wp-content\/uploads\/carbon_negro.png","contentUrl":"https:\/\/venfilter.es\/wp-content\/uploads\/carbon_negro.png","width":290,"height":337},{"@type":"BreadcrumbList","@id":"https:\/\/venfilter.es\/fr\/produits\/carb-organiques-max\/#breadcrumb","itemListElement":[{"@type":"ListItem","position":1,"name":"Portada","item":"https:\/\/venfilter.es\/fr\/"},{"@type":"ListItem","position":2,"name":"Tienda","item":"https:\/\/venfilter.es\/fr\/boutique\/"},{"@type":"ListItem","position":3,"name":"CARB ORGANIQUES MAX"}]},{"@type":"WebSite","@id":"https:\/\/venfilter.es\/fr\/#website","url":"https:\/\/venfilter.es\/fr\/","name":"Venfilter","description":"Filtros de aire y ventilaci\u00f3n industrial","potentialAction":[{"@type":"SearchAction","target":{"@type":"EntryPoint","urlTemplate":"https:\/\/venfilter.es\/fr\/?s={search_term_string}"},"query-input":{"@type":"PropertyValueSpecification","valueRequired":true,"valueName":"search_term_string"}}],"inLanguage":"fr-FR"}]}},"_links":{"self":[{"href":"https:\/\/venfilter.es\/fr\/wp-json\/wp\/v2\/product\/31529","targetHints":{"allow":["GET"]}}],"collection":[{"href":"https:\/\/venfilter.es\/fr\/wp-json\/wp\/v2\/product"}],"about":[{"href":"https:\/\/venfilter.es\/fr\/wp-json\/wp\/v2\/types\/product"}],"replies":[{"embeddable":true,"href":"https:\/\/venfilter.es\/fr\/wp-json\/wp\/v2\/comments?post=31529"}],"wp:featuredmedia":[{"embeddable":true,"href":"https:\/\/venfilter.es\/fr\/wp-json\/wp\/v2\/media\/28386"}],"wp:attachment":[{"href":"https:\/\/venfilter.es\/fr\/wp-json\/wp\/v2\/media?parent=31529"}],"wp:term":[{"taxonomy":"product_brand","embeddable":true,"href":"https:\/\/venfilter.es\/fr\/wp-json\/wp\/v2\/product_brand?post=31529"},{"taxonomy":"product_cat","embeddable":true,"href":"https:\/\/venfilter.es\/fr\/wp-json\/wp\/v2\/product_cat?post=31529"},{"taxonomy":"product_tag","embeddable":true,"href":"https:\/\/venfilter.es\/fr\/wp-json\/wp\/v2\/product_tag?post=31529"},{"taxonomy":"certificado","embeddable":true,"href":"https:\/\/venfilter.es\/fr\/wp-json\/wp\/v2\/certificado?post=31529"}],"curies":[{"name":"wp","href":"https:\/\/api.w.org\/{rel}","templated":true}]}}