{"id":31530,"date":"2022-04-04T15:07:08","date_gmt":"2022-04-05T07:34:01","guid":{"rendered":"https:\/\/venfilter.es.mialias.net\/product\/carb-max\/"},"modified":"2022-05-04T09:08:51","modified_gmt":"2022-05-04T08:08:51","slug":"carb-max","status":"publish","type":"product","link":"https:\/\/venfilter.es\/fr\/produits\/carb-max\/","title":{"rendered":"CARB MAX"},"content":{"rendered":"<p>Combine un m\u00e9lange de processus physiques et chimiques pour le contr\u00f4le de l\u2019\u00e9mission de gaz. Les gaz oxyd\u00e9s sont transform\u00e9s en produits inoffensifs tels le CO2, l&rsquo;eau et les sels. Il est con\u00e7u pour \u00e9liminer efficacement un vaste spectre de polluant tels les gaz acides, N et S et les compos\u00e9s \u00e0 faible poids mol\u00e9culaire. Il pr\u00e9sente de meilleures propri\u00e9t\u00e9s physiques telles la duret\u00e9 et la r\u00e9sistance face aux environnements totalement satur\u00e9s. Le CARB MAX us\u00e9 est mesur\u00e9 facilement puisqu\u2019il change du violet au marron<\/p>\n","protected":false},"excerpt":{"rendered":"<p>Combine un m\u00e9lange de processus physiques et chimiques pour le contr\u00f4le de l\u2019\u00e9mission de gaz. Les gaz oxyd\u00e9s sont transform\u00e9s en produits inoffensifs tels le CO2, l&rsquo;eau et les sels. Il est con\u00e7u pour \u00e9liminer efficacement un vaste spectre de polluant tels les gaz acides, N et S et les compos\u00e9s \u00e0 faible poids mol\u00e9culaire. [&hellip;]<\/p>\n","protected":false},"featured_media":28398,"comment_status":"closed","ping_status":"closed","template":"","meta":{"_acf_changed":false},"product_brand":[],"product_cat":[4387],"product_tag":[],"certificado":[],"class_list":{"0":"post-31530","1":"product","2":"type-product","3":"status-publish","4":"has-post-thumbnail","6":"product_cat-granules","8":"first","9":"instock","10":"product-type-simple"},"acf":[],"yoast_head":"<!-- This site is optimized with the Yoast SEO plugin v26.6 - https:\/\/yoast.com\/wordpress\/plugins\/seo\/ -->\n<title>CARB MAX - Venfilter<\/title>\n<meta name=\"description\" content=\"Combine un m\u00e9lange de processus physiques et chimiques pour le contr\u00f4le de l\u2019\u00e9mission de gaz. Les gaz oxyd\u00e9s sont transform\u00e9s en produits inoffensifs tels\" \/>\n<meta name=\"robots\" content=\"index, follow, max-snippet:-1, max-image-preview:large, max-video-preview:-1\" \/>\n<link rel=\"canonical\" href=\"https:\/\/venfilter.es\/fr\/produits\/carb-max\/\" \/>\n<meta property=\"og:locale\" content=\"fr_FR\" \/>\n<meta property=\"og:type\" content=\"article\" \/>\n<meta property=\"og:title\" content=\"CARB MAX - Venfilter\" \/>\n<meta property=\"og:description\" content=\"Combine un m\u00e9lange de processus physiques et chimiques pour le contr\u00f4le de l\u2019\u00e9mission de gaz. Les gaz oxyd\u00e9s sont transform\u00e9s en produits inoffensifs tels\" \/>\n<meta property=\"og:url\" content=\"https:\/\/venfilter.es\/fr\/produits\/carb-max\/\" \/>\n<meta property=\"og:site_name\" content=\"Venfilter\" \/>\n<meta property=\"article:modified_time\" content=\"2022-05-04T08:08:51+00:00\" \/>\n<meta property=\"og:image\" content=\"https:\/\/venfilter.es\/wp-content\/uploads\/carb-max.jpg\" \/>\n\t<meta property=\"og:image:width\" content=\"861\" \/>\n\t<meta property=\"og:image:height\" content=\"849\" \/>\n\t<meta property=\"og:image:type\" content=\"image\/jpeg\" \/>\n<meta name=\"twitter:card\" content=\"summary_large_image\" \/>\n<script type=\"application\/ld+json\" class=\"yoast-schema-graph\">{\"@context\":\"https:\/\/schema.org\",\"@graph\":[{\"@type\":\"WebPage\",\"@id\":\"https:\/\/venfilter.es\/fr\/produits\/carb-max\/\",\"url\":\"https:\/\/venfilter.es\/fr\/produits\/carb-max\/\",\"name\":\"CARB MAX - Venfilter\",\"isPartOf\":{\"@id\":\"https:\/\/venfilter.es\/fr\/#website\"},\"primaryImageOfPage\":{\"@id\":\"https:\/\/venfilter.es\/fr\/produits\/carb-max\/#primaryimage\"},\"image\":{\"@id\":\"https:\/\/venfilter.es\/fr\/produits\/carb-max\/#primaryimage\"},\"thumbnailUrl\":\"https:\/\/venfilter.es\/wp-content\/uploads\/carb-max.jpg\",\"datePublished\":\"2022-04-05T07:34:01+00:00\",\"dateModified\":\"2022-05-04T08:08:51+00:00\",\"description\":\"Combine un m\u00e9lange de processus physiques et chimiques pour le contr\u00f4le de l\u2019\u00e9mission de gaz. Les gaz oxyd\u00e9s sont transform\u00e9s en produits inoffensifs tels\",\"breadcrumb\":{\"@id\":\"https:\/\/venfilter.es\/fr\/produits\/carb-max\/#breadcrumb\"},\"inLanguage\":\"fr-FR\",\"potentialAction\":[{\"@type\":\"ReadAction\",\"target\":[\"https:\/\/venfilter.es\/fr\/produits\/carb-max\/\"]}]},{\"@type\":\"ImageObject\",\"inLanguage\":\"fr-FR\",\"@id\":\"https:\/\/venfilter.es\/fr\/produits\/carb-max\/#primaryimage\",\"url\":\"https:\/\/venfilter.es\/wp-content\/uploads\/carb-max.jpg\",\"contentUrl\":\"https:\/\/venfilter.es\/wp-content\/uploads\/carb-max.jpg\",\"width\":861,\"height\":849},{\"@type\":\"BreadcrumbList\",\"@id\":\"https:\/\/venfilter.es\/fr\/produits\/carb-max\/#breadcrumb\",\"itemListElement\":[{\"@type\":\"ListItem\",\"position\":1,\"name\":\"Portada\",\"item\":\"https:\/\/venfilter.es\/fr\/\"},{\"@type\":\"ListItem\",\"position\":2,\"name\":\"Tienda\",\"item\":\"https:\/\/venfilter.es\/fr\/boutique\/\"},{\"@type\":\"ListItem\",\"position\":3,\"name\":\"CARB MAX\"}]},{\"@type\":\"WebSite\",\"@id\":\"https:\/\/venfilter.es\/fr\/#website\",\"url\":\"https:\/\/venfilter.es\/fr\/\",\"name\":\"Venfilter\",\"description\":\"Filtros de aire y ventilaci\u00f3n industrial\",\"potentialAction\":[{\"@type\":\"SearchAction\",\"target\":{\"@type\":\"EntryPoint\",\"urlTemplate\":\"https:\/\/venfilter.es\/fr\/?s={search_term_string}\"},\"query-input\":{\"@type\":\"PropertyValueSpecification\",\"valueRequired\":true,\"valueName\":\"search_term_string\"}}],\"inLanguage\":\"fr-FR\"}]}<\/script>\n<!-- \/ Yoast SEO plugin. -->","yoast_head_json":{"title":"CARB MAX - Venfilter","description":"Combine un m\u00e9lange de processus physiques et chimiques pour le contr\u00f4le de l\u2019\u00e9mission de gaz. Les gaz oxyd\u00e9s sont transform\u00e9s en produits inoffensifs tels","robots":{"index":"index","follow":"follow","max-snippet":"max-snippet:-1","max-image-preview":"max-image-preview:large","max-video-preview":"max-video-preview:-1"},"canonical":"https:\/\/venfilter.es\/fr\/produits\/carb-max\/","og_locale":"fr_FR","og_type":"article","og_title":"CARB MAX - Venfilter","og_description":"Combine un m\u00e9lange de processus physiques et chimiques pour le contr\u00f4le de l\u2019\u00e9mission de gaz. Les gaz oxyd\u00e9s sont transform\u00e9s en produits inoffensifs tels","og_url":"https:\/\/venfilter.es\/fr\/produits\/carb-max\/","og_site_name":"Venfilter","article_modified_time":"2022-05-04T08:08:51+00:00","og_image":[{"width":861,"height":849,"url":"https:\/\/venfilter.es\/wp-content\/uploads\/carb-max.jpg","type":"image\/jpeg"}],"twitter_card":"summary_large_image","schema":{"@context":"https:\/\/schema.org","@graph":[{"@type":"WebPage","@id":"https:\/\/venfilter.es\/fr\/produits\/carb-max\/","url":"https:\/\/venfilter.es\/fr\/produits\/carb-max\/","name":"CARB MAX - Venfilter","isPartOf":{"@id":"https:\/\/venfilter.es\/fr\/#website"},"primaryImageOfPage":{"@id":"https:\/\/venfilter.es\/fr\/produits\/carb-max\/#primaryimage"},"image":{"@id":"https:\/\/venfilter.es\/fr\/produits\/carb-max\/#primaryimage"},"thumbnailUrl":"https:\/\/venfilter.es\/wp-content\/uploads\/carb-max.jpg","datePublished":"2022-04-05T07:34:01+00:00","dateModified":"2022-05-04T08:08:51+00:00","description":"Combine un m\u00e9lange de processus physiques et chimiques pour le contr\u00f4le de l\u2019\u00e9mission de gaz. Les gaz oxyd\u00e9s sont transform\u00e9s en produits inoffensifs tels","breadcrumb":{"@id":"https:\/\/venfilter.es\/fr\/produits\/carb-max\/#breadcrumb"},"inLanguage":"fr-FR","potentialAction":[{"@type":"ReadAction","target":["https:\/\/venfilter.es\/fr\/produits\/carb-max\/"]}]},{"@type":"ImageObject","inLanguage":"fr-FR","@id":"https:\/\/venfilter.es\/fr\/produits\/carb-max\/#primaryimage","url":"https:\/\/venfilter.es\/wp-content\/uploads\/carb-max.jpg","contentUrl":"https:\/\/venfilter.es\/wp-content\/uploads\/carb-max.jpg","width":861,"height":849},{"@type":"BreadcrumbList","@id":"https:\/\/venfilter.es\/fr\/produits\/carb-max\/#breadcrumb","itemListElement":[{"@type":"ListItem","position":1,"name":"Portada","item":"https:\/\/venfilter.es\/fr\/"},{"@type":"ListItem","position":2,"name":"Tienda","item":"https:\/\/venfilter.es\/fr\/boutique\/"},{"@type":"ListItem","position":3,"name":"CARB MAX"}]},{"@type":"WebSite","@id":"https:\/\/venfilter.es\/fr\/#website","url":"https:\/\/venfilter.es\/fr\/","name":"Venfilter","description":"Filtros de aire y ventilaci\u00f3n industrial","potentialAction":[{"@type":"SearchAction","target":{"@type":"EntryPoint","urlTemplate":"https:\/\/venfilter.es\/fr\/?s={search_term_string}"},"query-input":{"@type":"PropertyValueSpecification","valueRequired":true,"valueName":"search_term_string"}}],"inLanguage":"fr-FR"}]}},"_links":{"self":[{"href":"https:\/\/venfilter.es\/fr\/wp-json\/wp\/v2\/product\/31530","targetHints":{"allow":["GET"]}}],"collection":[{"href":"https:\/\/venfilter.es\/fr\/wp-json\/wp\/v2\/product"}],"about":[{"href":"https:\/\/venfilter.es\/fr\/wp-json\/wp\/v2\/types\/product"}],"replies":[{"embeddable":true,"href":"https:\/\/venfilter.es\/fr\/wp-json\/wp\/v2\/comments?post=31530"}],"wp:featuredmedia":[{"embeddable":true,"href":"https:\/\/venfilter.es\/fr\/wp-json\/wp\/v2\/media\/28398"}],"wp:attachment":[{"href":"https:\/\/venfilter.es\/fr\/wp-json\/wp\/v2\/media?parent=31530"}],"wp:term":[{"taxonomy":"product_brand","embeddable":true,"href":"https:\/\/venfilter.es\/fr\/wp-json\/wp\/v2\/product_brand?post=31530"},{"taxonomy":"product_cat","embeddable":true,"href":"https:\/\/venfilter.es\/fr\/wp-json\/wp\/v2\/product_cat?post=31530"},{"taxonomy":"product_tag","embeddable":true,"href":"https:\/\/venfilter.es\/fr\/wp-json\/wp\/v2\/product_tag?post=31530"},{"taxonomy":"certificado","embeddable":true,"href":"https:\/\/venfilter.es\/fr\/wp-json\/wp\/v2\/certificado?post=31530"}],"curies":[{"name":"wp","href":"https:\/\/api.w.org\/{rel}","templated":true}]}}