{"id":33866,"date":"2022-07-21T07:39:06","date_gmt":"2022-07-21T06:39:06","guid":{"rendered":"https:\/\/venfilter.es\/product\/housing-metalico-boca-lateral-con-regulacion-2\/"},"modified":"2023-06-29T17:12:36","modified_gmt":"2023-06-29T16:12:36","slug":"housing-metalico-boca-lateral-con-regulacion","status":"publish","type":"product","link":"https:\/\/venfilter.es\/fr\/produits\/housing-metalico-boca-lateral-con-regulacion\/","title":{"rendered":"Housing Met\u00e1lico Boca Lateral con Regulaci\u00f3n"},"content":{"rendered":"<div class=\"field field-name-field-descripcion-producto field-type-text-with-summary field-label-hidden\">\n<div class=\"field-items\">\n<div class=\"field-item even\">\n<p>Difusor Terminal met\u00e1lico para filtros recambiables HEPA\/ULPA, tipo Laminarven para la difusi\u00f3n del aire en Salas Blancas con flujo turbulento y laminar.<\/p>\n<\/div>\n<\/div>\n<\/div>\n<div class=\"field field-name-field-eficacia field-type-text-with-summary field-label-hidden\">\n<div class=\"field-items\">\n<div class=\"field-item even\"><\/div>\n<\/div>\n<\/div>\n","protected":false},"excerpt":{"rendered":"<p>Difusor Terminal met\u00e1lico para filtros recambiables HEPA\/ULPA, tipo Laminarven para la difusi\u00f3n del aire en Salas Blancas con flujo turbulento y laminar.<\/p>\n","protected":false},"featured_media":43529,"comment_status":"closed","ping_status":"closed","template":"","meta":{"_acf_changed":false},"product_brand":[],"product_cat":[4220],"product_tag":[],"certificado":[],"class_list":{"0":"post-33866","1":"product","2":"type-product","3":"status-publish","4":"has-post-thumbnail","6":"product_cat-diffuseur-hepa","8":"first","9":"instock","10":"product-type-variable"},"acf":[],"yoast_head":"<!-- This site is optimized with the Yoast SEO plugin v26.6 - https:\/\/yoast.com\/wordpress\/plugins\/seo\/ -->\n<title>Housing Met\u00e1lico Boca Lateral con Regulaci\u00f3n - Venfilter<\/title>\n<meta name=\"description\" content=\"Difusor Terminal met\u00e1lico para filtros recambiables HEPA\/ULPA, tipo Laminarven para la difusi\u00f3n del aire en Salas Blancas con flujo turbulento y laminar.\" \/>\n<meta name=\"robots\" content=\"index, follow, max-snippet:-1, max-image-preview:large, max-video-preview:-1\" \/>\n<link rel=\"canonical\" href=\"https:\/\/venfilter.es\/fr\/produits\/housing-metalico-boca-lateral-con-regulacion\/\" \/>\n<meta property=\"og:locale\" content=\"fr_FR\" \/>\n<meta property=\"og:type\" content=\"article\" \/>\n<meta property=\"og:title\" content=\"Housing Met\u00e1lico Boca Lateral con Regulaci\u00f3n - Venfilter\" \/>\n<meta property=\"og:description\" content=\"Difusor Terminal met\u00e1lico para filtros recambiables HEPA\/ULPA, tipo Laminarven para la difusi\u00f3n del aire en Salas Blancas con flujo turbulento y laminar.\" \/>\n<meta property=\"og:url\" content=\"https:\/\/venfilter.es\/fr\/produits\/housing-metalico-boca-lateral-con-regulacion\/\" \/>\n<meta property=\"og:site_name\" content=\"Venfilter\" \/>\n<meta property=\"article:modified_time\" content=\"2023-06-29T16:12:36+00:00\" \/>\n<meta property=\"og:image\" content=\"https:\/\/venfilter.es\/wp-content\/uploads\/bodegon-houding-con-regulacion_nuevo.jpg\" \/>\n\t<meta property=\"og:image:width\" content=\"1920\" \/>\n\t<meta property=\"og:image:height\" content=\"1920\" \/>\n\t<meta property=\"og:image:type\" content=\"image\/jpeg\" \/>\n<meta name=\"twitter:card\" content=\"summary_large_image\" \/>\n<meta name=\"twitter:label1\" content=\"Dur\u00e9e de lecture estim\u00e9e\" \/>\n\t<meta name=\"twitter:data1\" content=\"1 minute\" \/>\n<script type=\"application\/ld+json\" class=\"yoast-schema-graph\">{\"@context\":\"https:\/\/schema.org\",\"@graph\":[{\"@type\":\"WebPage\",\"@id\":\"https:\/\/venfilter.es\/fr\/produits\/housing-metalico-boca-lateral-con-regulacion\/\",\"url\":\"https:\/\/venfilter.es\/fr\/produits\/housing-metalico-boca-lateral-con-regulacion\/\",\"name\":\"Housing Met\u00e1lico Boca Lateral con Regulaci\u00f3n - Venfilter\",\"isPartOf\":{\"@id\":\"https:\/\/venfilter.es\/fr\/#website\"},\"primaryImageOfPage\":{\"@id\":\"https:\/\/venfilter.es\/fr\/produits\/housing-metalico-boca-lateral-con-regulacion\/#primaryimage\"},\"image\":{\"@id\":\"https:\/\/venfilter.es\/fr\/produits\/housing-metalico-boca-lateral-con-regulacion\/#primaryimage\"},\"thumbnailUrl\":\"https:\/\/venfilter.es\/wp-content\/uploads\/bodegon-houding-con-regulacion_nuevo.jpg\",\"datePublished\":\"2022-07-21T06:39:06+00:00\",\"dateModified\":\"2023-06-29T16:12:36+00:00\",\"description\":\"Difusor Terminal met\u00e1lico para filtros recambiables HEPA\/ULPA, tipo Laminarven para la difusi\u00f3n del aire en Salas Blancas con flujo turbulento y laminar.\",\"breadcrumb\":{\"@id\":\"https:\/\/venfilter.es\/fr\/produits\/housing-metalico-boca-lateral-con-regulacion\/#breadcrumb\"},\"inLanguage\":\"fr-FR\",\"potentialAction\":[{\"@type\":\"ReadAction\",\"target\":[\"https:\/\/venfilter.es\/fr\/produits\/housing-metalico-boca-lateral-con-regulacion\/\"]}]},{\"@type\":\"ImageObject\",\"inLanguage\":\"fr-FR\",\"@id\":\"https:\/\/venfilter.es\/fr\/produits\/housing-metalico-boca-lateral-con-regulacion\/#primaryimage\",\"url\":\"https:\/\/venfilter.es\/wp-content\/uploads\/bodegon-houding-con-regulacion_nuevo.jpg\",\"contentUrl\":\"https:\/\/venfilter.es\/wp-content\/uploads\/bodegon-houding-con-regulacion_nuevo.jpg\",\"width\":1920,\"height\":1920},{\"@type\":\"BreadcrumbList\",\"@id\":\"https:\/\/venfilter.es\/fr\/produits\/housing-metalico-boca-lateral-con-regulacion\/#breadcrumb\",\"itemListElement\":[{\"@type\":\"ListItem\",\"position\":1,\"name\":\"Portada\",\"item\":\"https:\/\/venfilter.es\/fr\/\"},{\"@type\":\"ListItem\",\"position\":2,\"name\":\"Tienda\",\"item\":\"https:\/\/venfilter.es\/fr\/boutique\/\"},{\"@type\":\"ListItem\",\"position\":3,\"name\":\"Housing Met\u00e1lico Boca Lateral con Regulaci\u00f3n\"}]},{\"@type\":\"WebSite\",\"@id\":\"https:\/\/venfilter.es\/fr\/#website\",\"url\":\"https:\/\/venfilter.es\/fr\/\",\"name\":\"Venfilter\",\"description\":\"Filtros de aire y ventilaci\u00f3n industrial\",\"potentialAction\":[{\"@type\":\"SearchAction\",\"target\":{\"@type\":\"EntryPoint\",\"urlTemplate\":\"https:\/\/venfilter.es\/fr\/?s={search_term_string}\"},\"query-input\":{\"@type\":\"PropertyValueSpecification\",\"valueRequired\":true,\"valueName\":\"search_term_string\"}}],\"inLanguage\":\"fr-FR\"}]}<\/script>\n<!-- \/ Yoast SEO plugin. -->","yoast_head_json":{"title":"Housing Met\u00e1lico Boca Lateral con Regulaci\u00f3n - Venfilter","description":"Difusor Terminal met\u00e1lico para filtros recambiables HEPA\/ULPA, tipo Laminarven para la difusi\u00f3n del aire en Salas Blancas con flujo turbulento y laminar.","robots":{"index":"index","follow":"follow","max-snippet":"max-snippet:-1","max-image-preview":"max-image-preview:large","max-video-preview":"max-video-preview:-1"},"canonical":"https:\/\/venfilter.es\/fr\/produits\/housing-metalico-boca-lateral-con-regulacion\/","og_locale":"fr_FR","og_type":"article","og_title":"Housing Met\u00e1lico Boca Lateral con Regulaci\u00f3n - Venfilter","og_description":"Difusor Terminal met\u00e1lico para filtros recambiables HEPA\/ULPA, tipo Laminarven para la difusi\u00f3n del aire en Salas Blancas con flujo turbulento y laminar.","og_url":"https:\/\/venfilter.es\/fr\/produits\/housing-metalico-boca-lateral-con-regulacion\/","og_site_name":"Venfilter","article_modified_time":"2023-06-29T16:12:36+00:00","og_image":[{"width":1920,"height":1920,"url":"https:\/\/venfilter.es\/wp-content\/uploads\/bodegon-houding-con-regulacion_nuevo.jpg","type":"image\/jpeg"}],"twitter_card":"summary_large_image","twitter_misc":{"Dur\u00e9e de lecture estim\u00e9e":"1 minute"},"schema":{"@context":"https:\/\/schema.org","@graph":[{"@type":"WebPage","@id":"https:\/\/venfilter.es\/fr\/produits\/housing-metalico-boca-lateral-con-regulacion\/","url":"https:\/\/venfilter.es\/fr\/produits\/housing-metalico-boca-lateral-con-regulacion\/","name":"Housing Met\u00e1lico Boca Lateral con Regulaci\u00f3n - Venfilter","isPartOf":{"@id":"https:\/\/venfilter.es\/fr\/#website"},"primaryImageOfPage":{"@id":"https:\/\/venfilter.es\/fr\/produits\/housing-metalico-boca-lateral-con-regulacion\/#primaryimage"},"image":{"@id":"https:\/\/venfilter.es\/fr\/produits\/housing-metalico-boca-lateral-con-regulacion\/#primaryimage"},"thumbnailUrl":"https:\/\/venfilter.es\/wp-content\/uploads\/bodegon-houding-con-regulacion_nuevo.jpg","datePublished":"2022-07-21T06:39:06+00:00","dateModified":"2023-06-29T16:12:36+00:00","description":"Difusor Terminal met\u00e1lico para filtros recambiables HEPA\/ULPA, tipo Laminarven para la difusi\u00f3n del aire en Salas Blancas con flujo turbulento y laminar.","breadcrumb":{"@id":"https:\/\/venfilter.es\/fr\/produits\/housing-metalico-boca-lateral-con-regulacion\/#breadcrumb"},"inLanguage":"fr-FR","potentialAction":[{"@type":"ReadAction","target":["https:\/\/venfilter.es\/fr\/produits\/housing-metalico-boca-lateral-con-regulacion\/"]}]},{"@type":"ImageObject","inLanguage":"fr-FR","@id":"https:\/\/venfilter.es\/fr\/produits\/housing-metalico-boca-lateral-con-regulacion\/#primaryimage","url":"https:\/\/venfilter.es\/wp-content\/uploads\/bodegon-houding-con-regulacion_nuevo.jpg","contentUrl":"https:\/\/venfilter.es\/wp-content\/uploads\/bodegon-houding-con-regulacion_nuevo.jpg","width":1920,"height":1920},{"@type":"BreadcrumbList","@id":"https:\/\/venfilter.es\/fr\/produits\/housing-metalico-boca-lateral-con-regulacion\/#breadcrumb","itemListElement":[{"@type":"ListItem","position":1,"name":"Portada","item":"https:\/\/venfilter.es\/fr\/"},{"@type":"ListItem","position":2,"name":"Tienda","item":"https:\/\/venfilter.es\/fr\/boutique\/"},{"@type":"ListItem","position":3,"name":"Housing Met\u00e1lico Boca Lateral con Regulaci\u00f3n"}]},{"@type":"WebSite","@id":"https:\/\/venfilter.es\/fr\/#website","url":"https:\/\/venfilter.es\/fr\/","name":"Venfilter","description":"Filtros de aire y ventilaci\u00f3n industrial","potentialAction":[{"@type":"SearchAction","target":{"@type":"EntryPoint","urlTemplate":"https:\/\/venfilter.es\/fr\/?s={search_term_string}"},"query-input":{"@type":"PropertyValueSpecification","valueRequired":true,"valueName":"search_term_string"}}],"inLanguage":"fr-FR"}]}},"_links":{"self":[{"href":"https:\/\/venfilter.es\/fr\/wp-json\/wp\/v2\/product\/33866","targetHints":{"allow":["GET"]}}],"collection":[{"href":"https:\/\/venfilter.es\/fr\/wp-json\/wp\/v2\/product"}],"about":[{"href":"https:\/\/venfilter.es\/fr\/wp-json\/wp\/v2\/types\/product"}],"replies":[{"embeddable":true,"href":"https:\/\/venfilter.es\/fr\/wp-json\/wp\/v2\/comments?post=33866"}],"wp:featuredmedia":[{"embeddable":true,"href":"https:\/\/venfilter.es\/fr\/wp-json\/wp\/v2\/media\/43529"}],"wp:attachment":[{"href":"https:\/\/venfilter.es\/fr\/wp-json\/wp\/v2\/media?parent=33866"}],"wp:term":[{"taxonomy":"product_brand","embeddable":true,"href":"https:\/\/venfilter.es\/fr\/wp-json\/wp\/v2\/product_brand?post=33866"},{"taxonomy":"product_cat","embeddable":true,"href":"https:\/\/venfilter.es\/fr\/wp-json\/wp\/v2\/product_cat?post=33866"},{"taxonomy":"product_tag","embeddable":true,"href":"https:\/\/venfilter.es\/fr\/wp-json\/wp\/v2\/product_tag?post=33866"},{"taxonomy":"certificado","embeddable":true,"href":"https:\/\/venfilter.es\/fr\/wp-json\/wp\/v2\/certificado?post=33866"}],"curies":[{"name":"wp","href":"https:\/\/api.w.org\/{rel}","templated":true}]}}