{"id":42623,"date":"2023-03-21T09:57:06","date_gmt":"2023-03-21T08:57:11","guid":{"rendered":"https:\/\/venfilter.es\/?post_type=product&#038;p=42623"},"modified":"2024-12-20T12:37:46","modified_gmt":"2024-12-20T11:37:46","slug":"purificateur-mia-air-plus-copia","status":"publish","type":"product","link":"https:\/\/venfilter.es\/fr\/produits\/purificateur-mia-air-plus-copia\/","title":{"rendered":"Purificateur MIA AIR COMPACT"},"content":{"rendered":"<p>Unit\u00e9 pour la purification de l&rsquo;air et une recirculation imm\u00e9diate de l&rsquo;air int\u00e9rieur. Elle sert de compl\u00e9ment aux syst\u00e8mes de ventilation. Con\u00e7ue pour les maisons, les bureaux, les commerces, les \u00e9coles, les mus\u00e9es, les cabinets m\u00e9dicaux et dentaires, les maisons de retraite, pi\u00e8ces, les salons de beaut\u00e9, etc.<\/p>\n","protected":false},"excerpt":{"rendered":"<p>Unit\u00e9 pour la purification de l&rsquo;air et une recirculation imm\u00e9diate de l&rsquo;air int\u00e9rieur. Elle sert de compl\u00e9ment aux syst\u00e8mes de ventilation. Con\u00e7ue pour les maisons, les bureaux, les commerces, les \u00e9coles, les mus\u00e9es, les cabinets m\u00e9dicaux et dentaires, les maisons de retraite, pi\u00e8ces, les salons de beaut\u00e9, etc.<\/p>\n","protected":false},"featured_media":42631,"comment_status":"closed","ping_status":"closed","template":"","meta":{"_acf_changed":false},"product_brand":[],"product_cat":[4866],"product_tag":[],"certificado":[],"class_list":{"0":"post-42623","1":"product","2":"type-product","3":"status-publish","4":"has-post-thumbnail","6":"product_cat-purificateurs","8":"first","9":"instock","10":"product-type-variable"},"acf":[],"yoast_head":"<!-- This site is optimized with the Yoast SEO plugin v26.6 - https:\/\/yoast.com\/wordpress\/plugins\/seo\/ -->\n<title>Purificateur MIA AIR COMPACT - Venfilter<\/title>\n<meta name=\"description\" content=\"Unit\u00e9 pour la purification de l&#039;air et une recirculation imm\u00e9diate de l&#039;air int\u00e9rieur. Elle sert de compl\u00e9ment aux syst\u00e8mes de ventilation. Con\u00e7ue pour\" \/>\n<meta name=\"robots\" content=\"index, follow, max-snippet:-1, max-image-preview:large, max-video-preview:-1\" \/>\n<link rel=\"canonical\" href=\"https:\/\/venfilter.es\/fr\/produits\/purificateur-mia-air-plus-copia\/\" \/>\n<meta property=\"og:locale\" content=\"fr_FR\" \/>\n<meta property=\"og:type\" content=\"article\" \/>\n<meta property=\"og:title\" content=\"Purificateur MIA AIR COMPACT - Venfilter\" \/>\n<meta property=\"og:description\" content=\"Unit\u00e9 pour la purification de l&#039;air et une recirculation imm\u00e9diate de l&#039;air int\u00e9rieur. Elle sert de compl\u00e9ment aux syst\u00e8mes de ventilation. Con\u00e7ue pour\" \/>\n<meta property=\"og:url\" content=\"https:\/\/venfilter.es\/fr\/produits\/purificateur-mia-air-plus-copia\/\" \/>\n<meta property=\"og:site_name\" content=\"Venfilter\" \/>\n<meta property=\"article:modified_time\" content=\"2024-12-20T11:37:46+00:00\" \/>\n<meta property=\"og:image\" content=\"https:\/\/venfilter.es\/wp-content\/uploads\/MIA-COMPACT-PARA-WEB-.png\" \/>\n\t<meta property=\"og:image:width\" content=\"964\" \/>\n\t<meta property=\"og:image:height\" content=\"800\" \/>\n\t<meta property=\"og:image:type\" content=\"image\/png\" \/>\n<meta name=\"twitter:card\" content=\"summary_large_image\" \/>\n<meta name=\"twitter:label1\" content=\"Dur\u00e9e de lecture estim\u00e9e\" \/>\n\t<meta name=\"twitter:data1\" content=\"1 minute\" \/>\n<script type=\"application\/ld+json\" class=\"yoast-schema-graph\">{\"@context\":\"https:\/\/schema.org\",\"@graph\":[{\"@type\":\"WebPage\",\"@id\":\"https:\/\/venfilter.es\/fr\/produits\/purificateur-mia-air-plus-copia\/\",\"url\":\"https:\/\/venfilter.es\/fr\/produits\/purificateur-mia-air-plus-copia\/\",\"name\":\"Purificateur MIA AIR COMPACT - Venfilter\",\"isPartOf\":{\"@id\":\"https:\/\/venfilter.es\/fr\/#website\"},\"primaryImageOfPage\":{\"@id\":\"https:\/\/venfilter.es\/fr\/produits\/purificateur-mia-air-plus-copia\/#primaryimage\"},\"image\":{\"@id\":\"https:\/\/venfilter.es\/fr\/produits\/purificateur-mia-air-plus-copia\/#primaryimage\"},\"thumbnailUrl\":\"https:\/\/venfilter.es\/wp-content\/uploads\/MIA-COMPACT-PARA-WEB-.png\",\"datePublished\":\"2023-03-21T08:57:11+00:00\",\"dateModified\":\"2024-12-20T11:37:46+00:00\",\"description\":\"Unit\u00e9 pour la purification de l'air et une recirculation imm\u00e9diate de l'air int\u00e9rieur. Elle sert de compl\u00e9ment aux syst\u00e8mes de ventilation. Con\u00e7ue pour\",\"breadcrumb\":{\"@id\":\"https:\/\/venfilter.es\/fr\/produits\/purificateur-mia-air-plus-copia\/#breadcrumb\"},\"inLanguage\":\"fr-FR\",\"potentialAction\":[{\"@type\":\"ReadAction\",\"target\":[\"https:\/\/venfilter.es\/fr\/produits\/purificateur-mia-air-plus-copia\/\"]}]},{\"@type\":\"ImageObject\",\"inLanguage\":\"fr-FR\",\"@id\":\"https:\/\/venfilter.es\/fr\/produits\/purificateur-mia-air-plus-copia\/#primaryimage\",\"url\":\"https:\/\/venfilter.es\/wp-content\/uploads\/MIA-COMPACT-PARA-WEB-.png\",\"contentUrl\":\"https:\/\/venfilter.es\/wp-content\/uploads\/MIA-COMPACT-PARA-WEB-.png\",\"width\":964,\"height\":800},{\"@type\":\"BreadcrumbList\",\"@id\":\"https:\/\/venfilter.es\/fr\/produits\/purificateur-mia-air-plus-copia\/#breadcrumb\",\"itemListElement\":[{\"@type\":\"ListItem\",\"position\":1,\"name\":\"Portada\",\"item\":\"https:\/\/venfilter.es\/fr\/\"},{\"@type\":\"ListItem\",\"position\":2,\"name\":\"Tienda\",\"item\":\"https:\/\/venfilter.es\/fr\/boutique\/\"},{\"@type\":\"ListItem\",\"position\":3,\"name\":\"Purificateur MIA AIR COMPACT\"}]},{\"@type\":\"WebSite\",\"@id\":\"https:\/\/venfilter.es\/fr\/#website\",\"url\":\"https:\/\/venfilter.es\/fr\/\",\"name\":\"Venfilter\",\"description\":\"Filtros de aire y ventilaci\u00f3n industrial\",\"potentialAction\":[{\"@type\":\"SearchAction\",\"target\":{\"@type\":\"EntryPoint\",\"urlTemplate\":\"https:\/\/venfilter.es\/fr\/?s={search_term_string}\"},\"query-input\":{\"@type\":\"PropertyValueSpecification\",\"valueRequired\":true,\"valueName\":\"search_term_string\"}}],\"inLanguage\":\"fr-FR\"}]}<\/script>\n<!-- \/ Yoast SEO plugin. -->","yoast_head_json":{"title":"Purificateur MIA AIR COMPACT - Venfilter","description":"Unit\u00e9 pour la purification de l'air et une recirculation imm\u00e9diate de l'air int\u00e9rieur. Elle sert de compl\u00e9ment aux syst\u00e8mes de ventilation. Con\u00e7ue pour","robots":{"index":"index","follow":"follow","max-snippet":"max-snippet:-1","max-image-preview":"max-image-preview:large","max-video-preview":"max-video-preview:-1"},"canonical":"https:\/\/venfilter.es\/fr\/produits\/purificateur-mia-air-plus-copia\/","og_locale":"fr_FR","og_type":"article","og_title":"Purificateur MIA AIR COMPACT - Venfilter","og_description":"Unit\u00e9 pour la purification de l'air et une recirculation imm\u00e9diate de l'air int\u00e9rieur. Elle sert de compl\u00e9ment aux syst\u00e8mes de ventilation. Con\u00e7ue pour","og_url":"https:\/\/venfilter.es\/fr\/produits\/purificateur-mia-air-plus-copia\/","og_site_name":"Venfilter","article_modified_time":"2024-12-20T11:37:46+00:00","og_image":[{"width":964,"height":800,"url":"https:\/\/venfilter.es\/wp-content\/uploads\/MIA-COMPACT-PARA-WEB-.png","type":"image\/png"}],"twitter_card":"summary_large_image","twitter_misc":{"Dur\u00e9e de lecture estim\u00e9e":"1 minute"},"schema":{"@context":"https:\/\/schema.org","@graph":[{"@type":"WebPage","@id":"https:\/\/venfilter.es\/fr\/produits\/purificateur-mia-air-plus-copia\/","url":"https:\/\/venfilter.es\/fr\/produits\/purificateur-mia-air-plus-copia\/","name":"Purificateur MIA AIR COMPACT - Venfilter","isPartOf":{"@id":"https:\/\/venfilter.es\/fr\/#website"},"primaryImageOfPage":{"@id":"https:\/\/venfilter.es\/fr\/produits\/purificateur-mia-air-plus-copia\/#primaryimage"},"image":{"@id":"https:\/\/venfilter.es\/fr\/produits\/purificateur-mia-air-plus-copia\/#primaryimage"},"thumbnailUrl":"https:\/\/venfilter.es\/wp-content\/uploads\/MIA-COMPACT-PARA-WEB-.png","datePublished":"2023-03-21T08:57:11+00:00","dateModified":"2024-12-20T11:37:46+00:00","description":"Unit\u00e9 pour la purification de l'air et une recirculation imm\u00e9diate de l'air int\u00e9rieur. Elle sert de compl\u00e9ment aux syst\u00e8mes de ventilation. Con\u00e7ue pour","breadcrumb":{"@id":"https:\/\/venfilter.es\/fr\/produits\/purificateur-mia-air-plus-copia\/#breadcrumb"},"inLanguage":"fr-FR","potentialAction":[{"@type":"ReadAction","target":["https:\/\/venfilter.es\/fr\/produits\/purificateur-mia-air-plus-copia\/"]}]},{"@type":"ImageObject","inLanguage":"fr-FR","@id":"https:\/\/venfilter.es\/fr\/produits\/purificateur-mia-air-plus-copia\/#primaryimage","url":"https:\/\/venfilter.es\/wp-content\/uploads\/MIA-COMPACT-PARA-WEB-.png","contentUrl":"https:\/\/venfilter.es\/wp-content\/uploads\/MIA-COMPACT-PARA-WEB-.png","width":964,"height":800},{"@type":"BreadcrumbList","@id":"https:\/\/venfilter.es\/fr\/produits\/purificateur-mia-air-plus-copia\/#breadcrumb","itemListElement":[{"@type":"ListItem","position":1,"name":"Portada","item":"https:\/\/venfilter.es\/fr\/"},{"@type":"ListItem","position":2,"name":"Tienda","item":"https:\/\/venfilter.es\/fr\/boutique\/"},{"@type":"ListItem","position":3,"name":"Purificateur MIA AIR COMPACT"}]},{"@type":"WebSite","@id":"https:\/\/venfilter.es\/fr\/#website","url":"https:\/\/venfilter.es\/fr\/","name":"Venfilter","description":"Filtros de aire y ventilaci\u00f3n industrial","potentialAction":[{"@type":"SearchAction","target":{"@type":"EntryPoint","urlTemplate":"https:\/\/venfilter.es\/fr\/?s={search_term_string}"},"query-input":{"@type":"PropertyValueSpecification","valueRequired":true,"valueName":"search_term_string"}}],"inLanguage":"fr-FR"}]}},"_links":{"self":[{"href":"https:\/\/venfilter.es\/fr\/wp-json\/wp\/v2\/product\/42623","targetHints":{"allow":["GET"]}}],"collection":[{"href":"https:\/\/venfilter.es\/fr\/wp-json\/wp\/v2\/product"}],"about":[{"href":"https:\/\/venfilter.es\/fr\/wp-json\/wp\/v2\/types\/product"}],"replies":[{"embeddable":true,"href":"https:\/\/venfilter.es\/fr\/wp-json\/wp\/v2\/comments?post=42623"}],"wp:featuredmedia":[{"embeddable":true,"href":"https:\/\/venfilter.es\/fr\/wp-json\/wp\/v2\/media\/42631"}],"wp:attachment":[{"href":"https:\/\/venfilter.es\/fr\/wp-json\/wp\/v2\/media?parent=42623"}],"wp:term":[{"taxonomy":"product_brand","embeddable":true,"href":"https:\/\/venfilter.es\/fr\/wp-json\/wp\/v2\/product_brand?post=42623"},{"taxonomy":"product_cat","embeddable":true,"href":"https:\/\/venfilter.es\/fr\/wp-json\/wp\/v2\/product_cat?post=42623"},{"taxonomy":"product_tag","embeddable":true,"href":"https:\/\/venfilter.es\/fr\/wp-json\/wp\/v2\/product_tag?post=42623"},{"taxonomy":"certificado","embeddable":true,"href":"https:\/\/venfilter.es\/fr\/wp-json\/wp\/v2\/certificado?post=42623"}],"curies":[{"name":"wp","href":"https:\/\/api.w.org\/{rel}","templated":true}]}}