{"id":40728,"date":"2021-10-25T07:18:11","date_gmt":"2021-10-25T07:18:11","guid":{"rendered":"https:\/\/venfilter.es\/venfilter\/"},"modified":"2025-11-28T10:06:45","modified_gmt":"2025-11-28T09:06:45","slug":"quem-somos","status":"publish","type":"page","link":"https:\/\/venfilter.es\/pt-pt\/quem-somos\/","title":{"rendered":"Quem somos"},"content":{"rendered":"\n<div class=\"block-column dos\"\n    style=\"min-height: 100px;background-color:#ffffff;\">\n    <div class=\"columns left\">\n        <div class=\"column column-content \">\n            <div>\n                                \n\n<h1 class=\"wp-block-heading title-h2\">Quem somos<\/h1>\n\n\n\n<p class=\"text-featured\">Damos-lhe as boas-vindas \u00e0 Venfilter, uma empresa que projeta, fabrica e comercializa filtros de ar desde 1992, destinados \u00e0 prote\u00e7\u00e3o do meio ambiento, aos processos de fabrico e \u00e0s pessoas.<\/p>\n\n\n\n<p>Fundada em Terrassa em 1992, a Venfilter \u00e9 atualmente a \u00fanica empresa do setor com capital 100% nacional. A Venfilter \u00e9 a empresa fabricante de filtros l\u00edder no mercado espanhol.<\/p>\n\n\n\n<p>A experi\u00eancia e a especializa\u00e7\u00e3o, bem como a qualidade no nosso servi\u00e7o, transformaram-nos numa refer\u00eancia, fornecendo experi\u00eancia e rigor em v\u00e1rios setores: hospitalar, farmac\u00eautico, veterin\u00e1rio, qu\u00edmico, microeletr\u00f3nica, alimenta\u00e7\u00e3o, embalagens, \u00f3tica e setor aeroespacial.<\/p>\n\n\n            <\/div>\n        <\/div>\n\n                <div class=\"column\">\n                    <div class=\"video\">\n            <div class=\"cont--block-video\">\n                <div class=\"content--block-video-item\">\n                    <div class=\"cont--media\">\n                        <div class=\"cont--media-inner\">\n                                                        <div class=\"cont--video--image\">\n                                <div class=\"cont--image\">\n                                                                        <img decoding=\"async\" class=\"img\" src=\"https:\/\/venfilter.es\/wp-content\/uploads\/2021\/10\/img-video@2x-1024x640.png\"\n                                        alt=\"cover-video\">\n                                <\/div>\n                                                                <div class=\"button--play\">\n                                    <a id=\"play-video\"><\/a>\n                                <\/div>\n\n                                                                <div class=\"text-hover\">\n                                    <div class=\"text-hover--inner\">\n                                        CONHE\u00c7A-NOS                                    <\/div>\n                                <\/div>\n                                                                                            <\/div>\n                            \n                                                        <div class=\"cont--video--iframe\">\n                                <div id=\"close-video\"><\/div>\n                                <div class=\"cont--video\">\n                                    <iframe loading=\"lazy\" width=\"400\" height=\"300\"\n                                        src=\"https:\/\/www.youtube.com\/embed\/0UHgmOebeY4\" frameborder=\"0\"\n                                        allow=\"accelerometer; autoplay; clipboard-write; encrypted-media; gyroscope; picture-in-picture\"\n                                        allowfullscreen><\/iframe>\n                                <\/div>\n                            <\/div>\n                                                    <\/div>\n                    <\/div>\n                <\/div>\n            <\/div>\n        <\/div>\n            <\/div>\n    <\/div>\n<\/div>\n\n\n<div class=\"block-column dos\"\n    style=\"min-height: 100px;background-color:#ffffff;\">\n    <div class=\"columns right\">\n        <div class=\"column column-content \">\n            <div>\n                                \n\n<p class=\"subtitle\">Filtros de qualidade superior, fabricados e certificados em Espanha.<\/p>\n\n\n\n<p>Investimos no futuro, apostando constantemente em tecnologia. Como prova, dispomos do \u00fanico laborat\u00f3rio em Espanha que nos permite garantir os nossos padr\u00f5es de estanqueidade da c\u00e9lula filtrante para filtros HEPA e ULPA, nos termos da norma EN1822.<\/p>\n\n\n\n<p>Continuamos a trabalhar com exig\u00eancia e rigor, investindo em investiga\u00e7\u00e3o, melhorando a nossa capacidade produtiva e de servi\u00e7o, para oferecer excel\u00eancia em filtros de ar a empresas espanholas e de todo o mundo.<\/p>\n\n\n            <\/div>\n        <\/div>\n\n                <div class=\"column\">\n                                <img decoding=\"async\" class=\"image\" src=\"https:\/\/venfilter.es\/wp-content\/uploads\/2021\/10\/img-calidad@2x-1024x640.png\"\n            alt=\"Calidad\">\n            <\/div>\n    <\/div>\n<\/div>\n\n\n<div class=\"block-column dos\"\n    style=\"min-height: 100px;background-color:#fbfbfb;\">\n    <div class=\"columns left\">\n        <div class=\"column column-content \">\n            <div>\n                                \n\n<h2 class=\"wp-block-heading\">A Nossa Vis\u00e3o<\/h2>\n\n\n\n<div class=\"wp-block-columns is-layout-flex wp-container-core-columns-is-layout-9d6595d7 wp-block-columns-is-layout-flex\">\n<div class=\"wp-block-column is-layout-flow wp-block-column-is-layout-flow\">\n<h4 class=\"wp-block-heading\">COMPROMISSO NACIONAL<\/h4>\n\n\n\n<p>Num mercado global, altamente competitivo e no contexto atual, a VENFILTER continua a avan\u00e7ar: continuando a fabricar produtos altamente competitivos que fornecem valor acrescentado, criando postos de trabalho e participando na economia nacional.<\/p>\n<\/div>\n\n\n\n<div class=\"wp-block-column is-layout-flow wp-block-column-is-layout-flow\">\n<h4 class=\"wp-block-heading\">COMPROMISSO INTERNACIONAL<\/h4>\n\n\n\n<p>Fi\u00e9is ao nosso compromisso, centramos as nossas aten\u00e7\u00f5es na Europa e no resto do mundo, oferecendo solu\u00e7\u00f5es de excel\u00eancia e sustent\u00e1veis em produto e em servi\u00e7o, ao n\u00edvel das melhores empresas multinacionais.<\/p>\n<\/div>\n<\/div>\n\n\n            <\/div>\n        <\/div>\n\n                <div class=\"column\">\n                                <img decoding=\"async\" class=\"image\" src=\"https:\/\/venfilter.es\/wp-content\/uploads\/2021\/10\/img-vision@2x-1024x555.png\"\n            alt=\"Visi\u00f3n\">\n            <\/div>\n    <\/div>\n<\/div>\n\n<div class=\"block-valores\">\n    <h2 class=\"title-h1\">Os nossos valores<\/h2>\n        <div class=\"slick-valores num-slides-cinco \">\n                <div class=\"item-valor overlay__button\">\n            <div class=\"imagen\">\n                <img decoding=\"async\" src=\"https:\/\/venfilter.es\/wp-content\/uploads\/2021\/10\/icon-icn-service@2x.png\" alt=\"Service\" \/>\n            <\/div>\n            <h4>Compromisso de servi\u00e7o<\/h4>\n            <div class=\"cont__view-more\">\n                Ver m\u00e1s            <\/div>\n            <div class=\"overlay__content\">\n                <p><p>Ajudamos a melhorar as empresas que disp\u00f5em de instala\u00e7\u00f5es t\u00e9cnicas, sugerindo quais as solu\u00e7\u00f5es mais adequadas, para que os nossos clientes tomem a melhor decis\u00e3o para o seu neg\u00f3cio.<\/p>\n<\/p>\n            <\/div>\n        <\/div>\n                <div class=\"item-valor overlay__button\">\n            <div class=\"imagen\">\n                <img decoding=\"async\" src=\"https:\/\/venfilter.es\/wp-content\/uploads\/2021\/12\/icn-star-on-02.png\" alt=\"Excelencia\" \/>\n            <\/div>\n            <h4>Excel\u00eancia<\/h4>\n            <div class=\"cont__view-more\">\n                Ver m\u00e1s            <\/div>\n            <div class=\"overlay__content\">\n                <p><p>Para a Venfilter a qualidade \u00e9 inabdic\u00e1vel, e \u00e9 por isso que a ISO 9001: 2008 nos ratifica. Respeitamos a qualidade das mat\u00e9rias-primas e melhoramos os processos de modo a que os produtos e o servi\u00e7o personalizado satisfa\u00e7am os nossos clientes.<\/p>\n<\/p>\n            <\/div>\n        <\/div>\n                <div class=\"item-valor overlay__button\">\n            <div class=\"imagen\">\n                <img decoding=\"async\" src=\"https:\/\/venfilter.es\/wp-content\/uploads\/2021\/12\/icn-equality.png\" alt=\"\u00c9tica y transparencia\" \/>\n            <\/div>\n            <h4>\u00c9tica e transpar\u00eancia<\/h4>\n            <div class=\"cont__view-more\">\n                Ver m\u00e1s            <\/div>\n            <div class=\"overlay__content\">\n                <p><p>Simplificamos a gest\u00e3o, inovamos e cumprimos as normas e damos as melhores garantias aos nossos clientes. Com um \u00edmpeto sustent\u00e1vel de deixar um mundo melhor para as gera\u00e7\u00f5es futuras.<\/p>\n<\/p>\n            <\/div>\n        <\/div>\n                <div class=\"item-valor overlay__button\">\n            <div class=\"imagen\">\n                <img decoding=\"async\" src=\"https:\/\/venfilter.es\/wp-content\/uploads\/2021\/12\/icn-smile.png\" alt=\"Compromiso de satisfacion\" \/>\n            <\/div>\n            <h4>Compromisso de satisfa\u00e7\u00e3o<\/h4>\n            <div class=\"cont__view-more\">\n                Ver m\u00e1s            <\/div>\n            <div class=\"overlay__content\">\n                <p><p>Trabalhamos para oferecer a melhor qualidade, confian\u00e7a e apoio t\u00e9cnico a um pre\u00e7o razo\u00e1vel. Para que cada projeto se transforme no melhor.<\/p>\n<\/p>\n            <\/div>\n        <\/div>\n                <div class=\"item-valor overlay__button\">\n            <div class=\"imagen\">\n                <img decoding=\"async\" src=\"https:\/\/venfilter.es\/wp-content\/uploads\/2021\/12\/icn-heart.png\" alt=\"Pasi\u00f3n\" \/>\n            <\/div>\n            <h4>Paix\u00e3o<\/h4>\n            <div class=\"cont__view-more\">\n                Ver m\u00e1s            <\/div>\n            <div class=\"overlay__content\">\n                <p><p>Disfrutamos do nosso trabalho, o qual enfrentamos com entusiasmo, exig\u00eancia e dedica\u00e7\u00e3o. \u00c9 o que motiva o nosso progresso diariamente, colocando-nos nos lugares cimeiros do setor.<\/p>\n<\/p>\n            <\/div>\n        <\/div>\n            <\/div>\n    <div\n        class=\"navigation-vent \">\n        <div class=\"prev-vent\" aria-label=\"Previous\" type=\"button\"\">\n            <svg xmlns=\" http:\/\/www.w3.org\/2000\/svg\" viewBox=\"0 0 24 24\" fill=\"#003a76\" width=\"30px\" height=\"30px\">\n            <path d=\"M0 0h24v24H0z\" fill=\"none\" \/>\n            <path class=\"fill\" d=\"M15.41 7.41L14 6l-6 6 6 6 1.41-1.41L10.83 12z\" \/><\/svg>\n        <\/div>\n        <div class=\"dots-vent\"><\/div>\n        <div class=\"next-vent\" aria-label=\"Next\" type=\"button\">\n            <svg xmlns=\"http:\/\/www.w3.org\/2000\/svg\" viewBox=\"0 0 24 24\" fill=\"#003a76\" width=\"30px\" height=\"30px\">\n                <path d=\"M0 0h24v24H0z\" fill=\"none\" \/>\n                <path class=\"fill\" d=\"M8.59 16.59L10 18l6-6-6-6-1.41 1.41L13.17 12z\" \/>\n            <\/svg>\n        <\/div>\n    <\/div>\n<\/div>\n\n\n<div class=\"block-column dos\"\n    style=\"min-height: 100px;background-color:#fbfbfb;\">\n    <div class=\"columns left\">\n        <div class=\"column column-content \">\n            <div>\n                                \n\n<h2 class=\"wp-block-heading\">Sustentabilidade<\/h2>\n\n\n\n<p class=\"subtitle\">Respeitar o meio ambiente<\/p>\n\n\n\n<p>Perante um mundo cada vez mais contaminado, estamos conscientes de que a filtragem de ar desempenha um papel fundamental na prote\u00e7\u00e3o de equipamentos e de pessoas. Assim, estamos empenhados na inova\u00e7\u00e3o em prol do meio ambiente por meio de diferentes linhas de a\u00e7\u00e3o:<\/p>\n\n\n\n<ul class=\"wp-block-list\">\n<li>Melhor gest\u00e3o dos res\u00edduos de produ\u00e7\u00e3o na nossa f\u00e1brica<\/li>\n\n\n\n<li>Desenvolvimento de produtos de elevado desempenho com uma baixa queda de press\u00e3o e um baixo consumo energ\u00e9tico.<\/li>\n\n\n\n<li>Utiliza\u00e7\u00e3o limitada de subst\u00e2ncias potencialmente nocivas.<\/li>\n\n\n\n<li>Utiliza\u00e7\u00e3o de mat\u00e9rias-primas e m\u00e9todos de produ\u00e7\u00e3o de acordo com uma pol\u00edtica global de desenvolvimento sustent\u00e1vel.<\/li>\n<\/ul>\n\n\n\n<p>&nbsp;<\/p>\n\n\n            <\/div>\n        <\/div>\n\n                <div class=\"column\">\n                                <img decoding=\"async\" class=\"image\" src=\"https:\/\/venfilter.es\/wp-content\/uploads\/2021\/10\/img-sostenibilidad@2x-1024x674.png\"\n            alt=\"Sostenibilidad\">\n            <\/div>\n    <\/div>\n<\/div>\n\n\n<h2 class=\"wp-block-heading has-white-color has-text-color\">nnnn<\/h2>\n\n\n\n<div class=\"wp-block-media-text alignwide is-stacked-on-mobile\"><figure class=\"wp-block-media-text__media\"><img loading=\"lazy\" decoding=\"async\" width=\"1024\" height=\"768\" src=\"https:\/\/venfilter.es\/wp-content\/uploads\/\/EUROVENT-RESPIRAR-WEB-1024x768.jpg\" alt=\"\" class=\"wp-image-40684 size-full\" srcset=\"https:\/\/venfilter.es\/wp-content\/uploads\/EUROVENT-RESPIRAR-WEB-1024x768.jpg 1024w, https:\/\/venfilter.es\/wp-content\/uploads\/EUROVENT-RESPIRAR-WEB-300x225.jpg 300w, https:\/\/venfilter.es\/wp-content\/uploads\/EUROVENT-RESPIRAR-WEB-768x576.jpg 768w, https:\/\/venfilter.es\/wp-content\/uploads\/EUROVENT-RESPIRAR-WEB-1536x1152.jpg 1536w, https:\/\/venfilter.es\/wp-content\/uploads\/EUROVENT-RESPIRAR-WEB-600x450.jpg 600w, https:\/\/venfilter.es\/wp-content\/uploads\/EUROVENT-RESPIRAR-WEB.jpg 1890w\" sizes=\"auto, (max-width: 1024px) 100vw, 1024px\" \/><\/figure><div class=\"wp-block-media-text__content\">\n<h2 class=\"wp-block-heading\">Qualidade<\/h2>\n\n\n\n<p>Num mercado global altamente competitivo, a qualidade \u00e9 a nossa raz\u00e3o de ser. Por este motivo, a norma ISO 9001:2015 pauta o nosso percurso e representa o triunfo das nossas premissas.<\/p>\n<\/div><\/div>\n\n\n\n<div class=\"wp-block-columns no-padding-bottom no-margin-bottom is-layout-flex wp-container-core-columns-is-layout-9d6595d7 wp-block-columns-is-layout-flex\">\n<div class=\"wp-block-column is-layout-flow wp-block-column-is-layout-flow\">\n<h2 class=\"wp-block-heading\"><\/h2>\n<\/div>\n\n\n\n<div class=\"wp-block-column is-layout-flow wp-block-column-is-layout-flow\"><\/div>\n<\/div>\n\n\n\n<div class=\"wp-block-columns no-padding-top no-margin-top is-layout-flex wp-container-core-columns-is-layout-9d6595d7 wp-block-columns-is-layout-flex\">\n<div class=\"wp-block-column is-layout-flow wp-block-column-is-layout-flow\">\n<h3 class=\"no-margin-top\" style=\"font-size: 1.25rem; line-height: 1.25; font-weight: bold;\">Controlos reais, individualmente<\/h3>\n\n\n\n<ul class=\"wp-block-list\">\n<li>Os controlos de qualidade s\u00e3o imprescind\u00edveis para garantir o desempenho adequado dos nossos filtros, os quais s\u00e3o submetidos sempre a um teste individual.<\/li>\n\n\n\n<li>A exig\u00eancia e dedica\u00e7\u00e3o que colocamos nos nossos produtos \u00e9 a confian\u00e7a que oferecemos aos nossos clientes. Esta \u00e9 a raz\u00e3o da nossa evolu\u00e7\u00e3o cont\u00ednua, que posiciona a Venfilter no primeiro lugar do setor.<\/li>\n\n\n\n<li>\u00c9tica e transpar\u00eancia, simplifica\u00e7\u00e3o da gest\u00e3o, inova\u00e7\u00e3o, cumprimento das normas e m\u00e1ximas garantias aos nossos clientes.<\/li>\n<\/ul>\n<\/div>\n\n\n\n<div class=\"wp-block-column is-layout-flow wp-block-column-is-layout-flow\">\n<h3 class=\"no-margin-top\" style=\"font-size: 1.25rem; line-height: 1.25; font-weight: bold;\">Certificado de qualidade<\/h3>\n\n\n\n<ul class=\"wp-block-list\">\n<li>Bureau Veritas Certification certifica que o sistema de qualidade da Empresa: VENTILACI\u00d3N Y FILTRACI\u00d3N, SL (Venfilter) cumpre os requisitos da norma ISO 9001:2015<\/li>\n<\/ul>\n\n\n\n    <div class=\"block-link\">\n        <i class=\"icon-font-icn-dropdown\"><\/i>\n        <a href=\"https:\/\/venfilter.es\/wp-content\/uploads\/ES140837ENACE.pdf\" target=\"_blank\">CERTIFICADO DE QUALIDADE 9001:2015 DA VENFILTER<\/a>\n    <\/div>\n\n<\/div>\n<\/div>\n\n\n\n<div class=\"block-column una\"\n    style=\"min-height: 100px;background-image: url('https:\/\/venfilter.es\/wp-content\/uploads\/Banco-de-pruebas-topas-2-1024x683.jpg');\">\n    <div class=\"columns right\">\n        <div class=\"column column-content \">\n            <div>\n                                \n\n<h2 class=\"wp-block-heading\">I + D<\/h2>\n\n\n\n<p>A Venfilter investe na investiga\u00e7\u00e3o e no desenvolvimento desde o seu in\u00edcio, em 1992. Como prova, dispomos do \u00fanico laborat\u00f3rio em Espanha que nos permite garantir os nossos padr\u00f5es de estanqueidade da c\u00e9lula filtrante para filtros EPA e ULPA, nos termos da norma EN1822.<\/p>\n\n\n            <\/div>\n        <\/div>\n\n        <\/div>\n<\/div>\n\n\n<div class=\"block-text\">\n    <h2 class=\"title-h1\">Instala\u00e7\u00f5es<\/h2>\n    <p>Sempre que nos depar\u00e1mos com desafios que o exigiam, melhor\u00e1mos as nossas instala\u00e7\u00f5es. Atualmente, a Venfilter est\u00e1 localizada num novo edif\u00edcio com uma maior capacidade total de produ\u00e7\u00e3o, laborat\u00f3rio, escrit\u00f3rios e armazenamento.<\/p>\n<\/div>\n\n\n<div class=\"block-slider\">\n    <div class=\"slick-images\">\n                <div class=\"slide-img\">\n            <img decoding=\"async\" src=\"https:\/\/venfilter.es\/wp-content\/uploads\/2021\/12\/dsc_0028.jpg\" alt=\"Slide1\" \/>\n        <\/div>\n                <div class=\"slide-img\">\n            <img decoding=\"async\" src=\"https:\/\/venfilter.es\/wp-content\/uploads\/2021\/12\/dsc_0030.jpg\" alt=\"Slide2\" \/>\n        <\/div>\n                <div class=\"slide-img\">\n            <img decoding=\"async\" src=\"https:\/\/venfilter.es\/wp-content\/uploads\/2021\/12\/dsc_0010.jpg\" alt=\"\" \/>\n        <\/div>\n                <div class=\"slide-img\">\n            <img decoding=\"async\" src=\"https:\/\/venfilter.es\/wp-content\/uploads\/2021\/12\/dsc_0021.jpg\" alt=\"Almac\u00e9n\" \/>\n        <\/div>\n                <div class=\"slide-img\">\n            <img decoding=\"async\" src=\"https:\/\/venfilter.es\/wp-content\/uploads\/2021\/12\/dsc_0017.jpg\" alt=\"M\u00e1quina\" \/>\n        <\/div>\n                <div class=\"slide-img\">\n            <img decoding=\"async\" src=\"https:\/\/venfilter.es\/wp-content\/uploads\/2021\/12\/dsc_0019.jpg\" alt=\"M\u00e1quina\" \/>\n        <\/div>\n                <div class=\"slide-img\">\n            <img decoding=\"async\" src=\"https:\/\/venfilter.es\/wp-content\/uploads\/2021\/12\/dsc_0020.jpg\" alt=\"M\u00e1quina\" \/>\n        <\/div>\n                <div class=\"slide-img\">\n            <img decoding=\"async\" src=\"https:\/\/venfilter.es\/wp-content\/uploads\/Banco-de-pruebas-topas-2-1024x683.jpg\" alt=\"Banco de pruebas topas\" \/>\n        <\/div>\n                <div class=\"slide-img\">\n            <img decoding=\"async\" src=\"https:\/\/venfilter.es\/wp-content\/uploads\/Venfilter24646-1024x683.jpg\" alt=\"Banco pruebas\" \/>\n        <\/div>\n            <\/div>\n<\/div>\n\n\n<p>&nbsp;<\/p>\n","protected":false},"excerpt":{"rendered":"<p>nnnn Qualidade Num mercado global altamente competitivo, a qualidade \u00e9 a nossa raz\u00e3o de ser. Por este motivo, a norma ISO 9001:2015 pauta o nosso percurso e representa o triunfo das nossas premissas. Controlos reais, individualmente Certificado de qualidade &nbsp;<\/p>\n","protected":false},"author":1,"featured_media":0,"parent":0,"menu_order":0,"comment_status":"closed","ping_status":"closed","template":"page-templates\/template-gutenberg.php","meta":{"_acf_changed":false,"footnotes":""},"class_list":["post-40728","page","type-page","status-publish","hentry"],"acf":[],"yoast_head":"<!-- This site is optimized with the Yoast SEO plugin v26.6 - https:\/\/yoast.com\/wordpress\/plugins\/seo\/ -->\n<title>Quem somos - Venfilter<\/title>\n<meta name=\"description\" content=\"Bienvenue chez Venfilter. Nous concevons, produisons et vendons des filtres \u00e0 air. Nous prot\u00e9geons \u00e9galement l&#039;environnement et les personnes depuis 1992.\" \/>\n<meta name=\"robots\" content=\"index, follow, max-snippet:-1, max-image-preview:large, max-video-preview:-1\" \/>\n<link rel=\"canonical\" href=\"https:\/\/venfilter.es\/pt-pt\/quem-somos\/\" \/>\n<meta property=\"og:locale\" content=\"pt_PT\" \/>\n<meta property=\"og:type\" content=\"article\" \/>\n<meta property=\"og:title\" content=\"Quem somos - Venfilter\" \/>\n<meta property=\"og:description\" content=\"Bienvenue chez Venfilter. Nous concevons, produisons et vendons des filtres \u00e0 air. Nous prot\u00e9geons \u00e9galement l&#039;environnement et les personnes depuis 1992.\" \/>\n<meta property=\"og:url\" content=\"https:\/\/venfilter.es\/pt-pt\/quem-somos\/\" \/>\n<meta property=\"og:site_name\" content=\"Venfilter\" \/>\n<meta property=\"article:modified_time\" content=\"2025-11-28T09:06:45+00:00\" \/>\n<meta property=\"og:image\" content=\"https:\/\/venfilter.es\/wp-content\/uploads\/\/EUROVENT-RESPIRAR-WEB-1024x768.jpg\" \/>\n<meta name=\"twitter:card\" content=\"summary_large_image\" \/>\n<meta name=\"twitter:label1\" content=\"Tempo estimado de leitura\" \/>\n\t<meta name=\"twitter:data1\" content=\"3 minutos\" \/>\n<script type=\"application\/ld+json\" class=\"yoast-schema-graph\">{\"@context\":\"https:\/\/schema.org\",\"@graph\":[{\"@type\":\"WebPage\",\"@id\":\"https:\/\/venfilter.es\/pt-pt\/quem-somos\/\",\"url\":\"https:\/\/venfilter.es\/pt-pt\/quem-somos\/\",\"name\":\"Quem somos - Venfilter\",\"isPartOf\":{\"@id\":\"https:\/\/venfilter.es\/pt-pt\/#website\"},\"primaryImageOfPage\":{\"@id\":\"https:\/\/venfilter.es\/pt-pt\/quem-somos\/#primaryimage\"},\"image\":{\"@id\":\"https:\/\/venfilter.es\/pt-pt\/quem-somos\/#primaryimage\"},\"thumbnailUrl\":\"https:\/\/venfilter.es\/wp-content\/uploads\/\/EUROVENT-RESPIRAR-WEB-1024x768.jpg\",\"datePublished\":\"2021-10-25T07:18:11+00:00\",\"dateModified\":\"2025-11-28T09:06:45+00:00\",\"description\":\"Bienvenue chez Venfilter. Nous concevons, produisons et vendons des filtres \u00e0 air. Nous prot\u00e9geons \u00e9galement l'environnement et les personnes depuis 1992.\",\"breadcrumb\":{\"@id\":\"https:\/\/venfilter.es\/pt-pt\/quem-somos\/#breadcrumb\"},\"inLanguage\":\"pt-PT\",\"potentialAction\":[{\"@type\":\"ReadAction\",\"target\":[\"https:\/\/venfilter.es\/pt-pt\/quem-somos\/\"]}]},{\"@type\":\"ImageObject\",\"inLanguage\":\"pt-PT\",\"@id\":\"https:\/\/venfilter.es\/pt-pt\/quem-somos\/#primaryimage\",\"url\":\"https:\/\/venfilter.es\/wp-content\/uploads\/\/EUROVENT-RESPIRAR-WEB-1024x768.jpg\",\"contentUrl\":\"https:\/\/venfilter.es\/wp-content\/uploads\/\/EUROVENT-RESPIRAR-WEB-1024x768.jpg\"},{\"@type\":\"BreadcrumbList\",\"@id\":\"https:\/\/venfilter.es\/pt-pt\/quem-somos\/#breadcrumb\",\"itemListElement\":[{\"@type\":\"ListItem\",\"position\":1,\"name\":\"Portada\",\"item\":\"https:\/\/venfilter.es\/pt-pt\/\"},{\"@type\":\"ListItem\",\"position\":2,\"name\":\"Quem somos\"}]},{\"@type\":\"WebSite\",\"@id\":\"https:\/\/venfilter.es\/pt-pt\/#website\",\"url\":\"https:\/\/venfilter.es\/pt-pt\/\",\"name\":\"Venfilter\",\"description\":\"Filtros de aire y ventilaci\u00f3n industrial\",\"potentialAction\":[{\"@type\":\"SearchAction\",\"target\":{\"@type\":\"EntryPoint\",\"urlTemplate\":\"https:\/\/venfilter.es\/pt-pt\/?s={search_term_string}\"},\"query-input\":{\"@type\":\"PropertyValueSpecification\",\"valueRequired\":true,\"valueName\":\"search_term_string\"}}],\"inLanguage\":\"pt-PT\"}]}<\/script>\n<!-- \/ Yoast SEO plugin. -->","yoast_head_json":{"title":"Quem somos - Venfilter","description":"Bienvenue chez Venfilter. Nous concevons, produisons et vendons des filtres \u00e0 air. Nous prot\u00e9geons \u00e9galement l'environnement et les personnes depuis 1992.","robots":{"index":"index","follow":"follow","max-snippet":"max-snippet:-1","max-image-preview":"max-image-preview:large","max-video-preview":"max-video-preview:-1"},"canonical":"https:\/\/venfilter.es\/pt-pt\/quem-somos\/","og_locale":"pt_PT","og_type":"article","og_title":"Quem somos - Venfilter","og_description":"Bienvenue chez Venfilter. Nous concevons, produisons et vendons des filtres \u00e0 air. Nous prot\u00e9geons \u00e9galement l'environnement et les personnes depuis 1992.","og_url":"https:\/\/venfilter.es\/pt-pt\/quem-somos\/","og_site_name":"Venfilter","article_modified_time":"2025-11-28T09:06:45+00:00","og_image":[{"url":"https:\/\/venfilter.es\/wp-content\/uploads\/\/EUROVENT-RESPIRAR-WEB-1024x768.jpg","type":"","width":"","height":""}],"twitter_card":"summary_large_image","twitter_misc":{"Tempo estimado de leitura":"3 minutos"},"schema":{"@context":"https:\/\/schema.org","@graph":[{"@type":"WebPage","@id":"https:\/\/venfilter.es\/pt-pt\/quem-somos\/","url":"https:\/\/venfilter.es\/pt-pt\/quem-somos\/","name":"Quem somos - Venfilter","isPartOf":{"@id":"https:\/\/venfilter.es\/pt-pt\/#website"},"primaryImageOfPage":{"@id":"https:\/\/venfilter.es\/pt-pt\/quem-somos\/#primaryimage"},"image":{"@id":"https:\/\/venfilter.es\/pt-pt\/quem-somos\/#primaryimage"},"thumbnailUrl":"https:\/\/venfilter.es\/wp-content\/uploads\/\/EUROVENT-RESPIRAR-WEB-1024x768.jpg","datePublished":"2021-10-25T07:18:11+00:00","dateModified":"2025-11-28T09:06:45+00:00","description":"Bienvenue chez Venfilter. Nous concevons, produisons et vendons des filtres \u00e0 air. Nous prot\u00e9geons \u00e9galement l'environnement et les personnes depuis 1992.","breadcrumb":{"@id":"https:\/\/venfilter.es\/pt-pt\/quem-somos\/#breadcrumb"},"inLanguage":"pt-PT","potentialAction":[{"@type":"ReadAction","target":["https:\/\/venfilter.es\/pt-pt\/quem-somos\/"]}]},{"@type":"ImageObject","inLanguage":"pt-PT","@id":"https:\/\/venfilter.es\/pt-pt\/quem-somos\/#primaryimage","url":"https:\/\/venfilter.es\/wp-content\/uploads\/\/EUROVENT-RESPIRAR-WEB-1024x768.jpg","contentUrl":"https:\/\/venfilter.es\/wp-content\/uploads\/\/EUROVENT-RESPIRAR-WEB-1024x768.jpg"},{"@type":"BreadcrumbList","@id":"https:\/\/venfilter.es\/pt-pt\/quem-somos\/#breadcrumb","itemListElement":[{"@type":"ListItem","position":1,"name":"Portada","item":"https:\/\/venfilter.es\/pt-pt\/"},{"@type":"ListItem","position":2,"name":"Quem somos"}]},{"@type":"WebSite","@id":"https:\/\/venfilter.es\/pt-pt\/#website","url":"https:\/\/venfilter.es\/pt-pt\/","name":"Venfilter","description":"Filtros de aire y ventilaci\u00f3n industrial","potentialAction":[{"@type":"SearchAction","target":{"@type":"EntryPoint","urlTemplate":"https:\/\/venfilter.es\/pt-pt\/?s={search_term_string}"},"query-input":{"@type":"PropertyValueSpecification","valueRequired":true,"valueName":"search_term_string"}}],"inLanguage":"pt-PT"}]}},"_links":{"self":[{"href":"https:\/\/venfilter.es\/pt-pt\/wp-json\/wp\/v2\/pages\/40728","targetHints":{"allow":["GET"]}}],"collection":[{"href":"https:\/\/venfilter.es\/pt-pt\/wp-json\/wp\/v2\/pages"}],"about":[{"href":"https:\/\/venfilter.es\/pt-pt\/wp-json\/wp\/v2\/types\/page"}],"author":[{"embeddable":true,"href":"https:\/\/venfilter.es\/pt-pt\/wp-json\/wp\/v2\/users\/1"}],"replies":[{"embeddable":true,"href":"https:\/\/venfilter.es\/pt-pt\/wp-json\/wp\/v2\/comments?post=40728"}],"version-history":[{"count":0,"href":"https:\/\/venfilter.es\/pt-pt\/wp-json\/wp\/v2\/pages\/40728\/revisions"}],"wp:attachment":[{"href":"https:\/\/venfilter.es\/pt-pt\/wp-json\/wp\/v2\/media?parent=40728"}],"curies":[{"name":"wp","href":"https:\/\/api.w.org\/{rel}","templated":true}]}}