{"id":42424,"date":"2021-12-02T10:53:39","date_gmt":"2021-12-02T10:53:39","guid":{"rendered":"https:\/\/venfilter.es\/politica-de-cookies\/"},"modified":"2026-02-20T10:01:22","modified_gmt":"2026-02-20T09:01:22","slug":"politica-de-cookies","status":"publish","type":"page","link":"https:\/\/venfilter.es\/pt-pt\/politica-de-cookies\/","title":{"rendered":"Pol\u00edtica de cookies"},"content":{"rendered":"<p>A fim de comunicar atrav\u00e9s da rede com o computador do UTILIZADOR, fornecer os servi\u00e7os solicitados, melhorar a sua experi\u00eancia de navega\u00e7\u00e3o e oferecer informa\u00e7\u00e3o comercial personalizada, este website utiliza mecanismos de implementa\u00e7\u00e3o de cookies e de armazenamento de endere\u00e7os IP.<\/p>\n<p>Um cookie \u00e9 um ficheiro que \u00e9 descarregado para o seu computador quando acede a determinados websites. Os cookies permitem, entre outras coisas, armazenar e recuperar informa\u00e7\u00f5es sobre os h\u00e1bitos de navega\u00e7\u00e3o de um utilizador ou do seu equipamento e, dependendo da informa\u00e7\u00e3o dispon\u00edvel e da forma como o seu equipamento \u00e9 utilizado, podem ser utilizados para reconhecer o utilizador.<\/p>\n<p>No entanto, estes meios apenas permitem obter informa\u00e7\u00f5es relacionadas com o n\u00famero de p\u00e1ginas visitadas, a cidade \u00e0 qual \u00e9 atribu\u00eddo o endere\u00e7o IP utilizado para aceder \u00e0 rede, o n\u00famero de novos utilizadores, a frequ\u00eancia e reincid\u00eancia das visitas, a hora da visita e o navegador, operador ou tipo de terminal a partir do qual a mesma \u00e9 efetuada. Em caso algum s\u00e3o obtidos dados relativos ao nome, apelido, endere\u00e7o postal ou semelhantes do utilizador que iniciou a sess\u00e3o.<\/p>\n<p>Os cookies utilizados neste website s\u00e3o os gerados pelo Google Analytics, sendo a denomina\u00e7\u00e3o e a finalidade espec\u00edfica de cada um o seguinte:<\/p>\n<p>\u00b7 has_js: Este cookie \u00e9 utilizado para indicar se o navegador do utilizador ativou o JavaScript.<\/p>\n<p>\u00b7 _ga: Expira 2 anos ap\u00f3s a \u00faltima atualiza\u00e7\u00e3o. Este cookie \u00e9 instalado pelo Google Analytics. Neste caso, o cookie \u00e9 utilizado para calcular os dados dos visitantes, das sess\u00f5es e das campanhas e acompanhar a utiliza\u00e7\u00e3o do website para a elabora\u00e7\u00e3o do relat\u00f3rio anal\u00edtico do mesmo. Os cookies armazenam informa\u00e7\u00e3o de forma an\u00f3nima e atribuem um n\u00famero gerado aleatoriamente para identificar os visitantes \u00fanicos.<\/p>\n<p>._gid: Expira 1 dia ap\u00f3s a \u00faltima atualiza\u00e7\u00e3o. Este cookie \u00e9 instalado pelo Google Analytics. O cookie \u00e9 utilizado para armazenar informa\u00e7\u00e3o sobre como os visitantes utilizam um determinado website e ajuda a criar um relat\u00f3rio anal\u00edtico sobre a forma de funcionamento do mesmo. Os dados recolhidos, incluindo o n\u00famero de visitantes, a origem dos visitantes e os websites, s\u00e3o exibidos anonimamente.<\/p>\n<p>\u00b7_gat: Expira 1 minuto ap\u00f3s a \u00faltima atualiza\u00e7\u00e3o. O Google Universal Analytics introduz estes cookies para acelerar a taxa de pedidos e limitar a recolha de dados em websites com um tr\u00e1fego elevado.<\/p>\n<p>._gat_UA-40017744-1: Expira 1 minuto ap\u00f3s a \u00faltima atualiza\u00e7\u00e3o. Trata-se de um cookie padr\u00e3o estabelecido pelo Google Analytics, onde o elemento padr\u00e3o no nome cont\u00e9m o n\u00famero de identidade \u00fanico da conta ou website ao qual se associa. Parece ser uma varia\u00e7\u00e3o do cookie _gat que \u00e9 utilizado para limitar a quantidade de dados registados pelo Google em websites com um elevado volume de tr\u00e1fego.<\/p>\n<p>.test_cookie: Expira 15 minutos ap\u00f3s a \u00faltima atualiza\u00e7\u00e3o. Este cookie \u00e9 definido pelo website doubleclick.net. O prop\u00f3sito do cookie \u00e9 determinar se os navegadores dos utilizadores suportam cookies.<\/p>\n<p>Pode permitir, bloquear ou eliminar cookies instalados no seu equipamento atrav\u00e9s da configura\u00e7\u00e3o das op\u00e7\u00f5es do seu navegador. Pode encontrar informa\u00e7\u00f5es sobre como faz\u00ea-lo nos navegadores mais comuns acedendo aos links abaixo:<\/p>\n<ul>\n<li>Explorer:\u00a0<a href=\"http:\/\/windows.microsoft.com\/es-es\/windows7\/how-to-manage-cookies-in-internet-explorer-9\">http:\/\/windows.microsoft.com\/es-es\/windows7\/how-to-manage-cookies-in-int&#8230;<\/a><\/li>\n<li>Firefox: <a href=\"https:\/\/support.mozilla.org\/es\/topics\/tracking-protection\/firefox\">https:\/\/support.mozilla.org\/es\/topics\/tracking-protection\/firefox<\/a><\/li>\n<li>Chrome:\u00a0<a href=\"http:\/\/support.google.com\/chrome\/bin\/answer.py?hl=es&amp;answer=95647\">http:\/\/support.google.com\/chrome\/bin\/answer.py?hl=es&amp;answer=95647<\/a><\/li>\n<li>Safari: <a href=\"https:\/\/support.apple.com\/es-es\/guide\/safari\/sfri11471\/mac\">https:\/\/support.apple.com\/es-es\/guide\/safari\/sfri11471\/mac<\/a><\/li>\n<\/ul>\n<p>No entanto, a Venfilter n\u00e3o assume qualquer responsabilidade pela possibilidade de a desativa\u00e7\u00e3o do cookie afetar o bom funcionamento do website e\/ou a presta\u00e7\u00e3o do servi\u00e7o selecionado devido ao facto de, na maioria dos casos, os cookies serem necess\u00e1rios para uma comunica\u00e7\u00e3o eficaz entre o website e o UTILIZADOR ou para a presta\u00e7\u00e3o do servi\u00e7o em quest\u00e3o.<\/p>\n<p><strong>Seguran\u00e7a e confidencialidade dos dados pessoais<\/strong><\/p>\n<p>A Venfilter implementou as medidas t\u00e9cnicas e organizacionais necess\u00e1rias para garantir a seguran\u00e7a e confidencialidade dos dados pessoais e, assim, evitar a sua altera\u00e7\u00e3o, perda, tratamento ou acesso n\u00e3o autorizado, em conformidade com as disposi\u00e7\u00f5es da Lei Org\u00e2nica 15\/1999, de 13 de dezembro, sobre a Prote\u00e7\u00e3o de Dados Pessoais, e do Decreto Real 1720\/2007, de 21 de dezembro, que aprova o seu regulamento de execu\u00e7\u00e3o.<\/p>\n<p>Contudo, o UTILIZADOR deve ter consci\u00eancia de que a seguran\u00e7a dos sistemas inform\u00e1ticos nunca \u00e9 absoluta. Do mesmo modo, deve ter-se em conta que, quando s\u00e3o fornecidos dados pessoais atrav\u00e9s da Internet, estas informa\u00e7\u00f5es podem ser recolhidas sem o seu consentimento e posteriormente tratadas por terceiros n\u00e3o autorizados, dependendo dos programas que tenha instalados no seu computador, ainda que sem o seu conhecimento (spyware, malware, trojans, etc.). \u00c9 da responsabilidade do UTILIZADOR proteger os seus dados pessoais, senhas e quaisquer outros dados confidenciais contidos no seu computador. A Venfilter renuncia a qualquer tipo de responsabilidade pelo que acontece \u00e0 informa\u00e7\u00e3o que o UTILIZADOR publica voluntariamente no website e que seja acedida por terceiros n\u00e3o autorizados pelo UTILIZADOR ou pela Venfilter.<\/p>\n<p>Em conformidade com as disposi\u00e7\u00f5es da Lei Org\u00e2nica acima referida, a Venfilter informa-o da possibilidade de exercer os seus direitos de acesso, retifica\u00e7\u00e3o, cancelamento e oposi\u00e7\u00e3o, escrevendo para o endere\u00e7o eletr\u00f3nico info@venfilter.es. Estes direitos devem ser exercidos sem preju\u00edzo do dever de conservar determinados dados nos termos legais e at\u00e9 que prescrevam as poss\u00edveis obriga\u00e7\u00f5es derivadas do tratamento dos mesmos ou, conforme o caso, de uma rela\u00e7\u00e3o contratual.<\/p>\n\n\n<a id=\"wt-cli-settings-btn\" tabindex=\"0\" role='button' style=\"border-bottom:1px solid rgb(0, 58, 118); text-decoration:none; border-top-color:rgb(0, 58, 118); border-right-color:rgb(0, 58, 118); border-left-color:rgb(0, 58, 118);\" class=\"wt-cli-element medium cli-plugin-button cli-plugin-main-button cli_settings_button\" >Configurar cookies<\/a>\n","protected":false},"excerpt":{"rendered":"<p>A fim de comunicar atrav\u00e9s da rede com o computador do UTILIZADOR, fornecer os servi\u00e7os solicitados, melhorar a sua experi\u00eancia de navega\u00e7\u00e3o e oferecer informa\u00e7\u00e3o comercial personalizada, este website utiliza mecanismos de implementa\u00e7\u00e3o de cookies e de armazenamento de endere\u00e7os IP. Um cookie \u00e9 um ficheiro que \u00e9 descarregado para o seu computador quando acede [&hellip;]<\/p>\n","protected":false},"author":1,"featured_media":0,"parent":0,"menu_order":0,"comment_status":"closed","ping_status":"closed","template":"page-templates\/page-with-title.php","meta":{"_acf_changed":false,"footnotes":""},"class_list":["post-42424","page","type-page","status-publish","hentry"],"acf":[],"yoast_head":"<!-- This site is optimized with the Yoast SEO plugin v26.6 - https:\/\/yoast.com\/wordpress\/plugins\/seo\/ -->\n<title>Pol\u00edtica de cookies - Venfilter<\/title>\n<meta name=\"description\" content=\"A fim de comunicar atrav\u00e9s da rede com o computador do UTILIZADOR, fornecer os servi\u00e7os solicitados, melhorar a sua experi\u00eancia de navega\u00e7\u00e3o e oferecer\" \/>\n<meta name=\"robots\" content=\"index, follow, max-snippet:-1, max-image-preview:large, max-video-preview:-1\" \/>\n<link rel=\"canonical\" href=\"https:\/\/venfilter.es\/pt-pt\/politica-de-cookies\/\" \/>\n<meta property=\"og:locale\" content=\"pt_PT\" \/>\n<meta property=\"og:type\" content=\"article\" \/>\n<meta property=\"og:title\" content=\"Pol\u00edtica de cookies - Venfilter\" \/>\n<meta property=\"og:description\" content=\"A fim de comunicar atrav\u00e9s da rede com o computador do UTILIZADOR, fornecer os servi\u00e7os solicitados, melhorar a sua experi\u00eancia de navega\u00e7\u00e3o e oferecer\" \/>\n<meta property=\"og:url\" content=\"https:\/\/venfilter.es\/pt-pt\/politica-de-cookies\/\" \/>\n<meta property=\"og:site_name\" content=\"Venfilter\" \/>\n<meta property=\"article:modified_time\" content=\"2026-02-20T09:01:22+00:00\" \/>\n<meta name=\"twitter:card\" content=\"summary_large_image\" \/>\n<meta name=\"twitter:label1\" content=\"Tempo estimado de leitura\" \/>\n\t<meta name=\"twitter:data1\" content=\"4 minutos\" \/>\n<script type=\"application\/ld+json\" class=\"yoast-schema-graph\">{\"@context\":\"https:\/\/schema.org\",\"@graph\":[{\"@type\":\"WebPage\",\"@id\":\"https:\/\/venfilter.es\/pt-pt\/politica-de-cookies\/\",\"url\":\"https:\/\/venfilter.es\/pt-pt\/politica-de-cookies\/\",\"name\":\"Pol\u00edtica de cookies - Venfilter\",\"isPartOf\":{\"@id\":\"https:\/\/venfilter.es\/pt-pt\/#website\"},\"datePublished\":\"2021-12-02T10:53:39+00:00\",\"dateModified\":\"2026-02-20T09:01:22+00:00\",\"description\":\"A fim de comunicar atrav\u00e9s da rede com o computador do UTILIZADOR, fornecer os servi\u00e7os solicitados, melhorar a sua experi\u00eancia de navega\u00e7\u00e3o e oferecer\",\"breadcrumb\":{\"@id\":\"https:\/\/venfilter.es\/pt-pt\/politica-de-cookies\/#breadcrumb\"},\"inLanguage\":\"pt-PT\",\"potentialAction\":[{\"@type\":\"ReadAction\",\"target\":[\"https:\/\/venfilter.es\/pt-pt\/politica-de-cookies\/\"]}]},{\"@type\":\"BreadcrumbList\",\"@id\":\"https:\/\/venfilter.es\/pt-pt\/politica-de-cookies\/#breadcrumb\",\"itemListElement\":[{\"@type\":\"ListItem\",\"position\":1,\"name\":\"Portada\",\"item\":\"https:\/\/venfilter.es\/pt-pt\/\"},{\"@type\":\"ListItem\",\"position\":2,\"name\":\"Pol\u00edtica de cookies\"}]},{\"@type\":\"WebSite\",\"@id\":\"https:\/\/venfilter.es\/pt-pt\/#website\",\"url\":\"https:\/\/venfilter.es\/pt-pt\/\",\"name\":\"Venfilter\",\"description\":\"Filtros de aire y ventilaci\u00f3n industrial\",\"potentialAction\":[{\"@type\":\"SearchAction\",\"target\":{\"@type\":\"EntryPoint\",\"urlTemplate\":\"https:\/\/venfilter.es\/pt-pt\/?s={search_term_string}\"},\"query-input\":{\"@type\":\"PropertyValueSpecification\",\"valueRequired\":true,\"valueName\":\"search_term_string\"}}],\"inLanguage\":\"pt-PT\"}]}<\/script>\n<!-- \/ Yoast SEO plugin. -->","yoast_head_json":{"title":"Pol\u00edtica de cookies - Venfilter","description":"A fim de comunicar atrav\u00e9s da rede com o computador do UTILIZADOR, fornecer os servi\u00e7os solicitados, melhorar a sua experi\u00eancia de navega\u00e7\u00e3o e oferecer","robots":{"index":"index","follow":"follow","max-snippet":"max-snippet:-1","max-image-preview":"max-image-preview:large","max-video-preview":"max-video-preview:-1"},"canonical":"https:\/\/venfilter.es\/pt-pt\/politica-de-cookies\/","og_locale":"pt_PT","og_type":"article","og_title":"Pol\u00edtica de cookies - Venfilter","og_description":"A fim de comunicar atrav\u00e9s da rede com o computador do UTILIZADOR, fornecer os servi\u00e7os solicitados, melhorar a sua experi\u00eancia de navega\u00e7\u00e3o e oferecer","og_url":"https:\/\/venfilter.es\/pt-pt\/politica-de-cookies\/","og_site_name":"Venfilter","article_modified_time":"2026-02-20T09:01:22+00:00","twitter_card":"summary_large_image","twitter_misc":{"Tempo estimado de leitura":"4 minutos"},"schema":{"@context":"https:\/\/schema.org","@graph":[{"@type":"WebPage","@id":"https:\/\/venfilter.es\/pt-pt\/politica-de-cookies\/","url":"https:\/\/venfilter.es\/pt-pt\/politica-de-cookies\/","name":"Pol\u00edtica de cookies - Venfilter","isPartOf":{"@id":"https:\/\/venfilter.es\/pt-pt\/#website"},"datePublished":"2021-12-02T10:53:39+00:00","dateModified":"2026-02-20T09:01:22+00:00","description":"A fim de comunicar atrav\u00e9s da rede com o computador do UTILIZADOR, fornecer os servi\u00e7os solicitados, melhorar a sua experi\u00eancia de navega\u00e7\u00e3o e oferecer","breadcrumb":{"@id":"https:\/\/venfilter.es\/pt-pt\/politica-de-cookies\/#breadcrumb"},"inLanguage":"pt-PT","potentialAction":[{"@type":"ReadAction","target":["https:\/\/venfilter.es\/pt-pt\/politica-de-cookies\/"]}]},{"@type":"BreadcrumbList","@id":"https:\/\/venfilter.es\/pt-pt\/politica-de-cookies\/#breadcrumb","itemListElement":[{"@type":"ListItem","position":1,"name":"Portada","item":"https:\/\/venfilter.es\/pt-pt\/"},{"@type":"ListItem","position":2,"name":"Pol\u00edtica de cookies"}]},{"@type":"WebSite","@id":"https:\/\/venfilter.es\/pt-pt\/#website","url":"https:\/\/venfilter.es\/pt-pt\/","name":"Venfilter","description":"Filtros de aire y ventilaci\u00f3n industrial","potentialAction":[{"@type":"SearchAction","target":{"@type":"EntryPoint","urlTemplate":"https:\/\/venfilter.es\/pt-pt\/?s={search_term_string}"},"query-input":{"@type":"PropertyValueSpecification","valueRequired":true,"valueName":"search_term_string"}}],"inLanguage":"pt-PT"}]}},"_links":{"self":[{"href":"https:\/\/venfilter.es\/pt-pt\/wp-json\/wp\/v2\/pages\/42424","targetHints":{"allow":["GET"]}}],"collection":[{"href":"https:\/\/venfilter.es\/pt-pt\/wp-json\/wp\/v2\/pages"}],"about":[{"href":"https:\/\/venfilter.es\/pt-pt\/wp-json\/wp\/v2\/types\/page"}],"author":[{"embeddable":true,"href":"https:\/\/venfilter.es\/pt-pt\/wp-json\/wp\/v2\/users\/1"}],"replies":[{"embeddable":true,"href":"https:\/\/venfilter.es\/pt-pt\/wp-json\/wp\/v2\/comments?post=42424"}],"version-history":[{"count":1,"href":"https:\/\/venfilter.es\/pt-pt\/wp-json\/wp\/v2\/pages\/42424\/revisions"}],"predecessor-version":[{"id":52092,"href":"https:\/\/venfilter.es\/pt-pt\/wp-json\/wp\/v2\/pages\/42424\/revisions\/52092"}],"wp:attachment":[{"href":"https:\/\/venfilter.es\/pt-pt\/wp-json\/wp\/v2\/media?parent=42424"}],"curies":[{"name":"wp","href":"https:\/\/api.w.org\/{rel}","templated":true}]}}