{"id":42428,"date":"2021-12-02T11:06:12","date_gmt":"2021-12-02T11:06:12","guid":{"rendered":"https:\/\/venfilter.es\/aviso-legal\/"},"modified":"2023-03-02T16:45:54","modified_gmt":"2023-03-02T15:45:54","slug":"aviso-legal","status":"publish","type":"page","link":"https:\/\/venfilter.es\/pt-pt\/aviso-legal\/","title":{"rendered":"Aviso Legal"},"content":{"rendered":"<h2>AVISO LEGAL<\/h2>\n<h3>1. Informa\u00e7\u00e3o para o cumprimento da Lei 34\/2002 de 11 de julho (Art. 9 e 10)<\/h3>\n<p>Titular: <strong>Ventilaci\u00f3n y Filtraci\u00f3n S.L.<\/strong><br \/>\nMorada: C\/ de la Terra, 36\u00a0\u00a0\u00a0\u00a0 Pol. Ind. Els Bellots<br \/>\n08227 Terrassa (Barcelona)<br \/>\nContacto: Tel. 937862607 \/ Fax 937862493 \/ <a lang=\"ES\" href=\"mailto:info@venfilter.es\">info@venfilter.es<\/a><br \/>\nDados de registo: NIF: B60865375<\/p>\n<h3>2. Pol\u00edtica de Propriedade Intelectual<\/h3>\n<p><strong>VA Ventilaci\u00f3n y Filtraci\u00f3n S.L. n\u00e3o pode assumir qualquer responsabilidade derivada da utiliza\u00e7\u00e3o incorreta, inadequada ou il\u00edcita das informa\u00e7\u00f5es que aparecem no website &#8216;<a href=\"https:\/\/venfilter.es\" target=\"_blank\" rel=\"noopener\">www.venfilter.es<\/a>&#8216;. Dentro dos limites estabelecidos por lei, a <strong>Ventilaci\u00f3n y Filtraci\u00f3n S.L.<\/strong> n\u00e3o assume qualquer responsabilidade pela falta de veracidade, integridade, atualiza\u00e7\u00e3o e exatid\u00e3o dos dados ou informa\u00e7\u00f5es contidos nas suas p\u00e1ginas da Internet.<br \/>\nOs conte\u00fados e informa\u00e7\u00f5es no website &#8216;<a href=\"http:\/\/www.ventilter.es\" target=\"_blank\" rel=\"noopener\">www.venfilter.es<\/a>&#8216; n\u00e3o vinculam a <strong>Ventilaci\u00f3n y Filtraci\u00f3n S.L.<\/strong> ,nem constituem oficialmente as suas opini\u00f5es, uma vez que se trata apenas de um servi\u00e7o oferecido para efeitos informativos e divulgativos.<br \/>\nO website &#8216;www.venfilter.es&#8217; pode conter links para outras p\u00e1ginas de terceiros que a <strong>Ventilaci\u00f3n y Filtraci\u00f3n S.L.<\/strong> n\u00e3o pode controlar. Por conseguinte, a Ventilaci\u00f3n y Filtraci\u00f3n S.L. n\u00e3o pode assumir quaisquer responsabilidades pelo conte\u00fado que possa aparecer nas p\u00e1ginas de terceiros. Os textos, imagens, sons, anima\u00e7\u00f5es, software e outros conte\u00fados inclu\u00eddos em &#8216;<a href=\"http:\/\/www.ventilter.es\" target=\"_blank\" rel=\"noopener\">www.venfilter.es<\/a>&#8216; s\u00e3o propriedade exclusiva de <strong>Ventilaci\u00f3n y Filtraci\u00f3n S.L.<\/strong> ou dos seus propriet\u00e1rios. Qualquer ato de transmiss\u00e3o, distribui\u00e7\u00e3o, cess\u00e3o, reprodu\u00e7\u00e3o, armazenamento ou comunica\u00e7\u00e3o p\u00fablica total ou parcial deve ter o consentimento expresso da Ventilaci\u00f3n y Filtraci\u00f3n S.L.<\/strong><\/p>\n<h3>3. Lei de Prote\u00e7\u00e3o de Dados (Lei Org\u00e2nica 15\/199 de 13 de dezembro)<\/h3>\n<p>Para aceder a alguns dos servi\u00e7os que a &#8216;<a href=\"https:\/\/venfilter.es\" target=\"_blank\" rel=\"noopener\">www.venfilter.es<\/a>&#8216; oferece atrav\u00e9s da internet, dever\u00e1 fornecer um conjunto dos seus dados pessoais. Em conformidade com as disposi\u00e7\u00f5es da Lei Org\u00e2nica 15\/1999 de 13 de dezembro sobre a Prote\u00e7\u00e3o de Dados Pessoais, informamos que, ao preencher os formul\u00e1rios, os seus dados pessoais ser\u00e3o tratados e guardados num ficheiro registado da propriedade da <strong>Ventilaci\u00f3n y Filtraci\u00f3n S.L.<\/strong> a fim de prestar servi\u00e7os (devidamente descritos) e de lhe transmitir quaisquer informa\u00e7\u00f5es comerciais que a <strong>Ventilaci\u00f3n y Filtraci\u00f3n S.L.<\/strong> considere que possam ser do seu interesse. Em circunst\u00e2ncia alguma os seus dados ser\u00e3o divulgados a terceiros. Tamb\u00e9m lhe comunicaremos a possibilidade de exercer os seus direitos de acesso, retifica\u00e7\u00e3o, cancelamento e oposi\u00e7\u00e3o sobre os seus dados pessoais atrav\u00e9s de <a href=\"mailto:info@venfilter.es?subject=Aviso%20Legal\">info@venfilter.es<\/a> ou escrevendo para a <strong>Ventilaci\u00f3n y Filtraci\u00f3n, S.L.<\/strong><br \/>\nMorada: C\/ de la Terra, 36\u00a0\u00a0\u00a0\u00a0\u00a0\u00a0 Pol. Ind. Els Bellots\u00a0\u00a0\u00a0\u00a0\u00a0 08227 Terrassa (Barcelona)<\/p>\n<h3><strong>Condi\u00e7\u00f5es legais<\/strong><\/h3>\n<h4>1. ACEITA\u00c7\u00c3O DAS CONDI\u00c7\u00d5ES LEGAIS DE CONTRATA\u00c7\u00c3O.<\/h4>\n<p>Ao aceitar o presente contrato (atrav\u00e9s do clique), o utilizador declara:<br \/>\nSer uma pessoa maior de idade com capacidade para contratar e que leu e aceita as presentes Condi\u00e7\u00f5es Legais.<br \/>\nEstas condi\u00e7\u00f5es legais (doravante, &#8220;<strong>as Condi\u00e7\u00f5es Legais<\/strong>&#8220;), regulam a rela\u00e7\u00e3o jur\u00eddica que resulta dos processos de contrata\u00e7\u00e3o realizados entre os utilizadores (doravante, &#8220;<strong>Utilizadores<\/strong>&#8220;) e o website com o URL \u2018<a href=\"https:\/\/venfilter.es\" target=\"_blank\" rel=\"noopener\">https:\/\/venfilter.es<\/a>\u2019, propriedade da <strong>Ventilaci\u00f3n y Filtraci\u00f3n S.L.<\/strong> (doravante &#8220;<strong>VENFILTER<\/strong>&#8220;). Os Utilizadores aceitam as Condi\u00e7\u00f5es Legais desde o momento em que utilizam (consultar, visitar, etc&#8230;) ou contratam qualquer servi\u00e7o. Este documento pode ser impresso e armazenado pelos Utilizadores. <strong>A VENFILTER<\/strong> coloca \u00e0 sua disposi\u00e7\u00e3o o n\u00famero de telefone <strong>93.786.26.07<\/strong> e o endere\u00e7o eletr\u00f3nico <a href=\"mailto:info@venfilter.es?subject=Aviso%20Legal\">info@venfilter.es<\/a>, para que possam levantar quaisquer quest\u00f5es sobre as Condi\u00e7\u00f5es Legais.<\/p>\n<h4>2. LEIS APLIC\u00c1VEIS.<\/h4>\n<p>As presentes condi\u00e7\u00f5es legais est\u00e3o sujeitas ao disposto nas seguintes leis: Lei 26\/1984 de 19 de julho, Lei Geral para a Defesa dos Consumidores e Utilizadores, Lei 15\/1999 de 13 de dezembro sobre a Prote\u00e7\u00e3o de Dados Pessoais, e a Lei 34\/2002 de 11 de julho sobre Servi\u00e7os da Sociedade da Informa\u00e7\u00e3o e Com\u00e9rcio Eletr\u00f3nico.<\/p>\n<h4>3. POL\u00cdTICA DE UTILIZA\u00c7\u00c3O DO SERVI\u00c7O E RESPONSABILIDADES.<\/h4>\n<p><strong>A VENFILTER<\/strong> n\u00e3o garante a disponibilidade permanente dos servi\u00e7os, estando exonerada de qualquer tipo de responsabilidade por poss\u00edveis danos causados pela indisponibilidade do servi\u00e7o, devido a motivos de for\u00e7a maior ou erros nas redes telem\u00e1ticas de transfer\u00eancia de dados, sendo que est\u00e3o fora do seu controlo.<br \/>\n<strong>A VENFILTER <\/strong>n\u00e3o \u00e9 respons\u00e1vel pelo conte\u00fado dos links relativos a outros websites que n\u00e3o sejam propriedade da VENFILTER, n\u00e3o podendo, portanto, ser controlados pela mesma.<br \/>\nO utilizador reconhece que a informa\u00e7\u00e3o fornecida pela <strong>VENFILTER<\/strong> atrav\u00e9s das suas sec\u00e7\u00f5es ou servi\u00e7os n\u00e3o \u00e9 vinculativa ou legal e \u00e9 oferecida apenas para fins informativos.<\/p>\n<h4>4. MODIFICA\u00c7\u00c3O DAS CONDI\u00c7\u00d5ES LEGAIS.<\/h4>\n<p><strong>A VENFILTER<\/strong> poder\u00e1 modificar as Condi\u00e7\u00f5es Legais, sem aviso pr\u00e9vio aos Utilizadores, a fim de melhorar os servi\u00e7os oferecidos em &#8216;<a href=\"https:\/\/venfilter.es\" target=\"_blank\" rel=\"noopener\">www.venfilter.es<\/a>&#8216;. Ao modificar as Condi\u00e7\u00f5es Legais apresentadas no website &#8216;<a href=\"https:\/\/venfilter.es\">www.venfilter.es<\/a>&#8216;, ficar\u00e1 entendido que este dever de notifica\u00e7\u00e3o foi cumprido.<br \/>\nDe qualquer forma, poder\u00e1 consultar as Condi\u00e7\u00f5es Legais antes de utilizar os servi\u00e7os.<\/p>\n<h4>5. POL\u00cdTICA DE PRIVACIDADE E PROTE\u00c7\u00c3O DE DADOS PESSOAIS.<\/h4>\n<p>Ao fornecer o seu endere\u00e7o eletr\u00f3nico ou outros dados pessoais, requisito este necess\u00e1rio para a aceita\u00e7\u00e3o de certos servi\u00e7os, os Utilizadores d\u00e3o o seu consentimento para que estes endere\u00e7os sejam tratados e utilizados para enviar comunica\u00e7\u00f5es comerciais para a promo\u00e7\u00e3o ou publicidade de servi\u00e7os ou produtos oferecidos pela VENFILTER ou pelos seus colaboradores. <strong>A VENFILTER<\/strong> isponibiliza aos seus Utilizadores o endere\u00e7o de correio eletr\u00f3nico <a href=\"mailto:info@venfilter.es?subject=Nota%20Legal\">info@venfilter.es<\/a> e o n\u00famero de telefone <strong>93.786.26.07<\/strong>, para que estes possam revogar o seu consentimento.<br \/>\n<strong>A VENFILTER<\/strong> declara que cumpre a normativa vigente em mat\u00e9ria de Prote\u00e7\u00e3o de Dados, em particular a Lei Org\u00e2nica 15\/1999 de 13 de dezembro sobre a Prote\u00e7\u00e3o de Dados Pessoais e o Real Decreto 994\/1999 de 11 de junho, o qual desenvolve a referida lei org\u00e2nica. <strong>A VENFILTER<\/strong> coloca \u00e0 disposi\u00e7\u00e3o dos Clientes os meios de contacto referidos no par\u00e1grafo anterior para que possam exercer os seus direitos de acesso, retifica\u00e7\u00e3o, cancelamento e oposi\u00e7\u00e3o garantidos pela legisla\u00e7\u00e3o em vigor. <strong>A VENFILTER<\/strong> declara que em circunst\u00e2ncia alguma os dados fornecidos pelos Utilizadores ser\u00e3o divulgados a terceiros.<\/p>\n<h4>6. APLICA\u00c7\u00c3O DA PROPRIEDADE INTELECTUAL.<\/h4>\n<p>Os conte\u00fados fornecidos pela <strong>VENFILTER<\/strong> est\u00e3o sujeitos aos direitos de Propriedade Intelectual e Industrial e s\u00e3o propriedade exclusiva da <strong>VENFILTER<\/strong> ou das pessoas singulares ou coletivas que a comp\u00f5em. Ao adquirir um servi\u00e7o, a <strong>VENFILTER<\/strong>n\u00e3o confere ao comprador qualquer direito de altera\u00e7\u00e3o, explora\u00e7\u00e3o, reprodu\u00e7\u00e3o, distribui\u00e7\u00e3o ou comunica\u00e7\u00e3o p\u00fablica do mesmo, sendo todos estes direitos reservados \u00e0 VENFILTER. A cess\u00e3o dos direitos acima mencionados requer o consentimento pr\u00e9vio por escrito da <strong>VENFILTER<\/strong>. O utilizador n\u00e3o poder\u00e1 disponibilizar esses conte\u00fados a terceiros. A propriedade intelectual estende-se, al\u00e9m do conte\u00fado inclu\u00eddo em &#8216;<a href=\"https:\/\/venfilter.es\" target=\"_blank\" rel=\"noopener\">www.venfilter.es<\/a>&#8216;, aos seus log\u00f3tipos, designs, imagens e c\u00f3digo-fonte utilizado para a sua programa\u00e7\u00e3o.<\/p>\n<h4>7. LEGISLA\u00c7\u00c3O APLIC\u00c1VEL E JURISDI\u00c7\u00c3O COMPETENTE.<\/h4>\n<p>As presentes Condi\u00e7\u00f5es ser\u00e3o regidas e interpretadas de acordo com as Leis do Reino de Espanha.<\/p>\n<h4>8. NOTIFICA\u00c7\u00d5ES.<\/h4>\n<p>Todas as notifica\u00e7\u00f5es, exig\u00eancias, pedidos e outras comunica\u00e7\u00f5es a serem feitas pelas partes em rela\u00e7\u00e3o a estas Condi\u00e7\u00f5es Legais dever\u00e3o ser realizadas por escrito e entregues em m\u00e3o ou enviadas por correio registado.<\/p>\n","protected":false},"excerpt":{"rendered":"<p>AVISO LEGAL 1. Informa\u00e7\u00e3o para o cumprimento da Lei 34\/2002 de 11 de julho (Art. 9 e 10) Titular: Ventilaci\u00f3n y Filtraci\u00f3n S.L. Morada: C\/ de la Terra, 36\u00a0\u00a0\u00a0\u00a0 Pol. Ind. Els Bellots 08227 Terrassa (Barcelona) Contacto: Tel. 937862607 \/ Fax 937862493 \/ info@venfilter.es Dados de registo: NIF: B60865375 2. Pol\u00edtica de Propriedade Intelectual VA [&hellip;]<\/p>\n","protected":false},"author":1,"featured_media":0,"parent":0,"menu_order":0,"comment_status":"closed","ping_status":"closed","template":"page-templates\/page-with-title.php","meta":{"_acf_changed":false,"footnotes":""},"class_list":["post-42428","page","type-page","status-publish","hentry"],"acf":[],"yoast_head":"<!-- This site is optimized with the Yoast SEO plugin v26.6 - https:\/\/yoast.com\/wordpress\/plugins\/seo\/ -->\n<title>Aviso Legal - Venfilter<\/title>\n<meta name=\"description\" content=\"AVISO LEGAL 1. Informa\u00e7\u00e3o para o cumprimento da Lei 34\/2002 de 11 de julho (Art. 9 e 10) Titular: Ventilaci\u00f3n y Filtraci\u00f3n S.L. Morada: C\/ de la Terra,\" \/>\n<meta name=\"robots\" content=\"index, follow, max-snippet:-1, max-image-preview:large, max-video-preview:-1\" \/>\n<link rel=\"canonical\" href=\"https:\/\/venfilter.es\/pt-pt\/aviso-legal\/\" \/>\n<meta property=\"og:locale\" content=\"pt_PT\" \/>\n<meta property=\"og:type\" content=\"article\" \/>\n<meta property=\"og:title\" content=\"Aviso Legal - Venfilter\" \/>\n<meta property=\"og:description\" content=\"AVISO LEGAL 1. Informa\u00e7\u00e3o para o cumprimento da Lei 34\/2002 de 11 de julho (Art. 9 e 10) Titular: Ventilaci\u00f3n y Filtraci\u00f3n S.L. Morada: C\/ de la Terra,\" \/>\n<meta property=\"og:url\" content=\"https:\/\/venfilter.es\/pt-pt\/aviso-legal\/\" \/>\n<meta property=\"og:site_name\" content=\"Venfilter\" \/>\n<meta property=\"article:modified_time\" content=\"2023-03-02T15:45:54+00:00\" \/>\n<meta name=\"twitter:card\" content=\"summary_large_image\" \/>\n<meta name=\"twitter:label1\" content=\"Tempo estimado de leitura\" \/>\n\t<meta name=\"twitter:data1\" content=\"6 minutos\" \/>\n<script type=\"application\/ld+json\" class=\"yoast-schema-graph\">{\"@context\":\"https:\/\/schema.org\",\"@graph\":[{\"@type\":\"WebPage\",\"@id\":\"https:\/\/venfilter.es\/pt-pt\/aviso-legal\/\",\"url\":\"https:\/\/venfilter.es\/pt-pt\/aviso-legal\/\",\"name\":\"Aviso Legal - Venfilter\",\"isPartOf\":{\"@id\":\"https:\/\/venfilter.es\/pt-pt\/#website\"},\"datePublished\":\"2021-12-02T11:06:12+00:00\",\"dateModified\":\"2023-03-02T15:45:54+00:00\",\"description\":\"AVISO LEGAL 1. Informa\u00e7\u00e3o para o cumprimento da Lei 34\/2002 de 11 de julho (Art. 9 e 10) Titular: Ventilaci\u00f3n y Filtraci\u00f3n S.L. Morada: C\/ de la Terra,\",\"breadcrumb\":{\"@id\":\"https:\/\/venfilter.es\/pt-pt\/aviso-legal\/#breadcrumb\"},\"inLanguage\":\"pt-PT\",\"potentialAction\":[{\"@type\":\"ReadAction\",\"target\":[\"https:\/\/venfilter.es\/pt-pt\/aviso-legal\/\"]}]},{\"@type\":\"BreadcrumbList\",\"@id\":\"https:\/\/venfilter.es\/pt-pt\/aviso-legal\/#breadcrumb\",\"itemListElement\":[{\"@type\":\"ListItem\",\"position\":1,\"name\":\"Portada\",\"item\":\"https:\/\/venfilter.es\/pt-pt\/\"},{\"@type\":\"ListItem\",\"position\":2,\"name\":\"Aviso Legal\"}]},{\"@type\":\"WebSite\",\"@id\":\"https:\/\/venfilter.es\/pt-pt\/#website\",\"url\":\"https:\/\/venfilter.es\/pt-pt\/\",\"name\":\"Venfilter\",\"description\":\"Filtros de aire y ventilaci\u00f3n industrial\",\"potentialAction\":[{\"@type\":\"SearchAction\",\"target\":{\"@type\":\"EntryPoint\",\"urlTemplate\":\"https:\/\/venfilter.es\/pt-pt\/?s={search_term_string}\"},\"query-input\":{\"@type\":\"PropertyValueSpecification\",\"valueRequired\":true,\"valueName\":\"search_term_string\"}}],\"inLanguage\":\"pt-PT\"}]}<\/script>\n<!-- \/ Yoast SEO plugin. -->","yoast_head_json":{"title":"Aviso Legal - Venfilter","description":"AVISO LEGAL 1. Informa\u00e7\u00e3o para o cumprimento da Lei 34\/2002 de 11 de julho (Art. 9 e 10) Titular: Ventilaci\u00f3n y Filtraci\u00f3n S.L. Morada: C\/ de la Terra,","robots":{"index":"index","follow":"follow","max-snippet":"max-snippet:-1","max-image-preview":"max-image-preview:large","max-video-preview":"max-video-preview:-1"},"canonical":"https:\/\/venfilter.es\/pt-pt\/aviso-legal\/","og_locale":"pt_PT","og_type":"article","og_title":"Aviso Legal - Venfilter","og_description":"AVISO LEGAL 1. Informa\u00e7\u00e3o para o cumprimento da Lei 34\/2002 de 11 de julho (Art. 9 e 10) Titular: Ventilaci\u00f3n y Filtraci\u00f3n S.L. Morada: C\/ de la Terra,","og_url":"https:\/\/venfilter.es\/pt-pt\/aviso-legal\/","og_site_name":"Venfilter","article_modified_time":"2023-03-02T15:45:54+00:00","twitter_card":"summary_large_image","twitter_misc":{"Tempo estimado de leitura":"6 minutos"},"schema":{"@context":"https:\/\/schema.org","@graph":[{"@type":"WebPage","@id":"https:\/\/venfilter.es\/pt-pt\/aviso-legal\/","url":"https:\/\/venfilter.es\/pt-pt\/aviso-legal\/","name":"Aviso Legal - Venfilter","isPartOf":{"@id":"https:\/\/venfilter.es\/pt-pt\/#website"},"datePublished":"2021-12-02T11:06:12+00:00","dateModified":"2023-03-02T15:45:54+00:00","description":"AVISO LEGAL 1. Informa\u00e7\u00e3o para o cumprimento da Lei 34\/2002 de 11 de julho (Art. 9 e 10) Titular: Ventilaci\u00f3n y Filtraci\u00f3n S.L. Morada: C\/ de la Terra,","breadcrumb":{"@id":"https:\/\/venfilter.es\/pt-pt\/aviso-legal\/#breadcrumb"},"inLanguage":"pt-PT","potentialAction":[{"@type":"ReadAction","target":["https:\/\/venfilter.es\/pt-pt\/aviso-legal\/"]}]},{"@type":"BreadcrumbList","@id":"https:\/\/venfilter.es\/pt-pt\/aviso-legal\/#breadcrumb","itemListElement":[{"@type":"ListItem","position":1,"name":"Portada","item":"https:\/\/venfilter.es\/pt-pt\/"},{"@type":"ListItem","position":2,"name":"Aviso Legal"}]},{"@type":"WebSite","@id":"https:\/\/venfilter.es\/pt-pt\/#website","url":"https:\/\/venfilter.es\/pt-pt\/","name":"Venfilter","description":"Filtros de aire y ventilaci\u00f3n industrial","potentialAction":[{"@type":"SearchAction","target":{"@type":"EntryPoint","urlTemplate":"https:\/\/venfilter.es\/pt-pt\/?s={search_term_string}"},"query-input":{"@type":"PropertyValueSpecification","valueRequired":true,"valueName":"search_term_string"}}],"inLanguage":"pt-PT"}]}},"_links":{"self":[{"href":"https:\/\/venfilter.es\/pt-pt\/wp-json\/wp\/v2\/pages\/42428","targetHints":{"allow":["GET"]}}],"collection":[{"href":"https:\/\/venfilter.es\/pt-pt\/wp-json\/wp\/v2\/pages"}],"about":[{"href":"https:\/\/venfilter.es\/pt-pt\/wp-json\/wp\/v2\/types\/page"}],"author":[{"embeddable":true,"href":"https:\/\/venfilter.es\/pt-pt\/wp-json\/wp\/v2\/users\/1"}],"replies":[{"embeddable":true,"href":"https:\/\/venfilter.es\/pt-pt\/wp-json\/wp\/v2\/comments?post=42428"}],"version-history":[{"count":0,"href":"https:\/\/venfilter.es\/pt-pt\/wp-json\/wp\/v2\/pages\/42428\/revisions"}],"wp:attachment":[{"href":"https:\/\/venfilter.es\/pt-pt\/wp-json\/wp\/v2\/media?parent=42428"}],"curies":[{"name":"wp","href":"https:\/\/api.w.org\/{rel}","templated":true}]}}