{"id":45301,"date":"2024-02-29T16:48:38","date_gmt":"2024-02-29T15:48:38","guid":{"rendered":"https:\/\/venfilter.es\/?page_id=45301"},"modified":"2024-02-29T16:48:38","modified_gmt":"2024-02-29T15:48:38","slug":"politica-de-qualidade","status":"publish","type":"page","link":"https:\/\/venfilter.es\/pt-pt\/politica-de-qualidade\/","title":{"rendered":"Pol\u00edtica de qualidade"},"content":{"rendered":"\n<p>A <strong>VENFILTER<\/strong> foi criada em 1 de julho de 1995, com o objetivo de satisfazer a necessidade de equipamentos de filtra\u00e7\u00e3o de m\u00e9dia e alta efici\u00eancia, compactos, absolutos, de fluxo laminar e de alta temperatura para os sectores de servi\u00e7os e industrial. Assim, a nossa atividade tem como objetivo<\/p>\n<p>Conce\u00e7\u00e3o, fabrico e comercializa\u00e7\u00e3o de filtros de ar e equipamentos a n\u00edvel nacional e internacional.<\/p>\n<h3>A NOSSA VIS\u00c3O<\/h3>\n<p><strong>VOCA\u00c7\u00c3O NACIONAL:<\/strong> Num mercado global, altamente competitivo e no contexto atual, a VENFILTER continua a avan\u00e7ar: empenhada em continuar a fabricar produtos altamente competitivos que proporcionem valor acrescentado, gerando emprego e participando na economia nacional.<\/p>\n<p><strong>VOCA\u00c7\u00c3O INTERNACIONAL:<\/strong> Fi\u00e9is ao nosso compromisso, apostamos na Europa e no resto do mundo, oferecendo solu\u00e7\u00f5es de excel\u00eancia e sustent\u00e1veis em produto e servi\u00e7o, ao n\u00edvel das melhores empresas multinacionais.<\/p>\n<h3>OS NOSSOS VALORES<\/h3>\n<p><strong>VOCA\u00c7\u00c3O DE SERVI\u00c7O:<\/strong> Ajudamos as empresas que t\u00eam instala\u00e7\u00f5es t\u00e9cnicas a melhorar, aconselhando-as sobre as melhores solu\u00e7\u00f5es, para que os nossos clientes possam tomar a melhor decis\u00e3o para o seu neg\u00f3cio.<\/p>\n<p><strong>EXCEL\u00caNCIA:<\/strong> Para a Venfilter, a qualidade \u00e9 essencial, raz\u00e3o pela qual a norma UNE EN ISO 9001 nos ratifica. Em tempos de mudan\u00e7a, o nosso esfor\u00e7o constante baseia-se em respeitar sempre a qualidade das mat\u00e9rias-primas e a melhoria cont\u00ednua para que os nossos produtos, e um servi\u00e7o personalizado ao cliente, proporcionem a m\u00e1xima satisfa\u00e7\u00e3o aos nossos clientes, assumindo os seus requisitos, os requisitos legais e regulamentares que nos s\u00e3o aplic\u00e1veis, e os auto-impostos. Nesta perspetiva de melhoria cont\u00ednua e de cumprimento da regulamenta\u00e7\u00e3o, o Comit\u00e9 Europeu de Normaliza\u00e7\u00e3o (EUROVENT), para o fabrico de equipamentos de Ventila\u00e7\u00e3o, Ar Condicionado e Refrigera\u00e7\u00e3o, Aquecimento e Ventila\u00e7\u00e3o Industrial e Tratamento de Ar na Europa, acredita a nossa atividade de acordo com as normas EN-779 e EN-1822.<\/p>\n<p><strong>\u00c9TICA E TRANSPAR\u00caNCIA:<\/strong> Simplificamos a gest\u00e3o, inovamos e cumprimos a regulamenta\u00e7\u00e3o e oferecemos as m\u00e1ximas garantias aos nossos clientes. Com uma vontade sustent\u00e1vel, para deixar um mundo melhor para as gera\u00e7\u00f5es futuras.<\/p>\n<p><strong>COMPROMISSO COM A SATISFA\u00c7\u00c3O:<\/strong> Trabalhamos para oferecer a melhor qualidade, fiabilidade e apoio t\u00e9cnico a um pre\u00e7o razo\u00e1vel. Para que cada projeto seja o melhor.<\/p>\n<p><strong>COMPROMISSO COM O AMBIENTE:<\/strong> Comprometemo-nos a ser amigos do ambiente, reduzindo o consumo, a polui\u00e7\u00e3o e a produ\u00e7\u00e3o de res\u00edduos, a fim de conservar os recursos.<\/p>\n<p>PAIX\u00c3O: Gostamos do nosso trabalho e s\u00f3 o entendemos com entusiasmo, exig\u00eancia e dedica\u00e7\u00e3o, o que nos faz evoluir dia ap\u00f3s dia e nos coloca no topo do sector.<\/p>\n<p>Os controlos de qualidade s\u00e3o indispens\u00e1veis para garantir o bom desempenho dos nossos filtros, que s\u00e3o testados individualmente em cada momento.<\/p>\n<p>Esta Pol\u00edtica de Qualidade serve de quadro de refer\u00eancia para os objectivos e melhorias, tanto do produto e do servi\u00e7o, como do pr\u00f3prio Sistema de Gest\u00e3o e Estrat\u00e9gia da empresa.<\/p>\n<p style=\"text-align: center;\">TERRASSA, 19 DE SETEMBRO DE 2019<\/p>\n<p style=\"text-align: center;\">Por VENTILACI\u00d3N Y FILTRACI\u00d3N, S.L.<\/p>\n<p style=\"text-align: center;\">C\/ de la Terra, 36 P.I. Els Bellots 08227-Terrassa (BARCELONA)<\/p>\n<p>\u00a0<\/p>\n<p>\u00a0<\/p>\n<p>\u00a0<\/p>\n<p>\u00a0<\/p>\n<p>\u00a0<\/p>\n<p>\u00a0<\/p>\n<p>\u00a0<\/p>\n<p>\u00a0<\/p>\n<p>\u00a0<\/p>\n<p>\u00a0<\/p>\n<p>\u00a0<\/p>\n<p>\u00a0<\/p>\n","protected":false},"excerpt":{"rendered":"<p>A VENFILTER foi criada em 1 de julho de 1995, com o objetivo de satisfazer a necessidade de equipamentos de filtra\u00e7\u00e3o de m\u00e9dia e alta efici\u00eancia, compactos, absolutos, de fluxo laminar e de alta temperatura para os sectores de servi\u00e7os e industrial. Assim, a nossa atividade tem como objetivo Conce\u00e7\u00e3o, fabrico e comercializa\u00e7\u00e3o de filtros [&hellip;]<\/p>\n","protected":false},"author":4,"featured_media":0,"parent":0,"menu_order":0,"comment_status":"closed","ping_status":"closed","template":"page-templates\/page-with-title.php","meta":{"_acf_changed":false,"footnotes":""},"class_list":["post-45301","page","type-page","status-publish","hentry"],"acf":[],"yoast_head":"<!-- This site is optimized with the Yoast SEO plugin v26.6 - https:\/\/yoast.com\/wordpress\/plugins\/seo\/ -->\n<title>Pol\u00edtica de qualidade - Venfilter<\/title>\n<meta name=\"description\" content=\"A VENFILTER foi criada em 1 de julho de 1995, com o objetivo de satisfazer a necessidade de equipamentos de filtra\u00e7\u00e3o de m\u00e9dia e alta efici\u00eancia,\" \/>\n<meta name=\"robots\" content=\"index, follow, max-snippet:-1, max-image-preview:large, max-video-preview:-1\" \/>\n<link rel=\"canonical\" href=\"https:\/\/venfilter.es\/pt-pt\/politica-de-qualidade\/\" \/>\n<meta property=\"og:locale\" content=\"pt_PT\" \/>\n<meta property=\"og:type\" content=\"article\" \/>\n<meta property=\"og:title\" content=\"Pol\u00edtica de qualidade - Venfilter\" \/>\n<meta property=\"og:description\" content=\"A VENFILTER foi criada em 1 de julho de 1995, com o objetivo de satisfazer a necessidade de equipamentos de filtra\u00e7\u00e3o de m\u00e9dia e alta efici\u00eancia,\" \/>\n<meta property=\"og:url\" content=\"https:\/\/venfilter.es\/pt-pt\/politica-de-qualidade\/\" \/>\n<meta property=\"og:site_name\" content=\"Venfilter\" \/>\n<meta name=\"twitter:card\" content=\"summary_large_image\" \/>\n<meta name=\"twitter:label1\" content=\"Tempo estimado de leitura\" \/>\n\t<meta name=\"twitter:data1\" content=\"3 minutos\" \/>\n<script type=\"application\/ld+json\" class=\"yoast-schema-graph\">{\"@context\":\"https:\/\/schema.org\",\"@graph\":[{\"@type\":\"WebPage\",\"@id\":\"https:\/\/venfilter.es\/pt-pt\/politica-de-qualidade\/\",\"url\":\"https:\/\/venfilter.es\/pt-pt\/politica-de-qualidade\/\",\"name\":\"Pol\u00edtica de qualidade - Venfilter\",\"isPartOf\":{\"@id\":\"https:\/\/venfilter.es\/pt-pt\/#website\"},\"datePublished\":\"2024-02-29T15:48:38+00:00\",\"description\":\"A VENFILTER foi criada em 1 de julho de 1995, com o objetivo de satisfazer a necessidade de equipamentos de filtra\u00e7\u00e3o de m\u00e9dia e alta efici\u00eancia,\",\"breadcrumb\":{\"@id\":\"https:\/\/venfilter.es\/pt-pt\/politica-de-qualidade\/#breadcrumb\"},\"inLanguage\":\"pt-PT\",\"potentialAction\":[{\"@type\":\"ReadAction\",\"target\":[\"https:\/\/venfilter.es\/pt-pt\/politica-de-qualidade\/\"]}]},{\"@type\":\"BreadcrumbList\",\"@id\":\"https:\/\/venfilter.es\/pt-pt\/politica-de-qualidade\/#breadcrumb\",\"itemListElement\":[{\"@type\":\"ListItem\",\"position\":1,\"name\":\"Portada\",\"item\":\"https:\/\/venfilter.es\/pt-pt\/\"},{\"@type\":\"ListItem\",\"position\":2,\"name\":\"Pol\u00edtica de qualidade\"}]},{\"@type\":\"WebSite\",\"@id\":\"https:\/\/venfilter.es\/pt-pt\/#website\",\"url\":\"https:\/\/venfilter.es\/pt-pt\/\",\"name\":\"Venfilter\",\"description\":\"Filtros de aire y ventilaci\u00f3n industrial\",\"potentialAction\":[{\"@type\":\"SearchAction\",\"target\":{\"@type\":\"EntryPoint\",\"urlTemplate\":\"https:\/\/venfilter.es\/pt-pt\/?s={search_term_string}\"},\"query-input\":{\"@type\":\"PropertyValueSpecification\",\"valueRequired\":true,\"valueName\":\"search_term_string\"}}],\"inLanguage\":\"pt-PT\"}]}<\/script>\n<!-- \/ Yoast SEO plugin. -->","yoast_head_json":{"title":"Pol\u00edtica de qualidade - Venfilter","description":"A VENFILTER foi criada em 1 de julho de 1995, com o objetivo de satisfazer a necessidade de equipamentos de filtra\u00e7\u00e3o de m\u00e9dia e alta efici\u00eancia,","robots":{"index":"index","follow":"follow","max-snippet":"max-snippet:-1","max-image-preview":"max-image-preview:large","max-video-preview":"max-video-preview:-1"},"canonical":"https:\/\/venfilter.es\/pt-pt\/politica-de-qualidade\/","og_locale":"pt_PT","og_type":"article","og_title":"Pol\u00edtica de qualidade - Venfilter","og_description":"A VENFILTER foi criada em 1 de julho de 1995, com o objetivo de satisfazer a necessidade de equipamentos de filtra\u00e7\u00e3o de m\u00e9dia e alta efici\u00eancia,","og_url":"https:\/\/venfilter.es\/pt-pt\/politica-de-qualidade\/","og_site_name":"Venfilter","twitter_card":"summary_large_image","twitter_misc":{"Tempo estimado de leitura":"3 minutos"},"schema":{"@context":"https:\/\/schema.org","@graph":[{"@type":"WebPage","@id":"https:\/\/venfilter.es\/pt-pt\/politica-de-qualidade\/","url":"https:\/\/venfilter.es\/pt-pt\/politica-de-qualidade\/","name":"Pol\u00edtica de qualidade - Venfilter","isPartOf":{"@id":"https:\/\/venfilter.es\/pt-pt\/#website"},"datePublished":"2024-02-29T15:48:38+00:00","description":"A VENFILTER foi criada em 1 de julho de 1995, com o objetivo de satisfazer a necessidade de equipamentos de filtra\u00e7\u00e3o de m\u00e9dia e alta efici\u00eancia,","breadcrumb":{"@id":"https:\/\/venfilter.es\/pt-pt\/politica-de-qualidade\/#breadcrumb"},"inLanguage":"pt-PT","potentialAction":[{"@type":"ReadAction","target":["https:\/\/venfilter.es\/pt-pt\/politica-de-qualidade\/"]}]},{"@type":"BreadcrumbList","@id":"https:\/\/venfilter.es\/pt-pt\/politica-de-qualidade\/#breadcrumb","itemListElement":[{"@type":"ListItem","position":1,"name":"Portada","item":"https:\/\/venfilter.es\/pt-pt\/"},{"@type":"ListItem","position":2,"name":"Pol\u00edtica de qualidade"}]},{"@type":"WebSite","@id":"https:\/\/venfilter.es\/pt-pt\/#website","url":"https:\/\/venfilter.es\/pt-pt\/","name":"Venfilter","description":"Filtros de aire y ventilaci\u00f3n industrial","potentialAction":[{"@type":"SearchAction","target":{"@type":"EntryPoint","urlTemplate":"https:\/\/venfilter.es\/pt-pt\/?s={search_term_string}"},"query-input":{"@type":"PropertyValueSpecification","valueRequired":true,"valueName":"search_term_string"}}],"inLanguage":"pt-PT"}]}},"_links":{"self":[{"href":"https:\/\/venfilter.es\/pt-pt\/wp-json\/wp\/v2\/pages\/45301","targetHints":{"allow":["GET"]}}],"collection":[{"href":"https:\/\/venfilter.es\/pt-pt\/wp-json\/wp\/v2\/pages"}],"about":[{"href":"https:\/\/venfilter.es\/pt-pt\/wp-json\/wp\/v2\/types\/page"}],"author":[{"embeddable":true,"href":"https:\/\/venfilter.es\/pt-pt\/wp-json\/wp\/v2\/users\/4"}],"replies":[{"embeddable":true,"href":"https:\/\/venfilter.es\/pt-pt\/wp-json\/wp\/v2\/comments?post=45301"}],"version-history":[{"count":0,"href":"https:\/\/venfilter.es\/pt-pt\/wp-json\/wp\/v2\/pages\/45301\/revisions"}],"wp:attachment":[{"href":"https:\/\/venfilter.es\/pt-pt\/wp-json\/wp\/v2\/media?parent=45301"}],"curies":[{"name":"wp","href":"https:\/\/api.w.org\/{rel}","templated":true}]}}