{"id":45634,"date":"2024-04-19T09:52:19","date_gmt":"2024-04-19T08:52:19","guid":{"rendered":"https:\/\/venfilter.es\/?page_id=45634"},"modified":"2024-05-02T08:59:27","modified_gmt":"2024-05-02T07:59:27","slug":"eurovent","status":"publish","type":"page","link":"https:\/\/venfilter.es\/pt-pt\/eurovent\/","title":{"rendered":"Eurovent"},"content":{"rendered":"\n<div class=\"block-column dos\"\n    style=\"min-height: 100px;background-color:#ffffff;\">\n    <div class=\"columns left\">\n        <div class=\"column column-content \">\n            <div>\n                                \n\n<h1 class=\"wp-block-heading title-h2\">Venfilter na Eurovent<\/h1>\n\n\n\n<p class=\"text-featured\">Desde maio de 2013, a Venfilter est\u00e1 comprometida com o Eurovent. Por outras palavras, optou pela seriedade e rigor da informa\u00e7\u00e3o publicada. Como parte do seu compromisso de fornecer um produto de qualidade que satisfa\u00e7a plenamente as expectativas dos seus clientes.<\/p>\n\n\n            <\/div>\n        <\/div>\n\n                <div class=\"column\">\n                                <img decoding=\"async\" class=\"image\" src=\"https:\/\/venfilter.es\/wp-content\/uploads\/iStock-1338921291-1024x683.jpg\"\n            alt=\"\">\n            <\/div>\n    <\/div>\n<\/div>\n\n\n<div class=\"block-column una\"\n    style=\"min-height: 100px;background-image: url('https:\/\/venfilter.es\/wp-content\/uploads\/EUROVENT-PAGINA-WEB-14-1024x768.png');\">\n    <div class=\"columns right\">\n        <div class=\"column column-content \">\n            <div>\n                                \n\n<h2 class=\"wp-block-heading\">O que \u00e9 o EUROVENT?<\/h2>\n\n\n\n<p>A Eurovent \u00e9 o Comit\u00e9 Europeu de Fabricantes de Equipamento de Ventila\u00e7\u00e3o, Ar Condicionado e Refrigera\u00e7\u00e3o, Aquecimento, Ventila\u00e7\u00e3o Industrial e Tratamento de Ar na Europa.<\/p>\n\n\n\n<p>Atrav\u00e9s da empresa Eurovent Certita Certificaction, desenvolve programas de certifica\u00e7\u00e3o de produtos para o nosso sector.<\/p>\n\n\n\n<p>As empresas do sector dos filtros de ar podem participar no Programa de Certifica\u00e7\u00e3o: Filtro de Ar Classe M5-F9 (Fil).<\/p>\n\n\n            <\/div>\n        <\/div>\n\n        <\/div>\n<\/div>\n\n\n<div class=\"block-column dos\"\n    style=\"min-height: 100px;background-color:#fbfbfb;\">\n    <div class=\"columns left\">\n        <div class=\"column column-content \">\n            <div>\n                                \n\n<h2 class=\"wp-block-heading\">Os objectivos da Eurovent<\/h2>\n\n\n\n<p>Os principais objectivos da Eurovent s\u00e3o:<\/p>\n\n\n\n<ul class=\"wp-block-list\" style=\"font-style:normal;font-weight:400\">\n<li>Representar os fabricantes europeus em conformidade com as normas europeias e internacionais.<\/li>\n\n\n\n<li>Informar os seus membros de toda a legisla\u00e7\u00e3o relevante emanada da Uni\u00e3o Europeia ou de outros organismos relevantes.<\/li>\n\n\n\n<li>Elabora\u00e7\u00e3o e aplica\u00e7\u00e3o de normas europeias.<\/li>\n\n\n\n<li>Desenvolver um sistema fi\u00e1vel de recolha de estat\u00edsticas globais.<\/li>\n<\/ul>\n\n\n\n<p>&nbsp;<\/p>\n\n\n            <\/div>\n        <\/div>\n\n                <div class=\"column\">\n                                <img decoding=\"async\" class=\"image\" src=\"https:\/\/venfilter.es\/wp-content\/uploads\/EUROVENT-PAGINA-WEB-3.png\"\n            alt=\"\">\n            <\/div>\n    <\/div>\n<\/div>\n\n\n<div class=\"block-column dos\"\n    style=\"min-height: 100px;background-color:#ffffff;\">\n    <div class=\"columns right\">\n        <div class=\"column column-content \">\n            <div>\n                                \n\n<h2 class=\"wp-block-heading\">Caracter\u00edsticas certificadas<\/h2>\n\n\n\n<p>O s\u00edmbolo Eurovent garante que todos os produtos registados, como os produtos Venfilter, cumprem estes requisitos.<\/p>\n\n\n\n<ul class=\"wp-block-list\">\n<li>Classe de filtro: ISO Coarse, ISO ePM10, ISO ePM2.5, ISO ePM1.<\/li>\n\n\n\n<li>Perda de press\u00e3o inicial em Pa, medida de acordo com a norma UNE-EN ISO 16890.<\/li>\n\n\n\n<li>Efici\u00eancia de acordo com a norma UNE-EN ISO 16890 (apenas para filtros ISO grosseiros).<\/li>\n\n\n\n<li>Efici\u00eancia m\u00ednima (ePM1 e ePM2.5 min.) de acordo com a norma UNE-EN ISO 16890 (apenas para filtros com um caudal nominal de 0,944 m\u00b3\/s (3400 m\u00b3\/h)).<\/li>\n\n\n\n<li>Consumo anual de energia de acordo com a norma UNE-EN ISO 16890 (apenas para filtros com um caudal nominal de 0,944 m\u00b3\/s (3400 m\u00b3\/h)).<\/li>\n<\/ul>\n\n\n\n<p><em>Figura. Log\u00f3tipo e certifica\u00e7\u00e3o <a href=\"https:\/\/www.eurovent-certification.com\/es\/\">Eurovent<\/a>&nbsp;<\/em><\/p>\n\n\n\n\n            <\/div>\n        <\/div>\n\n                <div class=\"column\">\n                                <img decoding=\"async\" class=\"image\" src=\"https:\/\/venfilter.es\/wp-content\/uploads\/EUROVENT-PAGINA-WEB-5.png\"\n            alt=\"UER\">\n            <\/div>\n    <\/div>\n<\/div>\n\n\n<div class=\"wp-block-cover is-light\" style=\"min-height:430px;aspect-ratio:unset;\"><span aria-hidden=\"true\" class=\"wp-block-cover__background has-background-dim-0 has-background-dim\"><\/span><img loading=\"lazy\" decoding=\"async\" width=\"1024\" height=\"768\" class=\"wp-block-cover__image-background wp-image-40667\" alt=\"monta\u00f1a\" src=\"https:\/\/venfilter.es\/wp-content\/uploads\/EUROVENT-PAGINA-WEB-7.png\" data-object-fit=\"cover\" srcset=\"https:\/\/venfilter.es\/wp-content\/uploads\/EUROVENT-PAGINA-WEB-7.png 1024w, https:\/\/venfilter.es\/wp-content\/uploads\/EUROVENT-PAGINA-WEB-7-300x225.png 300w, https:\/\/venfilter.es\/wp-content\/uploads\/EUROVENT-PAGINA-WEB-7-768x576.png 768w, https:\/\/venfilter.es\/wp-content\/uploads\/EUROVENT-PAGINA-WEB-7-600x450.png 600w\" sizes=\"auto, (max-width: 1024px) 100vw, 1024px\" \/><div class=\"wp-block-cover__inner-container is-layout-flow wp-block-cover-is-layout-flow\">\n<p class=\"has-text-align-center has-text-color has-large-font-size\" style=\"color:#00589b\"><strong>VENFILTER<\/strong>, \u00e9 a <strong>\u00fanica<\/strong> empresa espanhola em Espanha<\/p>\n\n\n\n<p class=\"has-text-align-center has-text-color has-large-font-size\" style=\"color:#00589b\">com certifica\u00e7\u00e3o <strong>EUROVENT<\/strong><\/p>\n<\/div><\/div>\n\n\n\n<h2 class=\"wp-block-heading\"><span style=\"color: #ffffff;\">hhhh<\/span><\/h2>\n\n\n\n<div class=\"wp-block-group\"><div class=\"wp-block-group__inner-container is-layout-constrained wp-block-group-is-layout-constrained\">\n<h2 class=\"wp-block-heading\">        Vantagens dos filtros com certifica\u00e7\u00e3o Eurovent<\/h2>\n\n\n\n<table style=\"border-collapse: collapse; width: 100%; height: 23px;\">\n<tbody>\n<tr style=\"height: 23px;\">\n<td style=\"width: 50%; height: 23px;\">&nbsp;<\/td>\n<td style=\"width: 50%; height: 23px;\">&nbsp;<\/td>\n<\/tr>\n<\/tbody>\n<\/table>\n<table style=\"border-collapse: collapse; width: 95.0715%; height: 175px;\">\n<tbody>\n<tr style=\"height: 175px;\">\n<td style=\"width: 50%; height: 175px;\">\n<h3>Para os utilizadores finais&#8230;<\/h3>\n<ul>\n<li>Garantia de que a instala\u00e7\u00e3o est\u00e1 em conformidade com os requisitos do projeto.<\/li>\n<li>O custo da energia ser\u00e1 adequadamente divulgado.<\/li>\n<li>Dados t\u00e9cnicos num formato normalizado europeu.<\/li>\n<\/ul>\n<\/td>\n<td style=\"width: 45.0715%; height: 175px;\">\n<h3>Para os fabricantes de equipamentos&#8230;<\/h3>\n<ul>\n<li>Compet\u00eancia numa base comum.<\/li>\n<li>Normas europeias de certifica\u00e7\u00e3o.<\/li>\n<li>Melhoria do profissionalismo no sector.<\/li>\n<\/ul>\n<\/td>\n<\/tr>\n<\/tbody>\n<\/table>\n<\/div><\/div>\n\n\n\n<div class=\"block-column una\"\n    style=\"min-height: 100px;background-image: url('https:\/\/venfilter.es\/wp-content\/uploads\/EUROVENT-PAGINA-WEB-6.png');\">\n    <div class=\"columns left\">\n        <div class=\"column column-content \">\n            <div>\n                                \n\n<h2 class=\"wp-block-heading\">Certificado de qualidade<\/h2>\n\n\n\n<ul class=\"wp-block-list\">\n<li>A Certifica\u00e7\u00e3o Eurovent Certita, certifica que o sistema de qualidade da Empresa: VENTILACI\u00d3N Y FILTRACI\u00d3N, SL (Venfilter) est\u00e1 em conformidade com os requisitos da EUROVENT.<\/li>\n<\/ul>\n\n\n            <\/div>\n        <\/div>\n\n        <\/div>\n<\/div>\n\n\n<p><\/p>\n","protected":false},"excerpt":{"rendered":"<p>hhhh Vantagens dos filtros com certifica\u00e7\u00e3o Eurovent &nbsp; &nbsp; Para os utilizadores finais&#8230; Garantia de que a instala\u00e7\u00e3o est\u00e1 em conformidade com os requisitos do projeto. O custo da energia ser\u00e1 adequadamente divulgado. Dados t\u00e9cnicos num formato normalizado europeu. Para os fabricantes de equipamentos&#8230; Compet\u00eancia numa base comum. Normas europeias de certifica\u00e7\u00e3o. Melhoria do profissionalismo [&hellip;]<\/p>\n","protected":false},"author":4,"featured_media":0,"parent":0,"menu_order":0,"comment_status":"closed","ping_status":"closed","template":"page-templates\/template-gutenberg.php","meta":{"_acf_changed":false,"footnotes":""},"class_list":["post-45634","page","type-page","status-publish","hentry"],"acf":[],"yoast_head":"<!-- This site is optimized with the Yoast SEO plugin v27.4 - https:\/\/yoast.com\/product\/yoast-seo-wordpress\/ -->\n<title>Eurovent - Venfilter<\/title>\n<meta name=\"description\" content=\"Venfilter na Eurovent Desde maio de 2013, a Venfilter est\u00e1 comprometida com o Eurovent. Por outras palavras, optou pela seriedade e rigor da informa\u00e7\u00e3o\" \/>\n<meta name=\"robots\" content=\"index, follow, max-snippet:-1, max-image-preview:large, max-video-preview:-1\" \/>\n<link rel=\"canonical\" href=\"https:\/\/venfilter.es\/pt-pt\/eurovent\/\" \/>\n<meta property=\"og:locale\" content=\"pt_PT\" \/>\n<meta property=\"og:type\" content=\"article\" \/>\n<meta property=\"og:title\" content=\"Eurovent - Venfilter\" \/>\n<meta property=\"og:description\" content=\"Venfilter na Eurovent Desde maio de 2013, a Venfilter est\u00e1 comprometida com o Eurovent. Por outras palavras, optou pela seriedade e rigor da informa\u00e7\u00e3o\" \/>\n<meta property=\"og:url\" content=\"https:\/\/venfilter.es\/pt-pt\/eurovent\/\" \/>\n<meta property=\"og:site_name\" content=\"Venfilter\" \/>\n<meta property=\"article:modified_time\" content=\"2024-05-02T07:59:27+00:00\" \/>\n<meta property=\"og:image\" content=\"https:\/\/venfilter.es\/wp-content\/uploads\/EUROVENT-PAGINA-WEB-7.png\" \/>\n<meta name=\"twitter:card\" content=\"summary_large_image\" \/>\n<script type=\"application\/ld+json\" class=\"yoast-schema-graph\">{\"@context\":\"https:\\\/\\\/schema.org\",\"@graph\":[{\"@type\":\"WebPage\",\"@id\":\"https:\\\/\\\/venfilter.es\\\/pt-pt\\\/eurovent\\\/\",\"url\":\"https:\\\/\\\/venfilter.es\\\/pt-pt\\\/eurovent\\\/\",\"name\":\"Eurovent - Venfilter\",\"isPartOf\":{\"@id\":\"https:\\\/\\\/venfilter.es\\\/pt-pt\\\/#website\"},\"primaryImageOfPage\":{\"@id\":\"https:\\\/\\\/venfilter.es\\\/pt-pt\\\/eurovent\\\/#primaryimage\"},\"image\":{\"@id\":\"https:\\\/\\\/venfilter.es\\\/pt-pt\\\/eurovent\\\/#primaryimage\"},\"thumbnailUrl\":\"https:\\\/\\\/venfilter.es\\\/wp-content\\\/uploads\\\/EUROVENT-PAGINA-WEB-7.png\",\"datePublished\":\"2024-04-19T08:52:19+00:00\",\"dateModified\":\"2024-05-02T07:59:27+00:00\",\"description\":\"Venfilter na Eurovent Desde maio de 2013, a Venfilter est\u00e1 comprometida com o Eurovent. Por outras palavras, optou pela seriedade e rigor da informa\u00e7\u00e3o\",\"breadcrumb\":{\"@id\":\"https:\\\/\\\/venfilter.es\\\/pt-pt\\\/eurovent\\\/#breadcrumb\"},\"inLanguage\":\"pt-PT\",\"potentialAction\":[{\"@type\":\"ReadAction\",\"target\":[\"https:\\\/\\\/venfilter.es\\\/pt-pt\\\/eurovent\\\/\"]}]},{\"@type\":\"ImageObject\",\"inLanguage\":\"pt-PT\",\"@id\":\"https:\\\/\\\/venfilter.es\\\/pt-pt\\\/eurovent\\\/#primaryimage\",\"url\":\"https:\\\/\\\/venfilter.es\\\/wp-content\\\/uploads\\\/EUROVENT-PAGINA-WEB-7.png\",\"contentUrl\":\"https:\\\/\\\/venfilter.es\\\/wp-content\\\/uploads\\\/EUROVENT-PAGINA-WEB-7.png\"},{\"@type\":\"BreadcrumbList\",\"@id\":\"https:\\\/\\\/venfilter.es\\\/pt-pt\\\/eurovent\\\/#breadcrumb\",\"itemListElement\":[{\"@type\":\"ListItem\",\"position\":1,\"name\":\"Portada\",\"item\":\"https:\\\/\\\/venfilter.es\\\/pt-pt\\\/\"},{\"@type\":\"ListItem\",\"position\":2,\"name\":\"Eurovent\"}]},{\"@type\":\"WebSite\",\"@id\":\"https:\\\/\\\/venfilter.es\\\/pt-pt\\\/#website\",\"url\":\"https:\\\/\\\/venfilter.es\\\/pt-pt\\\/\",\"name\":\"Venfilter\",\"description\":\"Filtros de aire y ventilaci\u00f3n industrial\",\"potentialAction\":[{\"@type\":\"SearchAction\",\"target\":{\"@type\":\"EntryPoint\",\"urlTemplate\":\"https:\\\/\\\/venfilter.es\\\/pt-pt\\\/?s={search_term_string}\"},\"query-input\":{\"@type\":\"PropertyValueSpecification\",\"valueRequired\":true,\"valueName\":\"search_term_string\"}}],\"inLanguage\":\"pt-PT\"}]}<\/script>\n<!-- \/ Yoast SEO plugin. -->","yoast_head_json":{"title":"Eurovent - Venfilter","description":"Venfilter na Eurovent Desde maio de 2013, a Venfilter est\u00e1 comprometida com o Eurovent. Por outras palavras, optou pela seriedade e rigor da informa\u00e7\u00e3o","robots":{"index":"index","follow":"follow","max-snippet":"max-snippet:-1","max-image-preview":"max-image-preview:large","max-video-preview":"max-video-preview:-1"},"canonical":"https:\/\/venfilter.es\/pt-pt\/eurovent\/","og_locale":"pt_PT","og_type":"article","og_title":"Eurovent - Venfilter","og_description":"Venfilter na Eurovent Desde maio de 2013, a Venfilter est\u00e1 comprometida com o Eurovent. Por outras palavras, optou pela seriedade e rigor da informa\u00e7\u00e3o","og_url":"https:\/\/venfilter.es\/pt-pt\/eurovent\/","og_site_name":"Venfilter","article_modified_time":"2024-05-02T07:59:27+00:00","og_image":[{"url":"https:\/\/venfilter.es\/wp-content\/uploads\/EUROVENT-PAGINA-WEB-7.png","type":"","width":"","height":""}],"twitter_card":"summary_large_image","schema":{"@context":"https:\/\/schema.org","@graph":[{"@type":"WebPage","@id":"https:\/\/venfilter.es\/pt-pt\/eurovent\/","url":"https:\/\/venfilter.es\/pt-pt\/eurovent\/","name":"Eurovent - Venfilter","isPartOf":{"@id":"https:\/\/venfilter.es\/pt-pt\/#website"},"primaryImageOfPage":{"@id":"https:\/\/venfilter.es\/pt-pt\/eurovent\/#primaryimage"},"image":{"@id":"https:\/\/venfilter.es\/pt-pt\/eurovent\/#primaryimage"},"thumbnailUrl":"https:\/\/venfilter.es\/wp-content\/uploads\/EUROVENT-PAGINA-WEB-7.png","datePublished":"2024-04-19T08:52:19+00:00","dateModified":"2024-05-02T07:59:27+00:00","description":"Venfilter na Eurovent Desde maio de 2013, a Venfilter est\u00e1 comprometida com o Eurovent. Por outras palavras, optou pela seriedade e rigor da informa\u00e7\u00e3o","breadcrumb":{"@id":"https:\/\/venfilter.es\/pt-pt\/eurovent\/#breadcrumb"},"inLanguage":"pt-PT","potentialAction":[{"@type":"ReadAction","target":["https:\/\/venfilter.es\/pt-pt\/eurovent\/"]}]},{"@type":"ImageObject","inLanguage":"pt-PT","@id":"https:\/\/venfilter.es\/pt-pt\/eurovent\/#primaryimage","url":"https:\/\/venfilter.es\/wp-content\/uploads\/EUROVENT-PAGINA-WEB-7.png","contentUrl":"https:\/\/venfilter.es\/wp-content\/uploads\/EUROVENT-PAGINA-WEB-7.png"},{"@type":"BreadcrumbList","@id":"https:\/\/venfilter.es\/pt-pt\/eurovent\/#breadcrumb","itemListElement":[{"@type":"ListItem","position":1,"name":"Portada","item":"https:\/\/venfilter.es\/pt-pt\/"},{"@type":"ListItem","position":2,"name":"Eurovent"}]},{"@type":"WebSite","@id":"https:\/\/venfilter.es\/pt-pt\/#website","url":"https:\/\/venfilter.es\/pt-pt\/","name":"Venfilter","description":"Filtros de aire y ventilaci\u00f3n industrial","potentialAction":[{"@type":"SearchAction","target":{"@type":"EntryPoint","urlTemplate":"https:\/\/venfilter.es\/pt-pt\/?s={search_term_string}"},"query-input":{"@type":"PropertyValueSpecification","valueRequired":true,"valueName":"search_term_string"}}],"inLanguage":"pt-PT"}]}},"_links":{"self":[{"href":"https:\/\/venfilter.es\/pt-pt\/wp-json\/wp\/v2\/pages\/45634","targetHints":{"allow":["GET"]}}],"collection":[{"href":"https:\/\/venfilter.es\/pt-pt\/wp-json\/wp\/v2\/pages"}],"about":[{"href":"https:\/\/venfilter.es\/pt-pt\/wp-json\/wp\/v2\/types\/page"}],"author":[{"embeddable":true,"href":"https:\/\/venfilter.es\/pt-pt\/wp-json\/wp\/v2\/users\/4"}],"replies":[{"embeddable":true,"href":"https:\/\/venfilter.es\/pt-pt\/wp-json\/wp\/v2\/comments?post=45634"}],"version-history":[{"count":0,"href":"https:\/\/venfilter.es\/pt-pt\/wp-json\/wp\/v2\/pages\/45634\/revisions"}],"wp:attachment":[{"href":"https:\/\/venfilter.es\/pt-pt\/wp-json\/wp\/v2\/media?parent=45634"}],"curies":[{"name":"wp","href":"https:\/\/api.w.org\/{rel}","templated":true}]}}