{"id":40848,"date":"2022-04-04T15:06:04","date_gmt":"2022-04-04T14:06:04","guid":{"rendered":"https:\/\/venfilter.es\/product\/bag-synthetic-m5\/"},"modified":"2026-01-19T09:22:08","modified_gmt":"2026-01-19T08:22:08","slug":"bag-synthetic-m5","status":"publish","type":"product","link":"https:\/\/venfilter.es\/pt-pt\/products\/bag-synthetic-m5\/","title":{"rendered":"Bag-Synthetic M5"},"content":{"rendered":"<p>Filtragem de ar de entrada, sa\u00edda e recircula\u00e7\u00e3o em sistemas de ventila\u00e7\u00e3o tais como: Aplica\u00e7\u00f5es de ar condicionado, ventila\u00e7\u00e3o de salas de m\u00e1quinas e zonas de produ\u00e7\u00e3o, extra\u00e7\u00e3o de ar e recircula\u00e7\u00e3o em cabinas de pintura e como pr\u00e9-filtragem em processos industriais.<\/p>\n","protected":false},"excerpt":{"rendered":"<p>Filtragem de ar de entrada, sa\u00edda e recircula\u00e7\u00e3o em sistemas de ventila\u00e7\u00e3o tais como: Aplica\u00e7\u00f5es de ar condicionado, ventila\u00e7\u00e3o de salas de m\u00e1quinas e zonas de produ\u00e7\u00e3o, extra\u00e7\u00e3o de ar e recircula\u00e7\u00e3o em cabinas de pintura e como pr\u00e9-filtragem em processos industriais.<\/p>\n","protected":false},"featured_media":43073,"comment_status":"closed","ping_status":"closed","template":"","meta":{"_acf_changed":false},"product_brand":[],"product_cat":[4696],"product_tag":[],"certificado":[],"class_list":{"0":"post-40848","1":"product","2":"type-product","3":"status-publish","4":"has-post-thumbnail","6":"product_cat-filtros-bolsas","8":"first","9":"instock","10":"product-type-variable"},"acf":[],"yoast_head":"<!-- This site is optimized with the Yoast SEO plugin v26.6 - https:\/\/yoast.com\/wordpress\/plugins\/seo\/ -->\n<title>Bag-Synthetic M5 - Venfilter<\/title>\n<meta name=\"description\" content=\"Filtragem de ar de entrada, sa\u00edda e recircula\u00e7\u00e3o em sistemas de ventila\u00e7\u00e3o tais como: Aplica\u00e7\u00f5es de ar condicionado, ventila\u00e7\u00e3o de salas de m\u00e1quinas e\" \/>\n<meta name=\"robots\" content=\"index, follow, max-snippet:-1, max-image-preview:large, max-video-preview:-1\" \/>\n<link rel=\"canonical\" href=\"https:\/\/venfilter.es\/pt-pt\/products\/bag-synthetic-m5\/\" \/>\n<meta property=\"og:locale\" content=\"pt_PT\" \/>\n<meta property=\"og:type\" content=\"article\" \/>\n<meta property=\"og:title\" content=\"Bag-Synthetic M5 - Venfilter\" \/>\n<meta property=\"og:description\" content=\"Filtragem de ar de entrada, sa\u00edda e recircula\u00e7\u00e3o em sistemas de ventila\u00e7\u00e3o tais como: Aplica\u00e7\u00f5es de ar condicionado, ventila\u00e7\u00e3o de salas de m\u00e1quinas e\" \/>\n<meta property=\"og:url\" content=\"https:\/\/venfilter.es\/pt-pt\/products\/bag-synthetic-m5\/\" \/>\n<meta property=\"og:site_name\" content=\"Venfilter\" \/>\n<meta property=\"article:modified_time\" content=\"2026-01-19T08:22:08+00:00\" \/>\n<meta property=\"og:image\" content=\"https:\/\/venfilter.es\/wp-content\/uploads\/BS5.jpeg\" \/>\n\t<meta property=\"og:image:width\" content=\"1920\" \/>\n\t<meta property=\"og:image:height\" content=\"1920\" \/>\n\t<meta property=\"og:image:type\" content=\"image\/jpeg\" \/>\n<meta name=\"twitter:card\" content=\"summary_large_image\" \/>\n<meta name=\"twitter:label1\" content=\"Tempo estimado de leitura\" \/>\n\t<meta name=\"twitter:data1\" content=\"1 minuto\" \/>\n<script type=\"application\/ld+json\" class=\"yoast-schema-graph\">{\"@context\":\"https:\/\/schema.org\",\"@graph\":[{\"@type\":\"WebPage\",\"@id\":\"https:\/\/venfilter.es\/pt-pt\/products\/bag-synthetic-m5\/\",\"url\":\"https:\/\/venfilter.es\/pt-pt\/products\/bag-synthetic-m5\/\",\"name\":\"Bag-Synthetic M5 - Venfilter\",\"isPartOf\":{\"@id\":\"https:\/\/venfilter.es\/pt-pt\/#website\"},\"primaryImageOfPage\":{\"@id\":\"https:\/\/venfilter.es\/pt-pt\/products\/bag-synthetic-m5\/#primaryimage\"},\"image\":{\"@id\":\"https:\/\/venfilter.es\/pt-pt\/products\/bag-synthetic-m5\/#primaryimage\"},\"thumbnailUrl\":\"https:\/\/venfilter.es\/wp-content\/uploads\/BS5.jpeg\",\"datePublished\":\"2022-04-04T14:06:04+00:00\",\"dateModified\":\"2026-01-19T08:22:08+00:00\",\"description\":\"Filtragem de ar de entrada, sa\u00edda e recircula\u00e7\u00e3o em sistemas de ventila\u00e7\u00e3o tais como: Aplica\u00e7\u00f5es de ar condicionado, ventila\u00e7\u00e3o de salas de m\u00e1quinas e\",\"breadcrumb\":{\"@id\":\"https:\/\/venfilter.es\/pt-pt\/products\/bag-synthetic-m5\/#breadcrumb\"},\"inLanguage\":\"pt-PT\",\"potentialAction\":[{\"@type\":\"ReadAction\",\"target\":[\"https:\/\/venfilter.es\/pt-pt\/products\/bag-synthetic-m5\/\"]}]},{\"@type\":\"ImageObject\",\"inLanguage\":\"pt-PT\",\"@id\":\"https:\/\/venfilter.es\/pt-pt\/products\/bag-synthetic-m5\/#primaryimage\",\"url\":\"https:\/\/venfilter.es\/wp-content\/uploads\/BS5.jpeg\",\"contentUrl\":\"https:\/\/venfilter.es\/wp-content\/uploads\/BS5.jpeg\",\"width\":1920,\"height\":1920},{\"@type\":\"BreadcrumbList\",\"@id\":\"https:\/\/venfilter.es\/pt-pt\/products\/bag-synthetic-m5\/#breadcrumb\",\"itemListElement\":[{\"@type\":\"ListItem\",\"position\":1,\"name\":\"Portada\",\"item\":\"https:\/\/venfilter.es\/pt-pt\/\"},{\"@type\":\"ListItem\",\"position\":2,\"name\":\"Tienda\",\"item\":\"https:\/\/venfilter.es\/tienda\/\"},{\"@type\":\"ListItem\",\"position\":3,\"name\":\"Bag-Synthetic M5\"}]},{\"@type\":\"WebSite\",\"@id\":\"https:\/\/venfilter.es\/pt-pt\/#website\",\"url\":\"https:\/\/venfilter.es\/pt-pt\/\",\"name\":\"Venfilter\",\"description\":\"Filtros de aire y ventilaci\u00f3n industrial\",\"potentialAction\":[{\"@type\":\"SearchAction\",\"target\":{\"@type\":\"EntryPoint\",\"urlTemplate\":\"https:\/\/venfilter.es\/pt-pt\/?s={search_term_string}\"},\"query-input\":{\"@type\":\"PropertyValueSpecification\",\"valueRequired\":true,\"valueName\":\"search_term_string\"}}],\"inLanguage\":\"pt-PT\"}]}<\/script>\n<!-- \/ Yoast SEO plugin. -->","yoast_head_json":{"title":"Bag-Synthetic M5 - Venfilter","description":"Filtragem de ar de entrada, sa\u00edda e recircula\u00e7\u00e3o em sistemas de ventila\u00e7\u00e3o tais como: Aplica\u00e7\u00f5es de ar condicionado, ventila\u00e7\u00e3o de salas de m\u00e1quinas e","robots":{"index":"index","follow":"follow","max-snippet":"max-snippet:-1","max-image-preview":"max-image-preview:large","max-video-preview":"max-video-preview:-1"},"canonical":"https:\/\/venfilter.es\/pt-pt\/products\/bag-synthetic-m5\/","og_locale":"pt_PT","og_type":"article","og_title":"Bag-Synthetic M5 - Venfilter","og_description":"Filtragem de ar de entrada, sa\u00edda e recircula\u00e7\u00e3o em sistemas de ventila\u00e7\u00e3o tais como: Aplica\u00e7\u00f5es de ar condicionado, ventila\u00e7\u00e3o de salas de m\u00e1quinas e","og_url":"https:\/\/venfilter.es\/pt-pt\/products\/bag-synthetic-m5\/","og_site_name":"Venfilter","article_modified_time":"2026-01-19T08:22:08+00:00","og_image":[{"width":1920,"height":1920,"url":"https:\/\/venfilter.es\/wp-content\/uploads\/BS5.jpeg","type":"image\/jpeg"}],"twitter_card":"summary_large_image","twitter_misc":{"Tempo estimado de leitura":"1 minuto"},"schema":{"@context":"https:\/\/schema.org","@graph":[{"@type":"WebPage","@id":"https:\/\/venfilter.es\/pt-pt\/products\/bag-synthetic-m5\/","url":"https:\/\/venfilter.es\/pt-pt\/products\/bag-synthetic-m5\/","name":"Bag-Synthetic M5 - Venfilter","isPartOf":{"@id":"https:\/\/venfilter.es\/pt-pt\/#website"},"primaryImageOfPage":{"@id":"https:\/\/venfilter.es\/pt-pt\/products\/bag-synthetic-m5\/#primaryimage"},"image":{"@id":"https:\/\/venfilter.es\/pt-pt\/products\/bag-synthetic-m5\/#primaryimage"},"thumbnailUrl":"https:\/\/venfilter.es\/wp-content\/uploads\/BS5.jpeg","datePublished":"2022-04-04T14:06:04+00:00","dateModified":"2026-01-19T08:22:08+00:00","description":"Filtragem de ar de entrada, sa\u00edda e recircula\u00e7\u00e3o em sistemas de ventila\u00e7\u00e3o tais como: Aplica\u00e7\u00f5es de ar condicionado, ventila\u00e7\u00e3o de salas de m\u00e1quinas e","breadcrumb":{"@id":"https:\/\/venfilter.es\/pt-pt\/products\/bag-synthetic-m5\/#breadcrumb"},"inLanguage":"pt-PT","potentialAction":[{"@type":"ReadAction","target":["https:\/\/venfilter.es\/pt-pt\/products\/bag-synthetic-m5\/"]}]},{"@type":"ImageObject","inLanguage":"pt-PT","@id":"https:\/\/venfilter.es\/pt-pt\/products\/bag-synthetic-m5\/#primaryimage","url":"https:\/\/venfilter.es\/wp-content\/uploads\/BS5.jpeg","contentUrl":"https:\/\/venfilter.es\/wp-content\/uploads\/BS5.jpeg","width":1920,"height":1920},{"@type":"BreadcrumbList","@id":"https:\/\/venfilter.es\/pt-pt\/products\/bag-synthetic-m5\/#breadcrumb","itemListElement":[{"@type":"ListItem","position":1,"name":"Portada","item":"https:\/\/venfilter.es\/pt-pt\/"},{"@type":"ListItem","position":2,"name":"Tienda","item":"https:\/\/venfilter.es\/tienda\/"},{"@type":"ListItem","position":3,"name":"Bag-Synthetic M5"}]},{"@type":"WebSite","@id":"https:\/\/venfilter.es\/pt-pt\/#website","url":"https:\/\/venfilter.es\/pt-pt\/","name":"Venfilter","description":"Filtros de aire y ventilaci\u00f3n industrial","potentialAction":[{"@type":"SearchAction","target":{"@type":"EntryPoint","urlTemplate":"https:\/\/venfilter.es\/pt-pt\/?s={search_term_string}"},"query-input":{"@type":"PropertyValueSpecification","valueRequired":true,"valueName":"search_term_string"}}],"inLanguage":"pt-PT"}]}},"_links":{"self":[{"href":"https:\/\/venfilter.es\/pt-pt\/wp-json\/wp\/v2\/product\/40848","targetHints":{"allow":["GET"]}}],"collection":[{"href":"https:\/\/venfilter.es\/pt-pt\/wp-json\/wp\/v2\/product"}],"about":[{"href":"https:\/\/venfilter.es\/pt-pt\/wp-json\/wp\/v2\/types\/product"}],"replies":[{"embeddable":true,"href":"https:\/\/venfilter.es\/pt-pt\/wp-json\/wp\/v2\/comments?post=40848"}],"wp:featuredmedia":[{"embeddable":true,"href":"https:\/\/venfilter.es\/pt-pt\/wp-json\/wp\/v2\/media\/43073"}],"wp:attachment":[{"href":"https:\/\/venfilter.es\/pt-pt\/wp-json\/wp\/v2\/media?parent=40848"}],"wp:term":[{"taxonomy":"product_brand","embeddable":true,"href":"https:\/\/venfilter.es\/pt-pt\/wp-json\/wp\/v2\/product_brand?post=40848"},{"taxonomy":"product_cat","embeddable":true,"href":"https:\/\/venfilter.es\/pt-pt\/wp-json\/wp\/v2\/product_cat?post=40848"},{"taxonomy":"product_tag","embeddable":true,"href":"https:\/\/venfilter.es\/pt-pt\/wp-json\/wp\/v2\/product_tag?post=40848"},{"taxonomy":"certificado","embeddable":true,"href":"https:\/\/venfilter.es\/pt-pt\/wp-json\/wp\/v2\/certificado?post=40848"}],"curies":[{"name":"wp","href":"https:\/\/api.w.org\/{rel}","templated":true}]}}