{"id":40850,"date":"2022-04-04T15:06:04","date_gmt":"2023-03-02T09:09:33","guid":{"rendered":"https:\/\/venfilter.es\/product\/bag-synthetic-g4-plastico\/"},"modified":"2024-06-12T16:14:23","modified_gmt":"2024-06-12T15:14:23","slug":"bag-synthetic-g4-plastico","status":"publish","type":"product","link":"https:\/\/venfilter.es\/pt-pt\/products\/bag-synthetic-g4-plastico\/","title":{"rendered":"Bag-Synthetic G4 (Pl\u00e1stico)"},"content":{"rendered":"<p>Filtros de bolsas de estrutura met\u00e1lica, para a filtragem de ar de entrada, sa\u00edda e recircula\u00e7\u00e3o em sistemas de ventila\u00e7\u00e3o como: Aplica\u00e7\u00f5es de ar condicionado, ventila\u00e7\u00e3o de salas de m\u00e1quinas e zonas de produ\u00e7\u00e3o, extra\u00e7\u00e3o de ar e recircula\u00e7\u00e3o em cabinas de pintura e como pr\u00e9-filtragem em processos industriais.<\/p>\n","protected":false},"excerpt":{"rendered":"<p>Filtros de bolsas de estrutura met\u00e1lica, para a filtragem de ar de entrada, sa\u00edda e recircula\u00e7\u00e3o em sistemas de ventila\u00e7\u00e3o como: Aplica\u00e7\u00f5es de ar condicionado, ventila\u00e7\u00e3o de salas de m\u00e1quinas e zonas de produ\u00e7\u00e3o, extra\u00e7\u00e3o de ar e recircula\u00e7\u00e3o em cabinas de pintura e como pr\u00e9-filtragem em processos industriais.<\/p>\n","protected":false},"featured_media":45092,"comment_status":"closed","ping_status":"closed","template":"","meta":{"_acf_changed":false},"product_brand":[],"product_cat":[4696],"product_tag":[],"certificado":[4249],"class_list":{"0":"post-40850","1":"product","2":"type-product","3":"status-publish","4":"has-post-thumbnail","6":"product_cat-filtros-bolsas","7":"certificado-venfilter_sello_food","9":"first","10":"instock","11":"product-type-variable"},"acf":[],"yoast_head":"<!-- This site is optimized with the Yoast SEO plugin v26.6 - https:\/\/yoast.com\/wordpress\/plugins\/seo\/ -->\n<title>Bag-Synthetic G4 (Pl\u00e1stico) - Venfilter<\/title>\n<meta name=\"description\" content=\"Filtros de bolsas de estrutura met\u00e1lica, para a filtragem de ar de entrada, sa\u00edda e recircula\u00e7\u00e3o em sistemas de ventila\u00e7\u00e3o como: Aplica\u00e7\u00f5es de ar\" \/>\n<meta name=\"robots\" content=\"index, follow, max-snippet:-1, max-image-preview:large, max-video-preview:-1\" \/>\n<link rel=\"canonical\" href=\"https:\/\/venfilter.es\/pt-pt\/products\/bag-synthetic-g4-plastico\/\" \/>\n<meta property=\"og:locale\" content=\"pt_PT\" \/>\n<meta property=\"og:type\" content=\"article\" \/>\n<meta property=\"og:title\" content=\"Bag-Synthetic G4 (Pl\u00e1stico) - Venfilter\" \/>\n<meta property=\"og:description\" content=\"Filtros de bolsas de estrutura met\u00e1lica, para a filtragem de ar de entrada, sa\u00edda e recircula\u00e7\u00e3o em sistemas de ventila\u00e7\u00e3o como: Aplica\u00e7\u00f5es de ar\" \/>\n<meta property=\"og:url\" content=\"https:\/\/venfilter.es\/pt-pt\/products\/bag-synthetic-g4-plastico\/\" \/>\n<meta property=\"og:site_name\" content=\"Venfilter\" \/>\n<meta property=\"article:modified_time\" content=\"2024-06-12T15:14:23+00:00\" \/>\n<meta property=\"og:image\" content=\"https:\/\/venfilter.es\/wp-content\/uploads\/BAG-SYNTHETIC-MARC-PLAS-scaled.jpg\" \/>\n\t<meta property=\"og:image:width\" content=\"2537\" \/>\n\t<meta property=\"og:image:height\" content=\"2560\" \/>\n\t<meta property=\"og:image:type\" content=\"image\/jpeg\" \/>\n<meta name=\"twitter:card\" content=\"summary_large_image\" \/>\n<meta name=\"twitter:label1\" content=\"Tempo estimado de leitura\" \/>\n\t<meta name=\"twitter:data1\" content=\"1 minuto\" \/>\n<script type=\"application\/ld+json\" class=\"yoast-schema-graph\">{\"@context\":\"https:\/\/schema.org\",\"@graph\":[{\"@type\":\"WebPage\",\"@id\":\"https:\/\/venfilter.es\/pt-pt\/products\/bag-synthetic-g4-plastico\/\",\"url\":\"https:\/\/venfilter.es\/pt-pt\/products\/bag-synthetic-g4-plastico\/\",\"name\":\"Bag-Synthetic G4 (Pl\u00e1stico) - Venfilter\",\"isPartOf\":{\"@id\":\"https:\/\/venfilter.es\/pt-pt\/#website\"},\"primaryImageOfPage\":{\"@id\":\"https:\/\/venfilter.es\/pt-pt\/products\/bag-synthetic-g4-plastico\/#primaryimage\"},\"image\":{\"@id\":\"https:\/\/venfilter.es\/pt-pt\/products\/bag-synthetic-g4-plastico\/#primaryimage\"},\"thumbnailUrl\":\"https:\/\/venfilter.es\/wp-content\/uploads\/BAG-SYNTHETIC-MARC-PLAS-scaled.jpg\",\"datePublished\":\"2023-03-02T09:09:33+00:00\",\"dateModified\":\"2024-06-12T15:14:23+00:00\",\"description\":\"Filtros de bolsas de estrutura met\u00e1lica, para a filtragem de ar de entrada, sa\u00edda e recircula\u00e7\u00e3o em sistemas de ventila\u00e7\u00e3o como: Aplica\u00e7\u00f5es de ar\",\"breadcrumb\":{\"@id\":\"https:\/\/venfilter.es\/pt-pt\/products\/bag-synthetic-g4-plastico\/#breadcrumb\"},\"inLanguage\":\"pt-PT\",\"potentialAction\":[{\"@type\":\"ReadAction\",\"target\":[\"https:\/\/venfilter.es\/pt-pt\/products\/bag-synthetic-g4-plastico\/\"]}]},{\"@type\":\"ImageObject\",\"inLanguage\":\"pt-PT\",\"@id\":\"https:\/\/venfilter.es\/pt-pt\/products\/bag-synthetic-g4-plastico\/#primaryimage\",\"url\":\"https:\/\/venfilter.es\/wp-content\/uploads\/BAG-SYNTHETIC-MARC-PLAS-scaled.jpg\",\"contentUrl\":\"https:\/\/venfilter.es\/wp-content\/uploads\/BAG-SYNTHETIC-MARC-PLAS-scaled.jpg\",\"width\":2537,\"height\":2560,\"caption\":\"MARTI FRADERA BOHERA FOTOGRAF +34 658 500 306 martifradera@gmail.com www.noupunt.com www.martifradera.com Instagram @martifraderabohera\"},{\"@type\":\"BreadcrumbList\",\"@id\":\"https:\/\/venfilter.es\/pt-pt\/products\/bag-synthetic-g4-plastico\/#breadcrumb\",\"itemListElement\":[{\"@type\":\"ListItem\",\"position\":1,\"name\":\"Portada\",\"item\":\"https:\/\/venfilter.es\/pt-pt\/\"},{\"@type\":\"ListItem\",\"position\":2,\"name\":\"Tienda\",\"item\":\"https:\/\/venfilter.es\/tienda\/\"},{\"@type\":\"ListItem\",\"position\":3,\"name\":\"Bag-Synthetic G4 (Pl\u00e1stico)\"}]},{\"@type\":\"WebSite\",\"@id\":\"https:\/\/venfilter.es\/pt-pt\/#website\",\"url\":\"https:\/\/venfilter.es\/pt-pt\/\",\"name\":\"Venfilter\",\"description\":\"Filtros de aire y ventilaci\u00f3n industrial\",\"potentialAction\":[{\"@type\":\"SearchAction\",\"target\":{\"@type\":\"EntryPoint\",\"urlTemplate\":\"https:\/\/venfilter.es\/pt-pt\/?s={search_term_string}\"},\"query-input\":{\"@type\":\"PropertyValueSpecification\",\"valueRequired\":true,\"valueName\":\"search_term_string\"}}],\"inLanguage\":\"pt-PT\"}]}<\/script>\n<!-- \/ Yoast SEO plugin. -->","yoast_head_json":{"title":"Bag-Synthetic G4 (Pl\u00e1stico) - Venfilter","description":"Filtros de bolsas de estrutura met\u00e1lica, para a filtragem de ar de entrada, sa\u00edda e recircula\u00e7\u00e3o em sistemas de ventila\u00e7\u00e3o como: Aplica\u00e7\u00f5es de ar","robots":{"index":"index","follow":"follow","max-snippet":"max-snippet:-1","max-image-preview":"max-image-preview:large","max-video-preview":"max-video-preview:-1"},"canonical":"https:\/\/venfilter.es\/pt-pt\/products\/bag-synthetic-g4-plastico\/","og_locale":"pt_PT","og_type":"article","og_title":"Bag-Synthetic G4 (Pl\u00e1stico) - Venfilter","og_description":"Filtros de bolsas de estrutura met\u00e1lica, para a filtragem de ar de entrada, sa\u00edda e recircula\u00e7\u00e3o em sistemas de ventila\u00e7\u00e3o como: Aplica\u00e7\u00f5es de ar","og_url":"https:\/\/venfilter.es\/pt-pt\/products\/bag-synthetic-g4-plastico\/","og_site_name":"Venfilter","article_modified_time":"2024-06-12T15:14:23+00:00","og_image":[{"width":2537,"height":2560,"url":"https:\/\/venfilter.es\/wp-content\/uploads\/BAG-SYNTHETIC-MARC-PLAS-scaled.jpg","type":"image\/jpeg"}],"twitter_card":"summary_large_image","twitter_misc":{"Tempo estimado de leitura":"1 minuto"},"schema":{"@context":"https:\/\/schema.org","@graph":[{"@type":"WebPage","@id":"https:\/\/venfilter.es\/pt-pt\/products\/bag-synthetic-g4-plastico\/","url":"https:\/\/venfilter.es\/pt-pt\/products\/bag-synthetic-g4-plastico\/","name":"Bag-Synthetic G4 (Pl\u00e1stico) - Venfilter","isPartOf":{"@id":"https:\/\/venfilter.es\/pt-pt\/#website"},"primaryImageOfPage":{"@id":"https:\/\/venfilter.es\/pt-pt\/products\/bag-synthetic-g4-plastico\/#primaryimage"},"image":{"@id":"https:\/\/venfilter.es\/pt-pt\/products\/bag-synthetic-g4-plastico\/#primaryimage"},"thumbnailUrl":"https:\/\/venfilter.es\/wp-content\/uploads\/BAG-SYNTHETIC-MARC-PLAS-scaled.jpg","datePublished":"2023-03-02T09:09:33+00:00","dateModified":"2024-06-12T15:14:23+00:00","description":"Filtros de bolsas de estrutura met\u00e1lica, para a filtragem de ar de entrada, sa\u00edda e recircula\u00e7\u00e3o em sistemas de ventila\u00e7\u00e3o como: Aplica\u00e7\u00f5es de ar","breadcrumb":{"@id":"https:\/\/venfilter.es\/pt-pt\/products\/bag-synthetic-g4-plastico\/#breadcrumb"},"inLanguage":"pt-PT","potentialAction":[{"@type":"ReadAction","target":["https:\/\/venfilter.es\/pt-pt\/products\/bag-synthetic-g4-plastico\/"]}]},{"@type":"ImageObject","inLanguage":"pt-PT","@id":"https:\/\/venfilter.es\/pt-pt\/products\/bag-synthetic-g4-plastico\/#primaryimage","url":"https:\/\/venfilter.es\/wp-content\/uploads\/BAG-SYNTHETIC-MARC-PLAS-scaled.jpg","contentUrl":"https:\/\/venfilter.es\/wp-content\/uploads\/BAG-SYNTHETIC-MARC-PLAS-scaled.jpg","width":2537,"height":2560,"caption":"MARTI FRADERA BOHERA FOTOGRAF +34 658 500 306 martifradera@gmail.com www.noupunt.com www.martifradera.com Instagram @martifraderabohera"},{"@type":"BreadcrumbList","@id":"https:\/\/venfilter.es\/pt-pt\/products\/bag-synthetic-g4-plastico\/#breadcrumb","itemListElement":[{"@type":"ListItem","position":1,"name":"Portada","item":"https:\/\/venfilter.es\/pt-pt\/"},{"@type":"ListItem","position":2,"name":"Tienda","item":"https:\/\/venfilter.es\/tienda\/"},{"@type":"ListItem","position":3,"name":"Bag-Synthetic G4 (Pl\u00e1stico)"}]},{"@type":"WebSite","@id":"https:\/\/venfilter.es\/pt-pt\/#website","url":"https:\/\/venfilter.es\/pt-pt\/","name":"Venfilter","description":"Filtros de aire y ventilaci\u00f3n industrial","potentialAction":[{"@type":"SearchAction","target":{"@type":"EntryPoint","urlTemplate":"https:\/\/venfilter.es\/pt-pt\/?s={search_term_string}"},"query-input":{"@type":"PropertyValueSpecification","valueRequired":true,"valueName":"search_term_string"}}],"inLanguage":"pt-PT"}]}},"_links":{"self":[{"href":"https:\/\/venfilter.es\/pt-pt\/wp-json\/wp\/v2\/product\/40850","targetHints":{"allow":["GET"]}}],"collection":[{"href":"https:\/\/venfilter.es\/pt-pt\/wp-json\/wp\/v2\/product"}],"about":[{"href":"https:\/\/venfilter.es\/pt-pt\/wp-json\/wp\/v2\/types\/product"}],"replies":[{"embeddable":true,"href":"https:\/\/venfilter.es\/pt-pt\/wp-json\/wp\/v2\/comments?post=40850"}],"wp:featuredmedia":[{"embeddable":true,"href":"https:\/\/venfilter.es\/pt-pt\/wp-json\/wp\/v2\/media\/45092"}],"wp:attachment":[{"href":"https:\/\/venfilter.es\/pt-pt\/wp-json\/wp\/v2\/media?parent=40850"}],"wp:term":[{"taxonomy":"product_brand","embeddable":true,"href":"https:\/\/venfilter.es\/pt-pt\/wp-json\/wp\/v2\/product_brand?post=40850"},{"taxonomy":"product_cat","embeddable":true,"href":"https:\/\/venfilter.es\/pt-pt\/wp-json\/wp\/v2\/product_cat?post=40850"},{"taxonomy":"product_tag","embeddable":true,"href":"https:\/\/venfilter.es\/pt-pt\/wp-json\/wp\/v2\/product_tag?post=40850"},{"taxonomy":"certificado","embeddable":true,"href":"https:\/\/venfilter.es\/pt-pt\/wp-json\/wp\/v2\/certificado?post=40850"}],"curies":[{"name":"wp","href":"https:\/\/api.w.org\/{rel}","templated":true}]}}