{"id":40855,"date":"2022-04-04T15:06:16","date_gmt":"2022-04-04T14:06:16","guid":{"rendered":"https:\/\/venfilter.es\/product\/bio-bag-60\/"},"modified":"2023-10-27T12:48:24","modified_gmt":"2023-10-27T11:48:24","slug":"bio-bag-60","status":"publish","type":"product","link":"https:\/\/venfilter.es\/pt-pt\/products\/bio-bag-60\/","title":{"rendered":"Bio Bag 60"},"content":{"rendered":"<p>Instala\u00e7\u00f5es HVAC tais como: Em equipamentos de ar condicionado (climatizadores, caixas de ventila\u00e7\u00e3o, etc.), sistemas de condicionamento de ar (edif\u00edcios de escrit\u00f3rios, centrais telef\u00f3nicas, grandes superf\u00edcies, hospitais, museus e aeroportos, processos industriais (ind. farmac\u00eautica, alimentar, \u00f3tica, etc.) e como pr\u00e9-filtro de Filtros Hepa e Ulpa.<\/p>\n","protected":false},"excerpt":{"rendered":"<p>Instala\u00e7\u00f5es HVAC tais como: Em equipamentos de ar condicionado (climatizadores, caixas de ventila\u00e7\u00e3o, etc.), sistemas de condicionamento de ar (edif\u00edcios de escrit\u00f3rios, centrais telef\u00f3nicas, grandes superf\u00edcies, hospitais, museus e aeroportos, processos industriais (ind. farmac\u00eautica, alimentar, \u00f3tica, etc.) e como pr\u00e9-filtro de Filtros Hepa e Ulpa.<\/p>\n","protected":false},"featured_media":43119,"comment_status":"closed","ping_status":"closed","template":"","meta":{"_acf_changed":false},"product_brand":[],"product_cat":[4701],"product_tag":[],"certificado":[4274,4275],"class_list":{"0":"post-40855","1":"product","2":"type-product","3":"status-publish","4":"has-post-thumbnail","6":"product_cat-sinteticas","7":"certificado-etiqueta_clasificacion_energetica","8":"certificado-iso16890","10":"first","11":"instock","12":"product-type-variable"},"acf":[],"yoast_head":"<!-- This site is optimized with the Yoast SEO plugin v26.6 - https:\/\/yoast.com\/wordpress\/plugins\/seo\/ -->\n<title>Bio Bag 60 - Venfilter<\/title>\n<meta name=\"description\" content=\"Instala\u00e7\u00f5es HVAC tais como: Em equipamentos de ar condicionado (climatizadores, caixas de ventila\u00e7\u00e3o, etc.), sistemas de condicionamento de ar (edif\u00edcios\" \/>\n<meta name=\"robots\" content=\"index, follow, max-snippet:-1, max-image-preview:large, max-video-preview:-1\" \/>\n<link rel=\"canonical\" href=\"https:\/\/venfilter.es\/pt-pt\/products\/bio-bag-60\/\" \/>\n<meta property=\"og:locale\" content=\"pt_PT\" \/>\n<meta property=\"og:type\" content=\"article\" \/>\n<meta property=\"og:title\" content=\"Bio Bag 60 - Venfilter\" \/>\n<meta property=\"og:description\" content=\"Instala\u00e7\u00f5es HVAC tais como: Em equipamentos de ar condicionado (climatizadores, caixas de ventila\u00e7\u00e3o, etc.), sistemas de condicionamento de ar (edif\u00edcios\" \/>\n<meta property=\"og:url\" content=\"https:\/\/venfilter.es\/pt-pt\/products\/bio-bag-60\/\" \/>\n<meta property=\"og:site_name\" content=\"Venfilter\" \/>\n<meta property=\"article:modified_time\" content=\"2023-10-27T11:48:24+00:00\" \/>\n<meta property=\"og:image\" content=\"https:\/\/venfilter.es\/wp-content\/uploads\/BIO_BAG_60.jpg\" \/>\n\t<meta property=\"og:image:width\" content=\"1920\" \/>\n\t<meta property=\"og:image:height\" content=\"1920\" \/>\n\t<meta property=\"og:image:type\" content=\"image\/jpeg\" \/>\n<meta name=\"twitter:card\" content=\"summary_large_image\" \/>\n<meta name=\"twitter:label1\" content=\"Tempo estimado de leitura\" \/>\n\t<meta name=\"twitter:data1\" content=\"1 minuto\" \/>\n<script type=\"application\/ld+json\" class=\"yoast-schema-graph\">{\"@context\":\"https:\/\/schema.org\",\"@graph\":[{\"@type\":\"WebPage\",\"@id\":\"https:\/\/venfilter.es\/pt-pt\/products\/bio-bag-60\/\",\"url\":\"https:\/\/venfilter.es\/pt-pt\/products\/bio-bag-60\/\",\"name\":\"Bio Bag 60 - Venfilter\",\"isPartOf\":{\"@id\":\"https:\/\/venfilter.es\/pt-pt\/#website\"},\"primaryImageOfPage\":{\"@id\":\"https:\/\/venfilter.es\/pt-pt\/products\/bio-bag-60\/#primaryimage\"},\"image\":{\"@id\":\"https:\/\/venfilter.es\/pt-pt\/products\/bio-bag-60\/#primaryimage\"},\"thumbnailUrl\":\"https:\/\/venfilter.es\/wp-content\/uploads\/BIO_BAG_60.jpg\",\"datePublished\":\"2022-04-04T14:06:16+00:00\",\"dateModified\":\"2023-10-27T11:48:24+00:00\",\"description\":\"Instala\u00e7\u00f5es HVAC tais como: Em equipamentos de ar condicionado (climatizadores, caixas de ventila\u00e7\u00e3o, etc.), sistemas de condicionamento de ar (edif\u00edcios\",\"breadcrumb\":{\"@id\":\"https:\/\/venfilter.es\/pt-pt\/products\/bio-bag-60\/#breadcrumb\"},\"inLanguage\":\"pt-PT\",\"potentialAction\":[{\"@type\":\"ReadAction\",\"target\":[\"https:\/\/venfilter.es\/pt-pt\/products\/bio-bag-60\/\"]}]},{\"@type\":\"ImageObject\",\"inLanguage\":\"pt-PT\",\"@id\":\"https:\/\/venfilter.es\/pt-pt\/products\/bio-bag-60\/#primaryimage\",\"url\":\"https:\/\/venfilter.es\/wp-content\/uploads\/BIO_BAG_60.jpg\",\"contentUrl\":\"https:\/\/venfilter.es\/wp-content\/uploads\/BIO_BAG_60.jpg\",\"width\":1920,\"height\":1920},{\"@type\":\"BreadcrumbList\",\"@id\":\"https:\/\/venfilter.es\/pt-pt\/products\/bio-bag-60\/#breadcrumb\",\"itemListElement\":[{\"@type\":\"ListItem\",\"position\":1,\"name\":\"Portada\",\"item\":\"https:\/\/venfilter.es\/pt-pt\/\"},{\"@type\":\"ListItem\",\"position\":2,\"name\":\"Tienda\",\"item\":\"https:\/\/venfilter.es\/tienda\/\"},{\"@type\":\"ListItem\",\"position\":3,\"name\":\"Bio Bag 60\"}]},{\"@type\":\"WebSite\",\"@id\":\"https:\/\/venfilter.es\/pt-pt\/#website\",\"url\":\"https:\/\/venfilter.es\/pt-pt\/\",\"name\":\"Venfilter\",\"description\":\"Filtros de aire y ventilaci\u00f3n industrial\",\"potentialAction\":[{\"@type\":\"SearchAction\",\"target\":{\"@type\":\"EntryPoint\",\"urlTemplate\":\"https:\/\/venfilter.es\/pt-pt\/?s={search_term_string}\"},\"query-input\":{\"@type\":\"PropertyValueSpecification\",\"valueRequired\":true,\"valueName\":\"search_term_string\"}}],\"inLanguage\":\"pt-PT\"}]}<\/script>\n<!-- \/ Yoast SEO plugin. -->","yoast_head_json":{"title":"Bio Bag 60 - Venfilter","description":"Instala\u00e7\u00f5es HVAC tais como: Em equipamentos de ar condicionado (climatizadores, caixas de ventila\u00e7\u00e3o, etc.), sistemas de condicionamento de ar (edif\u00edcios","robots":{"index":"index","follow":"follow","max-snippet":"max-snippet:-1","max-image-preview":"max-image-preview:large","max-video-preview":"max-video-preview:-1"},"canonical":"https:\/\/venfilter.es\/pt-pt\/products\/bio-bag-60\/","og_locale":"pt_PT","og_type":"article","og_title":"Bio Bag 60 - Venfilter","og_description":"Instala\u00e7\u00f5es HVAC tais como: Em equipamentos de ar condicionado (climatizadores, caixas de ventila\u00e7\u00e3o, etc.), sistemas de condicionamento de ar (edif\u00edcios","og_url":"https:\/\/venfilter.es\/pt-pt\/products\/bio-bag-60\/","og_site_name":"Venfilter","article_modified_time":"2023-10-27T11:48:24+00:00","og_image":[{"width":1920,"height":1920,"url":"https:\/\/venfilter.es\/wp-content\/uploads\/BIO_BAG_60.jpg","type":"image\/jpeg"}],"twitter_card":"summary_large_image","twitter_misc":{"Tempo estimado de leitura":"1 minuto"},"schema":{"@context":"https:\/\/schema.org","@graph":[{"@type":"WebPage","@id":"https:\/\/venfilter.es\/pt-pt\/products\/bio-bag-60\/","url":"https:\/\/venfilter.es\/pt-pt\/products\/bio-bag-60\/","name":"Bio Bag 60 - Venfilter","isPartOf":{"@id":"https:\/\/venfilter.es\/pt-pt\/#website"},"primaryImageOfPage":{"@id":"https:\/\/venfilter.es\/pt-pt\/products\/bio-bag-60\/#primaryimage"},"image":{"@id":"https:\/\/venfilter.es\/pt-pt\/products\/bio-bag-60\/#primaryimage"},"thumbnailUrl":"https:\/\/venfilter.es\/wp-content\/uploads\/BIO_BAG_60.jpg","datePublished":"2022-04-04T14:06:16+00:00","dateModified":"2023-10-27T11:48:24+00:00","description":"Instala\u00e7\u00f5es HVAC tais como: Em equipamentos de ar condicionado (climatizadores, caixas de ventila\u00e7\u00e3o, etc.), sistemas de condicionamento de ar (edif\u00edcios","breadcrumb":{"@id":"https:\/\/venfilter.es\/pt-pt\/products\/bio-bag-60\/#breadcrumb"},"inLanguage":"pt-PT","potentialAction":[{"@type":"ReadAction","target":["https:\/\/venfilter.es\/pt-pt\/products\/bio-bag-60\/"]}]},{"@type":"ImageObject","inLanguage":"pt-PT","@id":"https:\/\/venfilter.es\/pt-pt\/products\/bio-bag-60\/#primaryimage","url":"https:\/\/venfilter.es\/wp-content\/uploads\/BIO_BAG_60.jpg","contentUrl":"https:\/\/venfilter.es\/wp-content\/uploads\/BIO_BAG_60.jpg","width":1920,"height":1920},{"@type":"BreadcrumbList","@id":"https:\/\/venfilter.es\/pt-pt\/products\/bio-bag-60\/#breadcrumb","itemListElement":[{"@type":"ListItem","position":1,"name":"Portada","item":"https:\/\/venfilter.es\/pt-pt\/"},{"@type":"ListItem","position":2,"name":"Tienda","item":"https:\/\/venfilter.es\/tienda\/"},{"@type":"ListItem","position":3,"name":"Bio Bag 60"}]},{"@type":"WebSite","@id":"https:\/\/venfilter.es\/pt-pt\/#website","url":"https:\/\/venfilter.es\/pt-pt\/","name":"Venfilter","description":"Filtros de aire y ventilaci\u00f3n industrial","potentialAction":[{"@type":"SearchAction","target":{"@type":"EntryPoint","urlTemplate":"https:\/\/venfilter.es\/pt-pt\/?s={search_term_string}"},"query-input":{"@type":"PropertyValueSpecification","valueRequired":true,"valueName":"search_term_string"}}],"inLanguage":"pt-PT"}]}},"_links":{"self":[{"href":"https:\/\/venfilter.es\/pt-pt\/wp-json\/wp\/v2\/product\/40855","targetHints":{"allow":["GET"]}}],"collection":[{"href":"https:\/\/venfilter.es\/pt-pt\/wp-json\/wp\/v2\/product"}],"about":[{"href":"https:\/\/venfilter.es\/pt-pt\/wp-json\/wp\/v2\/types\/product"}],"replies":[{"embeddable":true,"href":"https:\/\/venfilter.es\/pt-pt\/wp-json\/wp\/v2\/comments?post=40855"}],"wp:featuredmedia":[{"embeddable":true,"href":"https:\/\/venfilter.es\/pt-pt\/wp-json\/wp\/v2\/media\/43119"}],"wp:attachment":[{"href":"https:\/\/venfilter.es\/pt-pt\/wp-json\/wp\/v2\/media?parent=40855"}],"wp:term":[{"taxonomy":"product_brand","embeddable":true,"href":"https:\/\/venfilter.es\/pt-pt\/wp-json\/wp\/v2\/product_brand?post=40855"},{"taxonomy":"product_cat","embeddable":true,"href":"https:\/\/venfilter.es\/pt-pt\/wp-json\/wp\/v2\/product_cat?post=40855"},{"taxonomy":"product_tag","embeddable":true,"href":"https:\/\/venfilter.es\/pt-pt\/wp-json\/wp\/v2\/product_tag?post=40855"},{"taxonomy":"certificado","embeddable":true,"href":"https:\/\/venfilter.es\/pt-pt\/wp-json\/wp\/v2\/certificado?post=40855"}],"curies":[{"name":"wp","href":"https:\/\/api.w.org\/{rel}","templated":true}]}}