{"id":40858,"date":"2022-04-04T15:06:16","date_gmt":"2023-03-02T09:10:07","guid":{"rendered":"https:\/\/venfilter.es\/product\/bag-nanowave\/"},"modified":"2023-06-29T12:52:16","modified_gmt":"2023-06-29T11:52:16","slug":"bag-nanowave","status":"publish","type":"product","link":"https:\/\/venfilter.es\/pt-pt\/products\/bag-nanowave\/","title":{"rendered":"Bag Nanowave"},"content":{"rendered":"<p>A tecnologia Nano Wave\u00ae incorpora uma manta filtrante multicamada que disp\u00f5e de fibras finas onduladas, protegidas com uma camada de pr\u00e9-filtro que separa o p\u00f3 fino. O perfil ondulado desta fibra extrafina aumenta a \u00e1rea efetiva do filtro, o que se traduz por uma perda m\u00ednima de carga inicial e uma reten\u00e7\u00e3o superior de p\u00f3 para a unidade. Os filtros de bolsa com tecnologia Nano Wave\u00ae n\u00e3o t\u00eam cargas eletrost\u00e1ticas, cumprem a nova normativa ISO 16890:2016 e satisfazem as exig\u00eancias higi\u00e9nicas para filtros de ar, tornando-os adequados para a sua aplica\u00e7\u00e3o em \u00e1reas sens\u00edveis.<\/p>\n","protected":false},"excerpt":{"rendered":"<p>A tecnologia Nano Wave\u00ae incorpora uma manta filtrante multicamada que disp\u00f5e de fibras finas onduladas, protegidas com uma camada de pr\u00e9-filtro que separa o p\u00f3 fino. O perfil ondulado desta fibra extrafina aumenta a \u00e1rea efetiva do filtro, o que se traduz por uma perda m\u00ednima de carga inicial e uma reten\u00e7\u00e3o superior de p\u00f3 [&hellip;]<\/p>\n","protected":false},"featured_media":40297,"comment_status":"closed","ping_status":"closed","template":"","meta":{"_acf_changed":false},"product_brand":[],"product_cat":[4702],"product_tag":[],"certificado":[4274,4275],"class_list":{"0":"post-40858","1":"product","2":"type-product","3":"status-publish","4":"has-post-thumbnail","6":"product_cat-nanowave","7":"certificado-etiqueta_clasificacion_energetica","8":"certificado-iso16890","10":"first","11":"instock","12":"product-type-variable"},"acf":[],"yoast_head":"<!-- This site is optimized with the Yoast SEO plugin v27.4 - https:\/\/yoast.com\/product\/yoast-seo-wordpress\/ -->\n<title>Bag Nanowave - Venfilter<\/title>\n<meta name=\"description\" content=\"A tecnologia Nano Wave\u00ae incorpora uma manta filtrante multicamada que disp\u00f5e de fibras finas onduladas, protegidas com uma camada de pr\u00e9-filtro que separa\" \/>\n<meta name=\"robots\" content=\"index, follow, max-snippet:-1, max-image-preview:large, max-video-preview:-1\" \/>\n<link rel=\"canonical\" href=\"https:\/\/venfilter.es\/pt-pt\/products\/bag-nanowave\/\" \/>\n<meta property=\"og:locale\" content=\"pt_PT\" \/>\n<meta property=\"og:type\" content=\"article\" \/>\n<meta property=\"og:title\" content=\"Bag Nanowave - Venfilter\" \/>\n<meta property=\"og:description\" content=\"A tecnologia Nano Wave\u00ae incorpora uma manta filtrante multicamada que disp\u00f5e de fibras finas onduladas, protegidas com uma camada de pr\u00e9-filtro que separa\" \/>\n<meta property=\"og:url\" content=\"https:\/\/venfilter.es\/pt-pt\/products\/bag-nanowave\/\" \/>\n<meta property=\"og:site_name\" content=\"Venfilter\" \/>\n<meta property=\"article:modified_time\" content=\"2023-06-29T11:52:16+00:00\" \/>\n<meta property=\"og:image\" content=\"https:\/\/venfilter.es\/wp-content\/uploads\/BAG-NANOWAVE-2.jpg\" \/>\n\t<meta property=\"og:image:width\" content=\"800\" \/>\n\t<meta property=\"og:image:height\" content=\"800\" \/>\n\t<meta property=\"og:image:type\" content=\"image\/jpeg\" \/>\n<meta name=\"twitter:card\" content=\"summary_large_image\" \/>\n<meta name=\"twitter:label1\" content=\"Tempo estimado de leitura\" \/>\n\t<meta name=\"twitter:data1\" content=\"1 minuto\" \/>\n<script type=\"application\/ld+json\" class=\"yoast-schema-graph\">{\"@context\":\"https:\\\/\\\/schema.org\",\"@graph\":[{\"@type\":\"WebPage\",\"@id\":\"https:\\\/\\\/venfilter.es\\\/pt-pt\\\/products\\\/bag-nanowave\\\/\",\"url\":\"https:\\\/\\\/venfilter.es\\\/pt-pt\\\/products\\\/bag-nanowave\\\/\",\"name\":\"Bag Nanowave - Venfilter\",\"isPartOf\":{\"@id\":\"https:\\\/\\\/venfilter.es\\\/pt-pt\\\/#website\"},\"primaryImageOfPage\":{\"@id\":\"https:\\\/\\\/venfilter.es\\\/pt-pt\\\/products\\\/bag-nanowave\\\/#primaryimage\"},\"image\":{\"@id\":\"https:\\\/\\\/venfilter.es\\\/pt-pt\\\/products\\\/bag-nanowave\\\/#primaryimage\"},\"thumbnailUrl\":\"https:\\\/\\\/venfilter.es\\\/wp-content\\\/uploads\\\/BAG-NANOWAVE-2.jpg\",\"datePublished\":\"2023-03-02T09:10:07+00:00\",\"dateModified\":\"2023-06-29T11:52:16+00:00\",\"description\":\"A tecnologia Nano Wave\u00ae incorpora uma manta filtrante multicamada que disp\u00f5e de fibras finas onduladas, protegidas com uma camada de pr\u00e9-filtro que separa\",\"breadcrumb\":{\"@id\":\"https:\\\/\\\/venfilter.es\\\/pt-pt\\\/products\\\/bag-nanowave\\\/#breadcrumb\"},\"inLanguage\":\"pt-PT\",\"potentialAction\":[{\"@type\":\"ReadAction\",\"target\":[\"https:\\\/\\\/venfilter.es\\\/pt-pt\\\/products\\\/bag-nanowave\\\/\"]}]},{\"@type\":\"ImageObject\",\"inLanguage\":\"pt-PT\",\"@id\":\"https:\\\/\\\/venfilter.es\\\/pt-pt\\\/products\\\/bag-nanowave\\\/#primaryimage\",\"url\":\"https:\\\/\\\/venfilter.es\\\/wp-content\\\/uploads\\\/BAG-NANOWAVE-2.jpg\",\"contentUrl\":\"https:\\\/\\\/venfilter.es\\\/wp-content\\\/uploads\\\/BAG-NANOWAVE-2.jpg\",\"width\":800,\"height\":800},{\"@type\":\"BreadcrumbList\",\"@id\":\"https:\\\/\\\/venfilter.es\\\/pt-pt\\\/products\\\/bag-nanowave\\\/#breadcrumb\",\"itemListElement\":[{\"@type\":\"ListItem\",\"position\":1,\"name\":\"Portada\",\"item\":\"https:\\\/\\\/venfilter.es\\\/pt-pt\\\/\"},{\"@type\":\"ListItem\",\"position\":2,\"name\":\"Tienda\",\"item\":\"https:\\\/\\\/venfilter.es\\\/tienda\\\/\"},{\"@type\":\"ListItem\",\"position\":3,\"name\":\"Bag Nanowave\"}]},{\"@type\":\"WebSite\",\"@id\":\"https:\\\/\\\/venfilter.es\\\/pt-pt\\\/#website\",\"url\":\"https:\\\/\\\/venfilter.es\\\/pt-pt\\\/\",\"name\":\"Venfilter\",\"description\":\"Filtros de aire y ventilaci\u00f3n industrial\",\"potentialAction\":[{\"@type\":\"SearchAction\",\"target\":{\"@type\":\"EntryPoint\",\"urlTemplate\":\"https:\\\/\\\/venfilter.es\\\/pt-pt\\\/?s={search_term_string}\"},\"query-input\":{\"@type\":\"PropertyValueSpecification\",\"valueRequired\":true,\"valueName\":\"search_term_string\"}}],\"inLanguage\":\"pt-PT\"}]}<\/script>\n<!-- \/ Yoast SEO plugin. -->","yoast_head_json":{"title":"Bag Nanowave - Venfilter","description":"A tecnologia Nano Wave\u00ae incorpora uma manta filtrante multicamada que disp\u00f5e de fibras finas onduladas, protegidas com uma camada de pr\u00e9-filtro que separa","robots":{"index":"index","follow":"follow","max-snippet":"max-snippet:-1","max-image-preview":"max-image-preview:large","max-video-preview":"max-video-preview:-1"},"canonical":"https:\/\/venfilter.es\/pt-pt\/products\/bag-nanowave\/","og_locale":"pt_PT","og_type":"article","og_title":"Bag Nanowave - Venfilter","og_description":"A tecnologia Nano Wave\u00ae incorpora uma manta filtrante multicamada que disp\u00f5e de fibras finas onduladas, protegidas com uma camada de pr\u00e9-filtro que separa","og_url":"https:\/\/venfilter.es\/pt-pt\/products\/bag-nanowave\/","og_site_name":"Venfilter","article_modified_time":"2023-06-29T11:52:16+00:00","og_image":[{"width":800,"height":800,"url":"https:\/\/venfilter.es\/wp-content\/uploads\/BAG-NANOWAVE-2.jpg","type":"image\/jpeg"}],"twitter_card":"summary_large_image","twitter_misc":{"Tempo estimado de leitura":"1 minuto"},"schema":{"@context":"https:\/\/schema.org","@graph":[{"@type":"WebPage","@id":"https:\/\/venfilter.es\/pt-pt\/products\/bag-nanowave\/","url":"https:\/\/venfilter.es\/pt-pt\/products\/bag-nanowave\/","name":"Bag Nanowave - Venfilter","isPartOf":{"@id":"https:\/\/venfilter.es\/pt-pt\/#website"},"primaryImageOfPage":{"@id":"https:\/\/venfilter.es\/pt-pt\/products\/bag-nanowave\/#primaryimage"},"image":{"@id":"https:\/\/venfilter.es\/pt-pt\/products\/bag-nanowave\/#primaryimage"},"thumbnailUrl":"https:\/\/venfilter.es\/wp-content\/uploads\/BAG-NANOWAVE-2.jpg","datePublished":"2023-03-02T09:10:07+00:00","dateModified":"2023-06-29T11:52:16+00:00","description":"A tecnologia Nano Wave\u00ae incorpora uma manta filtrante multicamada que disp\u00f5e de fibras finas onduladas, protegidas com uma camada de pr\u00e9-filtro que separa","breadcrumb":{"@id":"https:\/\/venfilter.es\/pt-pt\/products\/bag-nanowave\/#breadcrumb"},"inLanguage":"pt-PT","potentialAction":[{"@type":"ReadAction","target":["https:\/\/venfilter.es\/pt-pt\/products\/bag-nanowave\/"]}]},{"@type":"ImageObject","inLanguage":"pt-PT","@id":"https:\/\/venfilter.es\/pt-pt\/products\/bag-nanowave\/#primaryimage","url":"https:\/\/venfilter.es\/wp-content\/uploads\/BAG-NANOWAVE-2.jpg","contentUrl":"https:\/\/venfilter.es\/wp-content\/uploads\/BAG-NANOWAVE-2.jpg","width":800,"height":800},{"@type":"BreadcrumbList","@id":"https:\/\/venfilter.es\/pt-pt\/products\/bag-nanowave\/#breadcrumb","itemListElement":[{"@type":"ListItem","position":1,"name":"Portada","item":"https:\/\/venfilter.es\/pt-pt\/"},{"@type":"ListItem","position":2,"name":"Tienda","item":"https:\/\/venfilter.es\/tienda\/"},{"@type":"ListItem","position":3,"name":"Bag Nanowave"}]},{"@type":"WebSite","@id":"https:\/\/venfilter.es\/pt-pt\/#website","url":"https:\/\/venfilter.es\/pt-pt\/","name":"Venfilter","description":"Filtros de aire y ventilaci\u00f3n industrial","potentialAction":[{"@type":"SearchAction","target":{"@type":"EntryPoint","urlTemplate":"https:\/\/venfilter.es\/pt-pt\/?s={search_term_string}"},"query-input":{"@type":"PropertyValueSpecification","valueRequired":true,"valueName":"search_term_string"}}],"inLanguage":"pt-PT"}]}},"_links":{"self":[{"href":"https:\/\/venfilter.es\/pt-pt\/wp-json\/wp\/v2\/product\/40858","targetHints":{"allow":["GET"]}}],"collection":[{"href":"https:\/\/venfilter.es\/pt-pt\/wp-json\/wp\/v2\/product"}],"about":[{"href":"https:\/\/venfilter.es\/pt-pt\/wp-json\/wp\/v2\/types\/product"}],"replies":[{"embeddable":true,"href":"https:\/\/venfilter.es\/pt-pt\/wp-json\/wp\/v2\/comments?post=40858"}],"wp:featuredmedia":[{"embeddable":true,"href":"https:\/\/venfilter.es\/pt-pt\/wp-json\/wp\/v2\/media\/40297"}],"wp:attachment":[{"href":"https:\/\/venfilter.es\/pt-pt\/wp-json\/wp\/v2\/media?parent=40858"}],"wp:term":[{"taxonomy":"product_brand","embeddable":true,"href":"https:\/\/venfilter.es\/pt-pt\/wp-json\/wp\/v2\/product_brand?post=40858"},{"taxonomy":"product_cat","embeddable":true,"href":"https:\/\/venfilter.es\/pt-pt\/wp-json\/wp\/v2\/product_cat?post=40858"},{"taxonomy":"product_tag","embeddable":true,"href":"https:\/\/venfilter.es\/pt-pt\/wp-json\/wp\/v2\/product_tag?post=40858"},{"taxonomy":"certificado","embeddable":true,"href":"https:\/\/venfilter.es\/pt-pt\/wp-json\/wp\/v2\/certificado?post=40858"}],"curies":[{"name":"wp","href":"https:\/\/api.w.org\/{rel}","templated":true}]}}