{"id":40872,"date":"2022-04-04T15:06:16","date_gmt":"2023-03-02T09:10:07","guid":{"rendered":"https:\/\/venfilter.es\/product\/multiven-galvanizado-atex\/"},"modified":"2024-09-20T09:43:59","modified_gmt":"2024-09-20T08:43:59","slug":"multiven-galvanizado-atex","status":"publish","type":"product","link":"https:\/\/venfilter.es\/pt-pt\/products\/multiven-galvanizado-atex\/","title":{"rendered":"Multiven (Galvanizado) Atex"},"content":{"rendered":"<p>Em geral, para aplica\u00e7\u00f5es em sistemas especiais de ar condicionado e ventila\u00e7\u00e3o que t\u00eam de cumprir os requisitos rigorosos para atmosferas explosivas. Em zonas com atmosferas potencialmente explosivas (aquelas que, em condi\u00e7\u00f5es atmosf\u00e9ricas, s\u00e3o uma mistura de ar e subst\u00e2ncias perigosas sob a forma de gases, vapores, n\u00e9voas ou poeiras e nas quais, ap\u00f3s a igni\u00e7\u00e3o, a combust\u00e3o se propaga a toda a mistura n\u00e3o queimada).<\/p>\n<p>Entrada, sa\u00edda e recircula\u00e7\u00e3o em sistemas de ventila\u00e7\u00e3o que exigem elevada seguran\u00e7a:<br \/>\nEm <strong>equipamentos de Ar Condicionado<\/strong> (Condicionadores de Ar, Caixas de Ventila\u00e7\u00e3o, etc.).<br \/>\n<strong>Sistemas de Ar Condicionado<\/strong> (Hospitais, Laborat\u00f3rios, Museus, Aeroportos, etc.).<br \/>\n<strong>Processos industriais<\/strong> (Farmac\u00eautica, Alimentar, \u00d3tica, Microeletr\u00f3nica, Veterin\u00e1ria, Qu\u00edmica e tratamento de superf\u00edcies).<br \/>\nComo <strong>pr\u00e9-filtro para filtros Hepa e Ulpa.<\/strong><\/p>\n","protected":false},"excerpt":{"rendered":"<p>Em geral, para aplica\u00e7\u00f5es em sistemas especiais de ar condicionado e ventila\u00e7\u00e3o que t\u00eam de cumprir os requisitos rigorosos para atmosferas explosivas. Em zonas com atmosferas potencialmente explosivas (aquelas que, em condi\u00e7\u00f5es atmosf\u00e9ricas, s\u00e3o uma mistura de ar e subst\u00e2ncias perigosas sob a forma de gases, vapores, n\u00e9voas ou poeiras e nas quais, ap\u00f3s a [&hellip;]<\/p>\n","protected":false},"featured_media":35814,"comment_status":"closed","ping_status":"closed","template":"","meta":{"_acf_changed":false},"product_brand":[],"product_cat":[4705],"product_tag":[],"certificado":[4274,4275,4373,4377],"class_list":{"0":"post-40872","1":"product","2":"type-product","3":"status-publish","4":"has-post-thumbnail","6":"product_cat-rigidos","7":"certificado-etiqueta_clasificacion_energetica","8":"certificado-iso16890","9":"certificado-atex","10":"certificado-energia","12":"first","13":"instock","14":"product-type-variable"},"acf":[],"yoast_head":"<!-- This site is optimized with the Yoast SEO plugin v26.6 - https:\/\/yoast.com\/wordpress\/plugins\/seo\/ -->\n<title>Multiven (Galvanizado) Atex - Venfilter<\/title>\n<meta name=\"description\" content=\"Em geral, para aplica\u00e7\u00f5es em sistemas especiais de ar condicionado e ventila\u00e7\u00e3o que t\u00eam de cumprir os requisitos rigorosos para atmosferas explosivas. Em\" \/>\n<meta name=\"robots\" content=\"index, follow, max-snippet:-1, max-image-preview:large, max-video-preview:-1\" \/>\n<link rel=\"canonical\" href=\"https:\/\/venfilter.es\/pt-pt\/products\/multiven-galvanizado-atex\/\" \/>\n<meta property=\"og:locale\" content=\"pt_PT\" \/>\n<meta property=\"og:type\" content=\"article\" \/>\n<meta property=\"og:title\" content=\"Multiven (Galvanizado) Atex - Venfilter\" \/>\n<meta property=\"og:description\" content=\"Em geral, para aplica\u00e7\u00f5es em sistemas especiais de ar condicionado e ventila\u00e7\u00e3o que t\u00eam de cumprir os requisitos rigorosos para atmosferas explosivas. Em\" \/>\n<meta property=\"og:url\" content=\"https:\/\/venfilter.es\/pt-pt\/products\/multiven-galvanizado-atex\/\" \/>\n<meta property=\"og:site_name\" content=\"Venfilter\" \/>\n<meta property=\"article:modified_time\" content=\"2024-09-20T08:43:59+00:00\" \/>\n<meta property=\"og:image\" content=\"https:\/\/venfilter.es\/wp-content\/uploads\/multiven_galvanizado_atex_sin_dimensiones.jpg\" \/>\n\t<meta property=\"og:image:width\" content=\"929\" \/>\n\t<meta property=\"og:image:height\" content=\"817\" \/>\n\t<meta property=\"og:image:type\" content=\"image\/jpeg\" \/>\n<meta name=\"twitter:card\" content=\"summary_large_image\" \/>\n<meta name=\"twitter:label1\" content=\"Tempo estimado de leitura\" \/>\n\t<meta name=\"twitter:data1\" content=\"1 minuto\" \/>\n<script type=\"application\/ld+json\" class=\"yoast-schema-graph\">{\"@context\":\"https:\/\/schema.org\",\"@graph\":[{\"@type\":\"WebPage\",\"@id\":\"https:\/\/venfilter.es\/pt-pt\/products\/multiven-galvanizado-atex\/\",\"url\":\"https:\/\/venfilter.es\/pt-pt\/products\/multiven-galvanizado-atex\/\",\"name\":\"Multiven (Galvanizado) Atex - Venfilter\",\"isPartOf\":{\"@id\":\"https:\/\/venfilter.es\/pt-pt\/#website\"},\"primaryImageOfPage\":{\"@id\":\"https:\/\/venfilter.es\/pt-pt\/products\/multiven-galvanizado-atex\/#primaryimage\"},\"image\":{\"@id\":\"https:\/\/venfilter.es\/pt-pt\/products\/multiven-galvanizado-atex\/#primaryimage\"},\"thumbnailUrl\":\"https:\/\/venfilter.es\/wp-content\/uploads\/multiven_galvanizado_atex_sin_dimensiones.jpg\",\"datePublished\":\"2023-03-02T09:10:07+00:00\",\"dateModified\":\"2024-09-20T08:43:59+00:00\",\"description\":\"Em geral, para aplica\u00e7\u00f5es em sistemas especiais de ar condicionado e ventila\u00e7\u00e3o que t\u00eam de cumprir os requisitos rigorosos para atmosferas explosivas. Em\",\"breadcrumb\":{\"@id\":\"https:\/\/venfilter.es\/pt-pt\/products\/multiven-galvanizado-atex\/#breadcrumb\"},\"inLanguage\":\"pt-PT\",\"potentialAction\":[{\"@type\":\"ReadAction\",\"target\":[\"https:\/\/venfilter.es\/pt-pt\/products\/multiven-galvanizado-atex\/\"]}]},{\"@type\":\"ImageObject\",\"inLanguage\":\"pt-PT\",\"@id\":\"https:\/\/venfilter.es\/pt-pt\/products\/multiven-galvanizado-atex\/#primaryimage\",\"url\":\"https:\/\/venfilter.es\/wp-content\/uploads\/multiven_galvanizado_atex_sin_dimensiones.jpg\",\"contentUrl\":\"https:\/\/venfilter.es\/wp-content\/uploads\/multiven_galvanizado_atex_sin_dimensiones.jpg\",\"width\":929,\"height\":817},{\"@type\":\"BreadcrumbList\",\"@id\":\"https:\/\/venfilter.es\/pt-pt\/products\/multiven-galvanizado-atex\/#breadcrumb\",\"itemListElement\":[{\"@type\":\"ListItem\",\"position\":1,\"name\":\"Portada\",\"item\":\"https:\/\/venfilter.es\/pt-pt\/\"},{\"@type\":\"ListItem\",\"position\":2,\"name\":\"Tienda\",\"item\":\"https:\/\/venfilter.es\/tienda\/\"},{\"@type\":\"ListItem\",\"position\":3,\"name\":\"Multiven (Galvanizado) Atex\"}]},{\"@type\":\"WebSite\",\"@id\":\"https:\/\/venfilter.es\/pt-pt\/#website\",\"url\":\"https:\/\/venfilter.es\/pt-pt\/\",\"name\":\"Venfilter\",\"description\":\"Filtros de aire y ventilaci\u00f3n industrial\",\"potentialAction\":[{\"@type\":\"SearchAction\",\"target\":{\"@type\":\"EntryPoint\",\"urlTemplate\":\"https:\/\/venfilter.es\/pt-pt\/?s={search_term_string}\"},\"query-input\":{\"@type\":\"PropertyValueSpecification\",\"valueRequired\":true,\"valueName\":\"search_term_string\"}}],\"inLanguage\":\"pt-PT\"}]}<\/script>\n<!-- \/ Yoast SEO plugin. -->","yoast_head_json":{"title":"Multiven (Galvanizado) Atex - Venfilter","description":"Em geral, para aplica\u00e7\u00f5es em sistemas especiais de ar condicionado e ventila\u00e7\u00e3o que t\u00eam de cumprir os requisitos rigorosos para atmosferas explosivas. Em","robots":{"index":"index","follow":"follow","max-snippet":"max-snippet:-1","max-image-preview":"max-image-preview:large","max-video-preview":"max-video-preview:-1"},"canonical":"https:\/\/venfilter.es\/pt-pt\/products\/multiven-galvanizado-atex\/","og_locale":"pt_PT","og_type":"article","og_title":"Multiven (Galvanizado) Atex - Venfilter","og_description":"Em geral, para aplica\u00e7\u00f5es em sistemas especiais de ar condicionado e ventila\u00e7\u00e3o que t\u00eam de cumprir os requisitos rigorosos para atmosferas explosivas. Em","og_url":"https:\/\/venfilter.es\/pt-pt\/products\/multiven-galvanizado-atex\/","og_site_name":"Venfilter","article_modified_time":"2024-09-20T08:43:59+00:00","og_image":[{"width":929,"height":817,"url":"https:\/\/venfilter.es\/wp-content\/uploads\/multiven_galvanizado_atex_sin_dimensiones.jpg","type":"image\/jpeg"}],"twitter_card":"summary_large_image","twitter_misc":{"Tempo estimado de leitura":"1 minuto"},"schema":{"@context":"https:\/\/schema.org","@graph":[{"@type":"WebPage","@id":"https:\/\/venfilter.es\/pt-pt\/products\/multiven-galvanizado-atex\/","url":"https:\/\/venfilter.es\/pt-pt\/products\/multiven-galvanizado-atex\/","name":"Multiven (Galvanizado) Atex - Venfilter","isPartOf":{"@id":"https:\/\/venfilter.es\/pt-pt\/#website"},"primaryImageOfPage":{"@id":"https:\/\/venfilter.es\/pt-pt\/products\/multiven-galvanizado-atex\/#primaryimage"},"image":{"@id":"https:\/\/venfilter.es\/pt-pt\/products\/multiven-galvanizado-atex\/#primaryimage"},"thumbnailUrl":"https:\/\/venfilter.es\/wp-content\/uploads\/multiven_galvanizado_atex_sin_dimensiones.jpg","datePublished":"2023-03-02T09:10:07+00:00","dateModified":"2024-09-20T08:43:59+00:00","description":"Em geral, para aplica\u00e7\u00f5es em sistemas especiais de ar condicionado e ventila\u00e7\u00e3o que t\u00eam de cumprir os requisitos rigorosos para atmosferas explosivas. Em","breadcrumb":{"@id":"https:\/\/venfilter.es\/pt-pt\/products\/multiven-galvanizado-atex\/#breadcrumb"},"inLanguage":"pt-PT","potentialAction":[{"@type":"ReadAction","target":["https:\/\/venfilter.es\/pt-pt\/products\/multiven-galvanizado-atex\/"]}]},{"@type":"ImageObject","inLanguage":"pt-PT","@id":"https:\/\/venfilter.es\/pt-pt\/products\/multiven-galvanizado-atex\/#primaryimage","url":"https:\/\/venfilter.es\/wp-content\/uploads\/multiven_galvanizado_atex_sin_dimensiones.jpg","contentUrl":"https:\/\/venfilter.es\/wp-content\/uploads\/multiven_galvanizado_atex_sin_dimensiones.jpg","width":929,"height":817},{"@type":"BreadcrumbList","@id":"https:\/\/venfilter.es\/pt-pt\/products\/multiven-galvanizado-atex\/#breadcrumb","itemListElement":[{"@type":"ListItem","position":1,"name":"Portada","item":"https:\/\/venfilter.es\/pt-pt\/"},{"@type":"ListItem","position":2,"name":"Tienda","item":"https:\/\/venfilter.es\/tienda\/"},{"@type":"ListItem","position":3,"name":"Multiven (Galvanizado) Atex"}]},{"@type":"WebSite","@id":"https:\/\/venfilter.es\/pt-pt\/#website","url":"https:\/\/venfilter.es\/pt-pt\/","name":"Venfilter","description":"Filtros de aire y ventilaci\u00f3n industrial","potentialAction":[{"@type":"SearchAction","target":{"@type":"EntryPoint","urlTemplate":"https:\/\/venfilter.es\/pt-pt\/?s={search_term_string}"},"query-input":{"@type":"PropertyValueSpecification","valueRequired":true,"valueName":"search_term_string"}}],"inLanguage":"pt-PT"}]}},"_links":{"self":[{"href":"https:\/\/venfilter.es\/pt-pt\/wp-json\/wp\/v2\/product\/40872","targetHints":{"allow":["GET"]}}],"collection":[{"href":"https:\/\/venfilter.es\/pt-pt\/wp-json\/wp\/v2\/product"}],"about":[{"href":"https:\/\/venfilter.es\/pt-pt\/wp-json\/wp\/v2\/types\/product"}],"replies":[{"embeddable":true,"href":"https:\/\/venfilter.es\/pt-pt\/wp-json\/wp\/v2\/comments?post=40872"}],"wp:featuredmedia":[{"embeddable":true,"href":"https:\/\/venfilter.es\/pt-pt\/wp-json\/wp\/v2\/media\/35814"}],"wp:attachment":[{"href":"https:\/\/venfilter.es\/pt-pt\/wp-json\/wp\/v2\/media?parent=40872"}],"wp:term":[{"taxonomy":"product_brand","embeddable":true,"href":"https:\/\/venfilter.es\/pt-pt\/wp-json\/wp\/v2\/product_brand?post=40872"},{"taxonomy":"product_cat","embeddable":true,"href":"https:\/\/venfilter.es\/pt-pt\/wp-json\/wp\/v2\/product_cat?post=40872"},{"taxonomy":"product_tag","embeddable":true,"href":"https:\/\/venfilter.es\/pt-pt\/wp-json\/wp\/v2\/product_tag?post=40872"},{"taxonomy":"certificado","embeddable":true,"href":"https:\/\/venfilter.es\/pt-pt\/wp-json\/wp\/v2\/certificado?post=40872"}],"curies":[{"name":"wp","href":"https:\/\/api.w.org\/{rel}","templated":true}]}}