{"id":40876,"date":"2022-04-04T15:06:29","date_gmt":"2023-03-02T09:10:40","guid":{"rendered":"https:\/\/venfilter.es\/product\/poliven\/"},"modified":"2024-07-29T13:00:06","modified_gmt":"2024-07-29T12:00:06","slug":"poliven","status":"publish","type":"product","link":"https:\/\/venfilter.es\/pt-pt\/products\/poliven\/","title":{"rendered":"Poliven"},"content":{"rendered":"<p>Filtros de painel de estrutura de a\u00e7o galvanizado para unidades de tratamento de ar (condicionadores aut\u00f3nomos, unidades de climatiza\u00e7\u00e3o e ventila\u00e7\u00e3o), processos industriais (ind\u00fastria farmac\u00eautica, microeletr\u00f3nica, \u00f3tica, alimentar, veterin\u00e1ria, qu\u00edmica fina, etc.).<\/p>\n","protected":false},"excerpt":{"rendered":"<p>Filtros de painel de estrutura de a\u00e7o galvanizado para unidades de tratamento de ar (condicionadores aut\u00f3nomos, unidades de climatiza\u00e7\u00e3o e ventila\u00e7\u00e3o), processos industriais (ind\u00fastria farmac\u00eautica, microeletr\u00f3nica, \u00f3tica, alimentar, veterin\u00e1ria, qu\u00edmica fina, etc.).<\/p>\n","protected":false},"featured_media":35822,"comment_status":"closed","ping_status":"closed","template":"","meta":{"_acf_changed":false},"product_brand":[],"product_cat":[4707],"product_tag":[],"certificado":[4373],"class_list":{"0":"post-40876","1":"product","2":"type-product","3":"status-publish","4":"has-post-thumbnail","6":"product_cat-compactos-5","7":"certificado-atex","9":"first","10":"instock","11":"product-type-variable"},"acf":[],"yoast_head":"<!-- This site is optimized with the Yoast SEO plugin v26.6 - https:\/\/yoast.com\/wordpress\/plugins\/seo\/ -->\n<title>Poliven - Venfilter<\/title>\n<meta name=\"description\" content=\"Filtros de painel de estrutura de a\u00e7o galvanizado para unidades de tratamento de ar (condicionadores aut\u00f3nomos, unidades de climatiza\u00e7\u00e3o e ventila\u00e7\u00e3o),\" \/>\n<meta name=\"robots\" content=\"index, follow, max-snippet:-1, max-image-preview:large, max-video-preview:-1\" \/>\n<link rel=\"canonical\" href=\"https:\/\/venfilter.es\/pt-pt\/products\/poliven\/\" \/>\n<meta property=\"og:locale\" content=\"pt_PT\" \/>\n<meta property=\"og:type\" content=\"article\" \/>\n<meta property=\"og:title\" content=\"Poliven - Venfilter\" \/>\n<meta property=\"og:description\" content=\"Filtros de painel de estrutura de a\u00e7o galvanizado para unidades de tratamento de ar (condicionadores aut\u00f3nomos, unidades de climatiza\u00e7\u00e3o e ventila\u00e7\u00e3o),\" \/>\n<meta property=\"og:url\" content=\"https:\/\/venfilter.es\/pt-pt\/products\/poliven\/\" \/>\n<meta property=\"og:site_name\" content=\"Venfilter\" \/>\n<meta property=\"article:modified_time\" content=\"2024-07-29T12:00:06+00:00\" \/>\n<meta property=\"og:image\" content=\"https:\/\/venfilter.es\/wp-content\/uploads\/poliven.jpg\" \/>\n\t<meta property=\"og:image:width\" content=\"800\" \/>\n\t<meta property=\"og:image:height\" content=\"800\" \/>\n\t<meta property=\"og:image:type\" content=\"image\/jpeg\" \/>\n<meta name=\"twitter:card\" content=\"summary_large_image\" \/>\n<meta name=\"twitter:label1\" content=\"Tempo estimado de leitura\" \/>\n\t<meta name=\"twitter:data1\" content=\"1 minuto\" \/>\n<script type=\"application\/ld+json\" class=\"yoast-schema-graph\">{\"@context\":\"https:\/\/schema.org\",\"@graph\":[{\"@type\":\"WebPage\",\"@id\":\"https:\/\/venfilter.es\/pt-pt\/products\/poliven\/\",\"url\":\"https:\/\/venfilter.es\/pt-pt\/products\/poliven\/\",\"name\":\"Poliven - Venfilter\",\"isPartOf\":{\"@id\":\"https:\/\/venfilter.es\/pt-pt\/#website\"},\"primaryImageOfPage\":{\"@id\":\"https:\/\/venfilter.es\/pt-pt\/products\/poliven\/#primaryimage\"},\"image\":{\"@id\":\"https:\/\/venfilter.es\/pt-pt\/products\/poliven\/#primaryimage\"},\"thumbnailUrl\":\"https:\/\/venfilter.es\/wp-content\/uploads\/poliven.jpg\",\"datePublished\":\"2023-03-02T09:10:40+00:00\",\"dateModified\":\"2024-07-29T12:00:06+00:00\",\"description\":\"Filtros de painel de estrutura de a\u00e7o galvanizado para unidades de tratamento de ar (condicionadores aut\u00f3nomos, unidades de climatiza\u00e7\u00e3o e ventila\u00e7\u00e3o),\",\"breadcrumb\":{\"@id\":\"https:\/\/venfilter.es\/pt-pt\/products\/poliven\/#breadcrumb\"},\"inLanguage\":\"pt-PT\",\"potentialAction\":[{\"@type\":\"ReadAction\",\"target\":[\"https:\/\/venfilter.es\/pt-pt\/products\/poliven\/\"]}]},{\"@type\":\"ImageObject\",\"inLanguage\":\"pt-PT\",\"@id\":\"https:\/\/venfilter.es\/pt-pt\/products\/poliven\/#primaryimage\",\"url\":\"https:\/\/venfilter.es\/wp-content\/uploads\/poliven.jpg\",\"contentUrl\":\"https:\/\/venfilter.es\/wp-content\/uploads\/poliven.jpg\",\"width\":800,\"height\":800},{\"@type\":\"BreadcrumbList\",\"@id\":\"https:\/\/venfilter.es\/pt-pt\/products\/poliven\/#breadcrumb\",\"itemListElement\":[{\"@type\":\"ListItem\",\"position\":1,\"name\":\"Portada\",\"item\":\"https:\/\/venfilter.es\/pt-pt\/\"},{\"@type\":\"ListItem\",\"position\":2,\"name\":\"Tienda\",\"item\":\"https:\/\/venfilter.es\/tienda\/\"},{\"@type\":\"ListItem\",\"position\":3,\"name\":\"Poliven\"}]},{\"@type\":\"WebSite\",\"@id\":\"https:\/\/venfilter.es\/pt-pt\/#website\",\"url\":\"https:\/\/venfilter.es\/pt-pt\/\",\"name\":\"Venfilter\",\"description\":\"Filtros de aire y ventilaci\u00f3n industrial\",\"potentialAction\":[{\"@type\":\"SearchAction\",\"target\":{\"@type\":\"EntryPoint\",\"urlTemplate\":\"https:\/\/venfilter.es\/pt-pt\/?s={search_term_string}\"},\"query-input\":{\"@type\":\"PropertyValueSpecification\",\"valueRequired\":true,\"valueName\":\"search_term_string\"}}],\"inLanguage\":\"pt-PT\"}]}<\/script>\n<!-- \/ Yoast SEO plugin. -->","yoast_head_json":{"title":"Poliven - Venfilter","description":"Filtros de painel de estrutura de a\u00e7o galvanizado para unidades de tratamento de ar (condicionadores aut\u00f3nomos, unidades de climatiza\u00e7\u00e3o e ventila\u00e7\u00e3o),","robots":{"index":"index","follow":"follow","max-snippet":"max-snippet:-1","max-image-preview":"max-image-preview:large","max-video-preview":"max-video-preview:-1"},"canonical":"https:\/\/venfilter.es\/pt-pt\/products\/poliven\/","og_locale":"pt_PT","og_type":"article","og_title":"Poliven - Venfilter","og_description":"Filtros de painel de estrutura de a\u00e7o galvanizado para unidades de tratamento de ar (condicionadores aut\u00f3nomos, unidades de climatiza\u00e7\u00e3o e ventila\u00e7\u00e3o),","og_url":"https:\/\/venfilter.es\/pt-pt\/products\/poliven\/","og_site_name":"Venfilter","article_modified_time":"2024-07-29T12:00:06+00:00","og_image":[{"width":800,"height":800,"url":"https:\/\/venfilter.es\/wp-content\/uploads\/poliven.jpg","type":"image\/jpeg"}],"twitter_card":"summary_large_image","twitter_misc":{"Tempo estimado de leitura":"1 minuto"},"schema":{"@context":"https:\/\/schema.org","@graph":[{"@type":"WebPage","@id":"https:\/\/venfilter.es\/pt-pt\/products\/poliven\/","url":"https:\/\/venfilter.es\/pt-pt\/products\/poliven\/","name":"Poliven - Venfilter","isPartOf":{"@id":"https:\/\/venfilter.es\/pt-pt\/#website"},"primaryImageOfPage":{"@id":"https:\/\/venfilter.es\/pt-pt\/products\/poliven\/#primaryimage"},"image":{"@id":"https:\/\/venfilter.es\/pt-pt\/products\/poliven\/#primaryimage"},"thumbnailUrl":"https:\/\/venfilter.es\/wp-content\/uploads\/poliven.jpg","datePublished":"2023-03-02T09:10:40+00:00","dateModified":"2024-07-29T12:00:06+00:00","description":"Filtros de painel de estrutura de a\u00e7o galvanizado para unidades de tratamento de ar (condicionadores aut\u00f3nomos, unidades de climatiza\u00e7\u00e3o e ventila\u00e7\u00e3o),","breadcrumb":{"@id":"https:\/\/venfilter.es\/pt-pt\/products\/poliven\/#breadcrumb"},"inLanguage":"pt-PT","potentialAction":[{"@type":"ReadAction","target":["https:\/\/venfilter.es\/pt-pt\/products\/poliven\/"]}]},{"@type":"ImageObject","inLanguage":"pt-PT","@id":"https:\/\/venfilter.es\/pt-pt\/products\/poliven\/#primaryimage","url":"https:\/\/venfilter.es\/wp-content\/uploads\/poliven.jpg","contentUrl":"https:\/\/venfilter.es\/wp-content\/uploads\/poliven.jpg","width":800,"height":800},{"@type":"BreadcrumbList","@id":"https:\/\/venfilter.es\/pt-pt\/products\/poliven\/#breadcrumb","itemListElement":[{"@type":"ListItem","position":1,"name":"Portada","item":"https:\/\/venfilter.es\/pt-pt\/"},{"@type":"ListItem","position":2,"name":"Tienda","item":"https:\/\/venfilter.es\/tienda\/"},{"@type":"ListItem","position":3,"name":"Poliven"}]},{"@type":"WebSite","@id":"https:\/\/venfilter.es\/pt-pt\/#website","url":"https:\/\/venfilter.es\/pt-pt\/","name":"Venfilter","description":"Filtros de aire y ventilaci\u00f3n industrial","potentialAction":[{"@type":"SearchAction","target":{"@type":"EntryPoint","urlTemplate":"https:\/\/venfilter.es\/pt-pt\/?s={search_term_string}"},"query-input":{"@type":"PropertyValueSpecification","valueRequired":true,"valueName":"search_term_string"}}],"inLanguage":"pt-PT"}]}},"_links":{"self":[{"href":"https:\/\/venfilter.es\/pt-pt\/wp-json\/wp\/v2\/product\/40876","targetHints":{"allow":["GET"]}}],"collection":[{"href":"https:\/\/venfilter.es\/pt-pt\/wp-json\/wp\/v2\/product"}],"about":[{"href":"https:\/\/venfilter.es\/pt-pt\/wp-json\/wp\/v2\/types\/product"}],"replies":[{"embeddable":true,"href":"https:\/\/venfilter.es\/pt-pt\/wp-json\/wp\/v2\/comments?post=40876"}],"wp:featuredmedia":[{"embeddable":true,"href":"https:\/\/venfilter.es\/pt-pt\/wp-json\/wp\/v2\/media\/35822"}],"wp:attachment":[{"href":"https:\/\/venfilter.es\/pt-pt\/wp-json\/wp\/v2\/media?parent=40876"}],"wp:term":[{"taxonomy":"product_brand","embeddable":true,"href":"https:\/\/venfilter.es\/pt-pt\/wp-json\/wp\/v2\/product_brand?post=40876"},{"taxonomy":"product_cat","embeddable":true,"href":"https:\/\/venfilter.es\/pt-pt\/wp-json\/wp\/v2\/product_cat?post=40876"},{"taxonomy":"product_tag","embeddable":true,"href":"https:\/\/venfilter.es\/pt-pt\/wp-json\/wp\/v2\/product_tag?post=40876"},{"taxonomy":"certificado","embeddable":true,"href":"https:\/\/venfilter.es\/pt-pt\/wp-json\/wp\/v2\/certificado?post=40876"}],"curies":[{"name":"wp","href":"https:\/\/api.w.org\/{rel}","templated":true}]}}