{"id":40879,"date":"2022-04-04T15:06:29","date_gmt":"2022-04-04T14:06:29","guid":{"rendered":"https:\/\/venfilter.es\/product\/astroven-mdf-atex\/"},"modified":"2024-06-10T11:10:54","modified_gmt":"2024-06-10T10:10:54","slug":"astroven-mdf-atex","status":"publish","type":"product","link":"https:\/\/venfilter.es\/pt-pt\/products\/astroven-mdf-atex\/","title":{"rendered":"Astroven (MDF) ATEX"},"content":{"rendered":"<p>O Astroven ATEX \u00e9 um filtro Hepa ideal para filtrar part\u00edculas no ar, como v\u00edrus, germes, poeiras t\u00f3xicas ou aeross\u00f3is. Para aplica\u00e7\u00f5es em sistemas especiais de ar condicionado e ventila\u00e7\u00e3o de ind\u00fastrias alimentares, qu\u00edmicas, farmac\u00eauticas, etc., que t\u00eam de cumprir os exigentes requisitos de atmosferas explosivas. Em \u00e1reas com atmosferas potencialmente explosivas (\u00e1reas que em condi\u00e7\u00f5es atmosf\u00e9ricas s\u00e3o uma mistura de ar e subst\u00e2ncias perigosas sob a forma de gases, vapores, n\u00e9voas ou poeiras e nas quais, ap\u00f3s a igni\u00e7\u00e3o, a combust\u00e3o se espalha a toda a mistura n\u00e3o queimada) os filtros s\u00e3o condutores el\u00e9tricos, preparados com um cabo de liga\u00e7\u00e3o para descarga eletrost\u00e1tica, e cumprem a diretiva europeia ATEX, relativa a produtos utilizados em atmosferas explosivas<\/p>\n","protected":false},"excerpt":{"rendered":"<p>O Astroven ATEX \u00e9 um filtro Hepa ideal para filtrar part\u00edculas no ar, como v\u00edrus, germes, poeiras t\u00f3xicas ou aeross\u00f3is. Para aplica\u00e7\u00f5es em sistemas especiais de ar condicionado e ventila\u00e7\u00e3o de ind\u00fastrias alimentares, qu\u00edmicas, farmac\u00eauticas, etc., que t\u00eam de cumprir os exigentes requisitos de atmosferas explosivas. Em \u00e1reas com atmosferas potencialmente explosivas (\u00e1reas que em [&hellip;]<\/p>\n","protected":false},"featured_media":35828,"comment_status":"closed","ping_status":"closed","template":"","meta":{"_acf_changed":false},"product_brand":[],"product_cat":[4760],"product_tag":[],"certificado":[4305,4373],"class_list":{"0":"post-40879","1":"product","2":"type-product","3":"status-publish","4":"has-post-thumbnail","6":"product_cat-absolutos-atex","7":"certificado-certified_en1822","8":"certificado-atex","10":"first","11":"instock","12":"product-type-variable"},"acf":[],"yoast_head":"<!-- This site is optimized with the Yoast SEO plugin v26.6 - https:\/\/yoast.com\/wordpress\/plugins\/seo\/ -->\n<title>Astroven (MDF) ATEX - Venfilter<\/title>\n<meta name=\"description\" content=\"O Astroven ATEX \u00e9 um filtro Hepa ideal para filtrar part\u00edculas no ar, como v\u00edrus, germes, poeiras t\u00f3xicas ou aeross\u00f3is. Para aplica\u00e7\u00f5es em sistemas\" \/>\n<meta name=\"robots\" content=\"index, follow, max-snippet:-1, max-image-preview:large, max-video-preview:-1\" \/>\n<link rel=\"canonical\" href=\"https:\/\/venfilter.es\/pt-pt\/products\/astroven-mdf-atex\/\" \/>\n<meta property=\"og:locale\" content=\"pt_PT\" \/>\n<meta property=\"og:type\" content=\"article\" \/>\n<meta property=\"og:title\" content=\"Astroven (MDF) ATEX - Venfilter\" \/>\n<meta property=\"og:description\" content=\"O Astroven ATEX \u00e9 um filtro Hepa ideal para filtrar part\u00edculas no ar, como v\u00edrus, germes, poeiras t\u00f3xicas ou aeross\u00f3is. Para aplica\u00e7\u00f5es em sistemas\" \/>\n<meta property=\"og:url\" content=\"https:\/\/venfilter.es\/pt-pt\/products\/astroven-mdf-atex\/\" \/>\n<meta property=\"og:site_name\" content=\"Venfilter\" \/>\n<meta property=\"article:modified_time\" content=\"2024-06-10T10:10:54+00:00\" \/>\n<meta property=\"og:image\" content=\"https:\/\/venfilter.es\/wp-content\/uploads\/img_7372-rotated.jpg\" \/>\n\t<meta property=\"og:image:width\" content=\"800\" \/>\n\t<meta property=\"og:image:height\" content=\"800\" \/>\n\t<meta property=\"og:image:type\" content=\"image\/jpeg\" \/>\n<meta name=\"twitter:card\" content=\"summary_large_image\" \/>\n<meta name=\"twitter:label1\" content=\"Tempo estimado de leitura\" \/>\n\t<meta name=\"twitter:data1\" content=\"1 minuto\" \/>\n<script type=\"application\/ld+json\" class=\"yoast-schema-graph\">{\"@context\":\"https:\/\/schema.org\",\"@graph\":[{\"@type\":\"WebPage\",\"@id\":\"https:\/\/venfilter.es\/pt-pt\/products\/astroven-mdf-atex\/\",\"url\":\"https:\/\/venfilter.es\/pt-pt\/products\/astroven-mdf-atex\/\",\"name\":\"Astroven (MDF) ATEX - Venfilter\",\"isPartOf\":{\"@id\":\"https:\/\/venfilter.es\/pt-pt\/#website\"},\"primaryImageOfPage\":{\"@id\":\"https:\/\/venfilter.es\/pt-pt\/products\/astroven-mdf-atex\/#primaryimage\"},\"image\":{\"@id\":\"https:\/\/venfilter.es\/pt-pt\/products\/astroven-mdf-atex\/#primaryimage\"},\"thumbnailUrl\":\"https:\/\/venfilter.es\/wp-content\/uploads\/img_7372-rotated.jpg\",\"datePublished\":\"2022-04-04T14:06:29+00:00\",\"dateModified\":\"2024-06-10T10:10:54+00:00\",\"description\":\"O Astroven ATEX \u00e9 um filtro Hepa ideal para filtrar part\u00edculas no ar, como v\u00edrus, germes, poeiras t\u00f3xicas ou aeross\u00f3is. Para aplica\u00e7\u00f5es em sistemas\",\"breadcrumb\":{\"@id\":\"https:\/\/venfilter.es\/pt-pt\/products\/astroven-mdf-atex\/#breadcrumb\"},\"inLanguage\":\"pt-PT\",\"potentialAction\":[{\"@type\":\"ReadAction\",\"target\":[\"https:\/\/venfilter.es\/pt-pt\/products\/astroven-mdf-atex\/\"]}]},{\"@type\":\"ImageObject\",\"inLanguage\":\"pt-PT\",\"@id\":\"https:\/\/venfilter.es\/pt-pt\/products\/astroven-mdf-atex\/#primaryimage\",\"url\":\"https:\/\/venfilter.es\/wp-content\/uploads\/img_7372-rotated.jpg\",\"contentUrl\":\"https:\/\/venfilter.es\/wp-content\/uploads\/img_7372-rotated.jpg\",\"width\":800,\"height\":800,\"caption\":\"ASTROVEN MDF ATEX\"},{\"@type\":\"BreadcrumbList\",\"@id\":\"https:\/\/venfilter.es\/pt-pt\/products\/astroven-mdf-atex\/#breadcrumb\",\"itemListElement\":[{\"@type\":\"ListItem\",\"position\":1,\"name\":\"Portada\",\"item\":\"https:\/\/venfilter.es\/pt-pt\/\"},{\"@type\":\"ListItem\",\"position\":2,\"name\":\"Tienda\",\"item\":\"https:\/\/venfilter.es\/tienda\/\"},{\"@type\":\"ListItem\",\"position\":3,\"name\":\"Astroven (MDF) ATEX\"}]},{\"@type\":\"WebSite\",\"@id\":\"https:\/\/venfilter.es\/pt-pt\/#website\",\"url\":\"https:\/\/venfilter.es\/pt-pt\/\",\"name\":\"Venfilter\",\"description\":\"Filtros de aire y ventilaci\u00f3n industrial\",\"potentialAction\":[{\"@type\":\"SearchAction\",\"target\":{\"@type\":\"EntryPoint\",\"urlTemplate\":\"https:\/\/venfilter.es\/pt-pt\/?s={search_term_string}\"},\"query-input\":{\"@type\":\"PropertyValueSpecification\",\"valueRequired\":true,\"valueName\":\"search_term_string\"}}],\"inLanguage\":\"pt-PT\"}]}<\/script>\n<!-- \/ Yoast SEO plugin. -->","yoast_head_json":{"title":"Astroven (MDF) ATEX - Venfilter","description":"O Astroven ATEX \u00e9 um filtro Hepa ideal para filtrar part\u00edculas no ar, como v\u00edrus, germes, poeiras t\u00f3xicas ou aeross\u00f3is. Para aplica\u00e7\u00f5es em sistemas","robots":{"index":"index","follow":"follow","max-snippet":"max-snippet:-1","max-image-preview":"max-image-preview:large","max-video-preview":"max-video-preview:-1"},"canonical":"https:\/\/venfilter.es\/pt-pt\/products\/astroven-mdf-atex\/","og_locale":"pt_PT","og_type":"article","og_title":"Astroven (MDF) ATEX - Venfilter","og_description":"O Astroven ATEX \u00e9 um filtro Hepa ideal para filtrar part\u00edculas no ar, como v\u00edrus, germes, poeiras t\u00f3xicas ou aeross\u00f3is. Para aplica\u00e7\u00f5es em sistemas","og_url":"https:\/\/venfilter.es\/pt-pt\/products\/astroven-mdf-atex\/","og_site_name":"Venfilter","article_modified_time":"2024-06-10T10:10:54+00:00","og_image":[{"width":800,"height":800,"url":"https:\/\/venfilter.es\/wp-content\/uploads\/img_7372-rotated.jpg","type":"image\/jpeg"}],"twitter_card":"summary_large_image","twitter_misc":{"Tempo estimado de leitura":"1 minuto"},"schema":{"@context":"https:\/\/schema.org","@graph":[{"@type":"WebPage","@id":"https:\/\/venfilter.es\/pt-pt\/products\/astroven-mdf-atex\/","url":"https:\/\/venfilter.es\/pt-pt\/products\/astroven-mdf-atex\/","name":"Astroven (MDF) ATEX - Venfilter","isPartOf":{"@id":"https:\/\/venfilter.es\/pt-pt\/#website"},"primaryImageOfPage":{"@id":"https:\/\/venfilter.es\/pt-pt\/products\/astroven-mdf-atex\/#primaryimage"},"image":{"@id":"https:\/\/venfilter.es\/pt-pt\/products\/astroven-mdf-atex\/#primaryimage"},"thumbnailUrl":"https:\/\/venfilter.es\/wp-content\/uploads\/img_7372-rotated.jpg","datePublished":"2022-04-04T14:06:29+00:00","dateModified":"2024-06-10T10:10:54+00:00","description":"O Astroven ATEX \u00e9 um filtro Hepa ideal para filtrar part\u00edculas no ar, como v\u00edrus, germes, poeiras t\u00f3xicas ou aeross\u00f3is. Para aplica\u00e7\u00f5es em sistemas","breadcrumb":{"@id":"https:\/\/venfilter.es\/pt-pt\/products\/astroven-mdf-atex\/#breadcrumb"},"inLanguage":"pt-PT","potentialAction":[{"@type":"ReadAction","target":["https:\/\/venfilter.es\/pt-pt\/products\/astroven-mdf-atex\/"]}]},{"@type":"ImageObject","inLanguage":"pt-PT","@id":"https:\/\/venfilter.es\/pt-pt\/products\/astroven-mdf-atex\/#primaryimage","url":"https:\/\/venfilter.es\/wp-content\/uploads\/img_7372-rotated.jpg","contentUrl":"https:\/\/venfilter.es\/wp-content\/uploads\/img_7372-rotated.jpg","width":800,"height":800,"caption":"ASTROVEN MDF ATEX"},{"@type":"BreadcrumbList","@id":"https:\/\/venfilter.es\/pt-pt\/products\/astroven-mdf-atex\/#breadcrumb","itemListElement":[{"@type":"ListItem","position":1,"name":"Portada","item":"https:\/\/venfilter.es\/pt-pt\/"},{"@type":"ListItem","position":2,"name":"Tienda","item":"https:\/\/venfilter.es\/tienda\/"},{"@type":"ListItem","position":3,"name":"Astroven (MDF) ATEX"}]},{"@type":"WebSite","@id":"https:\/\/venfilter.es\/pt-pt\/#website","url":"https:\/\/venfilter.es\/pt-pt\/","name":"Venfilter","description":"Filtros de aire y ventilaci\u00f3n industrial","potentialAction":[{"@type":"SearchAction","target":{"@type":"EntryPoint","urlTemplate":"https:\/\/venfilter.es\/pt-pt\/?s={search_term_string}"},"query-input":{"@type":"PropertyValueSpecification","valueRequired":true,"valueName":"search_term_string"}}],"inLanguage":"pt-PT"}]}},"_links":{"self":[{"href":"https:\/\/venfilter.es\/pt-pt\/wp-json\/wp\/v2\/product\/40879","targetHints":{"allow":["GET"]}}],"collection":[{"href":"https:\/\/venfilter.es\/pt-pt\/wp-json\/wp\/v2\/product"}],"about":[{"href":"https:\/\/venfilter.es\/pt-pt\/wp-json\/wp\/v2\/types\/product"}],"replies":[{"embeddable":true,"href":"https:\/\/venfilter.es\/pt-pt\/wp-json\/wp\/v2\/comments?post=40879"}],"wp:featuredmedia":[{"embeddable":true,"href":"https:\/\/venfilter.es\/pt-pt\/wp-json\/wp\/v2\/media\/35828"}],"wp:attachment":[{"href":"https:\/\/venfilter.es\/pt-pt\/wp-json\/wp\/v2\/media?parent=40879"}],"wp:term":[{"taxonomy":"product_brand","embeddable":true,"href":"https:\/\/venfilter.es\/pt-pt\/wp-json\/wp\/v2\/product_brand?post=40879"},{"taxonomy":"product_cat","embeddable":true,"href":"https:\/\/venfilter.es\/pt-pt\/wp-json\/wp\/v2\/product_cat?post=40879"},{"taxonomy":"product_tag","embeddable":true,"href":"https:\/\/venfilter.es\/pt-pt\/wp-json\/wp\/v2\/product_tag?post=40879"},{"taxonomy":"certificado","embeddable":true,"href":"https:\/\/venfilter.es\/pt-pt\/wp-json\/wp\/v2\/certificado?post=40879"}],"curies":[{"name":"wp","href":"https:\/\/api.w.org\/{rel}","templated":true}]}}