{"id":40881,"date":"2022-04-04T15:06:29","date_gmt":"2022-04-04T14:06:29","guid":{"rendered":"https:\/\/venfilter.es\/product\/multiven-hepa\/"},"modified":"2025-01-27T13:02:44","modified_gmt":"2025-01-27T12:02:44","slug":"multiven-hepa","status":"publish","type":"product","link":"https:\/\/venfilter.es\/pt-pt\/products\/multiven-hepa\/","title":{"rendered":"Multiven Hepa"},"content":{"rendered":"<p>Entrada, sa\u00edda e recircula\u00e7\u00e3o em sistemas de ventila\u00e7\u00e3o que requerem seguran\u00e7a elevada.<br \/>\nEm equipamentos de ar condicionado (climatizadores, caixas de ventila\u00e7\u00e3o, etc.), sistemas de condicionamento de ar (hospitais, laborat\u00f3rios, museus, aeroportos, etc.), processos industriais (ind. farmac\u00eautica, alimentar, \u00f3tica, microeletr\u00f3nica, veterin\u00e1ria, qu\u00edmica e tratamento de superf\u00edcies) e como pr\u00e9-filtro de Filtros HEPA e ULPA.<\/p>\n","protected":false},"excerpt":{"rendered":"<p>Entrada, sa\u00edda e recircula\u00e7\u00e3o em sistemas de ventila\u00e7\u00e3o que requerem seguran\u00e7a elevada. Em equipamentos de ar condicionado (climatizadores, caixas de ventila\u00e7\u00e3o, etc.), sistemas de condicionamento de ar (hospitais, laborat\u00f3rios, museus, aeroportos, etc.), processos industriais (ind. farmac\u00eautica, alimentar, \u00f3tica, microeletr\u00f3nica, veterin\u00e1ria, qu\u00edmica e tratamento de superf\u00edcies) e como pr\u00e9-filtro de Filtros HEPA e ULPA.<\/p>\n","protected":false},"featured_media":47433,"comment_status":"closed","ping_status":"closed","template":"","meta":{"_acf_changed":false},"product_brand":[],"product_cat":[4710],"product_tag":[],"certificado":[4305],"class_list":{"0":"post-40881","1":"product","2":"type-product","3":"status-publish","4":"has-post-thumbnail","6":"product_cat-absolutos-2","7":"certificado-certified_en1822","9":"first","10":"instock","11":"product-type-variable"},"acf":[],"yoast_head":"<!-- This site is optimized with the Yoast SEO plugin v26.6 - https:\/\/yoast.com\/wordpress\/plugins\/seo\/ -->\n<title>Multiven Hepa - Venfilter<\/title>\n<meta name=\"description\" content=\"Entrada, sa\u00edda e recircula\u00e7\u00e3o em sistemas de ventila\u00e7\u00e3o que requerem seguran\u00e7a elevada. Em equipamentos de ar condicionado (climatizadores, caixas de\" \/>\n<meta name=\"robots\" content=\"index, follow, max-snippet:-1, max-image-preview:large, max-video-preview:-1\" \/>\n<link rel=\"canonical\" href=\"https:\/\/venfilter.es\/pt-pt\/products\/multiven-hepa\/\" \/>\n<meta property=\"og:locale\" content=\"pt_PT\" \/>\n<meta property=\"og:type\" content=\"article\" \/>\n<meta property=\"og:title\" content=\"Multiven Hepa - Venfilter\" \/>\n<meta property=\"og:description\" content=\"Entrada, sa\u00edda e recircula\u00e7\u00e3o em sistemas de ventila\u00e7\u00e3o que requerem seguran\u00e7a elevada. Em equipamentos de ar condicionado (climatizadores, caixas de\" \/>\n<meta property=\"og:url\" content=\"https:\/\/venfilter.es\/pt-pt\/products\/multiven-hepa\/\" \/>\n<meta property=\"og:site_name\" content=\"Venfilter\" \/>\n<meta property=\"article:modified_time\" content=\"2025-01-27T12:02:44+00:00\" \/>\n<meta property=\"og:image\" content=\"https:\/\/venfilter.es\/wp-content\/uploads\/Venfilter_equipos9.jpg\" \/>\n\t<meta property=\"og:image:width\" content=\"1920\" \/>\n\t<meta property=\"og:image:height\" content=\"1920\" \/>\n\t<meta property=\"og:image:type\" content=\"image\/jpeg\" \/>\n<meta name=\"twitter:card\" content=\"summary_large_image\" \/>\n<meta name=\"twitter:label1\" content=\"Tempo estimado de leitura\" \/>\n\t<meta name=\"twitter:data1\" content=\"1 minuto\" \/>\n<script type=\"application\/ld+json\" class=\"yoast-schema-graph\">{\"@context\":\"https:\/\/schema.org\",\"@graph\":[{\"@type\":\"WebPage\",\"@id\":\"https:\/\/venfilter.es\/pt-pt\/products\/multiven-hepa\/\",\"url\":\"https:\/\/venfilter.es\/pt-pt\/products\/multiven-hepa\/\",\"name\":\"Multiven Hepa - Venfilter\",\"isPartOf\":{\"@id\":\"https:\/\/venfilter.es\/pt-pt\/#website\"},\"primaryImageOfPage\":{\"@id\":\"https:\/\/venfilter.es\/pt-pt\/products\/multiven-hepa\/#primaryimage\"},\"image\":{\"@id\":\"https:\/\/venfilter.es\/pt-pt\/products\/multiven-hepa\/#primaryimage\"},\"thumbnailUrl\":\"https:\/\/venfilter.es\/wp-content\/uploads\/Venfilter_equipos9.jpg\",\"datePublished\":\"2022-04-04T14:06:29+00:00\",\"dateModified\":\"2025-01-27T12:02:44+00:00\",\"description\":\"Entrada, sa\u00edda e recircula\u00e7\u00e3o em sistemas de ventila\u00e7\u00e3o que requerem seguran\u00e7a elevada. Em equipamentos de ar condicionado (climatizadores, caixas de\",\"breadcrumb\":{\"@id\":\"https:\/\/venfilter.es\/pt-pt\/products\/multiven-hepa\/#breadcrumb\"},\"inLanguage\":\"pt-PT\",\"potentialAction\":[{\"@type\":\"ReadAction\",\"target\":[\"https:\/\/venfilter.es\/pt-pt\/products\/multiven-hepa\/\"]}]},{\"@type\":\"ImageObject\",\"inLanguage\":\"pt-PT\",\"@id\":\"https:\/\/venfilter.es\/pt-pt\/products\/multiven-hepa\/#primaryimage\",\"url\":\"https:\/\/venfilter.es\/wp-content\/uploads\/Venfilter_equipos9.jpg\",\"contentUrl\":\"https:\/\/venfilter.es\/wp-content\/uploads\/Venfilter_equipos9.jpg\",\"width\":1920,\"height\":1920},{\"@type\":\"BreadcrumbList\",\"@id\":\"https:\/\/venfilter.es\/pt-pt\/products\/multiven-hepa\/#breadcrumb\",\"itemListElement\":[{\"@type\":\"ListItem\",\"position\":1,\"name\":\"Portada\",\"item\":\"https:\/\/venfilter.es\/pt-pt\/\"},{\"@type\":\"ListItem\",\"position\":2,\"name\":\"Tienda\",\"item\":\"https:\/\/venfilter.es\/tienda\/\"},{\"@type\":\"ListItem\",\"position\":3,\"name\":\"Multiven Hepa\"}]},{\"@type\":\"WebSite\",\"@id\":\"https:\/\/venfilter.es\/pt-pt\/#website\",\"url\":\"https:\/\/venfilter.es\/pt-pt\/\",\"name\":\"Venfilter\",\"description\":\"Filtros de aire y ventilaci\u00f3n industrial\",\"potentialAction\":[{\"@type\":\"SearchAction\",\"target\":{\"@type\":\"EntryPoint\",\"urlTemplate\":\"https:\/\/venfilter.es\/pt-pt\/?s={search_term_string}\"},\"query-input\":{\"@type\":\"PropertyValueSpecification\",\"valueRequired\":true,\"valueName\":\"search_term_string\"}}],\"inLanguage\":\"pt-PT\"}]}<\/script>\n<!-- \/ Yoast SEO plugin. -->","yoast_head_json":{"title":"Multiven Hepa - Venfilter","description":"Entrada, sa\u00edda e recircula\u00e7\u00e3o em sistemas de ventila\u00e7\u00e3o que requerem seguran\u00e7a elevada. Em equipamentos de ar condicionado (climatizadores, caixas de","robots":{"index":"index","follow":"follow","max-snippet":"max-snippet:-1","max-image-preview":"max-image-preview:large","max-video-preview":"max-video-preview:-1"},"canonical":"https:\/\/venfilter.es\/pt-pt\/products\/multiven-hepa\/","og_locale":"pt_PT","og_type":"article","og_title":"Multiven Hepa - Venfilter","og_description":"Entrada, sa\u00edda e recircula\u00e7\u00e3o em sistemas de ventila\u00e7\u00e3o que requerem seguran\u00e7a elevada. Em equipamentos de ar condicionado (climatizadores, caixas de","og_url":"https:\/\/venfilter.es\/pt-pt\/products\/multiven-hepa\/","og_site_name":"Venfilter","article_modified_time":"2025-01-27T12:02:44+00:00","og_image":[{"width":1920,"height":1920,"url":"https:\/\/venfilter.es\/wp-content\/uploads\/Venfilter_equipos9.jpg","type":"image\/jpeg"}],"twitter_card":"summary_large_image","twitter_misc":{"Tempo estimado de leitura":"1 minuto"},"schema":{"@context":"https:\/\/schema.org","@graph":[{"@type":"WebPage","@id":"https:\/\/venfilter.es\/pt-pt\/products\/multiven-hepa\/","url":"https:\/\/venfilter.es\/pt-pt\/products\/multiven-hepa\/","name":"Multiven Hepa - Venfilter","isPartOf":{"@id":"https:\/\/venfilter.es\/pt-pt\/#website"},"primaryImageOfPage":{"@id":"https:\/\/venfilter.es\/pt-pt\/products\/multiven-hepa\/#primaryimage"},"image":{"@id":"https:\/\/venfilter.es\/pt-pt\/products\/multiven-hepa\/#primaryimage"},"thumbnailUrl":"https:\/\/venfilter.es\/wp-content\/uploads\/Venfilter_equipos9.jpg","datePublished":"2022-04-04T14:06:29+00:00","dateModified":"2025-01-27T12:02:44+00:00","description":"Entrada, sa\u00edda e recircula\u00e7\u00e3o em sistemas de ventila\u00e7\u00e3o que requerem seguran\u00e7a elevada. Em equipamentos de ar condicionado (climatizadores, caixas de","breadcrumb":{"@id":"https:\/\/venfilter.es\/pt-pt\/products\/multiven-hepa\/#breadcrumb"},"inLanguage":"pt-PT","potentialAction":[{"@type":"ReadAction","target":["https:\/\/venfilter.es\/pt-pt\/products\/multiven-hepa\/"]}]},{"@type":"ImageObject","inLanguage":"pt-PT","@id":"https:\/\/venfilter.es\/pt-pt\/products\/multiven-hepa\/#primaryimage","url":"https:\/\/venfilter.es\/wp-content\/uploads\/Venfilter_equipos9.jpg","contentUrl":"https:\/\/venfilter.es\/wp-content\/uploads\/Venfilter_equipos9.jpg","width":1920,"height":1920},{"@type":"BreadcrumbList","@id":"https:\/\/venfilter.es\/pt-pt\/products\/multiven-hepa\/#breadcrumb","itemListElement":[{"@type":"ListItem","position":1,"name":"Portada","item":"https:\/\/venfilter.es\/pt-pt\/"},{"@type":"ListItem","position":2,"name":"Tienda","item":"https:\/\/venfilter.es\/tienda\/"},{"@type":"ListItem","position":3,"name":"Multiven Hepa"}]},{"@type":"WebSite","@id":"https:\/\/venfilter.es\/pt-pt\/#website","url":"https:\/\/venfilter.es\/pt-pt\/","name":"Venfilter","description":"Filtros de aire y ventilaci\u00f3n industrial","potentialAction":[{"@type":"SearchAction","target":{"@type":"EntryPoint","urlTemplate":"https:\/\/venfilter.es\/pt-pt\/?s={search_term_string}"},"query-input":{"@type":"PropertyValueSpecification","valueRequired":true,"valueName":"search_term_string"}}],"inLanguage":"pt-PT"}]}},"_links":{"self":[{"href":"https:\/\/venfilter.es\/pt-pt\/wp-json\/wp\/v2\/product\/40881","targetHints":{"allow":["GET"]}}],"collection":[{"href":"https:\/\/venfilter.es\/pt-pt\/wp-json\/wp\/v2\/product"}],"about":[{"href":"https:\/\/venfilter.es\/pt-pt\/wp-json\/wp\/v2\/types\/product"}],"replies":[{"embeddable":true,"href":"https:\/\/venfilter.es\/pt-pt\/wp-json\/wp\/v2\/comments?post=40881"}],"wp:featuredmedia":[{"embeddable":true,"href":"https:\/\/venfilter.es\/pt-pt\/wp-json\/wp\/v2\/media\/47433"}],"wp:attachment":[{"href":"https:\/\/venfilter.es\/pt-pt\/wp-json\/wp\/v2\/media?parent=40881"}],"wp:term":[{"taxonomy":"product_brand","embeddable":true,"href":"https:\/\/venfilter.es\/pt-pt\/wp-json\/wp\/v2\/product_brand?post=40881"},{"taxonomy":"product_cat","embeddable":true,"href":"https:\/\/venfilter.es\/pt-pt\/wp-json\/wp\/v2\/product_cat?post=40881"},{"taxonomy":"product_tag","embeddable":true,"href":"https:\/\/venfilter.es\/pt-pt\/wp-json\/wp\/v2\/product_tag?post=40881"},{"taxonomy":"certificado","embeddable":true,"href":"https:\/\/venfilter.es\/pt-pt\/wp-json\/wp\/v2\/certificado?post=40881"}],"curies":[{"name":"wp","href":"https:\/\/api.w.org\/{rel}","templated":true}]}}