{"id":40885,"date":"2022-04-04T15:06:29","date_gmt":"2022-04-04T14:06:29","guid":{"rendered":"https:\/\/venfilter.es\/product\/astroven-mdf\/"},"modified":"2024-06-07T13:14:21","modified_gmt":"2024-06-07T12:14:21","slug":"astroven-mdf","status":"publish","type":"product","link":"https:\/\/venfilter.es\/pt-pt\/products\/astroven-mdf\/","title":{"rendered":"Astroven (MDF)"},"content":{"rendered":"<p>Filtros absolutos HEPA com estrutura de madeira MDF que se utilizam para uma filtragem de ar de entrada, sa\u00edda e recircula\u00e7\u00e3o em sistemas de ventila\u00e7\u00e3o tais como: Entrada de ar (Salas limpas, Blocos Operat\u00f3rios, Laborat\u00f3rios, etc.), Processos Industriais (Ind\u00fastria Microeletr\u00f3nica, Alimentar, \u00d3tica, Farmac\u00eautica, Qu\u00edmica Fina, etc.), Tratamento de subst\u00e2ncias perigosas (Amianto, P\u00f3s Metal\u00fargicos, Bact\u00e9rias, V\u00edrus, Part\u00edculas Radioativas).<\/p>\n","protected":false},"excerpt":{"rendered":"<p>Filtros absolutos HEPA com estrutura de madeira MDF que se utilizam para uma filtragem de ar de entrada, sa\u00edda e recircula\u00e7\u00e3o em sistemas de ventila\u00e7\u00e3o tais como: Entrada de ar (Salas limpas, Blocos Operat\u00f3rios, Laborat\u00f3rios, etc.), Processos Industriais (Ind\u00fastria Microeletr\u00f3nica, Alimentar, \u00d3tica, Farmac\u00eautica, Qu\u00edmica Fina, etc.), Tratamento de subst\u00e2ncias perigosas (Amianto, P\u00f3s Metal\u00fargicos, Bact\u00e9rias, V\u00edrus, [&hellip;]<\/p>\n","protected":false},"featured_media":35840,"comment_status":"closed","ping_status":"closed","template":"","meta":{"_acf_changed":false},"product_brand":[],"product_cat":[4711],"product_tag":[],"certificado":[4305],"class_list":{"0":"post-40885","1":"product","2":"type-product","3":"status-publish","4":"has-post-thumbnail","6":"product_cat-absolutos","7":"certificado-certified_en1822","9":"first","10":"instock","11":"product-type-variable"},"acf":[],"yoast_head":"<!-- This site is optimized with the Yoast SEO plugin v26.6 - https:\/\/yoast.com\/wordpress\/plugins\/seo\/ -->\n<title>Astroven (MDF) - Venfilter<\/title>\n<meta name=\"description\" content=\"Filtros absolutos HEPA com estrutura de madeira MDF que se utilizam para uma filtragem de ar de entrada, sa\u00edda e recircula\u00e7\u00e3o em sistemas de ventila\u00e7\u00e3o\" \/>\n<meta name=\"robots\" content=\"index, follow, max-snippet:-1, max-image-preview:large, max-video-preview:-1\" \/>\n<link rel=\"canonical\" href=\"https:\/\/venfilter.es\/pt-pt\/products\/astroven-mdf\/\" \/>\n<meta property=\"og:locale\" content=\"pt_PT\" \/>\n<meta property=\"og:type\" content=\"article\" \/>\n<meta property=\"og:title\" content=\"Astroven (MDF) - Venfilter\" \/>\n<meta property=\"og:description\" content=\"Filtros absolutos HEPA com estrutura de madeira MDF que se utilizam para uma filtragem de ar de entrada, sa\u00edda e recircula\u00e7\u00e3o em sistemas de ventila\u00e7\u00e3o\" \/>\n<meta property=\"og:url\" content=\"https:\/\/venfilter.es\/pt-pt\/products\/astroven-mdf\/\" \/>\n<meta property=\"og:site_name\" content=\"Venfilter\" \/>\n<meta property=\"article:modified_time\" content=\"2024-06-07T12:14:21+00:00\" \/>\n<meta property=\"og:image\" content=\"https:\/\/venfilter.es\/wp-content\/uploads\/astrovenmdf.jpg\" \/>\n\t<meta property=\"og:image:width\" content=\"500\" \/>\n\t<meta property=\"og:image:height\" content=\"500\" \/>\n\t<meta property=\"og:image:type\" content=\"image\/jpeg\" \/>\n<meta name=\"twitter:card\" content=\"summary_large_image\" \/>\n<meta name=\"twitter:label1\" content=\"Tempo estimado de leitura\" \/>\n\t<meta name=\"twitter:data1\" content=\"1 minuto\" \/>\n<script type=\"application\/ld+json\" class=\"yoast-schema-graph\">{\"@context\":\"https:\/\/schema.org\",\"@graph\":[{\"@type\":\"WebPage\",\"@id\":\"https:\/\/venfilter.es\/pt-pt\/products\/astroven-mdf\/\",\"url\":\"https:\/\/venfilter.es\/pt-pt\/products\/astroven-mdf\/\",\"name\":\"Astroven (MDF) - Venfilter\",\"isPartOf\":{\"@id\":\"https:\/\/venfilter.es\/pt-pt\/#website\"},\"primaryImageOfPage\":{\"@id\":\"https:\/\/venfilter.es\/pt-pt\/products\/astroven-mdf\/#primaryimage\"},\"image\":{\"@id\":\"https:\/\/venfilter.es\/pt-pt\/products\/astroven-mdf\/#primaryimage\"},\"thumbnailUrl\":\"https:\/\/venfilter.es\/wp-content\/uploads\/astrovenmdf.jpg\",\"datePublished\":\"2022-04-04T14:06:29+00:00\",\"dateModified\":\"2024-06-07T12:14:21+00:00\",\"description\":\"Filtros absolutos HEPA com estrutura de madeira MDF que se utilizam para uma filtragem de ar de entrada, sa\u00edda e recircula\u00e7\u00e3o em sistemas de ventila\u00e7\u00e3o\",\"breadcrumb\":{\"@id\":\"https:\/\/venfilter.es\/pt-pt\/products\/astroven-mdf\/#breadcrumb\"},\"inLanguage\":\"pt-PT\",\"potentialAction\":[{\"@type\":\"ReadAction\",\"target\":[\"https:\/\/venfilter.es\/pt-pt\/products\/astroven-mdf\/\"]}]},{\"@type\":\"ImageObject\",\"inLanguage\":\"pt-PT\",\"@id\":\"https:\/\/venfilter.es\/pt-pt\/products\/astroven-mdf\/#primaryimage\",\"url\":\"https:\/\/venfilter.es\/wp-content\/uploads\/astrovenmdf.jpg\",\"contentUrl\":\"https:\/\/venfilter.es\/wp-content\/uploads\/astrovenmdf.jpg\",\"width\":500,\"height\":500},{\"@type\":\"BreadcrumbList\",\"@id\":\"https:\/\/venfilter.es\/pt-pt\/products\/astroven-mdf\/#breadcrumb\",\"itemListElement\":[{\"@type\":\"ListItem\",\"position\":1,\"name\":\"Portada\",\"item\":\"https:\/\/venfilter.es\/pt-pt\/\"},{\"@type\":\"ListItem\",\"position\":2,\"name\":\"Tienda\",\"item\":\"https:\/\/venfilter.es\/tienda\/\"},{\"@type\":\"ListItem\",\"position\":3,\"name\":\"Astroven (MDF)\"}]},{\"@type\":\"WebSite\",\"@id\":\"https:\/\/venfilter.es\/pt-pt\/#website\",\"url\":\"https:\/\/venfilter.es\/pt-pt\/\",\"name\":\"Venfilter\",\"description\":\"Filtros de aire y ventilaci\u00f3n industrial\",\"potentialAction\":[{\"@type\":\"SearchAction\",\"target\":{\"@type\":\"EntryPoint\",\"urlTemplate\":\"https:\/\/venfilter.es\/pt-pt\/?s={search_term_string}\"},\"query-input\":{\"@type\":\"PropertyValueSpecification\",\"valueRequired\":true,\"valueName\":\"search_term_string\"}}],\"inLanguage\":\"pt-PT\"}]}<\/script>\n<!-- \/ Yoast SEO plugin. -->","yoast_head_json":{"title":"Astroven (MDF) - Venfilter","description":"Filtros absolutos HEPA com estrutura de madeira MDF que se utilizam para uma filtragem de ar de entrada, sa\u00edda e recircula\u00e7\u00e3o em sistemas de ventila\u00e7\u00e3o","robots":{"index":"index","follow":"follow","max-snippet":"max-snippet:-1","max-image-preview":"max-image-preview:large","max-video-preview":"max-video-preview:-1"},"canonical":"https:\/\/venfilter.es\/pt-pt\/products\/astroven-mdf\/","og_locale":"pt_PT","og_type":"article","og_title":"Astroven (MDF) - Venfilter","og_description":"Filtros absolutos HEPA com estrutura de madeira MDF que se utilizam para uma filtragem de ar de entrada, sa\u00edda e recircula\u00e7\u00e3o em sistemas de ventila\u00e7\u00e3o","og_url":"https:\/\/venfilter.es\/pt-pt\/products\/astroven-mdf\/","og_site_name":"Venfilter","article_modified_time":"2024-06-07T12:14:21+00:00","og_image":[{"width":500,"height":500,"url":"https:\/\/venfilter.es\/wp-content\/uploads\/astrovenmdf.jpg","type":"image\/jpeg"}],"twitter_card":"summary_large_image","twitter_misc":{"Tempo estimado de leitura":"1 minuto"},"schema":{"@context":"https:\/\/schema.org","@graph":[{"@type":"WebPage","@id":"https:\/\/venfilter.es\/pt-pt\/products\/astroven-mdf\/","url":"https:\/\/venfilter.es\/pt-pt\/products\/astroven-mdf\/","name":"Astroven (MDF) - Venfilter","isPartOf":{"@id":"https:\/\/venfilter.es\/pt-pt\/#website"},"primaryImageOfPage":{"@id":"https:\/\/venfilter.es\/pt-pt\/products\/astroven-mdf\/#primaryimage"},"image":{"@id":"https:\/\/venfilter.es\/pt-pt\/products\/astroven-mdf\/#primaryimage"},"thumbnailUrl":"https:\/\/venfilter.es\/wp-content\/uploads\/astrovenmdf.jpg","datePublished":"2022-04-04T14:06:29+00:00","dateModified":"2024-06-07T12:14:21+00:00","description":"Filtros absolutos HEPA com estrutura de madeira MDF que se utilizam para uma filtragem de ar de entrada, sa\u00edda e recircula\u00e7\u00e3o em sistemas de ventila\u00e7\u00e3o","breadcrumb":{"@id":"https:\/\/venfilter.es\/pt-pt\/products\/astroven-mdf\/#breadcrumb"},"inLanguage":"pt-PT","potentialAction":[{"@type":"ReadAction","target":["https:\/\/venfilter.es\/pt-pt\/products\/astroven-mdf\/"]}]},{"@type":"ImageObject","inLanguage":"pt-PT","@id":"https:\/\/venfilter.es\/pt-pt\/products\/astroven-mdf\/#primaryimage","url":"https:\/\/venfilter.es\/wp-content\/uploads\/astrovenmdf.jpg","contentUrl":"https:\/\/venfilter.es\/wp-content\/uploads\/astrovenmdf.jpg","width":500,"height":500},{"@type":"BreadcrumbList","@id":"https:\/\/venfilter.es\/pt-pt\/products\/astroven-mdf\/#breadcrumb","itemListElement":[{"@type":"ListItem","position":1,"name":"Portada","item":"https:\/\/venfilter.es\/pt-pt\/"},{"@type":"ListItem","position":2,"name":"Tienda","item":"https:\/\/venfilter.es\/tienda\/"},{"@type":"ListItem","position":3,"name":"Astroven (MDF)"}]},{"@type":"WebSite","@id":"https:\/\/venfilter.es\/pt-pt\/#website","url":"https:\/\/venfilter.es\/pt-pt\/","name":"Venfilter","description":"Filtros de aire y ventilaci\u00f3n industrial","potentialAction":[{"@type":"SearchAction","target":{"@type":"EntryPoint","urlTemplate":"https:\/\/venfilter.es\/pt-pt\/?s={search_term_string}"},"query-input":{"@type":"PropertyValueSpecification","valueRequired":true,"valueName":"search_term_string"}}],"inLanguage":"pt-PT"}]}},"_links":{"self":[{"href":"https:\/\/venfilter.es\/pt-pt\/wp-json\/wp\/v2\/product\/40885","targetHints":{"allow":["GET"]}}],"collection":[{"href":"https:\/\/venfilter.es\/pt-pt\/wp-json\/wp\/v2\/product"}],"about":[{"href":"https:\/\/venfilter.es\/pt-pt\/wp-json\/wp\/v2\/types\/product"}],"replies":[{"embeddable":true,"href":"https:\/\/venfilter.es\/pt-pt\/wp-json\/wp\/v2\/comments?post=40885"}],"wp:featuredmedia":[{"embeddable":true,"href":"https:\/\/venfilter.es\/pt-pt\/wp-json\/wp\/v2\/media\/35840"}],"wp:attachment":[{"href":"https:\/\/venfilter.es\/pt-pt\/wp-json\/wp\/v2\/media?parent=40885"}],"wp:term":[{"taxonomy":"product_brand","embeddable":true,"href":"https:\/\/venfilter.es\/pt-pt\/wp-json\/wp\/v2\/product_brand?post=40885"},{"taxonomy":"product_cat","embeddable":true,"href":"https:\/\/venfilter.es\/pt-pt\/wp-json\/wp\/v2\/product_cat?post=40885"},{"taxonomy":"product_tag","embeddable":true,"href":"https:\/\/venfilter.es\/pt-pt\/wp-json\/wp\/v2\/product_tag?post=40885"},{"taxonomy":"certificado","embeddable":true,"href":"https:\/\/venfilter.es\/pt-pt\/wp-json\/wp\/v2\/certificado?post=40885"}],"curies":[{"name":"wp","href":"https:\/\/api.w.org\/{rel}","templated":true}]}}