{"id":40927,"date":"2022-04-04T15:06:54","date_gmt":"2022-04-04T14:06:54","guid":{"rendered":"https:\/\/venfilter.es\/product\/quebraven-metalico-carvao-impregnado\/"},"modified":"2023-06-29T18:38:18","modified_gmt":"2023-06-29T17:38:18","slug":"quebraven-metalico-carvao-impregnado","status":"publish","type":"product","link":"https:\/\/venfilter.es\/pt-pt\/products\/quebraven-metalico-carvao-impregnado\/","title":{"rendered":"Quebraven met\u00e1lico carv\u00e3o impregnado"},"content":{"rendered":"<p>Filtro de painel com estrutura met\u00e1lica e manta filtrante impregnada em carv\u00e3o ativado. Para a pr\u00e9-filtragem em sistemas centrais de tratamento, condicionado e ventila\u00e7\u00e3o de ar para a elimina\u00e7\u00e3o de poluentes gasosos:<\/p>\n","protected":false},"excerpt":{"rendered":"<p>Filtro de painel com estrutura met\u00e1lica e manta filtrante impregnada em carv\u00e3o ativado. Para a pr\u00e9-filtragem em sistemas centrais de tratamento, condicionado e ventila\u00e7\u00e3o de ar para a elimina\u00e7\u00e3o de poluentes gasosos:<\/p>\n","protected":false},"featured_media":35894,"comment_status":"closed","ping_status":"closed","template":"","meta":{"_acf_changed":false},"product_brand":[],"product_cat":[4729],"product_tag":[],"certificado":[],"class_list":{"0":"post-40927","1":"product","2":"type-product","3":"status-publish","4":"has-post-thumbnail","6":"product_cat-compactos-6","8":"first","9":"instock","10":"product-type-variable"},"acf":[],"yoast_head":"<!-- This site is optimized with the Yoast SEO plugin v27.4 - https:\/\/yoast.com\/product\/yoast-seo-wordpress\/ -->\n<title>Quebraven met\u00e1lico carv\u00e3o impregnado - Venfilter<\/title>\n<meta name=\"description\" content=\"Filtro de painel com estrutura met\u00e1lica e manta filtrante impregnada em carv\u00e3o ativado. Para a pr\u00e9-filtragem em sistemas centrais de tratamento,\" \/>\n<meta name=\"robots\" content=\"index, follow, max-snippet:-1, max-image-preview:large, max-video-preview:-1\" \/>\n<link rel=\"canonical\" href=\"https:\/\/venfilter.es\/pt-pt\/products\/quebraven-metalico-carvao-impregnado\/\" \/>\n<meta property=\"og:locale\" content=\"pt_PT\" \/>\n<meta property=\"og:type\" content=\"article\" \/>\n<meta property=\"og:title\" content=\"Quebraven met\u00e1lico carv\u00e3o impregnado - Venfilter\" \/>\n<meta property=\"og:description\" content=\"Filtro de painel com estrutura met\u00e1lica e manta filtrante impregnada em carv\u00e3o ativado. Para a pr\u00e9-filtragem em sistemas centrais de tratamento,\" \/>\n<meta property=\"og:url\" content=\"https:\/\/venfilter.es\/pt-pt\/products\/quebraven-metalico-carvao-impregnado\/\" \/>\n<meta property=\"og:site_name\" content=\"Venfilter\" \/>\n<meta property=\"article:modified_time\" content=\"2023-06-29T17:38:18+00:00\" \/>\n<meta property=\"og:image\" content=\"https:\/\/venfilter.es\/wp-content\/uploads\/quebraven_metalico_carbon_activo_2.jpg\" \/>\n\t<meta property=\"og:image:width\" content=\"1999\" \/>\n\t<meta property=\"og:image:height\" content=\"2000\" \/>\n\t<meta property=\"og:image:type\" content=\"image\/jpeg\" \/>\n<meta name=\"twitter:card\" content=\"summary_large_image\" \/>\n<meta name=\"twitter:label1\" content=\"Tempo estimado de leitura\" \/>\n\t<meta name=\"twitter:data1\" content=\"1 minuto\" \/>\n<script type=\"application\/ld+json\" class=\"yoast-schema-graph\">{\"@context\":\"https:\\\/\\\/schema.org\",\"@graph\":[{\"@type\":\"WebPage\",\"@id\":\"https:\\\/\\\/venfilter.es\\\/pt-pt\\\/products\\\/quebraven-metalico-carvao-impregnado\\\/\",\"url\":\"https:\\\/\\\/venfilter.es\\\/pt-pt\\\/products\\\/quebraven-metalico-carvao-impregnado\\\/\",\"name\":\"Quebraven met\u00e1lico carv\u00e3o impregnado - Venfilter\",\"isPartOf\":{\"@id\":\"https:\\\/\\\/venfilter.es\\\/pt-pt\\\/#website\"},\"primaryImageOfPage\":{\"@id\":\"https:\\\/\\\/venfilter.es\\\/pt-pt\\\/products\\\/quebraven-metalico-carvao-impregnado\\\/#primaryimage\"},\"image\":{\"@id\":\"https:\\\/\\\/venfilter.es\\\/pt-pt\\\/products\\\/quebraven-metalico-carvao-impregnado\\\/#primaryimage\"},\"thumbnailUrl\":\"https:\\\/\\\/venfilter.es\\\/wp-content\\\/uploads\\\/quebraven_metalico_carbon_activo_2.jpg\",\"datePublished\":\"2022-04-04T14:06:54+00:00\",\"dateModified\":\"2023-06-29T17:38:18+00:00\",\"description\":\"Filtro de painel com estrutura met\u00e1lica e manta filtrante impregnada em carv\u00e3o ativado. Para a pr\u00e9-filtragem em sistemas centrais de tratamento,\",\"breadcrumb\":{\"@id\":\"https:\\\/\\\/venfilter.es\\\/pt-pt\\\/products\\\/quebraven-metalico-carvao-impregnado\\\/#breadcrumb\"},\"inLanguage\":\"pt-PT\",\"potentialAction\":[{\"@type\":\"ReadAction\",\"target\":[\"https:\\\/\\\/venfilter.es\\\/pt-pt\\\/products\\\/quebraven-metalico-carvao-impregnado\\\/\"]}]},{\"@type\":\"ImageObject\",\"inLanguage\":\"pt-PT\",\"@id\":\"https:\\\/\\\/venfilter.es\\\/pt-pt\\\/products\\\/quebraven-metalico-carvao-impregnado\\\/#primaryimage\",\"url\":\"https:\\\/\\\/venfilter.es\\\/wp-content\\\/uploads\\\/quebraven_metalico_carbon_activo_2.jpg\",\"contentUrl\":\"https:\\\/\\\/venfilter.es\\\/wp-content\\\/uploads\\\/quebraven_metalico_carbon_activo_2.jpg\",\"width\":1999,\"height\":2000},{\"@type\":\"BreadcrumbList\",\"@id\":\"https:\\\/\\\/venfilter.es\\\/pt-pt\\\/products\\\/quebraven-metalico-carvao-impregnado\\\/#breadcrumb\",\"itemListElement\":[{\"@type\":\"ListItem\",\"position\":1,\"name\":\"Portada\",\"item\":\"https:\\\/\\\/venfilter.es\\\/pt-pt\\\/\"},{\"@type\":\"ListItem\",\"position\":2,\"name\":\"Tienda\",\"item\":\"https:\\\/\\\/venfilter.es\\\/tienda\\\/\"},{\"@type\":\"ListItem\",\"position\":3,\"name\":\"Quebraven met\u00e1lico carv\u00e3o impregnado\"}]},{\"@type\":\"WebSite\",\"@id\":\"https:\\\/\\\/venfilter.es\\\/pt-pt\\\/#website\",\"url\":\"https:\\\/\\\/venfilter.es\\\/pt-pt\\\/\",\"name\":\"Venfilter\",\"description\":\"Filtros de aire y ventilaci\u00f3n industrial\",\"potentialAction\":[{\"@type\":\"SearchAction\",\"target\":{\"@type\":\"EntryPoint\",\"urlTemplate\":\"https:\\\/\\\/venfilter.es\\\/pt-pt\\\/?s={search_term_string}\"},\"query-input\":{\"@type\":\"PropertyValueSpecification\",\"valueRequired\":true,\"valueName\":\"search_term_string\"}}],\"inLanguage\":\"pt-PT\"}]}<\/script>\n<!-- \/ Yoast SEO plugin. -->","yoast_head_json":{"title":"Quebraven met\u00e1lico carv\u00e3o impregnado - Venfilter","description":"Filtro de painel com estrutura met\u00e1lica e manta filtrante impregnada em carv\u00e3o ativado. Para a pr\u00e9-filtragem em sistemas centrais de tratamento,","robots":{"index":"index","follow":"follow","max-snippet":"max-snippet:-1","max-image-preview":"max-image-preview:large","max-video-preview":"max-video-preview:-1"},"canonical":"https:\/\/venfilter.es\/pt-pt\/products\/quebraven-metalico-carvao-impregnado\/","og_locale":"pt_PT","og_type":"article","og_title":"Quebraven met\u00e1lico carv\u00e3o impregnado - Venfilter","og_description":"Filtro de painel com estrutura met\u00e1lica e manta filtrante impregnada em carv\u00e3o ativado. Para a pr\u00e9-filtragem em sistemas centrais de tratamento,","og_url":"https:\/\/venfilter.es\/pt-pt\/products\/quebraven-metalico-carvao-impregnado\/","og_site_name":"Venfilter","article_modified_time":"2023-06-29T17:38:18+00:00","og_image":[{"width":1999,"height":2000,"url":"https:\/\/venfilter.es\/wp-content\/uploads\/quebraven_metalico_carbon_activo_2.jpg","type":"image\/jpeg"}],"twitter_card":"summary_large_image","twitter_misc":{"Tempo estimado de leitura":"1 minuto"},"schema":{"@context":"https:\/\/schema.org","@graph":[{"@type":"WebPage","@id":"https:\/\/venfilter.es\/pt-pt\/products\/quebraven-metalico-carvao-impregnado\/","url":"https:\/\/venfilter.es\/pt-pt\/products\/quebraven-metalico-carvao-impregnado\/","name":"Quebraven met\u00e1lico carv\u00e3o impregnado - Venfilter","isPartOf":{"@id":"https:\/\/venfilter.es\/pt-pt\/#website"},"primaryImageOfPage":{"@id":"https:\/\/venfilter.es\/pt-pt\/products\/quebraven-metalico-carvao-impregnado\/#primaryimage"},"image":{"@id":"https:\/\/venfilter.es\/pt-pt\/products\/quebraven-metalico-carvao-impregnado\/#primaryimage"},"thumbnailUrl":"https:\/\/venfilter.es\/wp-content\/uploads\/quebraven_metalico_carbon_activo_2.jpg","datePublished":"2022-04-04T14:06:54+00:00","dateModified":"2023-06-29T17:38:18+00:00","description":"Filtro de painel com estrutura met\u00e1lica e manta filtrante impregnada em carv\u00e3o ativado. Para a pr\u00e9-filtragem em sistemas centrais de tratamento,","breadcrumb":{"@id":"https:\/\/venfilter.es\/pt-pt\/products\/quebraven-metalico-carvao-impregnado\/#breadcrumb"},"inLanguage":"pt-PT","potentialAction":[{"@type":"ReadAction","target":["https:\/\/venfilter.es\/pt-pt\/products\/quebraven-metalico-carvao-impregnado\/"]}]},{"@type":"ImageObject","inLanguage":"pt-PT","@id":"https:\/\/venfilter.es\/pt-pt\/products\/quebraven-metalico-carvao-impregnado\/#primaryimage","url":"https:\/\/venfilter.es\/wp-content\/uploads\/quebraven_metalico_carbon_activo_2.jpg","contentUrl":"https:\/\/venfilter.es\/wp-content\/uploads\/quebraven_metalico_carbon_activo_2.jpg","width":1999,"height":2000},{"@type":"BreadcrumbList","@id":"https:\/\/venfilter.es\/pt-pt\/products\/quebraven-metalico-carvao-impregnado\/#breadcrumb","itemListElement":[{"@type":"ListItem","position":1,"name":"Portada","item":"https:\/\/venfilter.es\/pt-pt\/"},{"@type":"ListItem","position":2,"name":"Tienda","item":"https:\/\/venfilter.es\/tienda\/"},{"@type":"ListItem","position":3,"name":"Quebraven met\u00e1lico carv\u00e3o impregnado"}]},{"@type":"WebSite","@id":"https:\/\/venfilter.es\/pt-pt\/#website","url":"https:\/\/venfilter.es\/pt-pt\/","name":"Venfilter","description":"Filtros de aire y ventilaci\u00f3n industrial","potentialAction":[{"@type":"SearchAction","target":{"@type":"EntryPoint","urlTemplate":"https:\/\/venfilter.es\/pt-pt\/?s={search_term_string}"},"query-input":{"@type":"PropertyValueSpecification","valueRequired":true,"valueName":"search_term_string"}}],"inLanguage":"pt-PT"}]}},"_links":{"self":[{"href":"https:\/\/venfilter.es\/pt-pt\/wp-json\/wp\/v2\/product\/40927","targetHints":{"allow":["GET"]}}],"collection":[{"href":"https:\/\/venfilter.es\/pt-pt\/wp-json\/wp\/v2\/product"}],"about":[{"href":"https:\/\/venfilter.es\/pt-pt\/wp-json\/wp\/v2\/types\/product"}],"replies":[{"embeddable":true,"href":"https:\/\/venfilter.es\/pt-pt\/wp-json\/wp\/v2\/comments?post=40927"}],"wp:featuredmedia":[{"embeddable":true,"href":"https:\/\/venfilter.es\/pt-pt\/wp-json\/wp\/v2\/media\/35894"}],"wp:attachment":[{"href":"https:\/\/venfilter.es\/pt-pt\/wp-json\/wp\/v2\/media?parent=40927"}],"wp:term":[{"taxonomy":"product_brand","embeddable":true,"href":"https:\/\/venfilter.es\/pt-pt\/wp-json\/wp\/v2\/product_brand?post=40927"},{"taxonomy":"product_cat","embeddable":true,"href":"https:\/\/venfilter.es\/pt-pt\/wp-json\/wp\/v2\/product_cat?post=40927"},{"taxonomy":"product_tag","embeddable":true,"href":"https:\/\/venfilter.es\/pt-pt\/wp-json\/wp\/v2\/product_tag?post=40927"},{"taxonomy":"certificado","embeddable":true,"href":"https:\/\/venfilter.es\/pt-pt\/wp-json\/wp\/v2\/certificado?post=40927"}],"curies":[{"name":"wp","href":"https:\/\/api.w.org\/{rel}","templated":true}]}}