{"id":40932,"date":"2022-04-04T15:06:54","date_gmt":"2022-04-04T14:06:54","guid":{"rendered":"https:\/\/venfilter.es\/product\/multicarb-g\/"},"modified":"2023-06-29T18:59:03","modified_gmt":"2023-06-29T17:59:03","slug":"multicarb-g","status":"publish","type":"product","link":"https:\/\/venfilter.es\/pt-pt\/products\/multicarb-g\/","title":{"rendered":"Multicarb G"},"content":{"rendered":"<p>Filtro de carv\u00e3o ativado multidi\u00e9drico com carv\u00e3o ativado. Para a pr\u00e9-filtragem em sistemas centrais de tratamento, condicionado e ventila\u00e7\u00e3o de ar para a elimina\u00e7\u00e3o de poluentes gasosos: Unidades de tratamento de ar, centros hospitalares, laborat\u00f3rios farmac\u00eauticos, instala\u00e7\u00f5es de conforto e industriais, ind\u00fastria qu\u00edmica e alimentar, incinera\u00e7\u00e3o\/nichos\/depuradoras, dep\u00f3sitos de animais mortos, hot\u00e9is, restaurantes, discotecas, centrais t\u00e9rmicas e nucleares, museus, teatros, salas de computadores, zonas cr\u00edticas.<\/p>\n","protected":false},"excerpt":{"rendered":"<p>Filtro de carv\u00e3o ativado multidi\u00e9drico com carv\u00e3o ativado. Para a pr\u00e9-filtragem em sistemas centrais de tratamento, condicionado e ventila\u00e7\u00e3o de ar para a elimina\u00e7\u00e3o de poluentes gasosos: Unidades de tratamento de ar, centros hospitalares, laborat\u00f3rios farmac\u00eauticos, instala\u00e7\u00f5es de conforto e industriais, ind\u00fastria qu\u00edmica e alimentar, incinera\u00e7\u00e3o\/nichos\/depuradoras, dep\u00f3sitos de animais mortos, hot\u00e9is, restaurantes, discotecas, centrais t\u00e9rmicas [&hellip;]<\/p>\n","protected":false},"featured_media":35904,"comment_status":"closed","ping_status":"closed","template":"","meta":{"_acf_changed":false},"product_brand":[],"product_cat":[4729],"product_tag":[],"certificado":[],"class_list":{"0":"post-40932","1":"product","2":"type-product","3":"status-publish","4":"has-post-thumbnail","6":"product_cat-compactos-6","8":"first","9":"instock","10":"product-type-variable"},"acf":[],"yoast_head":"<!-- This site is optimized with the Yoast SEO plugin v26.6 - https:\/\/yoast.com\/wordpress\/plugins\/seo\/ -->\n<title>Multicarb G - Venfilter<\/title>\n<meta name=\"description\" content=\"Filtro de carv\u00e3o ativado multidi\u00e9drico com carv\u00e3o ativado. Para a pr\u00e9-filtragem em sistemas centrais de tratamento, condicionado e ventila\u00e7\u00e3o de ar para a\" \/>\n<meta name=\"robots\" content=\"index, follow, max-snippet:-1, max-image-preview:large, max-video-preview:-1\" \/>\n<link rel=\"canonical\" href=\"https:\/\/venfilter.es\/pt-pt\/products\/multicarb-g\/\" \/>\n<meta property=\"og:locale\" content=\"pt_PT\" \/>\n<meta property=\"og:type\" content=\"article\" \/>\n<meta property=\"og:title\" content=\"Multicarb G - Venfilter\" \/>\n<meta property=\"og:description\" content=\"Filtro de carv\u00e3o ativado multidi\u00e9drico com carv\u00e3o ativado. Para a pr\u00e9-filtragem em sistemas centrais de tratamento, condicionado e ventila\u00e7\u00e3o de ar para a\" \/>\n<meta property=\"og:url\" content=\"https:\/\/venfilter.es\/pt-pt\/products\/multicarb-g\/\" \/>\n<meta property=\"og:site_name\" content=\"Venfilter\" \/>\n<meta property=\"article:modified_time\" content=\"2023-06-29T17:59:03+00:00\" \/>\n<meta property=\"og:image\" content=\"https:\/\/venfilter.es\/wp-content\/uploads\/cafgprof2838f9.jpg\" \/>\n\t<meta property=\"og:image:width\" content=\"375\" \/>\n\t<meta property=\"og:image:height\" content=\"375\" \/>\n\t<meta property=\"og:image:type\" content=\"image\/jpeg\" \/>\n<meta name=\"twitter:card\" content=\"summary_large_image\" \/>\n<meta name=\"twitter:label1\" content=\"Tempo estimado de leitura\" \/>\n\t<meta name=\"twitter:data1\" content=\"1 minuto\" \/>\n<script type=\"application\/ld+json\" class=\"yoast-schema-graph\">{\"@context\":\"https:\/\/schema.org\",\"@graph\":[{\"@type\":\"WebPage\",\"@id\":\"https:\/\/venfilter.es\/pt-pt\/products\/multicarb-g\/\",\"url\":\"https:\/\/venfilter.es\/pt-pt\/products\/multicarb-g\/\",\"name\":\"Multicarb G - Venfilter\",\"isPartOf\":{\"@id\":\"https:\/\/venfilter.es\/pt-pt\/#website\"},\"primaryImageOfPage\":{\"@id\":\"https:\/\/venfilter.es\/pt-pt\/products\/multicarb-g\/#primaryimage\"},\"image\":{\"@id\":\"https:\/\/venfilter.es\/pt-pt\/products\/multicarb-g\/#primaryimage\"},\"thumbnailUrl\":\"https:\/\/venfilter.es\/wp-content\/uploads\/cafgprof2838f9.jpg\",\"datePublished\":\"2022-04-04T14:06:54+00:00\",\"dateModified\":\"2023-06-29T17:59:03+00:00\",\"description\":\"Filtro de carv\u00e3o ativado multidi\u00e9drico com carv\u00e3o ativado. Para a pr\u00e9-filtragem em sistemas centrais de tratamento, condicionado e ventila\u00e7\u00e3o de ar para a\",\"breadcrumb\":{\"@id\":\"https:\/\/venfilter.es\/pt-pt\/products\/multicarb-g\/#breadcrumb\"},\"inLanguage\":\"pt-PT\",\"potentialAction\":[{\"@type\":\"ReadAction\",\"target\":[\"https:\/\/venfilter.es\/pt-pt\/products\/multicarb-g\/\"]}]},{\"@type\":\"ImageObject\",\"inLanguage\":\"pt-PT\",\"@id\":\"https:\/\/venfilter.es\/pt-pt\/products\/multicarb-g\/#primaryimage\",\"url\":\"https:\/\/venfilter.es\/wp-content\/uploads\/cafgprof2838f9.jpg\",\"contentUrl\":\"https:\/\/venfilter.es\/wp-content\/uploads\/cafgprof2838f9.jpg\",\"width\":375,\"height\":375},{\"@type\":\"BreadcrumbList\",\"@id\":\"https:\/\/venfilter.es\/pt-pt\/products\/multicarb-g\/#breadcrumb\",\"itemListElement\":[{\"@type\":\"ListItem\",\"position\":1,\"name\":\"Portada\",\"item\":\"https:\/\/venfilter.es\/pt-pt\/\"},{\"@type\":\"ListItem\",\"position\":2,\"name\":\"Tienda\",\"item\":\"https:\/\/venfilter.es\/tienda\/\"},{\"@type\":\"ListItem\",\"position\":3,\"name\":\"Multicarb G\"}]},{\"@type\":\"WebSite\",\"@id\":\"https:\/\/venfilter.es\/pt-pt\/#website\",\"url\":\"https:\/\/venfilter.es\/pt-pt\/\",\"name\":\"Venfilter\",\"description\":\"Filtros de aire y ventilaci\u00f3n industrial\",\"potentialAction\":[{\"@type\":\"SearchAction\",\"target\":{\"@type\":\"EntryPoint\",\"urlTemplate\":\"https:\/\/venfilter.es\/pt-pt\/?s={search_term_string}\"},\"query-input\":{\"@type\":\"PropertyValueSpecification\",\"valueRequired\":true,\"valueName\":\"search_term_string\"}}],\"inLanguage\":\"pt-PT\"}]}<\/script>\n<!-- \/ Yoast SEO plugin. -->","yoast_head_json":{"title":"Multicarb G - Venfilter","description":"Filtro de carv\u00e3o ativado multidi\u00e9drico com carv\u00e3o ativado. Para a pr\u00e9-filtragem em sistemas centrais de tratamento, condicionado e ventila\u00e7\u00e3o de ar para a","robots":{"index":"index","follow":"follow","max-snippet":"max-snippet:-1","max-image-preview":"max-image-preview:large","max-video-preview":"max-video-preview:-1"},"canonical":"https:\/\/venfilter.es\/pt-pt\/products\/multicarb-g\/","og_locale":"pt_PT","og_type":"article","og_title":"Multicarb G - Venfilter","og_description":"Filtro de carv\u00e3o ativado multidi\u00e9drico com carv\u00e3o ativado. Para a pr\u00e9-filtragem em sistemas centrais de tratamento, condicionado e ventila\u00e7\u00e3o de ar para a","og_url":"https:\/\/venfilter.es\/pt-pt\/products\/multicarb-g\/","og_site_name":"Venfilter","article_modified_time":"2023-06-29T17:59:03+00:00","og_image":[{"width":375,"height":375,"url":"https:\/\/venfilter.es\/wp-content\/uploads\/cafgprof2838f9.jpg","type":"image\/jpeg"}],"twitter_card":"summary_large_image","twitter_misc":{"Tempo estimado de leitura":"1 minuto"},"schema":{"@context":"https:\/\/schema.org","@graph":[{"@type":"WebPage","@id":"https:\/\/venfilter.es\/pt-pt\/products\/multicarb-g\/","url":"https:\/\/venfilter.es\/pt-pt\/products\/multicarb-g\/","name":"Multicarb G - Venfilter","isPartOf":{"@id":"https:\/\/venfilter.es\/pt-pt\/#website"},"primaryImageOfPage":{"@id":"https:\/\/venfilter.es\/pt-pt\/products\/multicarb-g\/#primaryimage"},"image":{"@id":"https:\/\/venfilter.es\/pt-pt\/products\/multicarb-g\/#primaryimage"},"thumbnailUrl":"https:\/\/venfilter.es\/wp-content\/uploads\/cafgprof2838f9.jpg","datePublished":"2022-04-04T14:06:54+00:00","dateModified":"2023-06-29T17:59:03+00:00","description":"Filtro de carv\u00e3o ativado multidi\u00e9drico com carv\u00e3o ativado. Para a pr\u00e9-filtragem em sistemas centrais de tratamento, condicionado e ventila\u00e7\u00e3o de ar para a","breadcrumb":{"@id":"https:\/\/venfilter.es\/pt-pt\/products\/multicarb-g\/#breadcrumb"},"inLanguage":"pt-PT","potentialAction":[{"@type":"ReadAction","target":["https:\/\/venfilter.es\/pt-pt\/products\/multicarb-g\/"]}]},{"@type":"ImageObject","inLanguage":"pt-PT","@id":"https:\/\/venfilter.es\/pt-pt\/products\/multicarb-g\/#primaryimage","url":"https:\/\/venfilter.es\/wp-content\/uploads\/cafgprof2838f9.jpg","contentUrl":"https:\/\/venfilter.es\/wp-content\/uploads\/cafgprof2838f9.jpg","width":375,"height":375},{"@type":"BreadcrumbList","@id":"https:\/\/venfilter.es\/pt-pt\/products\/multicarb-g\/#breadcrumb","itemListElement":[{"@type":"ListItem","position":1,"name":"Portada","item":"https:\/\/venfilter.es\/pt-pt\/"},{"@type":"ListItem","position":2,"name":"Tienda","item":"https:\/\/venfilter.es\/tienda\/"},{"@type":"ListItem","position":3,"name":"Multicarb G"}]},{"@type":"WebSite","@id":"https:\/\/venfilter.es\/pt-pt\/#website","url":"https:\/\/venfilter.es\/pt-pt\/","name":"Venfilter","description":"Filtros de aire y ventilaci\u00f3n industrial","potentialAction":[{"@type":"SearchAction","target":{"@type":"EntryPoint","urlTemplate":"https:\/\/venfilter.es\/pt-pt\/?s={search_term_string}"},"query-input":{"@type":"PropertyValueSpecification","valueRequired":true,"valueName":"search_term_string"}}],"inLanguage":"pt-PT"}]}},"_links":{"self":[{"href":"https:\/\/venfilter.es\/pt-pt\/wp-json\/wp\/v2\/product\/40932","targetHints":{"allow":["GET"]}}],"collection":[{"href":"https:\/\/venfilter.es\/pt-pt\/wp-json\/wp\/v2\/product"}],"about":[{"href":"https:\/\/venfilter.es\/pt-pt\/wp-json\/wp\/v2\/types\/product"}],"replies":[{"embeddable":true,"href":"https:\/\/venfilter.es\/pt-pt\/wp-json\/wp\/v2\/comments?post=40932"}],"wp:featuredmedia":[{"embeddable":true,"href":"https:\/\/venfilter.es\/pt-pt\/wp-json\/wp\/v2\/media\/35904"}],"wp:attachment":[{"href":"https:\/\/venfilter.es\/pt-pt\/wp-json\/wp\/v2\/media?parent=40932"}],"wp:term":[{"taxonomy":"product_brand","embeddable":true,"href":"https:\/\/venfilter.es\/pt-pt\/wp-json\/wp\/v2\/product_brand?post=40932"},{"taxonomy":"product_cat","embeddable":true,"href":"https:\/\/venfilter.es\/pt-pt\/wp-json\/wp\/v2\/product_cat?post=40932"},{"taxonomy":"product_tag","embeddable":true,"href":"https:\/\/venfilter.es\/pt-pt\/wp-json\/wp\/v2\/product_tag?post=40932"},{"taxonomy":"certificado","embeddable":true,"href":"https:\/\/venfilter.es\/pt-pt\/wp-json\/wp\/v2\/certificado?post=40932"}],"curies":[{"name":"wp","href":"https:\/\/api.w.org\/{rel}","templated":true}]}}